{"id":10536,"date":"2019-08-03T13:27:00","date_gmt":"2019-08-03T13:27:00","guid":{"rendered":"http:\/\/blackbeltwhitehat.com\/?page_id=10536"},"modified":"2019-08-03T13:35:32","modified_gmt":"2019-08-03T13:35:32","slug":"resena-del-saco-de-boxeo-independiente-bob-xl","status":"publish","type":"page","link":"https:\/\/blackbeltwhitehat.com\/es\/resenas\/resena-del-saco-de-boxeo-independiente-bob-xl\/","title":{"rendered":"Saco de boxeo independiente Bob XL \u2013 Rese\u00f1a"},"content":{"rendered":"<h2 class=\"wp-block-heading\">Ventajas del chupete Bob XL<\/h2>\n\n\n\n<ul class=\"wp-block-list\"><li>F\u00e1cil de configurar<\/li><li>No se necesita soporte, solo un espacio para hacer ejercicio<\/li><li>Puedes hacer un uppercut a la cabeza (no puedes hacer un uppercut a un saco normal)<\/li><li>Puedes agarrar y tirar hacia abajo la cabeza.<\/li><li>Puedes practicar golpes precisos a los ojos, la nariz y la garganta.<\/li><\/ul>\n\n\n\n<h2 class=\"wp-block-heading\">Mu\u00f1eco Bob independiente vs. saco pesado convencional<\/h2>\n\n\n\n<p class=\"wp-block-paragraph\">Una de las principales ventajas de un saco de boxeo, para muchos, es que es independiente. Si no se te da muy bien el taladro o el martillo, o vives en una vivienda alquilada que no puedes adaptar, un saco de boxeo independiente es una excelente opci\u00f3n.<\/p>\n\n\n\n<p class=\"wp-block-paragraph\">Con un saco de boxeo independiente, solo necesitas un poco de espacio para empezar tu entrenamiento de boxeo. Mientras que con un saco de boxeo convencional, tambi\u00e9n necesitar\u00e1s un soporte para taladrar en la pared. Mucha gente incluso usa sacos de boxeo independientes en la sala de estar.<\/p>\n\n\n\n<p class=\"wp-block-paragraph\">Otra ventaja del saco de boxeo Bob es que tiene forma de persona. As\u00ed, se tiene una mejor idea del alcance, la capacidad de conectar los golpes, etc., en comparaci\u00f3n con un saco de boxeo grande y voluminoso.<\/p>\n\n\n\n<p class=\"wp-block-paragraph\">La base del saco de boxeo Bob se llena con agua o arena y es f\u00e1cil de montar (a diferencia de un saco de boxeo convencional) si no tienes un soporte colocado previamente.<\/p>\n\n\n\n<h2 class=\"wp-block-heading\">Caracter\u00edsticas \u00fanicas del saco de boxeo Bob<\/h2>\n\n\n\n<p class=\"wp-block-paragraph\">Tiene forma humana, lo que lo hace m\u00e1s preciso y preciso al golpear. Usar un saco de boxeo pesado e incluso las almohadillas por separado puede dar una falsa indicaci\u00f3n de alcance.<\/p>\n\n\n\n<p class=\"wp-block-paragraph\">Tambi\u00e9n puedes practicar golpes directos a la barbilla, detr\u00e1s de la oreja, etc., y tambi\u00e9n puedes hacer un uppercut al Bob Dummy, algo que no se puede hacer en un saco de boxeo convencional.<\/p>\n\n\n\n<p class=\"wp-block-paragraph\">Para MMA y boxeo tailand\u00e9s, tambi\u00e9n puedes juntar tus manos alrededor de la parte posterior de la cabeza para realizar golpes desde un clinch tailand\u00e9s. <\/p>\n\n\n\n<figure class=\"wp-block-embed-youtube wp-block-embed is-type-rich wp-embed-aspect-16-9 wp-has-aspect-ratio\"><div class=\"wp-block-embed__wrapper\">\n<span class=\"embed-youtube\" style=\"text-align:center; display: block;\"><iframe loading=\"lazy\" class=\"youtube-player\" width=\"640\" height=\"360\" src=\"https:\/\/www.youtube.com\/embed\/tyW6fxPFgNU?version=3&#038;rel=1&#038;showsearch=0&#038;showinfo=1&#038;iv_load_policy=1&#038;fs=1&#038;hl=es-ES&#038;autohide=2&#038;wmode=transparent\" allowfullscreen=\"true\" style=\"border:0;\" sandbox=\"allow-scripts allow-same-origin allow-popups allow-presentation allow-popups-to-escape-sandbox\"><\/iframe><\/span>\n<\/div><\/figure>\n\n\n\n<p class=\"wp-block-paragraph\">Por ejemplo, al lanzar un gancho, un hombre con almohadilla suele adelantar la almohadilla unos cent\u00edmetros. Esto crea una falsa impresi\u00f3n de que el gancho tiene el mismo alcance que los golpes directos: jab y cruzado. Prueba tus combinaciones con los fideos y entender\u00e1s a qu\u00e9 me refiero.<\/p>\n\n\n\n<figure class=\"wp-block-image size-large\"><img data-recalc-dims=\"1\" loading=\"lazy\" decoding=\"async\" width=\"444\" height=\"250\" data-attachment-id=\"10195\" data-permalink=\"https:\/\/blackbeltwhitehat.com\/es\/directorio-de-tecnicas\/llamativo\/contragolpe-de-jab-jab\/tysonfuryjab\/\" data-orig-file=\"https:\/\/i0.wp.com\/blackbeltwhitehat.com\/wp-content\/uploads\/2019\/05\/tysonfuryjab.gif?fit=444%2C250&amp;ssl=1\" data-orig-size=\"444,250\" data-comments-opened=\"1\" data-image-meta=\"{&quot;aperture&quot;:&quot;0&quot;,&quot;credit&quot;:&quot;&quot;,&quot;camera&quot;:&quot;&quot;,&quot;caption&quot;:&quot;&quot;,&quot;created_timestamp&quot;:&quot;0&quot;,&quot;copyright&quot;:&quot;&quot;,&quot;focal_length&quot;:&quot;0&quot;,&quot;iso&quot;:&quot;0&quot;,&quot;shutter_speed&quot;:&quot;0&quot;,&quot;title&quot;:&quot;&quot;,&quot;orientation&quot;:&quot;0&quot;}\" data-image-title=\"TysonFuryJab\" data-image-description=\"\" data-image-caption=\"\" data-large-file=\"https:\/\/i0.wp.com\/blackbeltwhitehat.com\/wp-content\/uploads\/2019\/05\/tysonfuryjab.gif?fit=444%2C250&amp;ssl=1\" src=\"https:\/\/i0.wp.com\/blackbeltwhitehat.com\/wp-content\/uploads\/2019\/05\/tysonfuryjab.gif?resize=444%2C250&#038;ssl=1\" alt=\"\" class=\"wp-image-10195\" \/><figcaption>Tyson Fury usa &#039;fideos&#039; en lugar de protectores para tener una idea precisa de su alcance<\/figcaption><\/figure>\n\n\n\n<p class=\"wp-block-paragraph\">El Century Bob XL tambi\u00e9n tiene un \u00e1rea para la ingle, \u00fatil si practicas JKD, Wing Chun y\/o Krav Maga.<\/p>\n\n\n\n<p class=\"wp-block-paragraph\">Hablando de Krav Maga, la forma y el rostro humanos tambi\u00e9n son excelentes para practicar golpes a los ojos. Un movimiento favorito de Jon Jones y Bruce Lee.<\/p>\n\n\n\n<figure class=\"wp-block-image size-large\"><img data-recalc-dims=\"1\" loading=\"lazy\" decoding=\"async\" width=\"480\" height=\"270\" data-attachment-id=\"10543\" data-permalink=\"https:\/\/blackbeltwhitehat.com\/es\/resenas\/resena-del-saco-de-boxeo-independiente-bob-xl\/bobxl\/\" data-orig-file=\"https:\/\/i0.wp.com\/blackbeltwhitehat.com\/wp-content\/uploads\/2019\/08\/bobxl.gif?fit=480%2C270&amp;ssl=1\" data-orig-size=\"480,270\" data-comments-opened=\"1\" data-image-meta=\"{&quot;aperture&quot;:&quot;0&quot;,&quot;credit&quot;:&quot;&quot;,&quot;camera&quot;:&quot;&quot;,&quot;caption&quot;:&quot;&quot;,&quot;created_timestamp&quot;:&quot;0&quot;,&quot;copyright&quot;:&quot;&quot;,&quot;focal_length&quot;:&quot;0&quot;,&quot;iso&quot;:&quot;0&quot;,&quot;shutter_speed&quot;:&quot;0&quot;,&quot;title&quot;:&quot;&quot;,&quot;orientation&quot;:&quot;0&quot;}\" data-image-title=\"bobxl\" data-image-description=\"\" data-image-caption=\"\" data-large-file=\"https:\/\/i0.wp.com\/blackbeltwhitehat.com\/wp-content\/uploads\/2019\/08\/bobxl.gif?fit=480%2C270&amp;ssl=1\" src=\"https:\/\/i0.wp.com\/blackbeltwhitehat.com\/wp-content\/uploads\/2019\/08\/bobxl.gif?resize=480%2C270&#038;ssl=1\" alt=\"Rese\u00f1a del Bob XL\" class=\"wp-image-10543\" \/><\/figure>\n\n\n\n<p class=\"wp-block-paragraph\"><\/p>\n\n\n\n<figure class=\"wp-block-embed-youtube wp-block-embed is-type-rich wp-embed-aspect-16-9 wp-has-aspect-ratio\"><div class=\"wp-block-embed__wrapper\">\n<span class=\"embed-youtube\" style=\"text-align:center; display: block;\"><iframe loading=\"lazy\" class=\"youtube-player\" width=\"640\" height=\"360\" src=\"https:\/\/www.youtube.com\/embed\/K1CPIxHSonI?version=3&#038;rel=1&#038;showsearch=0&#038;showinfo=1&#038;iv_load_policy=1&#038;fs=1&#038;hl=es-ES&#038;autohide=2&#038;wmode=transparent\" allowfullscreen=\"true\" style=\"border:0;\" sandbox=\"allow-scripts allow-same-origin allow-popups allow-presentation allow-popups-to-escape-sandbox\"><\/iframe><\/span>\n<\/div><\/figure>\n\n\n\n<p class=\"wp-block-paragraph\">La textura y el material del que est\u00e1 hecho Bob tambi\u00e9n se sienten y reaccionan mucho m\u00e1s como la piel\/carne\/m\u00fasculo humano, etc., que un saco de boxeo normal.<\/p>\n\n\n\n<p class=\"wp-block-paragraph\"><\/p>\n\n\n\n<p class=\"wp-block-paragraph\"><\/p>\n\n\n\n<h2 class=\"wp-block-heading\">\u00bfQu\u00e9 altura tiene el Century Bob XL?<\/h2>\n\n\n\n<p class=\"wp-block-paragraph\">Mide entre 5&#039; 6 y aproximadamente 6&#039; 7 de alto, dependiendo de qu\u00e9 tan alto lo coloques.<\/p>\n\n\n\n<figure class=\"wp-block-embed-youtube wp-block-embed is-type-rich wp-embed-aspect-16-9 wp-has-aspect-ratio\"><div class=\"wp-block-embed__wrapper\">\n<span class=\"embed-youtube\" style=\"text-align:center; display: block;\"><iframe loading=\"lazy\" class=\"youtube-player\" width=\"640\" height=\"360\" src=\"https:\/\/www.youtube.com\/embed\/5TjPF8FJcGU?version=3&#038;rel=1&#038;showsearch=0&#038;showinfo=1&#038;iv_load_policy=1&#038;fs=1&#038;hl=es-ES&#038;autohide=2&#038;start=37&#038;wmode=transparent\" allowfullscreen=\"true\" style=\"border:0;\" sandbox=\"allow-scripts allow-same-origin allow-popups allow-presentation allow-popups-to-escape-sandbox\"><\/iframe><\/span>\n<\/div><\/figure>\n\n\n\n<p class=\"wp-block-paragraph\"><\/p>\n\n\n\n<h2 class=\"wp-block-heading\">C\u00f3mo limpiar el mu\u00f1eco de boxeo Bob<\/h2>\n\n\n\n<p class=\"wp-block-paragraph\">Simplemente l\u00edmpialo con un limpiador y un pa\u00f1o. El limpiacristales funciona muy bien para eliminar el polvo y la suciedad superficiales.<\/p>\n\n\n\n<p class=\"wp-block-paragraph\">Para las marcas m\u00e1s dif\u00edciles, utilice una esponja y un detergente lavavajillas suave. <\/p>\n\n\n\n<p class=\"wp-block-paragraph\">Alguna informaci\u00f3n de Reddit.com sobre el BOB:<\/p>\n\n\n\n<figure class=\"wp-block-image size-large\"><img data-recalc-dims=\"1\" loading=\"lazy\" decoding=\"async\" width=\"436\" height=\"281\" data-attachment-id=\"10556\" data-permalink=\"https:\/\/blackbeltwhitehat.com\/es\/redditbobxl\/\" data-orig-file=\"https:\/\/i0.wp.com\/blackbeltwhitehat.com\/wp-content\/uploads\/2019\/08\/redditbobxl-e1564839267793.png?fit=436%2C281&amp;ssl=1\" data-orig-size=\"436,281\" data-comments-opened=\"1\" data-image-meta=\"{&quot;aperture&quot;:&quot;0&quot;,&quot;credit&quot;:&quot;&quot;,&quot;camera&quot;:&quot;&quot;,&quot;caption&quot;:&quot;&quot;,&quot;created_timestamp&quot;:&quot;0&quot;,&quot;copyright&quot;:&quot;&quot;,&quot;focal_length&quot;:&quot;0&quot;,&quot;iso&quot;:&quot;0&quot;,&quot;shutter_speed&quot;:&quot;0&quot;,&quot;title&quot;:&quot;&quot;,&quot;orientation&quot;:&quot;0&quot;}\" data-image-title=\"redditBObxl\" data-image-description=\"\" data-image-caption=\"\" data-large-file=\"https:\/\/i0.wp.com\/blackbeltwhitehat.com\/wp-content\/uploads\/2019\/08\/redditbobxl-e1564839267793.png?fit=436%2C281&amp;ssl=1\" src=\"https:\/\/i0.wp.com\/blackbeltwhitehat.com\/wp-content\/uploads\/2019\/08\/redditbobxl-e1564839267793.png?resize=436%2C281&#038;ssl=1\" alt=\"Bob XL maniqu\u00ed REDDIT\" class=\"wp-image-10556\" \/><\/figure>\n\n\n\n<p class=\"wp-block-paragraph\"><\/p>\n\n\n\n<p class=\"wp-block-paragraph\">Puedes comprar el mu\u00f1eco Bob en <a href=\"https:\/\/amzn.to\/2Ynwyeu\">Amazon.co.uk<\/a><\/p>\n\n\n\n<p class=\"wp-block-paragraph\"><\/p>\n\n\n\n<p class=\"wp-block-paragraph\"><\/p>","protected":false},"excerpt":{"rendered":"<p>Advantages of the Bob XL Dummy Easy to set up No bracket required &#8211; just need a space to exercise You can uppercut the head (you can&#8217;t uppercut a normal bag) You can clinch and pull down the head You can practice accurate eye, nose &amp; throat strikes Freestanding Bob Dummy Vs Conventional Heavy Bag [&hellip;]<\/p>\n","protected":false},"author":41980142,"featured_media":0,"parent":189,"menu_order":0,"comment_status":"closed","ping_status":"closed","template":"","meta":{"_coblocks_attr":"","_coblocks_dimensions":"","_coblocks_responsive_height":"","_coblocks_accordion_ie_support":"","_crdt_document":"","footnotes":""},"class_list":["post-10536","page","type-page","status-publish","hentry"],"yoast_head":"<!-- This site is optimized with the Yoast SEO plugin v27.4 - https:\/\/yoast.com\/product\/yoast-seo-wordpress\/ -->\n<title>Freestanding Bob XL Punch Bag - Review - Fitness &amp; MMA Blog - BlackBeltWhiteHat.com<\/title>\n<meta name=\"robots\" content=\"index, follow, max-snippet:-1, max-image-preview:large, max-video-preview:-1\" \/>\n<link rel=\"canonical\" href=\"https:\/\/blackbeltwhitehat.com\/es\/resenas\/resena-del-saco-de-boxeo-independiente-bob-xl\/\" \/>\n<meta property=\"og:locale\" content=\"es_ES\" \/>\n<meta property=\"og:type\" content=\"article\" \/>\n<meta property=\"og:title\" content=\"Freestanding Bob XL Punch Bag - Review - Fitness &amp; MMA Blog - BlackBeltWhiteHat.com\" \/>\n<meta property=\"og:description\" content=\"Advantages of the Bob XL Dummy Easy to set up No bracket required &#8211; just need a space to exercise You can uppercut the head (you can&#8217;t uppercut a normal bag) You can clinch and pull down the head You can practice accurate eye, nose &amp; throat strikes Freestanding Bob Dummy Vs Conventional Heavy Bag [&hellip;]\" \/>\n<meta property=\"og:url\" content=\"https:\/\/blackbeltwhitehat.com\/es\/resenas\/resena-del-saco-de-boxeo-independiente-bob-xl\/\" \/>\n<meta property=\"og:site_name\" content=\"Fitness &amp; MMA Blog - BlackBeltWhiteHat.com\" \/>\n<meta property=\"article:publisher\" content=\"https:\/\/www.facebook.com\/BlackBeltWhiteHat\/\" \/>\n<meta property=\"article:modified_time\" content=\"2019-08-03T13:35:32+00:00\" \/>\n<meta property=\"og:image\" content=\"https:\/\/blackbeltwhitehat.com\/wp-content\/uploads\/2019\/05\/tysonfuryjab.gif?w=444\" \/>\n<meta name=\"twitter:card\" content=\"summary_large_image\" \/>\n<meta name=\"twitter:site\" content=\"@MMATraining1980\" \/>\n<meta name=\"twitter:label1\" content=\"Tiempo de lectura\" \/>\n\t<meta name=\"twitter:data1\" content=\"3 minutos\" \/>\n<!-- \/ Yoast SEO plugin. -->","yoast_head_json":{"title":"Saco de boxeo Bob XL independiente - Rese\u00f1a - Blog de fitness y MMA - BlackBeltWhiteHat.com","robots":{"index":"index","follow":"follow","max-snippet":"max-snippet:-1","max-image-preview":"max-image-preview:large","max-video-preview":"max-video-preview:-1"},"canonical":"https:\/\/blackbeltwhitehat.com\/es\/resenas\/resena-del-saco-de-boxeo-independiente-bob-xl\/","og_locale":"es_ES","og_type":"article","og_title":"Freestanding Bob XL Punch Bag - Review - Fitness &amp; MMA Blog - BlackBeltWhiteHat.com","og_description":"Advantages of the Bob XL Dummy Easy to set up No bracket required &#8211; just need a space to exercise You can uppercut the head (you can&#8217;t uppercut a normal bag) You can clinch and pull down the head You can practice accurate eye, nose &amp; throat strikes Freestanding Bob Dummy Vs Conventional Heavy Bag [&hellip;]","og_url":"https:\/\/blackbeltwhitehat.com\/es\/resenas\/resena-del-saco-de-boxeo-independiente-bob-xl\/","og_site_name":"Fitness &amp; MMA Blog - BlackBeltWhiteHat.com","article_publisher":"https:\/\/www.facebook.com\/BlackBeltWhiteHat\/","article_modified_time":"2019-08-03T13:35:32+00:00","og_image":[{"url":"https:\/\/blackbeltwhitehat.com\/wp-content\/uploads\/2019\/05\/tysonfuryjab.gif?w=444","type":"","width":"","height":""}],"twitter_card":"summary_large_image","twitter_site":"@MMATraining1980","twitter_misc":{"Tiempo de lectura":"3 minutos"},"schema":{"@context":"https:\/\/schema.org","@graph":[{"@type":"WebPage","@id":"https:\/\/blackbeltwhitehat.com\/reviews\/freestanding-bob-xl-punch-bag-review\/","url":"https:\/\/blackbeltwhitehat.com\/reviews\/freestanding-bob-xl-punch-bag-review\/","name":"Saco de boxeo Bob XL independiente - Rese\u00f1a - Blog de fitness y MMA - BlackBeltWhiteHat.com","isPartOf":{"@id":"https:\/\/blackbeltwhitehat.com\/en\/#website"},"primaryImageOfPage":{"@id":"https:\/\/blackbeltwhitehat.com\/reviews\/freestanding-bob-xl-punch-bag-review\/#primaryimage"},"image":{"@id":"https:\/\/blackbeltwhitehat.com\/reviews\/freestanding-bob-xl-punch-bag-review\/#primaryimage"},"thumbnailUrl":"https:\/\/blackbeltwhitehat.com\/wp-content\/uploads\/2019\/05\/tysonfuryjab.gif?w=444","datePublished":"2019-08-03T13:27:00+00:00","dateModified":"2019-08-03T13:35:32+00:00","breadcrumb":{"@id":"https:\/\/blackbeltwhitehat.com\/reviews\/freestanding-bob-xl-punch-bag-review\/#breadcrumb"},"inLanguage":"es","potentialAction":[{"@type":"ReadAction","target":["https:\/\/blackbeltwhitehat.com\/reviews\/freestanding-bob-xl-punch-bag-review\/"]}]},{"@type":"ImageObject","inLanguage":"es","@id":"https:\/\/blackbeltwhitehat.com\/reviews\/freestanding-bob-xl-punch-bag-review\/#primaryimage","url":"https:\/\/blackbeltwhitehat.com\/wp-content\/uploads\/2019\/05\/tysonfuryjab.gif?w=444","contentUrl":"https:\/\/blackbeltwhitehat.com\/wp-content\/uploads\/2019\/05\/tysonfuryjab.gif?w=444"},{"@type":"BreadcrumbList","@id":"https:\/\/blackbeltwhitehat.com\/reviews\/freestanding-bob-xl-punch-bag-review\/#breadcrumb","itemListElement":[{"@type":"ListItem","position":1,"name":"Home","item":"https:\/\/blackbeltwhitehat.com\/"},{"@type":"ListItem","position":2,"name":"Reviews","item":"https:\/\/blackbeltwhitehat.com\/reviews\/"},{"@type":"ListItem","position":3,"name":"Freestanding Bob XL Punch Bag &#8211; Review"}]},{"@type":"WebSite","@id":"https:\/\/blackbeltwhitehat.com\/en\/#website","url":"https:\/\/blackbeltwhitehat.com\/en\/","name":"Blog de fitness y MMA - BlackBeltWhiteHat.com","description":"Blog de fitness, MMA y nutrici\u00f3n del Reino Unido","publisher":{"@id":"https:\/\/blackbeltwhitehat.com\/en\/#organization"},"potentialAction":[{"@type":"SearchAction","target":{"@type":"EntryPoint","urlTemplate":"https:\/\/blackbeltwhitehat.com\/en\/?s={search_term_string}"},"query-input":{"@type":"PropertyValueSpecification","valueRequired":true,"valueName":"search_term_string"}}],"inLanguage":"es"},{"@type":"Organization","@id":"https:\/\/blackbeltwhitehat.com\/en\/#organization","name":"Blog de fitness y MMA - BlackBeltWhiteHat.com","url":"https:\/\/blackbeltwhitehat.com\/en\/","logo":{"@type":"ImageObject","inLanguage":"es","@id":"https:\/\/blackbeltwhitehat.com\/en\/#\/schema\/logo\/image\/","url":"https:\/\/blackbeltwhitehat.com\/wp-content\/uploads\/2019\/06\/cropped-mmabloglogodis-copy.png","contentUrl":"https:\/\/blackbeltwhitehat.com\/wp-content\/uploads\/2019\/06\/cropped-mmabloglogodis-copy.png","width":352,"height":352,"caption":"Fitness & MMA Blog - BlackBeltWhiteHat.com"},"image":{"@id":"https:\/\/blackbeltwhitehat.com\/en\/#\/schema\/logo\/image\/"},"sameAs":["https:\/\/www.facebook.com\/BlackBeltWhiteHat\/","https:\/\/x.com\/MMATraining1980"]}]}},"jetpack_likes_enabled":true,"jetpack_sharing_enabled":true,"jetpack_shortlink":"https:\/\/wp.me\/P2Sx3t-2JW","jetpack-related-posts":[{"id":4665,"url":"https:\/\/blackbeltwhitehat.com\/es\/directorio-de-tecnicas\/llamativo\/combinaciones-de-boxeo\/","url_meta":{"origin":10536,"position":0},"title":"Combinaciones de boxeo","author":"Dave","date":"mayo 18, 2016","format":false,"excerpt":"\u00a0 Here are some combinations to try out on the pads and punchbag. Boxing Combinations Double Jab Jab, Cross Double Jab, Cross Left Jab, Cross, Left Hook, Cross Left Jab to the head, Right cross to the body, Left Hook to the head Left Jab, Left Hook Left Jab, Left\u2026","rel":"","context":"Entrada similar","block_context":{"text":"Entrada similar","link":""},"img":{"alt_text":"boxing jab","src":"https:\/\/i0.wp.com\/blackbeltwhitehat.com\/wp-content\/uploads\/2013\/06\/jab2a.jpg?resize=350%2C200&ssl=1","width":350,"height":200},"classes":[]},{"id":8951,"url":"https:\/\/blackbeltwhitehat.com\/es\/resenas\/analisis-del-balon-de-boxeo-de-cuero-kangrui-2018\/","url_meta":{"origin":10536,"position":1},"title":"Rese\u00f1a del bal\u00f3n de boxeo de cuero Kangrui (2018)","author":"Dave","date":"febrero 18, 2018","format":false,"excerpt":"I was thinking of buying a Bob punch bag, but not up for paying \u00a3300, so spent \u00a319.99 on this bad boy. It doesn't come with any clips or rings to connect to your punchbag bracket etc. so I had to buy these separately. I also had to buy a\u2026","rel":"","context":"Entrada similar","block_context":{"text":"Entrada similar","link":""},"img":{"alt_text":"Boxing ball","src":"https:\/\/i0.wp.com\/blackbeltwhitehat.com\/wp-content\/uploads\/2018\/02\/screenshot_20180218-195411.jpg?resize=350%2C200&ssl=1","width":350,"height":200,"srcset":"https:\/\/i0.wp.com\/blackbeltwhitehat.com\/wp-content\/uploads\/2018\/02\/screenshot_20180218-195411.jpg?resize=350%2C200&ssl=1 1x, https:\/\/i0.wp.com\/blackbeltwhitehat.com\/wp-content\/uploads\/2018\/02\/screenshot_20180218-195411.jpg?resize=525%2C300&ssl=1 1.5x, https:\/\/i0.wp.com\/blackbeltwhitehat.com\/wp-content\/uploads\/2018\/02\/screenshot_20180218-195411.jpg?resize=700%2C400&ssl=1 2x, https:\/\/i0.wp.com\/blackbeltwhitehat.com\/wp-content\/uploads\/2018\/02\/screenshot_20180218-195411.jpg?resize=1050%2C600&ssl=1 3x, https:\/\/i0.wp.com\/blackbeltwhitehat.com\/wp-content\/uploads\/2018\/02\/screenshot_20180218-195411.jpg?resize=1400%2C800&ssl=1 4x"},"classes":[]},{"id":1724,"url":"https:\/\/blackbeltwhitehat.com\/es\/articulos-de-mma\/tecnica\/combinaciones-de-boxeo\/","url_meta":{"origin":10536,"position":2},"title":"Boxing Combinations \u00b7  pdf \u00b7 [2026]","author":"Dave","date":"junio 7, 2014","format":false,"excerpt":"Boxing Combinations Below is a list of boxing combinations that you can use to practice on the bag, pads or in sparring. Be aware, that it's pretty difficult to land 3 or 4 punch combinations against a decent opponent. You'll generally be using the 1 or 2 punch combinations the\u2026","rel":"","context":"Con 3 comentarios","block_context":{"text":"Con 3 comentarios","link":"https:\/\/blackbeltwhitehat.com\/es\/articulos-de-mma\/tecnica\/combinaciones-de-boxeo\/#comments"},"img":{"alt_text":"jab, cross, hook, uppercut","src":"https:\/\/i0.wp.com\/blackbeltwhitehat.com\/wp-content\/uploads\/2014\/06\/jabcrosshookuppercut.gif?resize=350%2C200&ssl=1","width":350,"height":200},"classes":[]},{"id":332,"url":"https:\/\/blackbeltwhitehat.com\/es\/articulos-de-mma\/tecnica\/analisis-de-mark-hunt\/","url_meta":{"origin":10536,"position":3},"title":"An\u00e1lisis de Mark Hunt","author":"Dave","date":"marzo 21, 2013","format":false,"excerpt":"Mark Hunt's\u00a0Punching Power & Striking Being a short tubby bugger myself, I love the Hunt! \u00a0He is a beast. His punching power appears to come from\u00a0his great timing, his accuracy, his strength and bodyweight & his use of the Russian Hook and the Overhand Right which are perfect for a\u2026","rel":"","context":"Entrada similar","block_context":{"text":"Entrada similar","link":""},"img":{"alt_text":"mark hunt analysis","src":"https:\/\/i0.wp.com\/blackbeltwhitehat.com\/wp-content\/uploads\/2013\/03\/markhunt2.jpg?resize=350%2C200","width":350,"height":200},"classes":[]},{"id":10380,"url":"https:\/\/blackbeltwhitehat.com\/es\/aptitud-fisica\/entrenamiento-de-pecho-de-mma\/","url_meta":{"origin":10536,"position":4},"title":"Entrenamiento de pecho de MMA 2022 (PDF incluido)","author":"Dave","date":"julio 19, 2019","format":false,"excerpt":"Training the chest in isolation from the rest of the body is not ideal when it comes to building MMA Specific strength and fitness. Training specific movements, rather than muscles is the best way to develop fitness and power for the cage. - if you want to make the chest\u2026","rel":"","context":"Entrada similar","block_context":{"text":"Entrada similar","link":""},"img":{"alt_text":"","src":"https:\/\/i0.wp.com\/blackbeltwhitehat.com\/wp-content\/uploads\/2019\/07\/banduppercuts.gif?resize=350%2C200&ssl=1","width":350,"height":200},"classes":[]},{"id":683,"url":"https:\/\/blackbeltwhitehat.com\/es\/articulos-de-mma\/tecnica\/como-hacer-un-uppercut-como-steven-gerrard\/","url_meta":{"origin":10536,"position":5},"title":"C\u00f3mo hacer un uppercut como Steven Gerrard","author":"Dave","date":"septiembre 10, 2013","format":false,"excerpt":"Ok, so first a demo of the man at work; skip to 35 secs into the vid: http:\/\/www.youtube.com\/watch?v=x7ccmKNbYzs So, the set up, as we know is crucial. Get your fat (but solid, and aggressive) mate to demand that the DJ plays Phil Collins. When the DJ declines, get fatty fat\u2026","rel":"","context":"Entrada similar","block_context":{"text":"Entrada similar","link":""},"img":{"alt_text":"uppercut","src":"https:\/\/i0.wp.com\/blackbeltwhitehat.com\/wp-content\/uploads\/2013\/09\/stevieg.jpg?resize=350%2C200","width":350,"height":200},"classes":[]}],"_links":{"self":[{"href":"https:\/\/blackbeltwhitehat.com\/es\/wp-json\/wp\/v2\/pages\/10536","targetHints":{"allow":["GET"]}}],"collection":[{"href":"https:\/\/blackbeltwhitehat.com\/es\/wp-json\/wp\/v2\/pages"}],"about":[{"href":"https:\/\/blackbeltwhitehat.com\/es\/wp-json\/wp\/v2\/types\/page"}],"author":[{"embeddable":true,"href":"https:\/\/blackbeltwhitehat.com\/es\/wp-json\/wp\/v2\/users\/41980142"}],"replies":[{"embeddable":true,"href":"https:\/\/blackbeltwhitehat.com\/es\/wp-json\/wp\/v2\/comments?post=10536"}],"version-history":[{"count":16,"href":"https:\/\/blackbeltwhitehat.com\/es\/wp-json\/wp\/v2\/pages\/10536\/revisions"}],"predecessor-version":[{"id":10557,"href":"https:\/\/blackbeltwhitehat.com\/es\/wp-json\/wp\/v2\/pages\/10536\/revisions\/10557"}],"up":[{"embeddable":true,"href":"https:\/\/blackbeltwhitehat.com\/es\/wp-json\/wp\/v2\/pages\/189"}],"wp:attachment":[{"href":"https:\/\/blackbeltwhitehat.com\/es\/wp-json\/wp\/v2\/media?parent=10536"}],"curies":[{"name":"wp","href":"https:\/\/api.w.org\/{rel}","templated":true}]}}