{"id":1507,"date":"2014-01-30T12:54:24","date_gmt":"2014-01-30T12:54:24","guid":{"rendered":"http:\/\/blackbeltwhitehat.com\/?page_id=1507"},"modified":"2014-01-30T13:21:04","modified_gmt":"2014-01-30T13:21:04","slug":"artes-marciales-para-ninos","status":"publish","type":"page","link":"https:\/\/blackbeltwhitehat.com\/es\/articulos-de-mma\/otro\/artes-marciales-para-ninos\/","title":{"rendered":"Artes marciales para ni\u00f1os"},"content":{"rendered":"<h2>\u00bfQu\u00e9 artes marciales son mejores para los ni\u00f1os?<\/h2>\n<p>\u00bfEl comportamiento violento en un gimnasio refuerza el comportamiento violento fuera del gimnasio?<\/p>\n<figure id=\"attachment_1512\" aria-describedby=\"caption-attachment-1512\" style=\"width: 262px\" class=\"wp-caption alignnone\"><a href=\"https:\/\/i0.wp.com\/blackbeltwhitehat.com\/wp-content\/uploads\/2014\/01\/cagefighter.gif\"><img data-recalc-dims=\"1\" loading=\"lazy\" decoding=\"async\" data-attachment-id=\"1512\" data-permalink=\"https:\/\/blackbeltwhitehat.com\/es\/articulos-de-mma\/otro\/artes-marciales-para-ninos\/cagefighter\/\" data-orig-file=\"https:\/\/i0.wp.com\/blackbeltwhitehat.com\/wp-content\/uploads\/2014\/01\/cagefighter.gif?fit=262%2C262&amp;ssl=1\" data-orig-size=\"262,262\" data-comments-opened=\"1\" data-image-meta=\"{&quot;aperture&quot;:&quot;0&quot;,&quot;credit&quot;:&quot;&quot;,&quot;camera&quot;:&quot;&quot;,&quot;caption&quot;:&quot;&quot;,&quot;created_timestamp&quot;:&quot;0&quot;,&quot;copyright&quot;:&quot;&quot;,&quot;focal_length&quot;:&quot;0&quot;,&quot;iso&quot;:&quot;0&quot;,&quot;shutter_speed&quot;:&quot;0&quot;,&quot;title&quot;:&quot;&quot;}\" data-image-title=\"CageFighter\" data-image-description=\"\" data-image-caption=\"&lt;p&gt;http:\/\/blingee.com\/blingee\/view\/79037451-rex-kwon-do&lt;\/p&gt;\" data-large-file=\"https:\/\/i0.wp.com\/blackbeltwhitehat.com\/wp-content\/uploads\/2014\/01\/cagefighter.gif?fit=262%2C262&amp;ssl=1\" class=\"size-full wp-image-1512\" alt=\"Rex Kwon Do\" src=\"https:\/\/i0.wp.com\/blackbeltwhitehat.com\/wp-content\/uploads\/2014\/01\/cagefighter.gif?resize=262%2C262\" width=\"262\" height=\"262\" \/><\/a><figcaption id=\"caption-attachment-1512\" class=\"wp-caption-text\"><a href=\"http:\/\/blingee.com\/blingee\/view\/79037451-rex-kwon-do\" rel=\"nofollow\">http:\/\/blingee.com\/blingee\/view\/79037451-rex-kwon-do<\/a><\/figcaption><\/figure>\n<p>Hasta cierto punto, s\u00ed.<\/p>\n<p>Para resumir todo lo anterior <a title=\"ni\u00f1os que practican deportes de potencia\" href=\"http:\/\/onlinelibrary.wiley.com\/doi\/10.1111\/j.1469-7610.2005.00414.x\/abstract?deniedAccessCustomisedMessage=&amp;userIsAuthenticated=false\" target=\"_blank\">la investigaci\u00f3n<\/a> Dice que el comportamiento agresivo refuerza comportamientos m\u00e1s agresivos. Esto aplica a cualquier deporte de \u201cpotencia\u201d, \u201cfuerza\u201d o de combate.<br \/>\nSi te aplauden por empujar con el hombro, dar pu\u00f1etazos, placar, etc., entonces refuerzas la mentalidad &quot;machista&quot; tradicional y, en algunos casos, acciones agresivas espec\u00edficas (como dar pu\u00f1etazos).<br \/>\nLos ni\u00f1os tambi\u00e9n pueden desarrollar un poco de \u201ccomplejo de Mes\u00edas\u201d si son los mejores participantes dentro de su grupo social o equipo.<\/p>\n<p>De acuerdo a <a title=\"artes marciales agresivas\" href=\"http:\/\/www.amsciepub.com\/doi\/abs\/10.2466\/pms.98.1.103-115\" target=\"_blank\">un estudio<\/a>, Incluso el judo vuelve agresivos a los ni\u00f1os, mientras que otras artes marciales tienen un efecto neutral sobre el comportamiento agresivo.<\/p>\n<p>Sin embargo, un espec\u00edfico <a title=\"guerreros gentiles\" href=\"http:\/\/onlinelibrary.wiley.com\/doi\/10.1002\/pits.20344\/abstract\" target=\"_blank\">Programa de artes marciales<\/a> Con un \u00e9nfasis en la empat\u00eda, en realidad se redujo el comportamiento agresivo y se incrementaron los incidentes de \u2018observaci\u00f3n servicial\u2019 (detenci\u00f3n de peleas).<\/p>\n<p>La clave parece estar en promover la empat\u00eda, el respeto y no en potenciar la participaci\u00f3n del ego y la autoconciencia.<br \/>\nLas artes marciales tradicionales tienden a tener una influencia neutra o positiva en el comportamiento infantil. Hay algunas excepciones; por ejemplo, el estudio de judo citado anteriormente demuestra una mayor agresividad en los ni\u00f1os que participan.<\/p>\n<p>Las artes marciales que ponen \u00e9nfasis en el combate y no en la interacci\u00f3n social, la empat\u00eda o la disciplina tienden a hacer que los ni\u00f1os act\u00faen de manera mucho m\u00e1s agresiva fuera del gimnasio o el dojo.<\/p>\n<p>Para obtener m\u00e1s informaci\u00f3n, <a title=\"artes marciales para ni\u00f1os\" href=\"http:\/\/www.ejss.ch\/PDF-Dateien\/ejss2009_Vol6_Issue1_Theeboom%20et%20al_Experiences%20of%20children%20in%20martial%20arts.pdf\" target=\"_blank\">este <\/a>Es un art\u00edculo\/estudio bastante concluyente sobre el tema.<\/p>\n<p>\u00bfY d\u00f3nde encaja en todo esto la MMA?<br \/>\nEl Jiu Jitsu brasile\u00f1o ciertamente tiene cierta filosof\u00eda y un \u00e9nfasis en ser humilde y entrenar para el beneficio mutuo de tus compa\u00f1eros de clase\/entrenamiento.<\/p>\n<p>No tengo pruebas que lo respalden, pero creo que todo depende del instructor. Si enfatiza el respeto, la disciplina y la empat\u00eda, esto tendr\u00e1 una influencia positiva en la interacci\u00f3n social.<\/p>\n<p>Por ejemplo, aqu\u00ed hay un cartel que est\u00e1 en la pared del gimnasio al que voy:\u00a0<a title=\"Gimnasio IPC MMA\" href=\"http:\/\/www.ipcwrexham.co.uk\/\" target=\"_blank\">Gimnasio IPC en Wrexham<\/a>:<br \/>\n<a href=\"https:\/\/i0.wp.com\/blackbeltwhitehat.com\/wp-content\/uploads\/2014\/01\/csw.jpg\"><img data-recalc-dims=\"1\" loading=\"lazy\" decoding=\"async\" data-attachment-id=\"1510\" data-permalink=\"https:\/\/blackbeltwhitehat.com\/es\/articulos-de-mma\/otro\/artes-marciales-para-ninos\/csw-2\/\" data-orig-file=\"https:\/\/i0.wp.com\/blackbeltwhitehat.com\/wp-content\/uploads\/2014\/01\/csw.jpg?fit=426%2C511&amp;ssl=1\" data-orig-size=\"426,511\" data-comments-opened=\"1\" data-image-meta=\"{&quot;aperture&quot;:&quot;0&quot;,&quot;credit&quot;:&quot;&quot;,&quot;camera&quot;:&quot;&quot;,&quot;caption&quot;:&quot;&quot;,&quot;created_timestamp&quot;:&quot;0&quot;,&quot;copyright&quot;:&quot;&quot;,&quot;focal_length&quot;:&quot;0&quot;,&quot;iso&quot;:&quot;0&quot;,&quot;shutter_speed&quot;:&quot;0&quot;,&quot;title&quot;:&quot;&quot;}\" data-image-title=\"CSW\" data-image-description=\"\" data-image-caption=\"\" data-large-file=\"https:\/\/i0.wp.com\/blackbeltwhitehat.com\/wp-content\/uploads\/2014\/01\/csw.jpg?fit=426%2C511&amp;ssl=1\" class=\"alignnone size-full wp-image-1510\" alt=\"Filosof\u00eda de CSW\" src=\"https:\/\/i0.wp.com\/blackbeltwhitehat.com\/wp-content\/uploads\/2014\/01\/csw.jpg?resize=426%2C511\" width=\"426\" height=\"511\" \/><\/a><\/p>\n<p>&nbsp;<\/p>\n<p>&nbsp;<\/p>\n<p>Por lo tanto, creo que debes considerar cada club\/clase seg\u00fan sus m\u00e9ritos individuales. Habla con el instructor o qu\u00e9date a ver las clases para asegurarte de que te gusta lo que se ense\u00f1a.<\/p>","protected":false},"excerpt":{"rendered":"<p>Which martial arts are best for children? Does violent behaviour in a gym, reinforce violent behaviour outside of the gym? To a certain extent &#8211; yes. To summarise what all the research says &#8211; aggressive behaviour, reinforces more aggressive behaviour. \u00a0This is true of any &#8220;power&#8221; &#8220;strength&#8221; or combat sport. If you are applauded for [&hellip;]<\/p>\n","protected":false},"author":41980142,"featured_media":0,"parent":494,"menu_order":0,"comment_status":"open","ping_status":"open","template":"","meta":{"_coblocks_attr":"","_coblocks_dimensions":"","_coblocks_responsive_height":"","_coblocks_accordion_ie_support":"","_crdt_document":"","footnotes":""},"class_list":["post-1507","page","type-page","status-publish","hentry"],"yoast_head":"<!-- This site is optimized with the Yoast SEO plugin v27.4 - https:\/\/yoast.com\/product\/yoast-seo-wordpress\/ -->\n<title>Martial Arts for Children - Fitness &amp; MMA Blog - BlackBeltWhiteHat.com<\/title>\n<meta name=\"robots\" content=\"index, follow, max-snippet:-1, max-image-preview:large, max-video-preview:-1\" \/>\n<link rel=\"canonical\" href=\"https:\/\/blackbeltwhitehat.com\/es\/articulos-de-mma\/otro\/artes-marciales-para-ninos\/\" \/>\n<meta property=\"og:locale\" content=\"es_ES\" \/>\n<meta property=\"og:type\" content=\"article\" \/>\n<meta property=\"og:title\" content=\"Martial Arts for Children - Fitness &amp; MMA Blog - BlackBeltWhiteHat.com\" \/>\n<meta property=\"og:description\" content=\"Which martial arts are best for children? Does violent behaviour in a gym, reinforce violent behaviour outside of the gym? To a certain extent &#8211; yes. To summarise what all the research says &#8211; aggressive behaviour, reinforces more aggressive behaviour. \u00a0This is true of any &#8220;power&#8221; &#8220;strength&#8221; or combat sport. If you are applauded for [&hellip;]\" \/>\n<meta property=\"og:url\" content=\"https:\/\/blackbeltwhitehat.com\/es\/articulos-de-mma\/otro\/artes-marciales-para-ninos\/\" \/>\n<meta property=\"og:site_name\" content=\"Fitness &amp; MMA Blog - BlackBeltWhiteHat.com\" \/>\n<meta property=\"article:publisher\" content=\"https:\/\/www.facebook.com\/BlackBeltWhiteHat\/\" \/>\n<meta property=\"article:modified_time\" content=\"2014-01-30T13:21:04+00:00\" \/>\n<meta property=\"og:image\" content=\"http:\/\/blackbeltwhitehat.com\/wp-content\/uploads\/2014\/01\/cagefighter.gif\" \/>\n<meta name=\"twitter:card\" content=\"summary_large_image\" \/>\n<meta name=\"twitter:site\" content=\"@MMATraining1980\" \/>\n<meta name=\"twitter:label1\" content=\"Tiempo de lectura\" \/>\n\t<meta name=\"twitter:data1\" content=\"2 minutos\" \/>\n<!-- \/ Yoast SEO plugin. -->","yoast_head_json":{"title":"Artes Marciales para Ni\u00f1os - Blog de Fitness y MMA - BlackBeltWhiteHat.com","robots":{"index":"index","follow":"follow","max-snippet":"max-snippet:-1","max-image-preview":"max-image-preview:large","max-video-preview":"max-video-preview:-1"},"canonical":"https:\/\/blackbeltwhitehat.com\/es\/articulos-de-mma\/otro\/artes-marciales-para-ninos\/","og_locale":"es_ES","og_type":"article","og_title":"Martial Arts for Children - Fitness &amp; MMA Blog - BlackBeltWhiteHat.com","og_description":"Which martial arts are best for children? Does violent behaviour in a gym, reinforce violent behaviour outside of the gym? To a certain extent &#8211; yes. To summarise what all the research says &#8211; aggressive behaviour, reinforces more aggressive behaviour. \u00a0This is true of any &#8220;power&#8221; &#8220;strength&#8221; or combat sport. If you are applauded for [&hellip;]","og_url":"https:\/\/blackbeltwhitehat.com\/es\/articulos-de-mma\/otro\/artes-marciales-para-ninos\/","og_site_name":"Fitness &amp; MMA Blog - BlackBeltWhiteHat.com","article_publisher":"https:\/\/www.facebook.com\/BlackBeltWhiteHat\/","article_modified_time":"2014-01-30T13:21:04+00:00","og_image":[{"url":"http:\/\/blackbeltwhitehat.com\/wp-content\/uploads\/2014\/01\/cagefighter.gif","type":"","width":"","height":""}],"twitter_card":"summary_large_image","twitter_site":"@MMATraining1980","twitter_misc":{"Tiempo de lectura":"2 minutos"},"schema":{"@context":"https:\/\/schema.org","@graph":[{"@type":"WebPage","@id":"https:\/\/blackbeltwhitehat.com\/mma-articles\/other\/martial-arts-for-children\/","url":"https:\/\/blackbeltwhitehat.com\/mma-articles\/other\/martial-arts-for-children\/","name":"Artes Marciales para Ni\u00f1os - Blog de Fitness y MMA - BlackBeltWhiteHat.com","isPartOf":{"@id":"https:\/\/blackbeltwhitehat.com\/en\/#website"},"primaryImageOfPage":{"@id":"https:\/\/blackbeltwhitehat.com\/mma-articles\/other\/martial-arts-for-children\/#primaryimage"},"image":{"@id":"https:\/\/blackbeltwhitehat.com\/mma-articles\/other\/martial-arts-for-children\/#primaryimage"},"thumbnailUrl":"http:\/\/blackbeltwhitehat.com\/wp-content\/uploads\/2014\/01\/cagefighter.gif","datePublished":"2014-01-30T12:54:24+00:00","dateModified":"2014-01-30T13:21:04+00:00","breadcrumb":{"@id":"https:\/\/blackbeltwhitehat.com\/mma-articles\/other\/martial-arts-for-children\/#breadcrumb"},"inLanguage":"es","potentialAction":[{"@type":"ReadAction","target":["https:\/\/blackbeltwhitehat.com\/mma-articles\/other\/martial-arts-for-children\/"]}]},{"@type":"ImageObject","inLanguage":"es","@id":"https:\/\/blackbeltwhitehat.com\/mma-articles\/other\/martial-arts-for-children\/#primaryimage","url":"http:\/\/blackbeltwhitehat.com\/wp-content\/uploads\/2014\/01\/cagefighter.gif","contentUrl":"http:\/\/blackbeltwhitehat.com\/wp-content\/uploads\/2014\/01\/cagefighter.gif"},{"@type":"BreadcrumbList","@id":"https:\/\/blackbeltwhitehat.com\/mma-articles\/other\/martial-arts-for-children\/#breadcrumb","itemListElement":[{"@type":"ListItem","position":1,"name":"Home","item":"https:\/\/blackbeltwhitehat.com\/"},{"@type":"ListItem","position":2,"name":"MMA","item":"https:\/\/blackbeltwhitehat.com\/mma-articles\/"},{"@type":"ListItem","position":3,"name":"Other","item":"https:\/\/blackbeltwhitehat.com\/mma-articles\/other\/"},{"@type":"ListItem","position":4,"name":"Martial Arts for Children"}]},{"@type":"WebSite","@id":"https:\/\/blackbeltwhitehat.com\/en\/#website","url":"https:\/\/blackbeltwhitehat.com\/en\/","name":"Blog de fitness y MMA - BlackBeltWhiteHat.com","description":"Blog de fitness, MMA y nutrici\u00f3n del Reino Unido","publisher":{"@id":"https:\/\/blackbeltwhitehat.com\/en\/#organization"},"potentialAction":[{"@type":"SearchAction","target":{"@type":"EntryPoint","urlTemplate":"https:\/\/blackbeltwhitehat.com\/en\/?s={search_term_string}"},"query-input":{"@type":"PropertyValueSpecification","valueRequired":true,"valueName":"search_term_string"}}],"inLanguage":"es"},{"@type":"Organization","@id":"https:\/\/blackbeltwhitehat.com\/en\/#organization","name":"Blog de fitness y MMA - BlackBeltWhiteHat.com","url":"https:\/\/blackbeltwhitehat.com\/en\/","logo":{"@type":"ImageObject","inLanguage":"es","@id":"https:\/\/blackbeltwhitehat.com\/en\/#\/schema\/logo\/image\/","url":"https:\/\/blackbeltwhitehat.com\/wp-content\/uploads\/2019\/06\/cropped-mmabloglogodis-copy.png","contentUrl":"https:\/\/blackbeltwhitehat.com\/wp-content\/uploads\/2019\/06\/cropped-mmabloglogodis-copy.png","width":352,"height":352,"caption":"Fitness & MMA Blog - BlackBeltWhiteHat.com"},"image":{"@id":"https:\/\/blackbeltwhitehat.com\/en\/#\/schema\/logo\/image\/"},"sameAs":["https:\/\/www.facebook.com\/BlackBeltWhiteHat\/","https:\/\/x.com\/MMATraining1980"]}]}},"jetpack_likes_enabled":true,"jetpack_sharing_enabled":true,"jetpack_shortlink":"https:\/\/wp.me\/P2Sx3t-oj","jetpack-related-posts":[{"id":767,"url":"https:\/\/blackbeltwhitehat.com\/es\/articulos-de-mma\/otro\/la-mma-es-una-mala-influencia-en-la-sociedad\/","url_meta":{"origin":1507,"position":0},"title":"MMA: \u00bfuna mala influencia para la sociedad?","author":"Dave","date":"noviembre 16, 2013","format":false,"excerpt":"If you saw a person that you vaguely knew, fall over in the street, whack their head, and knock themselves unconscious, I'm sure you'd be pretty concerned... Any normal person with an ounce of humanity would be concerned, perhaps upset? However, put them next to yourself in a cage, to\u2026","rel":"","context":"Con 7 comentarios","block_context":{"text":"Con 7 comentarios","link":"https:\/\/blackbeltwhitehat.com\/es\/articulos-de-mma\/otro\/la-mma-es-una-mala-influencia-en-la-sociedad\/#comments"},"img":{"alt_text":"man ko'd","src":"https:\/\/i0.wp.com\/blackbeltwhitehat.com\/wp-content\/uploads\/2013\/11\/ko.png?resize=350%2C200","width":350,"height":200},"classes":[]},{"id":494,"url":"https:\/\/blackbeltwhitehat.com\/es\/articulos-de-mma\/otro\/","url_meta":{"origin":1507,"position":1},"title":"Otro","author":"Dave","date":"junio 29, 2013","format":false,"excerpt":"Otros art\u00edculos sobre MMA y fitness. Art\u00edculos relacionados con BJJ: Tu primera competici\u00f3n de BJJ, Grab &amp; Pull BJJ Blackpool Open, \u00bfEs el BJJ una secta?, Art\u00edculos divertidos, Art\u00edculos sobre lucha libre, Lucha libre de los Highland Games, Art\u00edculos relacionados con MMA, \u00bfEs malo el MMA?, MMA y artes marciales al azar\u2026","rel":"","context":"Entrada similar","block_context":{"text":"Entrada similar","link":""},"img":{"alt_text":"","src":"","width":0,"height":0},"classes":[]},{"id":251,"url":"https:\/\/blackbeltwhitehat.com\/es\/articulos-de-mma\/","url_meta":{"origin":1507,"position":2},"title":"MMA","author":"Dave","date":"marzo 6, 2013","format":false,"excerpt":"Una variedad de art\u00edculos sobre MMA que abarcan fuerza y acondicionamiento, nutrici\u00f3n y t\u00e9cnicas de MMA. Haz clic aqu\u00ed para ver todas las publicaciones del blog relacionadas con MMA. Haz clic aqu\u00ed para ver art\u00edculos sobre entrenamiento de MMA. Escritos en un formato conciso y f\u00e1cil de entender, sin duda merecen la pena leerlos para cualquier aficionado a las MMA\u2026","rel":"","context":"Entrada similar","block_context":{"text":"Entrada similar","link":""},"img":{"alt_text":"what is MMA","src":"https:\/\/i0.wp.com\/blackbeltwhitehat.com\/wp-content\/uploads\/2018\/09\/mma_whatis.jpg?resize=350%2C200&ssl=1","width":350,"height":200,"srcset":"https:\/\/i0.wp.com\/blackbeltwhitehat.com\/wp-content\/uploads\/2018\/09\/mma_whatis.jpg?resize=350%2C200&ssl=1 1x, https:\/\/i0.wp.com\/blackbeltwhitehat.com\/wp-content\/uploads\/2018\/09\/mma_whatis.jpg?resize=525%2C300&ssl=1 1.5x, https:\/\/i0.wp.com\/blackbeltwhitehat.com\/wp-content\/uploads\/2018\/09\/mma_whatis.jpg?resize=700%2C400&ssl=1 2x"},"classes":[]},{"id":1367,"url":"https:\/\/blackbeltwhitehat.com\/es\/articulos-de-mma\/tecnica\/autodefensa-para-mujeres\/","url_meta":{"origin":1507,"position":3},"title":"Autodefensa para mujeres","author":"Dave","date":"enero 12, 2014","format":false,"excerpt":"For entertainment purposes only - \"The Fence\" The Fence - this is a concept developed by a guy called Geoff Thompson. If someone is acting aggressively, or is following you and you confront them, make sure when you're talking, you gesture (casually) with your hands near your face. Take a\u2026","rel":"","context":"Entrada similar","block_context":{"text":"Entrada similar","link":""},"img":{"alt_text":"","src":"https:\/\/i0.wp.com\/img.youtube.com\/vi\/_4a3dscMbjY\/0.jpg?resize=350%2C200","width":350,"height":200},"classes":[]},{"id":1168,"url":"https:\/\/blackbeltwhitehat.com\/es\/articulos-de-mma\/otro\/idiotas-del-gimnasio\/","url_meta":{"origin":1507,"position":4},"title":"Bellends del gimnasio","author":"Dave","date":"diciembre 20, 2013","format":false,"excerpt":"A Quick Run-Down of Gym Stereotypes Bodybuilder Stupid tan, probably whitens his teeth, skinhead, wears lycra or a tiny vest. Often knows next to nothing about training, but takes loads of 'gear'. Has a fathead 80% of the year. Very aggressive, believes he is the alpha male of the gym,\u2026","rel":"","context":"Entrada similar","block_context":{"text":"Entrada similar","link":""},"img":{"alt_text":"Gym bellend","src":"https:\/\/i0.wp.com\/blackbeltwhitehat.com\/wp-content\/uploads\/2013\/12\/bodybuilder_76_by_stonepiler-d4j83so.jpg?fit=600%2C827&ssl=1&resize=350%2C200","width":350,"height":200,"srcset":"https:\/\/i0.wp.com\/blackbeltwhitehat.com\/wp-content\/uploads\/2013\/12\/bodybuilder_76_by_stonepiler-d4j83so.jpg?fit=600%2C827&ssl=1&resize=350%2C200 1x, https:\/\/i0.wp.com\/blackbeltwhitehat.com\/wp-content\/uploads\/2013\/12\/bodybuilder_76_by_stonepiler-d4j83so.jpg?fit=600%2C827&ssl=1&resize=525%2C300 1.5x"},"classes":[]},{"id":448,"url":"https:\/\/blackbeltwhitehat.com\/es\/articulos-de-mma\/otro\/como-imprimir-la-pantalla-en-mac\/","url_meta":{"origin":1507,"position":5},"title":"Krav Mag\u00e1","author":"Dave","date":"mayo 13, 2013","format":false,"excerpt":"I first heard about this martial art when studying JKD back in the 90's, then last year I watched an episode of \"Fight Quest\" where they trained with some absolutely mental women, in Israel. It was bad-ass. This is the best\/most informative video I could find on Krav Maga: http:\/\/www.youtube.com\/watch?v=EqU8VOXdoYg","rel":"","context":"Entrada similar","block_context":{"text":"Entrada similar","link":""},"img":{"alt_text":"","src":"https:\/\/i0.wp.com\/img.youtube.com\/vi\/EqU8VOXdoYg\/0.jpg?resize=350%2C200","width":350,"height":200},"classes":[]}],"_links":{"self":[{"href":"https:\/\/blackbeltwhitehat.com\/es\/wp-json\/wp\/v2\/pages\/1507","targetHints":{"allow":["GET"]}}],"collection":[{"href":"https:\/\/blackbeltwhitehat.com\/es\/wp-json\/wp\/v2\/pages"}],"about":[{"href":"https:\/\/blackbeltwhitehat.com\/es\/wp-json\/wp\/v2\/types\/page"}],"author":[{"embeddable":true,"href":"https:\/\/blackbeltwhitehat.com\/es\/wp-json\/wp\/v2\/users\/41980142"}],"replies":[{"embeddable":true,"href":"https:\/\/blackbeltwhitehat.com\/es\/wp-json\/wp\/v2\/comments?post=1507"}],"version-history":[{"count":5,"href":"https:\/\/blackbeltwhitehat.com\/es\/wp-json\/wp\/v2\/pages\/1507\/revisions"}],"predecessor-version":[{"id":1514,"href":"https:\/\/blackbeltwhitehat.com\/es\/wp-json\/wp\/v2\/pages\/1507\/revisions\/1514"}],"up":[{"embeddable":true,"href":"https:\/\/blackbeltwhitehat.com\/es\/wp-json\/wp\/v2\/pages\/494"}],"wp:attachment":[{"href":"https:\/\/blackbeltwhitehat.com\/es\/wp-json\/wp\/v2\/media?parent=1507"}],"curies":[{"name":"wp","href":"https:\/\/api.w.org\/{rel}","templated":true}]}}