{"id":1674,"date":"2014-05-26T19:49:18","date_gmt":"2014-05-26T19:49:18","guid":{"rendered":"http:\/\/blackbeltwhitehat.com\/?page_id=1674"},"modified":"2015-01-11T18:30:42","modified_gmt":"2015-01-11T18:30:42","slug":"formacion-en-tailandia-2014","status":"publish","type":"page","link":"https:\/\/blackbeltwhitehat.com\/es\/articulos-de-mma\/vacaciones-de-mma\/formacion-en-tailandia-2014\/","title":{"rendered":"Formaci\u00f3n en Tailandia 2014"},"content":{"rendered":"<p>A continuaci\u00f3n se muestran algunos sitios web que vale la pena visitar:<\/p>\n<p><span style=\"text-decoration:underline;\">Sitios web de gimnasios<\/span><\/p>\n<p><a href=\"http:\/\/www.rawaimuaythai.com\/khaolakgym\/\">http:\/\/www.rawaimuaythai.com\/khaolakgym\/<\/a><\/p>\n<p><a href=\"http:\/\/www.tigermuaythai.com\">http:\/\/www.tigermuaythai.com<\/a><\/p>\n<p><a href=\"http:\/\/www.muaythaichinnarach.com\">http:\/\/www.muaythaichinnarach.com<\/a><\/p>\n<p><a href=\"http:\/\/www.phukettopteam.com\">http:\/\/www.phukettopteam.com<\/a><\/p>\n<p><a href=\"http:\/\/www.sinbi-muaythai.com\">http:\/\/www.sinbi-muaythai.com<\/a><\/p>\n<p>Mi amigo Alan se aloj\u00f3 en Sinbi y dijo que era excelente.<\/p>\n<blockquote><p>\u201cMe aloj\u00e9 en los apartamentos Sinbi, a unos 5 minutos del gimnasio. Es un lugar encantador con piscina privada y acceso controlado. Tambi\u00e9n puedes alojarte en el gimnasio, es mucho m\u00e1s econ\u00f3mico y todo el alojamiento est\u00e1 muy limpio y en buen estado.\u201d<\/p>\n<p>&nbsp;<\/p><\/blockquote>\n<blockquote class=\"wp-embedded-content\" data-secret=\"9tw3a79VaD\"><p><a href=\"https:\/\/www.akathailand.com\/\">Hogar<\/a><\/p><\/blockquote>\n<p><iframe loading=\"lazy\" class=\"wp-embedded-content\" sandbox=\"allow-scripts\" security=\"restricted\" style=\"position: absolute; visibility: hidden;\" title=\"\u201cHogar\u201d \u2014 tambi\u00e9n conocido como Tailandia\" src=\"https:\/\/www.akathailand.com\/embed\/#?secret=2nOeSdP1gN#?secret=9tw3a79VaD\" data-secret=\"9tw3a79VaD\" width=\"500\" height=\"282\" frameborder=\"0\" marginwidth=\"0\" marginheight=\"0\" scrolling=\"no\"><\/iframe><\/p>\n<p>&nbsp;<\/p>\n<p>Rese\u00f1as<br \/>\n<a href=\"http:\/\/www.tripadvisor.co.uk\/ShowUserReviews-g293919-d673837-r195953950-Fairtex_Sports_Club_Hotel-Pattaya_Chonburi_Province.html\">http:\/\/www.tripadvisor.co.uk\/ShowUserReviews-g293919-d673837-r195953950-Fairtex_Sports_Club_Hotel-Pattaya_Chonburi_Province.html<\/a><\/p>\n<p><a href=\"http:\/\/www.tripadvisor.co.uk\/Attraction_Review-g1389361-d1977183-Reviews-Suwit_Muay_Thai_Training_Camp_Gym-Chalong_Phuket_Town_Phuket.html\">http:\/\/www.tripadvisor.co.uk\/Attraction_Review-g1389361-d1977183-Reviews-Suwit_Muay_Thai_Training_Camp_Gym-Chalong_Phuket_Town_Phuket.html<\/a><\/p>\n<p><a href=\"http:\/\/www.tripadvisor.co.uk\/Attraction_Review-g303907-d3894659-Reviews-Chorenrit_Muay_Thai_Camp_Fitness_Gym-Ko_Phangan_Surat_Thani_Province.html\">http:\/\/www.tripadvisor.co.uk\/Attraction_Review-g303907-d3894659-Reviews-Chorenrit_Muay_Thai_Camp_Fitness_Gym-Ko_Phangan_Surat_Thani_Province.html<\/a><\/p>\n<p><a href=\"http:\/\/www.tripadvisor.co.uk\/Attraction_Review-g293918-d2141144-Reviews-Jun_Muay_Thai_Boxing_Camp-Ko_Samui_Surat_Thani_Province.html\">http:\/\/www.tripadvisor.co.uk\/Attraction_Review-g293918-d2141144-Reviews-Jun_Muay_Thai_Boxing_Camp-Ko_Samui_Surat_Thani_Province.html<\/a><\/p>\n<p><a href=\"http:\/\/www.tripadvisor.co.uk\/ShowUserReviews-g303907-d3681803-r157160697-Kobra_Muay_Thai_Boxing_Stadium-Ko_Phangan_Surat_Thani_Province.html\">http:\/\/www.tripadvisor.co.uk\/ShowUserReviews-g303907-d3681803-r157160697-Kobra_Muay_Thai_Boxing_Stadium-Ko_Phangan_Surat_Thani_Province.html<\/a><\/p>","protected":false},"excerpt":{"rendered":"<p>Here are some websites that are worth looking at: Gym Websites My friend Alan stayed at Sinbi, and said it was excellent. &#8220;(I) stayed in Sinbi apartments about 5 mins away from gym lovely place private pool and gated, you can stay at the gym as well it&#8217;s a lot cheaper and all accommodation is [&hellip;]<\/p>\n","protected":false},"author":41980142,"featured_media":0,"parent":496,"menu_order":0,"comment_status":"open","ping_status":"open","template":"","meta":{"_coblocks_attr":"","_coblocks_dimensions":"","_coblocks_responsive_height":"","_coblocks_accordion_ie_support":"","_crdt_document":"","footnotes":""},"class_list":["post-1674","page","type-page","status-publish","hentry"],"yoast_head":"<!-- This site is optimized with the Yoast SEO plugin v27.4 - https:\/\/yoast.com\/product\/yoast-seo-wordpress\/ -->\n<title>Training in Thailand 2014 - Fitness &amp; MMA Blog - BlackBeltWhiteHat.com<\/title>\n<meta name=\"robots\" content=\"index, follow, max-snippet:-1, max-image-preview:large, max-video-preview:-1\" \/>\n<link rel=\"canonical\" href=\"https:\/\/blackbeltwhitehat.com\/es\/articulos-de-mma\/vacaciones-de-mma\/formacion-en-tailandia-2014\/\" \/>\n<meta property=\"og:locale\" content=\"es_ES\" \/>\n<meta property=\"og:type\" content=\"article\" \/>\n<meta property=\"og:title\" content=\"Training in Thailand 2014 - Fitness &amp; MMA Blog - BlackBeltWhiteHat.com\" \/>\n<meta property=\"og:description\" content=\"Here are some websites that are worth looking at: Gym Websites My friend Alan stayed at Sinbi, and said it was excellent. &#8220;(I) stayed in Sinbi apartments about 5 mins away from gym lovely place private pool and gated, you can stay at the gym as well it&#8217;s a lot cheaper and all accommodation is [&hellip;]\" \/>\n<meta property=\"og:url\" content=\"https:\/\/blackbeltwhitehat.com\/es\/articulos-de-mma\/vacaciones-de-mma\/formacion-en-tailandia-2014\/\" \/>\n<meta property=\"og:site_name\" content=\"Fitness &amp; MMA Blog - BlackBeltWhiteHat.com\" \/>\n<meta property=\"article:publisher\" content=\"https:\/\/www.facebook.com\/BlackBeltWhiteHat\/\" \/>\n<meta property=\"article:modified_time\" content=\"2015-01-11T18:30:42+00:00\" \/>\n<meta name=\"twitter:card\" content=\"summary_large_image\" \/>\n<meta name=\"twitter:site\" content=\"@MMATraining1980\" \/>\n<meta name=\"twitter:label1\" content=\"Tiempo de lectura\" \/>\n\t<meta name=\"twitter:data1\" content=\"1 minuto\" \/>\n<!-- \/ Yoast SEO plugin. -->","yoast_head_json":{"title":"Training in Thailand 2014 - Fitness &amp; MMA Blog - BlackBeltWhiteHat.com","robots":{"index":"index","follow":"follow","max-snippet":"max-snippet:-1","max-image-preview":"max-image-preview:large","max-video-preview":"max-video-preview:-1"},"canonical":"https:\/\/blackbeltwhitehat.com\/es\/articulos-de-mma\/vacaciones-de-mma\/formacion-en-tailandia-2014\/","og_locale":"es_ES","og_type":"article","og_title":"Training in Thailand 2014 - Fitness &amp; MMA Blog - BlackBeltWhiteHat.com","og_description":"Here are some websites that are worth looking at: Gym Websites My friend Alan stayed at Sinbi, and said it was excellent. &#8220;(I) stayed in Sinbi apartments about 5 mins away from gym lovely place private pool and gated, you can stay at the gym as well it&#8217;s a lot cheaper and all accommodation is [&hellip;]","og_url":"https:\/\/blackbeltwhitehat.com\/es\/articulos-de-mma\/vacaciones-de-mma\/formacion-en-tailandia-2014\/","og_site_name":"Fitness &amp; MMA Blog - BlackBeltWhiteHat.com","article_publisher":"https:\/\/www.facebook.com\/BlackBeltWhiteHat\/","article_modified_time":"2015-01-11T18:30:42+00:00","twitter_card":"summary_large_image","twitter_site":"@MMATraining1980","twitter_misc":{"Tiempo de lectura":"1 minuto"},"schema":{"@context":"https:\/\/schema.org","@graph":[{"@type":"WebPage","@id":"https:\/\/blackbeltwhitehat.com\/mma-articles\/mma-holidays\/training-in-thailand-2014\/","url":"https:\/\/blackbeltwhitehat.com\/mma-articles\/mma-holidays\/training-in-thailand-2014\/","name":"Training in Thailand 2014 - Fitness &amp; MMA Blog - BlackBeltWhiteHat.com","isPartOf":{"@id":"https:\/\/blackbeltwhitehat.com\/en\/#website"},"datePublished":"2014-05-26T19:49:18+00:00","dateModified":"2015-01-11T18:30:42+00:00","breadcrumb":{"@id":"https:\/\/blackbeltwhitehat.com\/mma-articles\/mma-holidays\/training-in-thailand-2014\/#breadcrumb"},"inLanguage":"es","potentialAction":[{"@type":"ReadAction","target":["https:\/\/blackbeltwhitehat.com\/mma-articles\/mma-holidays\/training-in-thailand-2014\/"]}]},{"@type":"BreadcrumbList","@id":"https:\/\/blackbeltwhitehat.com\/mma-articles\/mma-holidays\/training-in-thailand-2014\/#breadcrumb","itemListElement":[{"@type":"ListItem","position":1,"name":"Home","item":"https:\/\/blackbeltwhitehat.com\/"},{"@type":"ListItem","position":2,"name":"MMA","item":"https:\/\/blackbeltwhitehat.com\/mma-articles\/"},{"@type":"ListItem","position":3,"name":"MMA Holidays","item":"https:\/\/blackbeltwhitehat.com\/mma-articles\/mma-holidays\/"},{"@type":"ListItem","position":4,"name":"Training in Thailand 2014"}]},{"@type":"WebSite","@id":"https:\/\/blackbeltwhitehat.com\/en\/#website","url":"https:\/\/blackbeltwhitehat.com\/en\/","name":"Blog de fitness y MMA - BlackBeltWhiteHat.com","description":"Blog de fitness, MMA y nutrici\u00f3n del Reino Unido","publisher":{"@id":"https:\/\/blackbeltwhitehat.com\/en\/#organization"},"potentialAction":[{"@type":"SearchAction","target":{"@type":"EntryPoint","urlTemplate":"https:\/\/blackbeltwhitehat.com\/en\/?s={search_term_string}"},"query-input":{"@type":"PropertyValueSpecification","valueRequired":true,"valueName":"search_term_string"}}],"inLanguage":"es"},{"@type":"Organization","@id":"https:\/\/blackbeltwhitehat.com\/en\/#organization","name":"Blog de fitness y MMA - BlackBeltWhiteHat.com","url":"https:\/\/blackbeltwhitehat.com\/en\/","logo":{"@type":"ImageObject","inLanguage":"es","@id":"https:\/\/blackbeltwhitehat.com\/en\/#\/schema\/logo\/image\/","url":"https:\/\/blackbeltwhitehat.com\/wp-content\/uploads\/2019\/06\/cropped-mmabloglogodis-copy.png","contentUrl":"https:\/\/blackbeltwhitehat.com\/wp-content\/uploads\/2019\/06\/cropped-mmabloglogodis-copy.png","width":352,"height":352,"caption":"Fitness & MMA Blog - BlackBeltWhiteHat.com"},"image":{"@id":"https:\/\/blackbeltwhitehat.com\/en\/#\/schema\/logo\/image\/"},"sameAs":["https:\/\/www.facebook.com\/BlackBeltWhiteHat\/","https:\/\/x.com\/MMATraining1980"]}]}},"jetpack_likes_enabled":true,"jetpack_sharing_enabled":true,"jetpack_shortlink":"https:\/\/wp.me\/P2Sx3t-r0","jetpack-related-posts":[{"id":498,"url":"https:\/\/blackbeltwhitehat.com\/es\/articulos-de-mma\/vacaciones-de-mma\/entrenamiento-de-mma-en-california\/","url_meta":{"origin":1674,"position":0},"title":"Entrenamiento de MMA en California","author":"Dave","date":"junio 29, 2013","format":false,"excerpt":"MMA Gyms to train at in California: k-one San Francisco Website FaceBook Page Gym Location Here is the location - my crappy blog won't let me embed the map on here directly. 2001 Van Ness San Francisco, CA 94109, United States +1 415-474-3322 I actually attended a class here in\u2026","rel":"","context":"Con 1 comentario","block_context":{"text":"Con 1 comentario","link":"https:\/\/blackbeltwhitehat.com\/es\/articulos-de-mma\/vacaciones-de-mma\/entrenamiento-de-mma-en-california\/#comments"},"img":{"alt_text":"","src":"","width":0,"height":0},"classes":[]},{"id":5808,"url":"https:\/\/blackbeltwhitehat.com\/es\/resenas\/vaporizador-de-aceite-de-cbd-medipen\/","url_meta":{"origin":1674,"position":1},"title":"Vaporizador de aceite de CBD Medipen","author":"Dave","date":"septiembre 24, 2016","format":false,"excerpt":"Please see the full blog post here Does the Medipen Reduce Inflammation? In my experience & opinion \u2013 yes. I literally couldn\u2019t sit in work on Thursday, I had to kneel on my air-disc (a fairly common problem), because my back was in spasm. After using the pen on Thursday\u2026","rel":"","context":"Entrada similar","block_context":{"text":"Entrada similar","link":""},"img":{"alt_text":"medipen cbd review","src":"https:\/\/i0.wp.com\/blackbeltwhitehat.com\/wp-content\/uploads\/2016\/09\/photo-on-24-09-2016-at-09-56.jpg?resize=350%2C200","width":350,"height":200,"srcset":"https:\/\/i0.wp.com\/blackbeltwhitehat.com\/wp-content\/uploads\/2016\/09\/photo-on-24-09-2016-at-09-56.jpg?resize=350%2C200 1x, https:\/\/i0.wp.com\/blackbeltwhitehat.com\/wp-content\/uploads\/2016\/09\/photo-on-24-09-2016-at-09-56.jpg?resize=525%2C300 1.5x, https:\/\/i0.wp.com\/blackbeltwhitehat.com\/wp-content\/uploads\/2016\/09\/photo-on-24-09-2016-at-09-56.jpg?resize=700%2C400 2x, https:\/\/i0.wp.com\/blackbeltwhitehat.com\/wp-content\/uploads\/2016\/09\/photo-on-24-09-2016-at-09-56.jpg?resize=1050%2C600 3x"},"classes":[]},{"id":7251,"url":"https:\/\/blackbeltwhitehat.com\/es\/directorio-de-tecnicas\/llamativo\/como-hacer-rodillazos-en-el-boxeo-tailandes\/","url_meta":{"origin":1674,"position":2},"title":"C\u00f3mo hacer rodillazos en el boxeo tailand\u00e9s","author":"Dave","date":"julio 21, 2017","format":false,"excerpt":"How to throw Knees in Thai Boxing & MMA Knees are very powerful and were made famous in MMA by the 'Axe Murderer' Vanderlai Silva. The most powerful knee will be from your rear legFor more power slam your heel down with your lead leg & pivot up onto your\u2026","rel":"","context":"Entrada similar","block_context":{"text":"Entrada similar","link":""},"img":{"alt_text":"","src":"https:\/\/i0.wp.com\/blackbeltwhitehat.com\/wp-content\/uploads\/2020\/02\/2020-02-28-21-11-www.youtube.com-1.png?resize=350%2C200&ssl=1","width":350,"height":200},"classes":[]},{"id":1507,"url":"https:\/\/blackbeltwhitehat.com\/es\/articulos-de-mma\/otro\/artes-marciales-para-ninos\/","url_meta":{"origin":1674,"position":3},"title":"Artes marciales para ni\u00f1os","author":"Dave","date":"enero 30, 2014","format":false,"excerpt":"Which martial arts are best for children? Does violent behaviour in a gym, reinforce violent behaviour outside of the gym? To a certain extent - yes. To summarise what all the research says - aggressive behaviour, reinforces more aggressive behaviour. \u00a0This is true of any \"power\" \"strength\" or combat sport.\u2026","rel":"","context":"Entrada similar","block_context":{"text":"Entrada similar","link":""},"img":{"alt_text":"Rex Kwon Do","src":"https:\/\/i0.wp.com\/blackbeltwhitehat.com\/wp-content\/uploads\/2014\/01\/cagefighter.gif?resize=350%2C200","width":350,"height":200},"classes":[]},{"id":2564,"url":"https:\/\/blackbeltwhitehat.com\/es\/resenas\/gimnasios-de-mma\/","url_meta":{"origin":1674,"position":4},"title":"Gimnasios de MMA","author":"Dave","date":"enero 11, 2015","format":false,"excerpt":"Rese\u00f1as de gimnasios de MMA","rel":"","context":"Entrada similar","block_context":{"text":"Entrada similar","link":""},"img":{"alt_text":"","src":"","width":0,"height":0},"classes":[]},{"id":1168,"url":"https:\/\/blackbeltwhitehat.com\/es\/articulos-de-mma\/otro\/idiotas-del-gimnasio\/","url_meta":{"origin":1674,"position":5},"title":"Bellends del gimnasio","author":"Dave","date":"diciembre 20, 2013","format":false,"excerpt":"A Quick Run-Down of Gym Stereotypes Bodybuilder Stupid tan, probably whitens his teeth, skinhead, wears lycra or a tiny vest. Often knows next to nothing about training, but takes loads of 'gear'. Has a fathead 80% of the year. Very aggressive, believes he is the alpha male of the gym,\u2026","rel":"","context":"Entrada similar","block_context":{"text":"Entrada similar","link":""},"img":{"alt_text":"Gym bellend","src":"https:\/\/i0.wp.com\/blackbeltwhitehat.com\/wp-content\/uploads\/2013\/12\/bodybuilder_76_by_stonepiler-d4j83so.jpg?fit=600%2C827&ssl=1&resize=350%2C200","width":350,"height":200,"srcset":"https:\/\/i0.wp.com\/blackbeltwhitehat.com\/wp-content\/uploads\/2013\/12\/bodybuilder_76_by_stonepiler-d4j83so.jpg?fit=600%2C827&ssl=1&resize=350%2C200 1x, https:\/\/i0.wp.com\/blackbeltwhitehat.com\/wp-content\/uploads\/2013\/12\/bodybuilder_76_by_stonepiler-d4j83so.jpg?fit=600%2C827&ssl=1&resize=525%2C300 1.5x"},"classes":[]}],"_links":{"self":[{"href":"https:\/\/blackbeltwhitehat.com\/es\/wp-json\/wp\/v2\/pages\/1674","targetHints":{"allow":["GET"]}}],"collection":[{"href":"https:\/\/blackbeltwhitehat.com\/es\/wp-json\/wp\/v2\/pages"}],"about":[{"href":"https:\/\/blackbeltwhitehat.com\/es\/wp-json\/wp\/v2\/types\/page"}],"author":[{"embeddable":true,"href":"https:\/\/blackbeltwhitehat.com\/es\/wp-json\/wp\/v2\/users\/41980142"}],"replies":[{"embeddable":true,"href":"https:\/\/blackbeltwhitehat.com\/es\/wp-json\/wp\/v2\/comments?post=1674"}],"version-history":[{"count":3,"href":"https:\/\/blackbeltwhitehat.com\/es\/wp-json\/wp\/v2\/pages\/1674\/revisions"}],"predecessor-version":[{"id":2571,"href":"https:\/\/blackbeltwhitehat.com\/es\/wp-json\/wp\/v2\/pages\/1674\/revisions\/2571"}],"up":[{"embeddable":true,"href":"https:\/\/blackbeltwhitehat.com\/es\/wp-json\/wp\/v2\/pages\/496"}],"wp:attachment":[{"href":"https:\/\/blackbeltwhitehat.com\/es\/wp-json\/wp\/v2\/media?parent=1674"}],"curies":[{"name":"wp","href":"https:\/\/api.w.org\/{rel}","templated":true}]}}