{"id":1724,"date":"2014-06-07T15:30:18","date_gmt":"2014-06-07T15:30:18","guid":{"rendered":"http:\/\/blackbeltwhitehat.com\/?page_id=1724"},"modified":"2025-12-24T12:50:36","modified_gmt":"2025-12-24T12:50:36","slug":"combinaciones-de-boxeo","status":"publish","type":"page","link":"https:\/\/blackbeltwhitehat.com\/es\/articulos-de-mma\/tecnica\/combinaciones-de-boxeo\/","title":{"rendered":"Boxing Combinations \u00b7  pdf \u00b7 [2026]"},"content":{"rendered":"<h1>Combinaciones de boxeo<\/h1>\n<p>A continuaci\u00f3n se muestra una lista de combinaciones de boxeo que puedes utilizar para practicar en el saco, en las almohadillas o en el sparring.<\/p>\n<p>Ten en cuenta que es bastante dif\u00edcil conectar combinaciones de 3 o 4 golpes contra un oponente decente. Generalmente, usar\u00e1s combinaciones de 1 o 2 golpes la mayor parte del tiempo, lanzando m\u00e1s cuando el oponente est\u00e9 cansado o aturdido por un jab.<\/p>\n<p>Por favor vea <a href=\"https:\/\/blackbeltwhitehat.com\/es\/2024\/07\/17\/combinaciones-de-boxeo-de-sombra-pdf-2024\/\">Combinaciones de boxeo de sombra aqu\u00ed<\/a>.<\/p>\n<p><strong>Combinaciones b\u00e1sicas de boxeo<\/strong><\/p>\n<p>\u2013 Pinchazo<\/p>\n<p>\u2013 Doble golpe<\/p>\n<p>\u2013 Jab, Cruz<\/p>\n<p><img data-recalc-dims=\"1\" loading=\"lazy\" decoding=\"async\" data-attachment-id=\"5527\" data-permalink=\"https:\/\/blackbeltwhitehat.com\/es\/articulos-de-mma\/tecnica\/combinaciones-de-boxeo\/jabcross\/\" data-orig-file=\"https:\/\/i0.wp.com\/blackbeltwhitehat.com\/wp-content\/uploads\/2014\/06\/jabcross.gif?fit=480%2C360&amp;ssl=1\" data-orig-size=\"480,360\" data-comments-opened=\"1\" data-image-meta=\"{&quot;aperture&quot;:&quot;0&quot;,&quot;credit&quot;:&quot;&quot;,&quot;camera&quot;:&quot;&quot;,&quot;caption&quot;:&quot;&quot;,&quot;created_timestamp&quot;:&quot;0&quot;,&quot;copyright&quot;:&quot;&quot;,&quot;focal_length&quot;:&quot;0&quot;,&quot;iso&quot;:&quot;0&quot;,&quot;shutter_speed&quot;:&quot;0&quot;,&quot;title&quot;:&quot;&quot;,&quot;orientation&quot;:&quot;0&quot;}\" data-image-title=\"jabcross\" data-image-description=\"\" data-image-caption=\"\" data-large-file=\"https:\/\/i0.wp.com\/blackbeltwhitehat.com\/wp-content\/uploads\/2014\/06\/jabcross.gif?fit=480%2C360&amp;ssl=1\" class=\"alignnone size-full wp-image-5527\" src=\"https:\/\/i0.wp.com\/blackbeltwhitehat.com\/wp-content\/uploads\/2014\/06\/jabcross.gif?resize=480%2C360&#038;ssl=1\" alt=\"jabcross\" width=\"480\" height=\"360\" \/><\/p>\n<p><strong>Combinaciones de boxeo intermedias<\/strong><\/p>\n<p>\u2013 Doble Jab, Cruzado<\/p>\n<p>\u2013 Jab, Cruz, Gancho<\/p>\n<p>\u2013 Jab, Cross, Hook, Uppercut<\/p>\n<figure id=\"attachment_5529\" aria-describedby=\"caption-attachment-5529\" style=\"width: 480px\" class=\"wp-caption alignnone\"><img data-recalc-dims=\"1\" loading=\"lazy\" decoding=\"async\" data-attachment-id=\"5529\" data-permalink=\"https:\/\/blackbeltwhitehat.com\/es\/articulos-de-mma\/tecnica\/combinaciones-de-boxeo\/jabcrosshookuppercut\/\" data-orig-file=\"https:\/\/i0.wp.com\/blackbeltwhitehat.com\/wp-content\/uploads\/2014\/06\/jabcrosshookuppercut.gif?fit=480%2C360&amp;ssl=1\" data-orig-size=\"480,360\" data-comments-opened=\"1\" data-image-meta=\"{&quot;aperture&quot;:&quot;0&quot;,&quot;credit&quot;:&quot;&quot;,&quot;camera&quot;:&quot;&quot;,&quot;caption&quot;:&quot;&quot;,&quot;created_timestamp&quot;:&quot;0&quot;,&quot;copyright&quot;:&quot;&quot;,&quot;focal_length&quot;:&quot;0&quot;,&quot;iso&quot;:&quot;0&quot;,&quot;shutter_speed&quot;:&quot;0&quot;,&quot;title&quot;:&quot;&quot;,&quot;orientation&quot;:&quot;0&quot;}\" data-image-title=\"jabcrosshookuppercut\" data-image-description=\"&lt;p&gt;jab, cross, hook, uppercut&lt;\/p&gt;\" data-image-caption=\"&lt;p&gt;jab, cross, hook, uppercut&lt;\/p&gt;\" data-large-file=\"https:\/\/i0.wp.com\/blackbeltwhitehat.com\/wp-content\/uploads\/2014\/06\/jabcrosshookuppercut.gif?fit=480%2C360&amp;ssl=1\" class=\"alignnone size-full wp-image-5529\" src=\"https:\/\/i0.wp.com\/blackbeltwhitehat.com\/wp-content\/uploads\/2014\/06\/jabcrosshookuppercut.gif?resize=480%2C360&#038;ssl=1\" alt=\"jab, cruzado, gancho, uppercut\" width=\"480\" height=\"360\" \/><figcaption id=\"caption-attachment-5529\" class=\"wp-caption-text\">jab, cruzado, gancho, uppercut<\/figcaption><\/figure>\n<p>\u2013 Uppercut de derecha, gancho de izquierda<\/p>\n<p>\u2013 Uppercut de derecha, gancho de izquierda, cruzado de derecha<\/p>\n<p>\u2013 Jab, Cross al cuerpo, Gancho de izquierda a la cabeza<\/p>\n<p><strong>Combinaciones avanzadas de boxeo<\/strong><\/p>\n<p>\u2013 Doble jab, giro de 45\u00b0 en el sentido de las agujas del reloj, uppercut de derecha, gancho de izquierda<br \/>\nVea 1:40 para una demostraci\u00f3n:<\/p>\n<p><span class=\"embed-youtube\" style=\"text-align:center; display: block;\"><iframe loading=\"lazy\" class=\"youtube-player\" width=\"640\" height=\"360\" src=\"https:\/\/www.youtube.com\/embed\/q6igzOhoOB0?version=3&#038;rel=1&#038;showsearch=0&#038;showinfo=1&#038;iv_load_policy=1&#038;fs=1&#038;hl=es-ES&#038;autohide=2&#038;wmode=transparent\" allowfullscreen=\"true\" style=\"border:0;\" sandbox=\"allow-scripts allow-same-origin allow-popups allow-presentation allow-popups-to-escape-sandbox\"><\/iframe><\/span><\/p>\n<p>\u2013 Padman lanza jab \u2013 Parada con la mano derecha, lanzamiento cruzado con la mano derecha<\/p>\n<p>\u2013 Jab al cuerpo, derechazo por encima del hombro<\/p>\n<p>\u2013 Padman lanza jab \u2014&gt; jab deslizante (mueve la cabeza ligeramente hacia la derecha), uppercut de derecha, gancho de izquierda<\/p>\n<h3><strong>Descargue el PDF de Combinaciones de Boxeo a continuaci\u00f3n:<\/strong><\/h3>\n<p><a href=\"https:\/\/blackbeltwhitehat.com\/wp-content\/uploads\/2022\/10\/boxing-combinations.pdf\" target=\"_blank\" rel=\"noopener noreferrer nofollow\">Haz clic para acceder a boxing-combinations.pdf<\/a><\/p>\n<hr \/>\n<hr \/>\n<hr \/>\n<hr \/>\n<h1>Combinaciones de kickboxing y boxeo tailand\u00e9s<\/h1>\n<p>\u2013 Doble jab, patada frontal derecha<\/p>\n<p>\u2013 Jab, patada interna en la pierna (patada circular izquierda)<\/p>\n<p>\u2013 Patada con la pierna interna, patada circular de izquierda al cuerpo<\/p>\n<p>\u2013 Patada lateral izquierda, patada derecha por encima del hombro (use la patada con la pierna interior como un &#039;tel\u00e9metro&#039;)<\/p>\n<p>\u2013 Patada lateral, codazo giratorio o pu\u00f1o hacia atr\u00e1s<\/p>\n<p>\u2013 Jab, Cross, Gancho de izquierda, Roundhouse de derecha<\/p>\n<p>\u2013 Roundhouse de derecha, Overhand de izquierda<\/p>\n<p>\u2013 Girar y simular una patada giratoria, lanzar una patada circular a la cabeza<br \/>\nAlgo as\u00ed como esta patada Tornado, pero coloca el pie derecho en el suelo en lugar de completar la patada circular totalmente en el aire:<br \/>\n<a href=\"https:\/\/i0.wp.com\/blackbeltwhitehat.com\/wp-content\/uploads\/2014\/06\/tornado.gif?ssl=1\"><img data-recalc-dims=\"1\" loading=\"lazy\" decoding=\"async\" data-attachment-id=\"1729\" data-permalink=\"https:\/\/blackbeltwhitehat.com\/es\/articulos-de-mma\/tecnica\/combinaciones-de-boxeo\/tornado\/\" data-orig-file=\"https:\/\/i0.wp.com\/blackbeltwhitehat.com\/wp-content\/uploads\/2014\/06\/tornado.gif?fit=340%2C326&amp;ssl=1\" data-orig-size=\"340,326\" data-comments-opened=\"1\" data-image-meta=\"{&quot;aperture&quot;:&quot;0&quot;,&quot;credit&quot;:&quot;&quot;,&quot;camera&quot;:&quot;&quot;,&quot;caption&quot;:&quot;&quot;,&quot;created_timestamp&quot;:&quot;0&quot;,&quot;copyright&quot;:&quot;&quot;,&quot;focal_length&quot;:&quot;0&quot;,&quot;iso&quot;:&quot;0&quot;,&quot;shutter_speed&quot;:&quot;0&quot;,&quot;title&quot;:&quot;&quot;}\" data-image-title=\"Tornado\" data-image-description=\"\" data-image-caption=\"\" data-large-file=\"https:\/\/i0.wp.com\/blackbeltwhitehat.com\/wp-content\/uploads\/2014\/06\/tornado.gif?fit=340%2C326&amp;ssl=1\" class=\"alignnone size-full wp-image-1729\" src=\"https:\/\/i0.wp.com\/blackbeltwhitehat.com\/wp-content\/uploads\/2014\/06\/tornado.gif?resize=340%2C326\" alt=\"Patada de tornado\" width=\"340\" height=\"326\" \/><\/a><\/p>\n<p>\u2013 Control de patada de pierna de Padman, Cruz, gancho, roundhouse de derecha<\/p>\n<p>\u2013 Agarra la patada frontal\/teep de Padman, girando el pu\u00f1o hacia atr\u00e1s<\/p>\n<hr \/>\n<hr \/>\n<hr \/>\n<hr \/>\n<h1>Combinaciones de MMA<\/h1>\n<p>\u2013 Doble jab en un derribo a doble pierna (inicia el golpe a doble pierna mientras lanzas el segundo jab)<\/p>\n<p>\u2013 Jab, Cross, Rodilla derecha, sprawl, doble pierna<\/p>\n<p>\u2013 Patada frontal izquierda, derribo con dos piernas<\/p>\n<p>\u2013 Defenderse del derribo usando ganchos inferiores y rotando 180 grados: cruzado, gancho, roundhouse de derecha<\/p>\n<p>\u2013 Jab, cross, jab (caminando hacia adelante con cada golpe, derribo con ambas piernas)<\/p>\n<p>\u2013 chasquido de cabeza, derribo con dos piernas, pase de guardia, mantener el control lateral<br \/>\nVea 47 segundos para ver un ejemplo de una foto de la cabeza:<\/p>\n<p><span class=\"embed-youtube\" style=\"text-align:center; display: block;\"><iframe loading=\"lazy\" class=\"youtube-player\" width=\"640\" height=\"360\" src=\"https:\/\/www.youtube.com\/embed\/Yvum9Lvsy-0?version=3&#038;rel=1&#038;showsearch=0&#038;showinfo=1&#038;iv_load_policy=1&#038;fs=1&#038;hl=es-ES&#038;autohide=2&#038;wmode=transparent\" allowfullscreen=\"true\" style=\"border:0;\" sandbox=\"allow-scripts allow-same-origin allow-popups allow-presentation allow-popups-to-escape-sandbox\"><\/iframe><\/span><\/p>\n<p>\u2013 Jab, arrebato individual (paso adelante con la pierna trasera para agarrar una sola pierna), correr por el tubo, pasar guardia, montar, tri\u00e1ngulo de brazo<\/p>\n<p>Combinaciones de boxeo: demostraci\u00f3n en el saco de boxeo<\/p>\n<p><span class=\"embed-youtube\" style=\"text-align:center; display: block;\"><iframe loading=\"lazy\" class=\"youtube-player\" width=\"640\" height=\"360\" src=\"https:\/\/www.youtube.com\/embed\/NZX_015-vlg?version=3&#038;rel=1&#038;showsearch=0&#038;showinfo=1&#038;iv_load_policy=1&#038;fs=1&#038;hl=es-ES&#038;autohide=2&#038;start=32&#038;wmode=transparent\" allowfullscreen=\"true\" style=\"border:0;\" sandbox=\"allow-scripts allow-same-origin allow-popups allow-presentation allow-popups-to-escape-sandbox\"><\/iframe><\/span><\/p>","protected":false},"excerpt":{"rendered":"<p>Boxing Combinations Below is a list of boxing combinations that you can use to practice on the bag, pads or in sparring. Be aware, that it&#8217;s pretty difficult to land 3 or 4 punch combinations against a decent opponent. You&#8217;ll generally be using the 1 or 2 punch combinations the majority of the time, throwing [&hellip;]<\/p>\n","protected":false},"author":41980142,"featured_media":0,"parent":415,"menu_order":0,"comment_status":"open","ping_status":"closed","template":"","meta":{"_coblocks_attr":"","_coblocks_dimensions":"","_coblocks_responsive_height":"","_coblocks_accordion_ie_support":"","_crdt_document":"","footnotes":""},"class_list":["post-1724","page","type-page","status-publish","hentry"],"yoast_head":"<!-- This site is optimized with the Yoast SEO plugin v27.4 - https:\/\/yoast.com\/product\/yoast-seo-wordpress\/ -->\n<title>Boxing Combinations \u00b7 pdf \u00b7 [2026] - Fitness &amp; MMA Blog - BlackBeltWhiteHat.com<\/title>\n<meta name=\"robots\" content=\"index, follow, max-snippet:-1, max-image-preview:large, max-video-preview:-1\" \/>\n<link rel=\"canonical\" href=\"https:\/\/blackbeltwhitehat.com\/es\/articulos-de-mma\/tecnica\/combinaciones-de-boxeo\/\" \/>\n<meta property=\"og:locale\" content=\"es_ES\" \/>\n<meta property=\"og:type\" content=\"article\" \/>\n<meta property=\"og:title\" content=\"Boxing Combinations \u00b7 pdf \u00b7 [2026] - Fitness &amp; MMA Blog - BlackBeltWhiteHat.com\" \/>\n<meta property=\"og:description\" content=\"Boxing Combinations Below is a list of boxing combinations that you can use to practice on the bag, pads or in sparring. Be aware, that it&#8217;s pretty difficult to land 3 or 4 punch combinations against a decent opponent. You&#8217;ll generally be using the 1 or 2 punch combinations the majority of the time, throwing [&hellip;]\" \/>\n<meta property=\"og:url\" content=\"https:\/\/blackbeltwhitehat.com\/es\/articulos-de-mma\/tecnica\/combinaciones-de-boxeo\/\" \/>\n<meta property=\"og:site_name\" content=\"Fitness &amp; MMA Blog - BlackBeltWhiteHat.com\" \/>\n<meta property=\"article:publisher\" content=\"https:\/\/www.facebook.com\/BlackBeltWhiteHat\/\" \/>\n<meta property=\"article:modified_time\" content=\"2025-12-24T12:50:36+00:00\" \/>\n<meta property=\"og:image\" content=\"https:\/\/blackbeltwhitehat.com\/wp-content\/uploads\/2014\/06\/jabcross.gif\" \/>\n<meta name=\"twitter:card\" content=\"summary_large_image\" \/>\n<meta name=\"twitter:site\" content=\"@MMATraining1980\" \/>\n<meta name=\"twitter:label1\" content=\"Tiempo de lectura\" \/>\n\t<meta name=\"twitter:data1\" content=\"2 minutos\" \/>\n<!-- \/ Yoast SEO plugin. -->","yoast_head_json":{"title":"Boxing Combinations \u00b7 pdf \u00b7 [2026] - Fitness &amp; MMA Blog - BlackBeltWhiteHat.com","robots":{"index":"index","follow":"follow","max-snippet":"max-snippet:-1","max-image-preview":"max-image-preview:large","max-video-preview":"max-video-preview:-1"},"canonical":"https:\/\/blackbeltwhitehat.com\/es\/articulos-de-mma\/tecnica\/combinaciones-de-boxeo\/","og_locale":"es_ES","og_type":"article","og_title":"Boxing Combinations \u00b7 pdf \u00b7 [2026] - Fitness &amp; MMA Blog - BlackBeltWhiteHat.com","og_description":"Boxing Combinations Below is a list of boxing combinations that you can use to practice on the bag, pads or in sparring. Be aware, that it&#8217;s pretty difficult to land 3 or 4 punch combinations against a decent opponent. You&#8217;ll generally be using the 1 or 2 punch combinations the majority of the time, throwing [&hellip;]","og_url":"https:\/\/blackbeltwhitehat.com\/es\/articulos-de-mma\/tecnica\/combinaciones-de-boxeo\/","og_site_name":"Fitness &amp; MMA Blog - BlackBeltWhiteHat.com","article_publisher":"https:\/\/www.facebook.com\/BlackBeltWhiteHat\/","article_modified_time":"2025-12-24T12:50:36+00:00","og_image":[{"url":"https:\/\/blackbeltwhitehat.com\/wp-content\/uploads\/2014\/06\/jabcross.gif","type":"","width":"","height":""}],"twitter_card":"summary_large_image","twitter_site":"@MMATraining1980","twitter_misc":{"Tiempo de lectura":"2 minutos"},"schema":{"@context":"https:\/\/schema.org","@graph":[{"@type":"WebPage","@id":"https:\/\/blackbeltwhitehat.com\/mma-articles\/technique\/boxing-combinations\/","url":"https:\/\/blackbeltwhitehat.com\/mma-articles\/technique\/boxing-combinations\/","name":"Boxing Combinations \u00b7 pdf \u00b7 [2026] - Fitness &amp; MMA Blog - BlackBeltWhiteHat.com","isPartOf":{"@id":"https:\/\/blackbeltwhitehat.com\/en\/#website"},"primaryImageOfPage":{"@id":"https:\/\/blackbeltwhitehat.com\/mma-articles\/technique\/boxing-combinations\/#primaryimage"},"image":{"@id":"https:\/\/blackbeltwhitehat.com\/mma-articles\/technique\/boxing-combinations\/#primaryimage"},"thumbnailUrl":"https:\/\/blackbeltwhitehat.com\/wp-content\/uploads\/2014\/06\/jabcross.gif","datePublished":"2014-06-07T15:30:18+00:00","dateModified":"2025-12-24T12:50:36+00:00","breadcrumb":{"@id":"https:\/\/blackbeltwhitehat.com\/mma-articles\/technique\/boxing-combinations\/#breadcrumb"},"inLanguage":"es","potentialAction":[{"@type":"ReadAction","target":["https:\/\/blackbeltwhitehat.com\/mma-articles\/technique\/boxing-combinations\/"]}]},{"@type":"ImageObject","inLanguage":"es","@id":"https:\/\/blackbeltwhitehat.com\/mma-articles\/technique\/boxing-combinations\/#primaryimage","url":"https:\/\/blackbeltwhitehat.com\/wp-content\/uploads\/2014\/06\/jabcross.gif","contentUrl":"https:\/\/blackbeltwhitehat.com\/wp-content\/uploads\/2014\/06\/jabcross.gif"},{"@type":"BreadcrumbList","@id":"https:\/\/blackbeltwhitehat.com\/mma-articles\/technique\/boxing-combinations\/#breadcrumb","itemListElement":[{"@type":"ListItem","position":1,"name":"Home","item":"https:\/\/blackbeltwhitehat.com\/"},{"@type":"ListItem","position":2,"name":"MMA","item":"https:\/\/blackbeltwhitehat.com\/mma-articles\/"},{"@type":"ListItem","position":3,"name":"Technique","item":"https:\/\/blackbeltwhitehat.com\/mma-articles\/technique\/"},{"@type":"ListItem","position":4,"name":"Boxing Combinations \u00b7 pdf \u00b7 [2026]"}]},{"@type":"WebSite","@id":"https:\/\/blackbeltwhitehat.com\/en\/#website","url":"https:\/\/blackbeltwhitehat.com\/en\/","name":"Blog de fitness y MMA - BlackBeltWhiteHat.com","description":"Blog de fitness, MMA y nutrici\u00f3n del Reino Unido","publisher":{"@id":"https:\/\/blackbeltwhitehat.com\/en\/#organization"},"potentialAction":[{"@type":"SearchAction","target":{"@type":"EntryPoint","urlTemplate":"https:\/\/blackbeltwhitehat.com\/en\/?s={search_term_string}"},"query-input":{"@type":"PropertyValueSpecification","valueRequired":true,"valueName":"search_term_string"}}],"inLanguage":"es"},{"@type":"Organization","@id":"https:\/\/blackbeltwhitehat.com\/en\/#organization","name":"Blog de fitness y MMA - BlackBeltWhiteHat.com","url":"https:\/\/blackbeltwhitehat.com\/en\/","logo":{"@type":"ImageObject","inLanguage":"es","@id":"https:\/\/blackbeltwhitehat.com\/en\/#\/schema\/logo\/image\/","url":"https:\/\/blackbeltwhitehat.com\/wp-content\/uploads\/2019\/06\/cropped-mmabloglogodis-copy.png","contentUrl":"https:\/\/blackbeltwhitehat.com\/wp-content\/uploads\/2019\/06\/cropped-mmabloglogodis-copy.png","width":352,"height":352,"caption":"Fitness & MMA Blog - BlackBeltWhiteHat.com"},"image":{"@id":"https:\/\/blackbeltwhitehat.com\/en\/#\/schema\/logo\/image\/"},"sameAs":["https:\/\/www.facebook.com\/BlackBeltWhiteHat\/","https:\/\/x.com\/MMATraining1980"]}]}},"jetpack_likes_enabled":true,"jetpack_sharing_enabled":true,"jetpack_shortlink":"https:\/\/wp.me\/P2Sx3t-rO","jetpack-related-posts":[{"id":4665,"url":"https:\/\/blackbeltwhitehat.com\/es\/directorio-de-tecnicas\/llamativo\/combinaciones-de-boxeo\/","url_meta":{"origin":1724,"position":0},"title":"Combinaciones de boxeo","author":"Dave","date":"mayo 18, 2016","format":false,"excerpt":"\u00a0 Here are some combinations to try out on the pads and punchbag. Boxing Combinations Double Jab Jab, Cross Double Jab, Cross Left Jab, Cross, Left Hook, Cross Left Jab to the head, Right cross to the body, Left Hook to the head Left Jab, Left Hook Left Jab, Left\u2026","rel":"","context":"Entrada similar","block_context":{"text":"Entrada similar","link":""},"img":{"alt_text":"boxing jab","src":"https:\/\/i0.wp.com\/blackbeltwhitehat.com\/wp-content\/uploads\/2013\/06\/jab2a.jpg?resize=350%2C200&ssl=1","width":350,"height":200},"classes":[]},{"id":4529,"url":"https:\/\/blackbeltwhitehat.com\/es\/directorio-de-tecnicas\/llamativo\/contragolpe-de-jab-jab\/","url_meta":{"origin":1724,"position":1},"title":"C\u00f3mo lanzar un jab en el boxeo","author":"Dave","date":"mayo 13, 2016","format":false,"excerpt":"What is a Jab? A jab is a quick punch, used to stun an opponent, to find range and to counter an opponent who is using a slower technique. It is the most common punch seen in boxing, used to keep an opponent back and to gauge movement before committing\u2026","rel":"","context":"Entrada similar","block_context":{"text":"Entrada similar","link":""},"img":{"alt_text":"","src":"https:\/\/i0.wp.com\/blackbeltwhitehat.com\/wp-content\/uploads\/2019\/06\/pnwsjswfhvuptb7wqjncml55ib4dniar7nl4ujelbk.gif?resize=350%2C200&ssl=1","width":350,"height":200},"classes":[]},{"id":4521,"url":"https:\/\/blackbeltwhitehat.com\/es\/directorio-de-tecnicas\/","url_meta":{"origin":1724,"position":2},"title":"T\u00e9cnicas","author":"Dave","date":"mayo 13, 2016","format":false,"excerpt":"New to MMA, martial arts, boxing, wrestling or BJJ? Take a look at our comprehensive list of fundamental techniques that cover striking - from boxing and Thai boxing, stand-up grappling\u00a0techniques & takedowns from wrestling and judo and BJJ\/submission grappling. Striking refers to kicking, punching, kneeing etc. Grappling is composed of\u2026","rel":"","context":"Entrada similar","block_context":{"text":"Entrada similar","link":""},"img":{"alt_text":"","src":"","width":0,"height":0},"classes":[]},{"id":4560,"url":"https:\/\/blackbeltwhitehat.com\/es\/directorio-de-tecnicas\/llamativo\/los-mejores-consejos-para-el-boxeo\/","url_meta":{"origin":1724,"position":3},"title":"Los mejores consejos para el boxeo","author":"Dave","date":"mayo 14, 2016","format":false,"excerpt":"Use Bruce Lee's 5 ways of attack: Single Direct Attack - e.g. Jab Combination Attack - E.g. Jab, cross, inside leg kick Attack by Drawing - Using a lean-back, by using feeler punches to 'draw out' a defensive opponent who is waiting for you to throw first Progressive Indirect Attack\u2026","rel":"","context":"Entrada similar","block_context":{"text":"Entrada similar","link":""},"img":{"alt_text":"Jab boxing","src":"https:\/\/i0.wp.com\/blackbeltwhitehat.com\/wp-content\/uploads\/2013\/06\/jab11-e1557173246362.jpg?resize=350%2C200&ssl=1","width":350,"height":200,"srcset":"https:\/\/i0.wp.com\/blackbeltwhitehat.com\/wp-content\/uploads\/2013\/06\/jab11-e1557173246362.jpg?resize=350%2C200&ssl=1 1x, https:\/\/i0.wp.com\/blackbeltwhitehat.com\/wp-content\/uploads\/2013\/06\/jab11-e1557173246362.jpg?resize=525%2C300&ssl=1 1.5x"},"classes":[]},{"id":9161,"url":"https:\/\/blackbeltwhitehat.com\/es\/directorio-de-tecnicas\/llamativo\/combinaciones-de-mma\/","url_meta":{"origin":1724,"position":4},"title":"Combinaciones de MMA","author":"Dave","date":"julio 21, 2018","format":false,"excerpt":"MMA Combos for Beginners MMA Combos to Practise - Described as from Orthodox Stance Drop Level\/Dummy Takedown (by looking down & squatting down quickly), inside leg kick, overhand right, left casting punch Throw a 'feeler jab, lay-back, right cross, switch-step left cross, left low-kick Lead Sidekick, superman jab, right front\u2026","rel":"","context":"Entrada similar","block_context":{"text":"Entrada similar","link":""},"img":{"alt_text":"","src":"https:\/\/i0.wp.com\/blackbeltwhitehat.com\/wp-content\/uploads\/2019\/07\/mmacombos.gif?resize=350%2C200&ssl=1","width":350,"height":200},"classes":[]},{"id":490,"url":"https:\/\/blackbeltwhitehat.com\/es\/articulos-de-mma\/tecnica\/luchando-contra-un-oponente-mas-alto\/","url_meta":{"origin":1724,"position":5},"title":"How to Fight a Taller Opponent (Muay Thai &amp; MMA) [2024 update]","author":"Dave","date":"junio 29, 2013","format":false,"excerpt":"\u00a0Fighting a Taller Opponent in Boxing and MMA For a boxing specific approach to fighting a taller opponent - see this article. Fight Tips for Fighting a Taller Opponent Of course you have that's why you're here...the following are my tips for boxing or fighting a taller opponent and\/or a\u2026","rel":"","context":"Con 6 comentarios","block_context":{"text":"Con 6 comentarios","link":"https:\/\/blackbeltwhitehat.com\/es\/articulos-de-mma\/tecnica\/luchando-contra-un-oponente-mas-alto\/#comments"},"img":{"alt_text":"Daniel Cormier Vs stipe 2","src":"https:\/\/i0.wp.com\/blackbeltwhitehat.com\/wp-content\/uploads\/2019\/11\/received_747496292737865.gif?resize=350%2C200&ssl=1","width":350,"height":200},"classes":[]}],"_links":{"self":[{"href":"https:\/\/blackbeltwhitehat.com\/es\/wp-json\/wp\/v2\/pages\/1724","targetHints":{"allow":["GET"]}}],"collection":[{"href":"https:\/\/blackbeltwhitehat.com\/es\/wp-json\/wp\/v2\/pages"}],"about":[{"href":"https:\/\/blackbeltwhitehat.com\/es\/wp-json\/wp\/v2\/types\/page"}],"author":[{"embeddable":true,"href":"https:\/\/blackbeltwhitehat.com\/es\/wp-json\/wp\/v2\/users\/41980142"}],"replies":[{"embeddable":true,"href":"https:\/\/blackbeltwhitehat.com\/es\/wp-json\/wp\/v2\/comments?post=1724"}],"version-history":[{"count":21,"href":"https:\/\/blackbeltwhitehat.com\/es\/wp-json\/wp\/v2\/pages\/1724\/revisions"}],"predecessor-version":[{"id":16392,"href":"https:\/\/blackbeltwhitehat.com\/es\/wp-json\/wp\/v2\/pages\/1724\/revisions\/16392"}],"up":[{"embeddable":true,"href":"https:\/\/blackbeltwhitehat.com\/es\/wp-json\/wp\/v2\/pages\/415"}],"wp:attachment":[{"href":"https:\/\/blackbeltwhitehat.com\/es\/wp-json\/wp\/v2\/media?parent=1724"}],"curies":[{"name":"wp","href":"https:\/\/api.w.org\/{rel}","templated":true}]}}