{"id":1732,"date":"2014-06-09T11:36:24","date_gmt":"2014-06-09T11:36:24","guid":{"rendered":"http:\/\/blackbeltwhitehat.com\/?page_id=1732"},"modified":"2014-06-10T10:12:35","modified_gmt":"2014-06-10T10:12:35","slug":"derribos-de-jiu-jitsu-brasileno","status":"publish","type":"page","link":"https:\/\/blackbeltwhitehat.com\/es\/articulos-de-mma\/tecnica\/derribos-de-jiu-jitsu-brasileno\/","title":{"rendered":"Derribos de BJJ"},"content":{"rendered":"<h1>Derribos para BJJ<\/h1>\n<p>&nbsp;<\/p>\n<p>Hay MUCHO que aprender en BJJ, solo en la lona, que los derribos suelen ser una ocurrencia posterior.<\/p>\n<p>Sin embargo, para la defensa personal, los derribos son posiblemente el aspecto m\u00e1s importante, y si alguna vez compites como cintur\u00f3n blanco, un buen derribo a menudo puede hacerte ganar un combate.<\/p>\n<p>Lo ideal ser\u00eda que hicieras un poco de judo para gi y lucha libre para derribos sin gi.<br \/>\nPero si eres viejo y est\u00e1s agotado como yo, lo \u00faltimo que quieres es que te tiren por ah\u00ed.<br \/>\nHe compilado una lista de derribos efectivos que t\u00fa (y yo) podemos practicar. Aunque quiz\u00e1s te convenga invertir en una colchoneta de choque:<\/p>\n<p>&nbsp;<\/p>\n<p><strong>Derribos sin kimono<\/strong><\/p>\n<p>\u2013 <strong>Giro de cabeza hacia doble pierna<\/strong><br \/>\nVea este v\u00eddeo de 40 segundos:<br \/>\n<span class=\"embed-youtube\" style=\"text-align:center; display: block;\"><iframe loading=\"lazy\" class=\"youtube-player\" width=\"640\" height=\"360\" src=\"https:\/\/www.youtube.com\/embed\/Ntw6FrHk8-E?version=3&#038;rel=1&#038;showsearch=0&#038;showinfo=1&#038;iv_load_policy=1&#038;fs=1&#038;hl=es-ES&#038;autohide=2&#038;wmode=transparent\" allowfullscreen=\"true\" style=\"border:0;\" sandbox=\"allow-scripts allow-same-origin allow-popups allow-presentation allow-popups-to-escape-sandbox\"><\/iframe><\/span><\/p>\n<p>\u2013<strong> Arranque con una pierna<\/strong><br \/>\nVea este video a partir del minuto 1 25<\/p>\n<p>Nota: para que esto funcione, generalmente debes tener la pierna adelantada alineada con la de tu oponente. Si su pierna adelantada es la derecha, tu pierna adelantada debe ser la izquierda. Puedes simplemente dar un paso r\u00e1pido hacia adelante para lograr esto tambi\u00e9n.<br \/>\n<span class=\"embed-youtube\" style=\"text-align:center; display: block;\"><iframe loading=\"lazy\" class=\"youtube-player\" width=\"640\" height=\"360\" src=\"https:\/\/www.youtube.com\/embed\/O2wJ0yMsMmM?version=3&#038;rel=1&#038;showsearch=0&#038;showinfo=1&#038;iv_load_policy=1&#038;fs=1&#038;hl=es-ES&#038;autohide=2&#038;wmode=transparent\" allowfullscreen=\"true\" style=\"border:0;\" sandbox=\"allow-scripts allow-same-origin allow-popups allow-presentation allow-popups-to-escape-sandbox\"><\/iframe><\/span><\/p>\n<p>&nbsp;<\/p>\n<p>\u2013 <strong>Configuraci\u00f3n de control de b\u00edceps para un derribo con una o dos piernas<\/strong><br \/>\n<span class=\"embed-youtube\" style=\"text-align:center; display: block;\"><iframe loading=\"lazy\" class=\"youtube-player\" width=\"640\" height=\"360\" src=\"https:\/\/www.youtube.com\/embed\/j_BkUZ3wOQA?version=3&#038;rel=1&#038;showsearch=0&#038;showinfo=1&#038;iv_load_policy=1&#038;fs=1&#038;hl=es-ES&#038;autohide=2&#038;wmode=transparent\" allowfullscreen=\"true\" style=\"border:0;\" sandbox=\"allow-scripts allow-same-origin allow-popups allow-presentation allow-popups-to-escape-sandbox\"><\/iframe><\/span><\/p>\n<p>&nbsp;<\/p>\n<p>\u2013 <strong>Disparos y re-disparos para el doble<br \/>\n<\/strong><span class=\"embed-youtube\" style=\"text-align:center; display: block;\"><iframe loading=\"lazy\" class=\"youtube-player\" width=\"640\" height=\"360\" src=\"https:\/\/www.youtube.com\/embed\/95J065oQaz0?version=3&#038;rel=1&#038;showsearch=0&#038;showinfo=1&#038;iv_load_policy=1&#038;fs=1&#038;hl=es-ES&#038;autohide=2&#038;wmode=transparent\" allowfullscreen=\"true\" style=\"border:0;\" sandbox=\"allow-scripts allow-same-origin allow-popups allow-presentation allow-popups-to-escape-sandbox\"><\/iframe><\/span><strong><br \/>\n<\/strong><\/p>\n<p>&nbsp;<\/p>\n<p><strong>\u2013 T\u00e9cnicas de arriba a abajo \u2013 Golpe de rodilla<\/strong><br \/>\n<span class=\"embed-youtube\" style=\"text-align:center; display: block;\"><iframe loading=\"lazy\" class=\"youtube-player\" width=\"640\" height=\"360\" src=\"https:\/\/www.youtube.com\/embed\/A8H0c7S3z84?version=3&#038;rel=1&#038;showsearch=0&#038;showinfo=1&#038;iv_load_policy=1&#038;fs=1&#038;hl=es-ES&#038;autohide=2&#038;wmode=transparent\" allowfullscreen=\"true\" style=\"border:0;\" sandbox=\"allow-scripts allow-same-origin allow-popups allow-presentation allow-popups-to-escape-sandbox\"><\/iframe><\/span><\/p>\n<p>Si eres efectivo con la doble pierna, aseg\u00farate de repasar tu defensa de guillotina y echarle un vistazo tambi\u00e9n al estrangulamiento von-flu.<\/p>\n<p>&nbsp;<\/p>\n<p>&nbsp;<\/p>\n<p><strong>\u2013 Derribos de Gi<\/strong><\/p>\n<p>Los barridos de pies y los lanzamientos de cadera\/rotaci\u00f3n parecen funcionar mejor con el kimono. Es bastante dif\u00edcil intentar un doble golpe de pierna una vez que alguien te sujeta la parte superior.<\/p>\n<p><strong>\u2013 Barrido de pie exterior<\/strong> \u2013 echa un vistazo a las 2:20<br \/>\n<span class=\"embed-youtube\" style=\"text-align:center; display: block;\"><iframe loading=\"lazy\" class=\"youtube-player\" width=\"640\" height=\"360\" src=\"https:\/\/www.youtube.com\/embed\/R58PI6fes-o?version=3&#038;rel=1&#038;showsearch=0&#038;showinfo=1&#038;iv_load_policy=1&#038;fs=1&#038;hl=es-ES&#038;autohide=2&#038;wmode=transparent\" allowfullscreen=\"true\" style=\"border:0;\" sandbox=\"allow-scripts allow-same-origin allow-popups allow-presentation allow-popups-to-escape-sandbox\"><\/iframe><\/span><\/p>\n<p><strong>\u2013 Un mont\u00f3n de barridos de pies<br \/>\n<\/strong><span class=\"embed-youtube\" style=\"text-align:center; display: block;\"><iframe loading=\"lazy\" class=\"youtube-player\" width=\"640\" height=\"360\" src=\"https:\/\/www.youtube.com\/embed\/Uhoxmn4wqPk?version=3&#038;rel=1&#038;showsearch=0&#038;showinfo=1&#038;iv_load_policy=1&#038;fs=1&#038;hl=es-ES&#038;autohide=2&#038;wmode=transparent\" allowfullscreen=\"true\" style=\"border:0;\" sandbox=\"allow-scripts allow-same-origin allow-popups allow-presentation allow-popups-to-escape-sandbox\"><\/iframe><\/span><strong><br \/>\n<\/strong><\/p>\n<p><strong>-Uchi Mata<\/strong><br \/>\n<span class=\"embed-youtube\" style=\"text-align:center; display: block;\"><iframe loading=\"lazy\" class=\"youtube-player\" width=\"640\" height=\"360\" src=\"https:\/\/www.youtube.com\/embed\/grz2X63WGe0?version=3&#038;rel=1&#038;showsearch=0&#038;showinfo=1&#038;iv_load_policy=1&#038;fs=1&#038;hl=es-ES&#038;autohide=2&#038;wmode=transparent\" allowfullscreen=\"true\" style=\"border:0;\" sandbox=\"allow-scripts allow-same-origin allow-popups allow-presentation allow-popups-to-escape-sandbox\"><\/iframe><\/span><\/p>\n<p>\u2013 <strong>tai o toshi<br \/>\n<\/strong><span class=\"embed-youtube\" style=\"text-align:center; display: block;\"><iframe loading=\"lazy\" class=\"youtube-player\" width=\"640\" height=\"360\" src=\"https:\/\/www.youtube.com\/embed\/UE19uBQBQ0U?version=3&#038;rel=1&#038;showsearch=0&#038;showinfo=1&#038;iv_load_policy=1&#038;fs=1&#038;hl=es-ES&#038;autohide=2&#038;wmode=transparent\" allowfullscreen=\"true\" style=\"border:0;\" sandbox=\"allow-scripts allow-same-origin allow-popups allow-presentation allow-popups-to-escape-sandbox\"><\/iframe><\/span><strong><br \/>\n<\/strong><\/p>\n<p>&nbsp;<\/p>\n<p>Los lanzamientos de cadera son bastante riesgosos, pero los barridos de pie definitivamente valen la pena intentar en una competici\u00f3n de BJJ.<br \/>\n\u00a1Ten cuidado con todos los derribos, ya que son geniales para lesionarse!<\/p>\n<p>&nbsp;<\/p>","protected":false},"excerpt":{"rendered":"<p>Takedowns for BJJ &nbsp; There is SO MUCH to learn in BJJ, just on the deck, that takedowns are often an after-thought. For self defence however, takedowns are arguably the most important aspect, and if you ever compete as a white belt, a good takedown can often win you a match. Ideally you&#8217;d do a [&hellip;]<\/p>\n","protected":false},"author":41980142,"featured_media":0,"parent":415,"menu_order":0,"comment_status":"open","ping_status":"open","template":"","meta":{"_coblocks_attr":"","_coblocks_dimensions":"","_coblocks_responsive_height":"","_coblocks_accordion_ie_support":"","_crdt_document":"","footnotes":""},"class_list":["post-1732","page","type-page","status-publish","hentry"],"yoast_head":"<!-- This site is optimized with the Yoast SEO plugin v27.4 - https:\/\/yoast.com\/product\/yoast-seo-wordpress\/ -->\n<title>BJJ Takedowns - Fitness &amp; MMA Blog - BlackBeltWhiteHat.com<\/title>\n<meta name=\"robots\" content=\"index, follow, max-snippet:-1, max-image-preview:large, max-video-preview:-1\" \/>\n<link rel=\"canonical\" href=\"https:\/\/blackbeltwhitehat.com\/es\/articulos-de-mma\/tecnica\/derribos-de-jiu-jitsu-brasileno\/\" \/>\n<meta property=\"og:locale\" content=\"es_ES\" \/>\n<meta property=\"og:type\" content=\"article\" \/>\n<meta property=\"og:title\" content=\"BJJ Takedowns - Fitness &amp; MMA Blog - BlackBeltWhiteHat.com\" \/>\n<meta property=\"og:description\" content=\"Takedowns for BJJ &nbsp; There is SO MUCH to learn in BJJ, just on the deck, that takedowns are often an after-thought. For self defence however, takedowns are arguably the most important aspect, and if you ever compete as a white belt, a good takedown can often win you a match. Ideally you&#8217;d do a [&hellip;]\" \/>\n<meta property=\"og:url\" content=\"https:\/\/blackbeltwhitehat.com\/es\/articulos-de-mma\/tecnica\/derribos-de-jiu-jitsu-brasileno\/\" \/>\n<meta property=\"og:site_name\" content=\"Fitness &amp; MMA Blog - BlackBeltWhiteHat.com\" \/>\n<meta property=\"article:publisher\" content=\"https:\/\/www.facebook.com\/BlackBeltWhiteHat\/\" \/>\n<meta property=\"article:modified_time\" content=\"2014-06-10T10:12:35+00:00\" \/>\n<meta name=\"twitter:card\" content=\"summary_large_image\" \/>\n<meta name=\"twitter:site\" content=\"@MMATraining1980\" \/>\n<meta name=\"twitter:label1\" content=\"Tiempo de lectura\" \/>\n\t<meta name=\"twitter:data1\" content=\"2 minutos\" \/>\n<!-- \/ Yoast SEO plugin. -->","yoast_head_json":{"title":"BJJ Takedowns - Fitness &amp; MMA Blog - BlackBeltWhiteHat.com","robots":{"index":"index","follow":"follow","max-snippet":"max-snippet:-1","max-image-preview":"max-image-preview:large","max-video-preview":"max-video-preview:-1"},"canonical":"https:\/\/blackbeltwhitehat.com\/es\/articulos-de-mma\/tecnica\/derribos-de-jiu-jitsu-brasileno\/","og_locale":"es_ES","og_type":"article","og_title":"BJJ Takedowns - Fitness &amp; MMA Blog - BlackBeltWhiteHat.com","og_description":"Takedowns for BJJ &nbsp; There is SO MUCH to learn in BJJ, just on the deck, that takedowns are often an after-thought. For self defence however, takedowns are arguably the most important aspect, and if you ever compete as a white belt, a good takedown can often win you a match. Ideally you&#8217;d do a [&hellip;]","og_url":"https:\/\/blackbeltwhitehat.com\/es\/articulos-de-mma\/tecnica\/derribos-de-jiu-jitsu-brasileno\/","og_site_name":"Fitness &amp; MMA Blog - BlackBeltWhiteHat.com","article_publisher":"https:\/\/www.facebook.com\/BlackBeltWhiteHat\/","article_modified_time":"2014-06-10T10:12:35+00:00","twitter_card":"summary_large_image","twitter_site":"@MMATraining1980","twitter_misc":{"Tiempo de lectura":"2 minutos"},"schema":{"@context":"https:\/\/schema.org","@graph":[{"@type":"WebPage","@id":"https:\/\/blackbeltwhitehat.com\/mma-articles\/technique\/bjj-takedowns\/","url":"https:\/\/blackbeltwhitehat.com\/mma-articles\/technique\/bjj-takedowns\/","name":"BJJ Takedowns - Fitness &amp; MMA Blog - BlackBeltWhiteHat.com","isPartOf":{"@id":"https:\/\/blackbeltwhitehat.com\/en\/#website"},"datePublished":"2014-06-09T11:36:24+00:00","dateModified":"2014-06-10T10:12:35+00:00","breadcrumb":{"@id":"https:\/\/blackbeltwhitehat.com\/mma-articles\/technique\/bjj-takedowns\/#breadcrumb"},"inLanguage":"es","potentialAction":[{"@type":"ReadAction","target":["https:\/\/blackbeltwhitehat.com\/mma-articles\/technique\/bjj-takedowns\/"]}]},{"@type":"BreadcrumbList","@id":"https:\/\/blackbeltwhitehat.com\/mma-articles\/technique\/bjj-takedowns\/#breadcrumb","itemListElement":[{"@type":"ListItem","position":1,"name":"Home","item":"https:\/\/blackbeltwhitehat.com\/"},{"@type":"ListItem","position":2,"name":"MMA","item":"https:\/\/blackbeltwhitehat.com\/mma-articles\/"},{"@type":"ListItem","position":3,"name":"Technique","item":"https:\/\/blackbeltwhitehat.com\/mma-articles\/technique\/"},{"@type":"ListItem","position":4,"name":"BJJ Takedowns"}]},{"@type":"WebSite","@id":"https:\/\/blackbeltwhitehat.com\/en\/#website","url":"https:\/\/blackbeltwhitehat.com\/en\/","name":"Blog de fitness y MMA - BlackBeltWhiteHat.com","description":"Blog de fitness, MMA y nutrici\u00f3n del Reino Unido","publisher":{"@id":"https:\/\/blackbeltwhitehat.com\/en\/#organization"},"potentialAction":[{"@type":"SearchAction","target":{"@type":"EntryPoint","urlTemplate":"https:\/\/blackbeltwhitehat.com\/en\/?s={search_term_string}"},"query-input":{"@type":"PropertyValueSpecification","valueRequired":true,"valueName":"search_term_string"}}],"inLanguage":"es"},{"@type":"Organization","@id":"https:\/\/blackbeltwhitehat.com\/en\/#organization","name":"Blog de fitness y MMA - BlackBeltWhiteHat.com","url":"https:\/\/blackbeltwhitehat.com\/en\/","logo":{"@type":"ImageObject","inLanguage":"es","@id":"https:\/\/blackbeltwhitehat.com\/en\/#\/schema\/logo\/image\/","url":"https:\/\/blackbeltwhitehat.com\/wp-content\/uploads\/2019\/06\/cropped-mmabloglogodis-copy.png","contentUrl":"https:\/\/blackbeltwhitehat.com\/wp-content\/uploads\/2019\/06\/cropped-mmabloglogodis-copy.png","width":352,"height":352,"caption":"Fitness & MMA Blog - BlackBeltWhiteHat.com"},"image":{"@id":"https:\/\/blackbeltwhitehat.com\/en\/#\/schema\/logo\/image\/"},"sameAs":["https:\/\/www.facebook.com\/BlackBeltWhiteHat\/","https:\/\/x.com\/MMATraining1980"]}]}},"jetpack_likes_enabled":true,"jetpack_sharing_enabled":true,"jetpack_shortlink":"https:\/\/wp.me\/P2Sx3t-rW","jetpack-related-posts":[{"id":415,"url":"https:\/\/blackbeltwhitehat.com\/es\/articulos-de-mma\/tecnica\/","url_meta":{"origin":1732,"position":0},"title":"T\u00e9cnica","author":"Dave","date":"abril 16, 2013","format":false,"excerpt":"Articles on MMA technique & Tactics. Articles in this section are specific to fighters styles or are combined together to create a complete fighting strategy. \u00a0 MMA & BJJ BJJ Techniques for Beginners BJJ Hacks BJJ Takedowns Gi Takedowns in BJJ Solo Drills for MMA & BJJ \u00a0 Wrestling Techniques\u2026","rel":"","context":"Entrada similar","block_context":{"text":"Entrada similar","link":""},"img":{"alt_text":"","src":"","width":0,"height":0},"classes":[]},{"id":4537,"url":"https:\/\/blackbeltwhitehat.com\/es\/directorio-de-tecnicas\/llamativo\/","url_meta":{"origin":1732,"position":1},"title":"Llamativo","author":"Dave","date":"mayo 13, 2016","format":false,"excerpt":"Striking & Boxing Techniques A handy directory of striking and boxing techniques to keep your MMA and boxing game up to speed. If you're a beginner or an advanced fighter, it's always handy to have techniques arranged in this way. How to Jab in Boxing and MMA How to Double\u2026","rel":"","context":"Entrada similar","block_context":{"text":"Entrada similar","link":""},"img":{"alt_text":"","src":"","width":0,"height":0},"classes":[]},{"id":4588,"url":"https:\/\/blackbeltwhitehat.com\/es\/directorio-de-tecnicas\/lucha-2\/derribos-con-una-sola-pierna\/","url_meta":{"origin":1732,"position":2},"title":"Derribos con una sola pierna","author":"Dave","date":"mayo 16, 2016","format":false,"excerpt":"Snatch Single Leg Drop you level, step forward (if you're both in orthodox stance) and grab his leg: https:\/\/youtu.be\/O2wJ0yMsMmM?t=1m20s \u00a0 Some coaches teach you to have your head on the outside (as above), whilst others will say you must have it on the inside, for extra leverage. Keep your grip\u2026","rel":"","context":"Entrada similar","block_context":{"text":"Entrada similar","link":""},"img":{"alt_text":"Daniel Cormier Slamon Josh Barnett","src":"https:\/\/i0.wp.com\/blackbeltwhitehat.com\/wp-content\/uploads\/2015\/05\/daniel_cormier_slam_barnett.gif?resize=350%2C200&ssl=1","width":350,"height":200},"classes":[]},{"id":4543,"url":"https:\/\/blackbeltwhitehat.com\/es\/directorio-de-tecnicas\/lucha-2\/clinch-de-lucha-libre\/","url_meta":{"origin":1732,"position":3},"title":"Lucha libre Clinch \/ corbata de cuello \/ corbata de cuello","author":"Dave","date":"mayo 14, 2016","format":false,"excerpt":"The wrestling clinch is used to manipulate the head and neck of the opponent, to set up for takedowns. www.writingfighting.wordpress.com It was famously used in MMA by Randy Couture for 'dirty boxing'. He would set up the clinch with his\u00a0left arm\/hand, circle towards the left\/clockwise and land punches with his\u2026","rel":"","context":"Entrada similar","block_context":{"text":"Entrada similar","link":""},"img":{"alt_text":"","src":"https:\/\/i0.wp.com\/blackbeltwhitehat.com\/wp-content\/uploads\/2022\/04\/ffc1a65a21804c94b799af968027e483.gif?resize=350%2C200&ssl=1","width":350,"height":200},"classes":[]},{"id":2896,"url":"https:\/\/blackbeltwhitehat.com\/es\/articulos-de-mma\/tecnica\/mis-derribos-favoritos-para-gi\/","url_meta":{"origin":1732,"position":4},"title":"Mis derribos favoritos para Gi","author":"Dave","date":"abril 26, 2015","format":false,"excerpt":"Wizzer throw into headlock\/anaconda https:\/\/youtu.be\/XWw98el4EHA?t=53s \u00a0 Grip Switch - Wrestling Clinch Takedown Grip with your right hand around the back of the head Then step forwards and grip with your left Secure a leg if possible If opponent sprawls backwards, look for a headlock or choke https:\/\/www.youtube.com\/watch?v=yZ9nG6iLZP0 Advancing Foot Sweep\u2026","rel":"","context":"Entrada similar","block_context":{"text":"Entrada similar","link":""},"img":{"alt_text":"","src":"https:\/\/i0.wp.com\/img.youtube.com\/vi\/XWw98el4EHA\/0.jpg?resize=350%2C200","width":350,"height":200},"classes":[]},{"id":251,"url":"https:\/\/blackbeltwhitehat.com\/es\/articulos-de-mma\/","url_meta":{"origin":1732,"position":5},"title":"MMA","author":"Dave","date":"marzo 6, 2013","format":false,"excerpt":"Una variedad de art\u00edculos sobre MMA que abarcan fuerza y acondicionamiento, nutrici\u00f3n y t\u00e9cnicas de MMA. Haz clic aqu\u00ed para ver todas las publicaciones del blog relacionadas con MMA. Haz clic aqu\u00ed para ver art\u00edculos sobre entrenamiento de MMA. Escritos en un formato conciso y f\u00e1cil de entender, sin duda merecen la pena leerlos para cualquier aficionado a las MMA\u2026","rel":"","context":"Entrada similar","block_context":{"text":"Entrada similar","link":""},"img":{"alt_text":"what is MMA","src":"https:\/\/i0.wp.com\/blackbeltwhitehat.com\/wp-content\/uploads\/2018\/09\/mma_whatis.jpg?resize=350%2C200&ssl=1","width":350,"height":200,"srcset":"https:\/\/i0.wp.com\/blackbeltwhitehat.com\/wp-content\/uploads\/2018\/09\/mma_whatis.jpg?resize=350%2C200&ssl=1 1x, https:\/\/i0.wp.com\/blackbeltwhitehat.com\/wp-content\/uploads\/2018\/09\/mma_whatis.jpg?resize=525%2C300&ssl=1 1.5x, https:\/\/i0.wp.com\/blackbeltwhitehat.com\/wp-content\/uploads\/2018\/09\/mma_whatis.jpg?resize=700%2C400&ssl=1 2x"},"classes":[]}],"_links":{"self":[{"href":"https:\/\/blackbeltwhitehat.com\/es\/wp-json\/wp\/v2\/pages\/1732","targetHints":{"allow":["GET"]}}],"collection":[{"href":"https:\/\/blackbeltwhitehat.com\/es\/wp-json\/wp\/v2\/pages"}],"about":[{"href":"https:\/\/blackbeltwhitehat.com\/es\/wp-json\/wp\/v2\/types\/page"}],"author":[{"embeddable":true,"href":"https:\/\/blackbeltwhitehat.com\/es\/wp-json\/wp\/v2\/users\/41980142"}],"replies":[{"embeddable":true,"href":"https:\/\/blackbeltwhitehat.com\/es\/wp-json\/wp\/v2\/comments?post=1732"}],"version-history":[{"count":7,"href":"https:\/\/blackbeltwhitehat.com\/es\/wp-json\/wp\/v2\/pages\/1732\/revisions"}],"predecessor-version":[{"id":1741,"href":"https:\/\/blackbeltwhitehat.com\/es\/wp-json\/wp\/v2\/pages\/1732\/revisions\/1741"}],"up":[{"embeddable":true,"href":"https:\/\/blackbeltwhitehat.com\/es\/wp-json\/wp\/v2\/pages\/415"}],"wp:attachment":[{"href":"https:\/\/blackbeltwhitehat.com\/es\/wp-json\/wp\/v2\/media?parent=1732"}],"curies":[{"name":"wp","href":"https:\/\/api.w.org\/{rel}","templated":true}]}}