{"id":1742,"date":"2014-06-10T11:32:49","date_gmt":"2014-06-10T11:32:49","guid":{"rendered":"http:\/\/blackbeltwhitehat.com\/?page_id=1742"},"modified":"2014-06-10T15:05:30","modified_gmt":"2014-06-10T15:05:30","slug":"vitaminas-y-minerales-de-la-a-a-la-z","status":"publish","type":"page","link":"https:\/\/blackbeltwhitehat.com\/es\/articulos-de-mma\/nutricion\/vitaminas-y-minerales-de-la-a-a-la-z\/","title":{"rendered":"De la A a la Z de vitaminas y minerales"},"content":{"rendered":"<h1>Vitaminas: fuentes y funciones<\/h1>\n<p>&nbsp;<\/p>\n<h3>Vitamina A<\/h3>\n<p>Funci\u00f3n \u2013 Vista, sistema inmunol\u00f3gico<br \/>\nFuentes: verduras de hoja verde, batatas, zanahorias, aceite de pescado, queso.<\/p>\n<h3>8 vitaminas del complejo B: Todas ayudan al cuerpo a convertir los alimentos, incluidos los carbohidratos, en glucosa. Tambi\u00e9n ayudan a metabolizar las grasas y las prote\u00ednas, y contribuyen al funcionamiento de los ojos, el h\u00edgado y el sistema nervioso.<\/h3>\n<p>&nbsp;<\/p>\n<h3>Vitamina B1 \u2013 Tiamina<\/h3>\n<p>Funci\u00f3n: Procesamiento de carbohidratos y prote\u00ednas, propiedades antiestr\u00e9s, necesaria para la formaci\u00f3n de ATP, es raro tener deficiencia de esta vitamina.<br \/>\nFuentes: semillas de girasol, frijoles negros, cebada, guisantes, lentejas, avena, frijoles de Lima, cereales integrales.<\/p>\n<p>&nbsp;<\/p>\n<h3>Vitamina B2 \u2013 Riboflavina<\/h3>\n<p>Funci\u00f3n: Act\u00faa como cofactor enzim\u00e1tico en la descomposici\u00f3n de macronutrientes; es importante para la producci\u00f3n de energ\u00eda y es necesario para la salud ocular, cut\u00e1nea y del sistema nervioso. Se utiliza para dar color a los alimentos; su n\u00famero E es 101.<br \/>\nFuentes: leche, queso, verduras de hoja, frijoles, almendras.<\/p>\n<p>&nbsp;<\/p>\n<h3>Vitamina B3 \u2013 Niacina<\/h3>\n<p>Funci\u00f3n: Descomposici\u00f3n y metabolismo de prote\u00ednas y az\u00facares. Necesario para el sistema nervioso.<br \/>\nFuentes: soja, pl\u00e1tanos, pollo, pavo, huevos, espinacas.<\/p>\n<h3>Vitamina B5<\/h3>\n<p>Funci\u00f3n: oxidaci\u00f3n de \u00e1cidos grasos y carbohidratos. Necesaria para la producci\u00f3n de algunas hormonas.<br \/>\nFuentes \u2013<\/p>\n<p>&nbsp;<\/p>\n<h3>Vitamina B6<\/h3>\n<p>Funci\u00f3n: Cofactor en el metabolismo de los amino\u00e1cidos, y tambi\u00e9n necesario para la liberaci\u00f3n de glucosa del gluc\u00f3geno (dep\u00f3sitos de carbohidratos musculares) y el metabolismo de las grasas.<br \/>\nFuentes: Carnes, cereales integrales, frutos secos, pl\u00e1tanos.<\/p>\n<h3>Vitamina B7 \u2013 Biotina<\/h3>\n<p>Funci\u00f3n \u2013 Metabolismo de l\u00edpidos, prote\u00ednas y carbohidratos.<br \/>\nFuentes \u2013<\/p>\n<h3>Folato \u2013 \u00c1cido f\u00f3lico \u2013 Vitamina B9<\/h3>\n<p>Funci\u00f3n: necesaria para producir \u00e1cido nucleico (el \u201cNA\u201d en ADN), reparaci\u00f3n celular, divisi\u00f3n celular, gl\u00f3bulos rojos, posiblemente mejora la salud del cerebro.<br \/>\nFuentes: esp\u00e1rragos, br\u00f3coli, coles de Bruselas, repollo, coliflor, lentejas, leche.<\/p>\n<h3>Vitamina B12<\/h3>\n<p>Funci\u00f3n: Funcionamiento del cerebro y del sistema nervioso, necesario para la formaci\u00f3n de sangre. Su deficiencia puede provocar anemia.<br \/>\nFuentes: h\u00edgado, carne de res, trucha, salm\u00f3n, eglefino, leche, huevos, pollo.<\/p>\n<h3>Vitamina C \u2013 \u00c1cido asc\u00f3rbico<\/h3>\n<p>Funci\u00f3n: Ayuda a proteger las c\u00e9lulas de los radicales libres y el da\u00f1o oxidativo. Necesario para la salud del tejido conectivo y la cicatrizaci\u00f3n de heridas.<br \/>\nFuente: Naranjas, pimientos rojos y verdes, fresas, grosellas negras, br\u00f3coli, brotes.<\/p>\n<h3>Vitamina D<\/h3>\n<p>Funci\u00f3n: Necesario para la salud de los huesos, el sistema inmunol\u00f3gico y mejora la absorci\u00f3n de otros nutrientes como el hierro y el magnesio.<br \/>\nFuentes: luz solar, leche, pescado, huevo.<\/p>\n<h3>Vitamina E<\/h3>\n<p>Funci\u00f3n: Previene el da\u00f1o oxidativo\/es un antioxidante.<br \/>\nFuentes: verduras de hoja verde, girasol, avellanas.<\/p>\n<h2><\/h2>\n<h3>Vitamina K<\/h3>\n<p>La vitamina K en realidad viene en tres formas: K1, K2 y K3.<br \/>\nK1 = filoquinona \u2013 presente en plantas<br \/>\nK2 = Menaquinona \u2013 producida por bacterias en el tracto gastrointestinal<br \/>\nK3 = menadiona (forma sint\u00e9tica). No recomendada por algunos nutricionistas.<br \/>\nFunci\u00f3n: coagulaci\u00f3n sangu\u00ednea, formaci\u00f3n y fortalecimiento de los huesos, salud del coraz\u00f3n, salud del cerebro, ayuda a prevenir el c\u00e1ncer de pr\u00f3stata, pulm\u00f3n e h\u00edgado (hasta cierto punto)<br \/>\nFuentes: miso, cordero, pato, h\u00edgado de res, espinacas, col rizada, repollo, l\u00e1cteos.<\/p>\n<h2>Funciones y fuentes de los minerales<\/h2>\n<h3>Calcio<\/h3>\n<p>\u2013 Funci\u00f3n \u2013 huesos sanos, dientes, coagulaci\u00f3n sangu\u00ednea.<br \/>\n\u2013 Fuentes \u2013 L\u00e1cteos, br\u00f3coli, repollo, col rizada, tofu, sardinas<\/p>\n<h3>Cromo<\/h3>\n<p>\u2013 Funci\u00f3n \u2013 metabolismo de grasas y carbohidratos, funci\u00f3n cerebral, descomposici\u00f3n de la insulina<br \/>\n\u2013 Fuentes \u2013 H\u00edgado, carne de res, huevos, espinacas, pl\u00e1tanos, pimientos verdes<\/p>\n<h3>Cobre<\/h3>\n<p>\u2013 Funci\u00f3n \u2013 Sangre (hemoglobina), metabolismo del hierro<br \/>\n\u2013 nueces, frijoles, pescado<\/p>\n<h3>Fluoruro<\/h3>\n<p>\u2013 Funci\u00f3n \u2013 Ayuda a prevenir la caries dental.<br \/>\n\u2013 Fuentes \u2013 Agua fluorada, la mayor\u00eda de los mariscos contienen fl\u00faor.<\/p>\n<h3>Yodo<\/h3>\n<p>\u2013 Funci\u00f3n \u2013 Funci\u00f3n tiroidea y producci\u00f3n de hormonas<br \/>\n\u2013 Fuentes \u2013 mariscos, algas marinas, l\u00e1cteos<\/p>\n<h3>Hierro<\/h3>\n<p>\u2013 Funci\u00f3n \u2013 Formaci\u00f3n de gl\u00f3bulos rojos (hemoglobina)<br \/>\n\u2013 Fuentes \u2013 Carne roja, cereales integrales, legumbres, h\u00edgado, huevos.<\/p>\n<h3>Magnesio<\/h3>\n<p>\u2013 Funci\u00f3n \u2013 Salud muscular y nerviosa, contracciones musculares, sistema neuromuscular<br \/>\n\u2013 Fuentes \u2013 Granos integrales, frijoles, arroz integral, nueces, sales de Epsom (\u00a1no las comas, b\u00e1\u00f1ate en ellas!)<\/p>\n<h3>Manganeso<\/h3>\n<p>\u2013 Funci\u00f3n \u2013 Antioxidante, utilizado en la s\u00edntesis de prote\u00ednas y necesario para la producci\u00f3n de algunas enzimas.<br \/>\n\u2013 Fuentes \u2013 Avena, arroz integral, espinacas, pi\u00f1a, cereales integrales, frutas, verduras, t\u00e9<\/p>\n<h3>Molibdeno<\/h3>\n<p>\u2013 Funci\u00f3n \u2013 Antioxidante (ayuda a activar las enzimas necesarias para la protecci\u00f3n celular del da\u00f1o oxidativo), producci\u00f3n de energ\u00eda, metaboliza toxinas<br \/>\n\u2013 Fuentes \u2013 cereales, frutos secos, l\u00e1cteos<\/p>\n<h3>F\u00f3sforo<\/h3>\n<p>\u2013 Funci\u00f3n \u2013 Formaci\u00f3n de huesos y dientes, producci\u00f3n de ATP para energ\u00eda y contracci\u00f3n muscular.<br \/>\n\u2013 Fuentes \u2013 carne de res, pollo, l\u00e1cteos<\/p>\n<h3>Potasio<\/h3>\n<p>Funci\u00f3n: controla la presi\u00f3n arterial, importante para el sistema nervioso, necesario para las contracciones musculares, metaboliza prote\u00ednas, grasas y carbohidratos, promueve el funcionamiento cognitivo.<br \/>\nFuentes: pl\u00e1tanos, espinacas, naranjas, ciruelas pasas<\/p>\n<h3>Selenio<\/h3>\n<p>Funci\u00f3n: Antioxidante. Necesario para la actividad de las enzimas glutati\u00f3n peroxidasas; esencial para la protecci\u00f3n del organismo contra los radicales libres y el estr\u00e9s oxidativo. Tambi\u00e9n contribuye a la funci\u00f3n tiroidea.<br \/>\nFuentes: nueces de Brasil, at\u00fan, sardinas, semillas de lino, semillas de girasol, ajo.<\/p>\n<h3>Zinc<\/h3>\n<p>Funci\u00f3n: funcionamiento del sistema inmunitario, divisi\u00f3n celular, cicatrizaci\u00f3n de heridas, funci\u00f3n sexual masculina.<br \/>\nFuentes: carne de res, cerdo, salm\u00f3n, cordero, nueces, frijoles<\/p>","protected":false},"excerpt":{"rendered":"<p>Vitamins &#8211; Sources &amp; Functions &nbsp; Vitamin\u00a0A Function &#8211; Eyesight, immune\u00a0system Sources &#8211; Leafy vegeatables, sweet potatoes, carrots, fish oil, cheese 8 B vitamins &#8211; All help the body to convert food, including carbohydrates, into glucose. Also help metabolise fats and protein, help in the functioning of eyes and liver and nervous system &nbsp; Vitamin [&hellip;]<\/p>\n","protected":false},"author":41980142,"featured_media":0,"parent":412,"menu_order":0,"comment_status":"open","ping_status":"open","template":"","meta":{"_coblocks_attr":"","_coblocks_dimensions":"","_coblocks_responsive_height":"","_coblocks_accordion_ie_support":"","_crdt_document":"","footnotes":""},"class_list":["post-1742","page","type-page","status-publish","hentry"],"yoast_head":"<!-- This site is optimized with the Yoast SEO plugin v27.6 - https:\/\/yoast.com\/product\/yoast-seo-wordpress\/ -->\n<title>A to Z of Vitamins &amp; Minerals - Fitness &amp; MMA Blog - BlackBeltWhiteHat.com<\/title>\n<meta name=\"robots\" content=\"index, follow, max-snippet:-1, max-image-preview:large, max-video-preview:-1\" \/>\n<link rel=\"canonical\" href=\"https:\/\/blackbeltwhitehat.com\/es\/articulos-de-mma\/nutricion\/vitaminas-y-minerales-de-la-a-a-la-z\/\" \/>\n<meta property=\"og:locale\" content=\"es_ES\" \/>\n<meta property=\"og:type\" content=\"article\" \/>\n<meta property=\"og:title\" content=\"A to Z of Vitamins &amp; Minerals - Fitness &amp; MMA Blog - BlackBeltWhiteHat.com\" \/>\n<meta property=\"og:description\" content=\"Vitamins &#8211; Sources &amp; Functions &nbsp; Vitamin\u00a0A Function &#8211; Eyesight, immune\u00a0system Sources &#8211; Leafy vegeatables, sweet potatoes, carrots, fish oil, cheese 8 B vitamins &#8211; All help the body to convert food, including carbohydrates, into glucose. Also help metabolise fats and protein, help in the functioning of eyes and liver and nervous system &nbsp; Vitamin [&hellip;]\" \/>\n<meta property=\"og:url\" content=\"https:\/\/blackbeltwhitehat.com\/es\/articulos-de-mma\/nutricion\/vitaminas-y-minerales-de-la-a-a-la-z\/\" \/>\n<meta property=\"og:site_name\" content=\"Fitness &amp; MMA Blog - BlackBeltWhiteHat.com\" \/>\n<meta property=\"article:publisher\" content=\"https:\/\/www.facebook.com\/BlackBeltWhiteHat\/\" \/>\n<meta property=\"article:modified_time\" content=\"2014-06-10T15:05:30+00:00\" \/>\n<meta name=\"twitter:card\" content=\"summary_large_image\" \/>\n<meta name=\"twitter:site\" content=\"@MMATraining1980\" \/>\n<meta name=\"twitter:label1\" content=\"Tiempo de lectura\" \/>\n\t<meta name=\"twitter:data1\" content=\"4 minutos\" \/>\n<!-- \/ Yoast SEO plugin. -->","yoast_head_json":{"title":"Vitaminas y minerales de la A a la Z - Blog de fitness y MMA - BlackBeltWhiteHat.com","robots":{"index":"index","follow":"follow","max-snippet":"max-snippet:-1","max-image-preview":"max-image-preview:large","max-video-preview":"max-video-preview:-1"},"canonical":"https:\/\/blackbeltwhitehat.com\/es\/articulos-de-mma\/nutricion\/vitaminas-y-minerales-de-la-a-a-la-z\/","og_locale":"es_ES","og_type":"article","og_title":"A to Z of Vitamins &amp; Minerals - Fitness &amp; MMA Blog - BlackBeltWhiteHat.com","og_description":"Vitamins &#8211; Sources &amp; Functions &nbsp; Vitamin\u00a0A Function &#8211; Eyesight, immune\u00a0system Sources &#8211; Leafy vegeatables, sweet potatoes, carrots, fish oil, cheese 8 B vitamins &#8211; All help the body to convert food, including carbohydrates, into glucose. Also help metabolise fats and protein, help in the functioning of eyes and liver and nervous system &nbsp; Vitamin [&hellip;]","og_url":"https:\/\/blackbeltwhitehat.com\/es\/articulos-de-mma\/nutricion\/vitaminas-y-minerales-de-la-a-a-la-z\/","og_site_name":"Fitness &amp; MMA Blog - BlackBeltWhiteHat.com","article_publisher":"https:\/\/www.facebook.com\/BlackBeltWhiteHat\/","article_modified_time":"2014-06-10T15:05:30+00:00","twitter_card":"summary_large_image","twitter_site":"@MMATraining1980","twitter_misc":{"Tiempo de lectura":"4 minutos"},"schema":{"@context":"https:\/\/schema.org","@graph":[{"@type":"WebPage","@id":"https:\/\/blackbeltwhitehat.com\/mma-articles\/nutrition\/a-to-z-of-vitamins-minerals\/","url":"https:\/\/blackbeltwhitehat.com\/mma-articles\/nutrition\/a-to-z-of-vitamins-minerals\/","name":"Vitaminas y minerales de la A a la Z - Blog de fitness y MMA - BlackBeltWhiteHat.com","isPartOf":{"@id":"https:\/\/blackbeltwhitehat.com\/en\/#website"},"datePublished":"2014-06-10T11:32:49+00:00","dateModified":"2014-06-10T15:05:30+00:00","breadcrumb":{"@id":"https:\/\/blackbeltwhitehat.com\/mma-articles\/nutrition\/a-to-z-of-vitamins-minerals\/#breadcrumb"},"inLanguage":"es","potentialAction":[{"@type":"ReadAction","target":["https:\/\/blackbeltwhitehat.com\/mma-articles\/nutrition\/a-to-z-of-vitamins-minerals\/"]}]},{"@type":"BreadcrumbList","@id":"https:\/\/blackbeltwhitehat.com\/mma-articles\/nutrition\/a-to-z-of-vitamins-minerals\/#breadcrumb","itemListElement":[{"@type":"ListItem","position":1,"name":"Home","item":"https:\/\/blackbeltwhitehat.com\/"},{"@type":"ListItem","position":2,"name":"MMA","item":"https:\/\/blackbeltwhitehat.com\/mma-articles\/"},{"@type":"ListItem","position":3,"name":"Nutrition","item":"https:\/\/blackbeltwhitehat.com\/mma-articles\/nutrition\/"},{"@type":"ListItem","position":4,"name":"A to Z of Vitamins &amp; Minerals"}]},{"@type":"WebSite","@id":"https:\/\/blackbeltwhitehat.com\/en\/#website","url":"https:\/\/blackbeltwhitehat.com\/en\/","name":"Blog de fitness y MMA - BlackBeltWhiteHat.com","description":"Blog de fitness, MMA y nutrici\u00f3n del Reino Unido","publisher":{"@id":"https:\/\/blackbeltwhitehat.com\/en\/#organization"},"potentialAction":[{"@type":"SearchAction","target":{"@type":"EntryPoint","urlTemplate":"https:\/\/blackbeltwhitehat.com\/en\/?s={search_term_string}"},"query-input":{"@type":"PropertyValueSpecification","valueRequired":true,"valueName":"search_term_string"}}],"inLanguage":"es"},{"@type":"Organization","@id":"https:\/\/blackbeltwhitehat.com\/en\/#organization","name":"Blog de fitness y MMA - BlackBeltWhiteHat.com","url":"https:\/\/blackbeltwhitehat.com\/en\/","logo":{"@type":"ImageObject","inLanguage":"es","@id":"https:\/\/blackbeltwhitehat.com\/en\/#\/schema\/logo\/image\/","url":"https:\/\/blackbeltwhitehat.com\/wp-content\/uploads\/2019\/06\/cropped-mmabloglogodis-copy.png","contentUrl":"https:\/\/blackbeltwhitehat.com\/wp-content\/uploads\/2019\/06\/cropped-mmabloglogodis-copy.png","width":352,"height":352,"caption":"Fitness & MMA Blog - BlackBeltWhiteHat.com"},"image":{"@id":"https:\/\/blackbeltwhitehat.com\/en\/#\/schema\/logo\/image\/"},"sameAs":["https:\/\/www.facebook.com\/BlackBeltWhiteHat\/","https:\/\/x.com\/MMATraining1980"]}]}},"jetpack_likes_enabled":true,"jetpack_sharing_enabled":true,"jetpack_shortlink":"https:\/\/wp.me\/P2Sx3t-s6","jetpack-related-posts":[{"id":412,"url":"https:\/\/blackbeltwhitehat.com\/es\/articulos-de-mma\/nutricion\/","url_meta":{"origin":1742,"position":0},"title":"Nutrici\u00f3n","author":"Dave","date":"abril 16, 2013","format":false,"excerpt":"MMA Nutrition Tips All things MMA Nutrition related, including this free ebook. \u00a0 MMA Nutrition Articles MMA Recovery The A to Z of Vitamins & Minerals Carbohydrates & MMA What are the Essential Amino Acids? How to Lose Weight Paleo Diet for MMA Paleo Diet for Beginners Herbs for MMA\u2026","rel":"","context":"Entrada similar","block_context":{"text":"Entrada similar","link":""},"img":{"alt_text":"","src":"","width":0,"height":0},"classes":[]},{"id":9317,"url":"https:\/\/blackbeltwhitehat.com\/es\/resenas-de-suplementos\/resena-de-evlution-trans4orm-%f0%9f%94%a5-resumen-cientifico\/","url_meta":{"origin":1742,"position":1},"title":"Rese\u00f1a de EVLUTION Trans4orm \ud83d\udd25 (Resumen cient\u00edfico)","author":"Dave","date":"septiembre 14, 2018","format":false,"excerpt":"These are excellent for focus and energy. They also clear my sinuses quite well! Ingredients include Niacin \/ Vitamin B3 Niacin & weight loss study (mice) Niacin Increases Leptin (a hormone that can help with weight loss) study \u00a0 Vitamin B6 Vitamin B6 & Weight Loss Study Chromium Chromium &\u2026","rel":"","context":"Entrada similar","block_context":{"text":"Entrada similar","link":""},"img":{"alt_text":"chromium weight loss study","src":"https:\/\/i0.wp.com\/blackbeltwhitehat.com\/wp-content\/uploads\/2018\/09\/chromium.png?resize=350%2C200&ssl=1","width":350,"height":200,"srcset":"https:\/\/i0.wp.com\/blackbeltwhitehat.com\/wp-content\/uploads\/2018\/09\/chromium.png?resize=350%2C200&ssl=1 1x, https:\/\/i0.wp.com\/blackbeltwhitehat.com\/wp-content\/uploads\/2018\/09\/chromium.png?resize=525%2C300&ssl=1 1.5x, https:\/\/i0.wp.com\/blackbeltwhitehat.com\/wp-content\/uploads\/2018\/09\/chromium.png?resize=700%2C400&ssl=1 2x"},"classes":[]},{"id":1947,"url":"https:\/\/blackbeltwhitehat.com\/es\/articulos-de-mma\/nutricion\/dieta-paleo\/","url_meta":{"origin":1742,"position":2},"title":"Resumen de la dieta paleo","author":"Dave","date":"julio 16, 2014","format":false,"excerpt":"\u00a0 Paleo Diet Summarised - It's an attempt to eat like we did as cave-men, as hunter-gatherers. - Do not eat gluten \u00a0(gluten is a mix of 2 proteins that give bread it's sticky property) - No grains, no sugar, no processed foods, no dairy - Try to get protein\u2026","rel":"","context":"Entrada similar","block_context":{"text":"Entrada similar","link":""},"img":{"alt_text":"Paleo side effects","src":"https:\/\/i0.wp.com\/blackbeltwhitehat.com\/wp-content\/uploads\/2014\/07\/paleo_side_effects.jpg?resize=350%2C200&ssl=1","width":350,"height":200,"srcset":"https:\/\/i0.wp.com\/blackbeltwhitehat.com\/wp-content\/uploads\/2014\/07\/paleo_side_effects.jpg?resize=350%2C200&ssl=1 1x, https:\/\/i0.wp.com\/blackbeltwhitehat.com\/wp-content\/uploads\/2014\/07\/paleo_side_effects.jpg?resize=525%2C300&ssl=1 1.5x"},"classes":[]},{"id":940,"url":"https:\/\/blackbeltwhitehat.com\/es\/articulos-de-mma\/nutricion\/cancer-de-prostata-y-dieta\/","url_meta":{"origin":1742,"position":3},"title":"C\u00e1ncer de pr\u00f3stata y dieta","author":"Dave","date":"diciembre 2, 2013","format":false,"excerpt":"Diet and Cancer So, Movember has just ended. Diet plays a huge part in all kinds of cancers and their prevention. It's a bit weird \/ disappointing that this information is not 'advertised' more during November. After 45 minutes of reading articles, and searching Google Scholar, here's what I've found\u2026","rel":"","context":"Entrada similar","block_context":{"text":"Entrada similar","link":""},"img":{"alt_text":"Prostrate cancer and tomatoes","src":"https:\/\/i0.wp.com\/blackbeltwhitehat.com\/wp-content\/uploads\/2013\/12\/tomato.jpg?resize=350%2C200","width":350,"height":200},"classes":[]},{"id":10255,"url":"https:\/\/blackbeltwhitehat.com\/es\/articulos-de-mma\/dieta-para-mma-nutricion-para-mma\/","url_meta":{"origin":1742,"position":4},"title":"MMA Diet &amp; Nutrition [2026] (Plan .pdf. included)","author":"Dave","date":"junio 10, 2019","format":false,"excerpt":"Yoel Romero Diet - his diet no doubt contains high amount of protein & healthy fats. See below for some example diet plans. written by Drew Griffiths- Nutritionist - BSc (First Class Honours) in Sport & Exercise Science, MSc Exercise & Nutrition Drew has a first class degree in sport\u2026","rel":"","context":"Entrada similar","block_context":{"text":"Entrada similar","link":""},"img":{"alt_text":"","src":"https:\/\/i0.wp.com\/blackbeltwhitehat.com\/wp-content\/uploads\/2018\/10\/conorlegs.jpg?resize=350%2C200","width":350,"height":200,"srcset":"https:\/\/i0.wp.com\/blackbeltwhitehat.com\/wp-content\/uploads\/2018\/10\/conorlegs.jpg?resize=350%2C200 1x, https:\/\/i0.wp.com\/blackbeltwhitehat.com\/wp-content\/uploads\/2018\/10\/conorlegs.jpg?resize=525%2C300 1.5x, https:\/\/i0.wp.com\/blackbeltwhitehat.com\/wp-content\/uploads\/2018\/10\/conorlegs.jpg?resize=700%2C400 2x"},"classes":[]},{"id":418,"url":"https:\/\/blackbeltwhitehat.com\/es\/planes-de-dieta\/plan-de-dieta-de-ayuno-intermitente\/","url_meta":{"origin":1742,"position":5},"title":"Intermittent Fasting Diet Plans [2025] .pdf 5 Day Meal Plan for Vegan &amp; Paelo Diets","author":"Dave","date":"abril 19, 2013","format":false,"excerpt":"Diet plans - eat at your own risk! Info from various google searches and google scholar and pubmed abstracts, copied and pasted and edited a bit by Drew Griffiths - First Class Hons BSc Sport & Exercise Science - Loughborough University MSc Exercise & Nutrition Science - University of Liverpool\u2026","rel":"","context":"Entrada similar","block_context":{"text":"Entrada similar","link":""},"img":{"alt_text":"intermittent fasting","src":"https:\/\/i0.wp.com\/blackbeltwhitehat.com\/wp-content\/uploads\/2018\/01\/infog_168_diet.png?resize=350%2C200&ssl=1","width":350,"height":200,"srcset":"https:\/\/i0.wp.com\/blackbeltwhitehat.com\/wp-content\/uploads\/2018\/01\/infog_168_diet.png?resize=350%2C200&ssl=1 1x, https:\/\/i0.wp.com\/blackbeltwhitehat.com\/wp-content\/uploads\/2018\/01\/infog_168_diet.png?resize=525%2C300&ssl=1 1.5x, https:\/\/i0.wp.com\/blackbeltwhitehat.com\/wp-content\/uploads\/2018\/01\/infog_168_diet.png?resize=700%2C400&ssl=1 2x"},"classes":[]}],"_links":{"self":[{"href":"https:\/\/blackbeltwhitehat.com\/es\/wp-json\/wp\/v2\/pages\/1742","targetHints":{"allow":["GET"]}}],"collection":[{"href":"https:\/\/blackbeltwhitehat.com\/es\/wp-json\/wp\/v2\/pages"}],"about":[{"href":"https:\/\/blackbeltwhitehat.com\/es\/wp-json\/wp\/v2\/types\/page"}],"author":[{"embeddable":true,"href":"https:\/\/blackbeltwhitehat.com\/es\/wp-json\/wp\/v2\/users\/41980142"}],"replies":[{"embeddable":true,"href":"https:\/\/blackbeltwhitehat.com\/es\/wp-json\/wp\/v2\/comments?post=1742"}],"version-history":[{"count":25,"href":"https:\/\/blackbeltwhitehat.com\/es\/wp-json\/wp\/v2\/pages\/1742\/revisions"}],"predecessor-version":[{"id":1773,"href":"https:\/\/blackbeltwhitehat.com\/es\/wp-json\/wp\/v2\/pages\/1742\/revisions\/1773"}],"up":[{"embeddable":true,"href":"https:\/\/blackbeltwhitehat.com\/es\/wp-json\/wp\/v2\/pages\/412"}],"wp:attachment":[{"href":"https:\/\/blackbeltwhitehat.com\/es\/wp-json\/wp\/v2\/media?parent=1742"}],"curies":[{"name":"wp","href":"https:\/\/api.w.org\/{rel}","templated":true}]}}