{"id":332,"date":"2013-03-21T21:54:34","date_gmt":"2013-03-21T21:54:34","guid":{"rendered":"http:\/\/blackbeltwhitehat.com\/?page_id=332"},"modified":"2016-05-17T14:42:51","modified_gmt":"2016-05-17T14:42:51","slug":"analisis-de-mark-hunt","status":"publish","type":"page","link":"https:\/\/blackbeltwhitehat.com\/es\/articulos-de-mma\/tecnica\/analisis-de-mark-hunt\/","title":{"rendered":"An\u00e1lisis de Mark Hunt"},"content":{"rendered":"<h2>El poder de golpeo y los golpes de Mark Hunt<\/h2>\n<p>Como soy un bajito y rechoncho, \u00a1me encanta Hunt! Es una bestia.<\/p>\n<p>Su poder de golpe parece provenir de su gran timing, su precisi\u00f3n, su fuerza y peso corporal y su uso del gancho ruso y el derechazo que son perfectos para un hombre de su complexi\u00f3n.<\/p>\n<p>Sin embargo, no pens\u00e9 que se enfrentar\u00eda a Stefan Struve de pie como lo hizo.<\/p>\n<p>Creo, y supongo que es bastante obvio, que su mayor virtud es su dureza. Si un tipo grande le lanza un jab, lo sortear\u00e1; o al menos se quedar\u00e1 ah\u00ed, en la bolsa. Mientras que los dem\u00e1s nos movemos hacia atr\u00e1s, fuera de alcance, \u00e9l lo deslizar\u00e1 y lo recibir\u00e1 en la frente para entrar en la bolsa.<\/p>\n<p>Sus golpes m\u00e1s exitosos parecen ser su propia versi\u00f3n del gancho de izquierda ruso. Uno de los favoritos de Fedor: gira el pulgar hacia arriba y hacia abajo, de modo que el me\u00f1ique queda arriba al impactar la barbilla de su oponente. Tambi\u00e9n salta con frecuencia, lo que le da un alcance extra (algo por lo que probablemente te rega\u00f1ar\u00edan en una clase de boxeo). Girar el pulgar le da al golpe el alcance de un golpe recto, pero la potencia de un golpe circular.<\/p>\n<figure id=\"attachment_333\" aria-describedby=\"caption-attachment-333\" style=\"width: 225px\" class=\"wp-caption alignnone\"><a href=\"https:\/\/i0.wp.com\/blackbeltwhitehat.com\/wp-content\/uploads\/2013\/03\/markhunt2.jpg\"><img data-recalc-dims=\"1\" loading=\"lazy\" decoding=\"async\" data-attachment-id=\"333\" data-permalink=\"https:\/\/blackbeltwhitehat.com\/es\/articulos-de-mma\/tecnica\/analisis-de-mark-hunt\/markhunt2\/\" data-orig-file=\"https:\/\/i0.wp.com\/blackbeltwhitehat.com\/wp-content\/uploads\/2013\/03\/markhunt2.jpg?fit=225%2C225&amp;ssl=1\" data-orig-size=\"225,225\" data-comments-opened=\"1\" data-image-meta=\"{&quot;aperture&quot;:&quot;0&quot;,&quot;credit&quot;:&quot;&quot;,&quot;camera&quot;:&quot;&quot;,&quot;caption&quot;:&quot;&quot;,&quot;created_timestamp&quot;:&quot;0&quot;,&quot;copyright&quot;:&quot;&quot;,&quot;focal_length&quot;:&quot;0&quot;,&quot;iso&quot;:&quot;0&quot;,&quot;shutter_speed&quot;:&quot;0&quot;,&quot;title&quot;:&quot;&quot;}\" data-image-title=\"markhunt2\" data-image-description=\"&lt;p&gt;mark hunt beast&lt;\/p&gt;\" data-image-caption=\"&lt;p&gt;Mark Hunt &amp;#8216;Russian Hooking&amp;#8217; Struve&lt;\/p&gt;\" data-large-file=\"https:\/\/i0.wp.com\/blackbeltwhitehat.com\/wp-content\/uploads\/2013\/03\/markhunt2.jpg?fit=225%2C225&amp;ssl=1\" class=\"size-full wp-image-333\" src=\"https:\/\/i0.wp.com\/blackbeltwhitehat.com\/wp-content\/uploads\/2013\/03\/markhunt2.jpg?resize=225%2C225\" alt=\"an\u00e1lisis de Mark Hunt\" width=\"225\" height=\"225\" \/><\/a><figcaption id=\"caption-attachment-333\" class=\"wp-caption-text\">Mark Hunt &#039;El enganche ruso&#039; Struve<\/figcaption><\/figure>\n<p>Tambi\u00e9n le encanta el derechazo. Si no has visto este golpe, es otra t\u00e9cnica popular de MMA que rara vez se ve en el boxeo. Baja su nivel inclin\u00e1ndose hacia adelante y lanzando el brazo en un arco recto, como si estuviera lanzando una bola.<\/p>\n<figure id=\"attachment_334\" aria-describedby=\"caption-attachment-334\" style=\"width: 275px\" class=\"wp-caption alignnone\"><a href=\"https:\/\/i0.wp.com\/blackbeltwhitehat.com\/wp-content\/uploads\/2013\/03\/markhunt1.jpg\"><img data-recalc-dims=\"1\" loading=\"lazy\" decoding=\"async\" data-attachment-id=\"334\" data-permalink=\"https:\/\/blackbeltwhitehat.com\/es\/articulos-de-mma\/tecnica\/analisis-de-mark-hunt\/markhunt1\/\" data-orig-file=\"https:\/\/i0.wp.com\/blackbeltwhitehat.com\/wp-content\/uploads\/2013\/03\/markhunt1.jpg?fit=275%2C183&amp;ssl=1\" data-orig-size=\"275,183\" data-comments-opened=\"1\" data-image-meta=\"{&quot;aperture&quot;:&quot;0&quot;,&quot;credit&quot;:&quot;&quot;,&quot;camera&quot;:&quot;&quot;,&quot;caption&quot;:&quot;&quot;,&quot;created_timestamp&quot;:&quot;0&quot;,&quot;copyright&quot;:&quot;&quot;,&quot;focal_length&quot;:&quot;0&quot;,&quot;iso&quot;:&quot;0&quot;,&quot;shutter_speed&quot;:&quot;0&quot;,&quot;title&quot;:&quot;&quot;}\" data-image-title=\"markhunt1\" data-image-description=\"&lt;p&gt;overhand right&lt;\/p&gt;\" data-image-caption=\"&lt;p&gt;OverHand Right&lt;\/p&gt;\" data-large-file=\"https:\/\/i0.wp.com\/blackbeltwhitehat.com\/wp-content\/uploads\/2013\/03\/markhunt1.jpg?fit=275%2C183&amp;ssl=1\" class=\"size-full wp-image-334\" src=\"https:\/\/i0.wp.com\/blackbeltwhitehat.com\/wp-content\/uploads\/2013\/03\/markhunt1.jpg?resize=275%2C183\" alt=\"derechazo por encima de la cabeza\" width=\"275\" height=\"183\" \/><\/a><figcaption id=\"caption-attachment-334\" class=\"wp-caption-text\">Derechazo por encima de la mano<\/figcaption><\/figure>\n<p>Este es un golpe incre\u00edble si eres un luchador de baja estatura. Aqu\u00ed tienes una buena instrucci\u00f3n de expertboxing.com.<br \/>\n<span class=\"embed-youtube\" style=\"text-align:center; display: block;\"><iframe loading=\"lazy\" class=\"youtube-player\" width=\"640\" height=\"360\" src=\"https:\/\/www.youtube.com\/embed\/DzVJXcO8hWM?version=3&#038;rel=1&#038;showsearch=0&#038;showinfo=1&#038;iv_load_policy=1&#038;fs=1&#038;hl=es-ES&#038;autohide=2&#038;wmode=transparent\" allowfullscreen=\"true\" style=\"border:0;\" sandbox=\"allow-scripts allow-same-origin allow-popups allow-presentation allow-popups-to-escape-sandbox\"><\/iframe><\/span><\/p>\n<p>&nbsp;<\/p>\n<p>Hunt tambi\u00e9n es conocido por su poderoso uppercut, especialmente desde su victoria sobre Nelson.<\/p>\n<figure id=\"attachment_2326\" aria-describedby=\"caption-attachment-2326\" style=\"width: 500px\" class=\"wp-caption alignnone\"><a href=\"https:\/\/i0.wp.com\/blackbeltwhitehat.com\/wp-content\/uploads\/2013\/03\/tumblr_nc7xnxbucj1qaa8d1o1_500.gif?ssl=1\"><img data-recalc-dims=\"1\" loading=\"lazy\" decoding=\"async\" data-attachment-id=\"2326\" data-permalink=\"https:\/\/blackbeltwhitehat.com\/es\/articulos-de-mma\/tecnica\/analisis-de-mark-hunt\/tumblr_nc7xnxbucj1qaa8d1o1_500\/\" data-orig-file=\"https:\/\/i0.wp.com\/blackbeltwhitehat.com\/wp-content\/uploads\/2013\/03\/tumblr_nc7xnxbucj1qaa8d1o1_500.gif?fit=500%2C177&amp;ssl=1\" data-orig-size=\"500,177\" data-comments-opened=\"1\" data-image-meta=\"{&quot;aperture&quot;:&quot;0&quot;,&quot;credit&quot;:&quot;&quot;,&quot;camera&quot;:&quot;&quot;,&quot;caption&quot;:&quot;&quot;,&quot;created_timestamp&quot;:&quot;0&quot;,&quot;copyright&quot;:&quot;&quot;,&quot;focal_length&quot;:&quot;0&quot;,&quot;iso&quot;:&quot;0&quot;,&quot;shutter_speed&quot;:&quot;0&quot;,&quot;title&quot;:&quot;&quot;,&quot;orientation&quot;:&quot;0&quot;}\" data-image-title=\"tumblr_nc7xnxbUcj1qaa8d1o1_500\" data-image-description=\"&lt;p&gt;Mark Hunt KO gif&lt;\/p&gt;\" data-image-caption=\"&lt;p&gt;Uppercut or Hook?&lt;\/p&gt;\" data-large-file=\"https:\/\/i0.wp.com\/blackbeltwhitehat.com\/wp-content\/uploads\/2013\/03\/tumblr_nc7xnxbucj1qaa8d1o1_500.gif?fit=500%2C177&amp;ssl=1\" class=\"size-full wp-image-2326\" src=\"https:\/\/i0.wp.com\/blackbeltwhitehat.com\/wp-content\/uploads\/2013\/03\/tumblr_nc7xnxbucj1qaa8d1o1_500.gif?resize=500%2C177&#038;ssl=1\" alt=\"Mark Hunt ROy Nelson KO Gif\" width=\"500\" height=\"177\" \/><\/a><figcaption id=\"caption-attachment-2326\" class=\"wp-caption-text\">\u00bfUppercut o gancho?<\/figcaption><\/figure>\n<p>&nbsp;<\/p>\n<p>Hunt ha conseguido dos uppercuts KO en la UFC. Los calcul\u00f3 a la perfecci\u00f3n, mientras sus oponentes bajaban la cabeza; en defensa en el primer caso, y contra Roy Nelson, lo atrap\u00f3 justo cuando parec\u00eda que estaba preparando uno de sus derechazos. Como era de esperar, los uppercuts de Hunt son bastante eficientes en cuanto a conservaci\u00f3n de energ\u00eda. No baja la guardia ni dobla las piernas, simplemente baja la mano a la cintura y la lanza hacia arriba. Sin embargo, cabe destacar que lanza ambos uppercuts KO a 45 grados, en lugar de completamente verticales. Quiz\u00e1s esto le da la potencia adicional para KO.<\/p>\n<p>&nbsp;<\/p>\n<p><a href=\"https:\/\/dailymotion.com\/video\/x2660y7?start=620\" rel=\"nofollow\">https:\/\/dailymotion.com\/video\/x2660y7?start=620<\/a><\/p>\n<p>&nbsp;<\/p>\n<p>Hemos visto a Mark Hunt noquearse un par de veces. La m\u00e1s reciente contra Cigano y una patada giratoria al tal\u00f3n. Estoy bastante seguro de que eso habr\u00eda noqueado a un elefante.<\/p>\n<p>Aqu\u00ed hay un v\u00eddeo antiguo de \u00e9l siendo noqueado por Melvin Manhoef:<br \/>\n<span class=\"embed-youtube\" style=\"text-align:center; display: block;\"><iframe loading=\"lazy\" class=\"youtube-player\" width=\"640\" height=\"360\" src=\"https:\/\/www.youtube.com\/embed\/aD-Fwi9K6LM?version=3&#038;rel=1&#038;showsearch=0&#038;showinfo=1&#038;iv_load_policy=1&#038;fs=1&#038;hl=es-ES&#038;autohide=2&#038;start=390&#038;wmode=transparent\" allowfullscreen=\"true\" style=\"border:0;\" sandbox=\"allow-scripts allow-same-origin allow-popups allow-presentation allow-popups-to-escape-sandbox\"><\/iframe><\/span><\/p>\n<p>Sin embargo, creo que es justo decir que Hunt sigue teniendo posiblemente el mejor ment\u00f3n de la divisi\u00f3n HW actualmente, y sin duda es uno de los peleadores m\u00e1s duros de la \u00e9lite. Ser\u00e1 interesante ver c\u00f3mo se compara su estilo con el de Werdum.<\/p>\n<p>Aqu\u00ed hay un v\u00eddeo de un <strong>Entrenamiento de Mark Hunt<\/strong><\/p>\n<p><span class=\"embed-youtube\" style=\"text-align:center; display: block;\"><iframe loading=\"lazy\" class=\"youtube-player\" width=\"640\" height=\"360\" src=\"https:\/\/www.youtube.com\/embed\/2_riBMjhCKg?version=3&#038;rel=1&#038;showsearch=0&#038;showinfo=1&#038;iv_load_policy=1&#038;fs=1&#038;hl=es-ES&#038;autohide=2&#038;wmode=transparent\" allowfullscreen=\"true\" style=\"border:0;\" sandbox=\"allow-scripts allow-same-origin allow-popups allow-presentation allow-popups-to-escape-sandbox\"><\/iframe><\/span><\/p>\n<p>&nbsp;<\/p>\n<p>Hunt es incre\u00edblemente fuerte, hay un video de \u00e9l circulando por Internet, venciendo a Bob Sapp, un luchador de sumo y competidor del Hombre M\u00e1s Fuerte del Mundo, en un tira y afloja.<\/p>\n<p>\u00a1Estoy bastante seguro de que eso tambi\u00e9n debe traducirse en un poder de golpe incre\u00edble!<\/p>","protected":false},"excerpt":{"rendered":"<p>Mark Hunt&#8217;s\u00a0Punching Power &amp; Striking Being a short tubby bugger myself, I love the Hunt! \u00a0He is a beast. His punching power appears to come from\u00a0his great timing, his accuracy, his strength and bodyweight &amp; his use of the Russian Hook and the Overhand Right which are perfect for a man of his build. I [&hellip;]<\/p>\n","protected":false},"author":41980142,"featured_media":0,"parent":415,"menu_order":0,"comment_status":"open","ping_status":"open","template":"","meta":{"_coblocks_attr":"","_coblocks_dimensions":"","_coblocks_responsive_height":"","_coblocks_accordion_ie_support":"","_crdt_document":"","footnotes":""},"class_list":["post-332","page","type-page","status-publish","hentry"],"yoast_head":"<!-- This site is optimized with the Yoast SEO plugin v27.4 - https:\/\/yoast.com\/product\/yoast-seo-wordpress\/ -->\n<title>Mark Hunt Analysis - Fitness &amp; MMA Blog - BlackBeltWhiteHat.com<\/title>\n<meta name=\"robots\" content=\"index, follow, max-snippet:-1, max-image-preview:large, max-video-preview:-1\" \/>\n<link rel=\"canonical\" href=\"https:\/\/blackbeltwhitehat.com\/es\/articulos-de-mma\/tecnica\/analisis-de-mark-hunt\/\" \/>\n<meta property=\"og:locale\" content=\"es_ES\" \/>\n<meta property=\"og:type\" content=\"article\" \/>\n<meta property=\"og:title\" content=\"Mark Hunt Analysis - Fitness &amp; MMA Blog - BlackBeltWhiteHat.com\" \/>\n<meta property=\"og:description\" content=\"Mark Hunt&#8217;s\u00a0Punching Power &amp; Striking Being a short tubby bugger myself, I love the Hunt! \u00a0He is a beast. His punching power appears to come from\u00a0his great timing, his accuracy, his strength and bodyweight &amp; his use of the Russian Hook and the Overhand Right which are perfect for a man of his build. I [&hellip;]\" \/>\n<meta property=\"og:url\" content=\"https:\/\/blackbeltwhitehat.com\/es\/articulos-de-mma\/tecnica\/analisis-de-mark-hunt\/\" \/>\n<meta property=\"og:site_name\" content=\"Fitness &amp; MMA Blog - BlackBeltWhiteHat.com\" \/>\n<meta property=\"article:publisher\" content=\"https:\/\/www.facebook.com\/BlackBeltWhiteHat\/\" \/>\n<meta property=\"article:modified_time\" content=\"2016-05-17T14:42:51+00:00\" \/>\n<meta property=\"og:image\" content=\"http:\/\/blackbeltwhitehat.com\/wp-content\/uploads\/2013\/03\/markhunt2.jpg\" \/>\n<meta name=\"twitter:card\" content=\"summary_large_image\" \/>\n<meta name=\"twitter:site\" content=\"@MMATraining1980\" \/>\n<meta name=\"twitter:label1\" content=\"Tiempo de lectura\" \/>\n\t<meta name=\"twitter:data1\" content=\"3 minutos\" \/>\n<!-- \/ Yoast SEO plugin. -->","yoast_head_json":{"title":"Mark Hunt Analysis - Fitness &amp; MMA Blog - BlackBeltWhiteHat.com","robots":{"index":"index","follow":"follow","max-snippet":"max-snippet:-1","max-image-preview":"max-image-preview:large","max-video-preview":"max-video-preview:-1"},"canonical":"https:\/\/blackbeltwhitehat.com\/es\/articulos-de-mma\/tecnica\/analisis-de-mark-hunt\/","og_locale":"es_ES","og_type":"article","og_title":"Mark Hunt Analysis - Fitness &amp; MMA Blog - BlackBeltWhiteHat.com","og_description":"Mark Hunt&#8217;s\u00a0Punching Power &amp; Striking Being a short tubby bugger myself, I love the Hunt! \u00a0He is a beast. His punching power appears to come from\u00a0his great timing, his accuracy, his strength and bodyweight &amp; his use of the Russian Hook and the Overhand Right which are perfect for a man of his build. I [&hellip;]","og_url":"https:\/\/blackbeltwhitehat.com\/es\/articulos-de-mma\/tecnica\/analisis-de-mark-hunt\/","og_site_name":"Fitness &amp; MMA Blog - BlackBeltWhiteHat.com","article_publisher":"https:\/\/www.facebook.com\/BlackBeltWhiteHat\/","article_modified_time":"2016-05-17T14:42:51+00:00","og_image":[{"url":"http:\/\/blackbeltwhitehat.com\/wp-content\/uploads\/2013\/03\/markhunt2.jpg","type":"","width":"","height":""}],"twitter_card":"summary_large_image","twitter_site":"@MMATraining1980","twitter_misc":{"Tiempo de lectura":"3 minutos"},"schema":{"@context":"https:\/\/schema.org","@graph":[{"@type":"WebPage","@id":"https:\/\/blackbeltwhitehat.com\/mma-articles\/technique\/mark-hunt-analysis\/","url":"https:\/\/blackbeltwhitehat.com\/mma-articles\/technique\/mark-hunt-analysis\/","name":"Mark Hunt Analysis - Fitness &amp; MMA Blog - BlackBeltWhiteHat.com","isPartOf":{"@id":"https:\/\/blackbeltwhitehat.com\/en\/#website"},"primaryImageOfPage":{"@id":"https:\/\/blackbeltwhitehat.com\/mma-articles\/technique\/mark-hunt-analysis\/#primaryimage"},"image":{"@id":"https:\/\/blackbeltwhitehat.com\/mma-articles\/technique\/mark-hunt-analysis\/#primaryimage"},"thumbnailUrl":"http:\/\/blackbeltwhitehat.com\/wp-content\/uploads\/2013\/03\/markhunt2.jpg","datePublished":"2013-03-21T21:54:34+00:00","dateModified":"2016-05-17T14:42:51+00:00","breadcrumb":{"@id":"https:\/\/blackbeltwhitehat.com\/mma-articles\/technique\/mark-hunt-analysis\/#breadcrumb"},"inLanguage":"es","potentialAction":[{"@type":"ReadAction","target":["https:\/\/blackbeltwhitehat.com\/mma-articles\/technique\/mark-hunt-analysis\/"]}]},{"@type":"ImageObject","inLanguage":"es","@id":"https:\/\/blackbeltwhitehat.com\/mma-articles\/technique\/mark-hunt-analysis\/#primaryimage","url":"http:\/\/blackbeltwhitehat.com\/wp-content\/uploads\/2013\/03\/markhunt2.jpg","contentUrl":"http:\/\/blackbeltwhitehat.com\/wp-content\/uploads\/2013\/03\/markhunt2.jpg"},{"@type":"BreadcrumbList","@id":"https:\/\/blackbeltwhitehat.com\/mma-articles\/technique\/mark-hunt-analysis\/#breadcrumb","itemListElement":[{"@type":"ListItem","position":1,"name":"Home","item":"https:\/\/blackbeltwhitehat.com\/"},{"@type":"ListItem","position":2,"name":"MMA","item":"https:\/\/blackbeltwhitehat.com\/mma-articles\/"},{"@type":"ListItem","position":3,"name":"Technique","item":"https:\/\/blackbeltwhitehat.com\/mma-articles\/technique\/"},{"@type":"ListItem","position":4,"name":"Mark Hunt Analysis"}]},{"@type":"WebSite","@id":"https:\/\/blackbeltwhitehat.com\/en\/#website","url":"https:\/\/blackbeltwhitehat.com\/en\/","name":"Blog de fitness y MMA - BlackBeltWhiteHat.com","description":"Blog de fitness, MMA y nutrici\u00f3n del Reino Unido","publisher":{"@id":"https:\/\/blackbeltwhitehat.com\/en\/#organization"},"potentialAction":[{"@type":"SearchAction","target":{"@type":"EntryPoint","urlTemplate":"https:\/\/blackbeltwhitehat.com\/en\/?s={search_term_string}"},"query-input":{"@type":"PropertyValueSpecification","valueRequired":true,"valueName":"search_term_string"}}],"inLanguage":"es"},{"@type":"Organization","@id":"https:\/\/blackbeltwhitehat.com\/en\/#organization","name":"Blog de fitness y MMA - BlackBeltWhiteHat.com","url":"https:\/\/blackbeltwhitehat.com\/en\/","logo":{"@type":"ImageObject","inLanguage":"es","@id":"https:\/\/blackbeltwhitehat.com\/en\/#\/schema\/logo\/image\/","url":"https:\/\/blackbeltwhitehat.com\/wp-content\/uploads\/2019\/06\/cropped-mmabloglogodis-copy.png","contentUrl":"https:\/\/blackbeltwhitehat.com\/wp-content\/uploads\/2019\/06\/cropped-mmabloglogodis-copy.png","width":352,"height":352,"caption":"Fitness & MMA Blog - BlackBeltWhiteHat.com"},"image":{"@id":"https:\/\/blackbeltwhitehat.com\/en\/#\/schema\/logo\/image\/"},"sameAs":["https:\/\/www.facebook.com\/BlackBeltWhiteHat\/","https:\/\/x.com\/MMATraining1980"]}]}},"jetpack_likes_enabled":true,"jetpack_sharing_enabled":true,"jetpack_shortlink":"https:\/\/wp.me\/P2Sx3t-5m","jetpack-related-posts":[{"id":6850,"url":"https:\/\/blackbeltwhitehat.com\/es\/articulos-de-mma\/tecnica\/pelear-con-un-tipo-o-un-oponente-mas-grande\/","url_meta":{"origin":332,"position":0},"title":"Pelear contra un tipo o oponente m\u00e1s grande","author":"Dave","date":"mayo 30, 2017","format":false,"excerpt":"How to Fight a Bigger Guy and Win There's a lot of google searches for 'how to fight a bigger opponent' so I thought I would try and address the issue. Here\u00a0are some pointers to begin with: Single leg takedowns work best on much bigger opponents Against taller guys you\u2026","rel":"","context":"Entrada similar","block_context":{"text":"Entrada similar","link":""},"img":{"alt_text":"","src":"https:\/\/i0.wp.com\/blackbeltwhitehat.com\/wp-content\/uploads\/2020\/02\/meishatakedown.gif?resize=350%2C200&ssl=1","width":350,"height":200},"classes":[]},{"id":4539,"url":"https:\/\/blackbeltwhitehat.com\/es\/directorio-de-tecnicas\/llamativo\/gancho\/","url_meta":{"origin":332,"position":1},"title":"C\u00f3mo lanzar un anzuelo","author":"Dave","date":"mayo 13, 2016","format":false,"excerpt":"How to do a Hook in Boxing \ud83e\udd4a (Russian version too) \u00a0 https:\/\/youtu.be\/iBaIVVzJBMA \u00a0 The hook is typically one of a fighter's most powerful punches. In orthodox stance (left foot forward), the left hook is most commonly used within boxing combinations. The right hook, being the rear hand, is typically\u2026","rel":"","context":"Entrada similar","block_context":{"text":"Entrada similar","link":""},"img":{"alt_text":"throwing a hook","src":"https:\/\/i0.wp.com\/blackbeltwhitehat.com\/wp-content\/uploads\/2018\/08\/discusgif.gif?resize=350%2C200&ssl=1","width":350,"height":200},"classes":[]},{"id":2369,"url":"https:\/\/blackbeltwhitehat.com\/es\/articulos-de-mma\/tecnica\/como-desarrollar-un-golpe-potente\/","url_meta":{"origin":332,"position":2},"title":"How to Punch Harder (and Faster) [2023 Update]","author":"Dave","date":"diciembre 5, 2014","format":false,"excerpt":"How to Develop KO Power *Disclaimer - You should never punch someone, unless they insult your mum - Keep your shoulders and arms relaxed. You want punches\u00a0to be fast and 'whip-like'. \u00a0Keep you upper body as relaxed as possible. - \"Throw your fist last\". \u00a0I believe the 'whip' effect of\u2026","rel":"","context":"Entrada similar","block_context":{"text":"Entrada similar","link":""},"img":{"alt_text":"","src":"https:\/\/i0.wp.com\/blackbeltwhitehat.com\/wp-content\/uploads\/2022\/05\/cungleko.gif?resize=350%2C200&ssl=1","width":350,"height":200},"classes":[]},{"id":415,"url":"https:\/\/blackbeltwhitehat.com\/es\/articulos-de-mma\/tecnica\/","url_meta":{"origin":332,"position":3},"title":"T\u00e9cnica","author":"Dave","date":"abril 16, 2013","format":false,"excerpt":"Articles on MMA technique & Tactics. Articles in this section are specific to fighters styles or are combined together to create a complete fighting strategy. \u00a0 MMA & BJJ BJJ Techniques for Beginners BJJ Hacks BJJ Takedowns Gi Takedowns in BJJ Solo Drills for MMA & BJJ \u00a0 Wrestling Techniques\u2026","rel":"","context":"Entrada similar","block_context":{"text":"Entrada similar","link":""},"img":{"alt_text":"","src":"","width":0,"height":0},"classes":[]},{"id":490,"url":"https:\/\/blackbeltwhitehat.com\/es\/articulos-de-mma\/tecnica\/luchando-contra-un-oponente-mas-alto\/","url_meta":{"origin":332,"position":4},"title":"How to Fight a Taller Opponent (Muay Thai &amp; MMA) [2024 update]","author":"Dave","date":"junio 29, 2013","format":false,"excerpt":"\u00a0Fighting a Taller Opponent in Boxing and MMA For a boxing specific approach to fighting a taller opponent - see this article. Fight Tips for Fighting a Taller Opponent Of course you have that's why you're here...the following are my tips for boxing or fighting a taller opponent and\/or a\u2026","rel":"","context":"Con 6 comentarios","block_context":{"text":"Con 6 comentarios","link":"https:\/\/blackbeltwhitehat.com\/es\/articulos-de-mma\/tecnica\/luchando-contra-un-oponente-mas-alto\/#comments"},"img":{"alt_text":"Daniel Cormier Vs stipe 2","src":"https:\/\/i0.wp.com\/blackbeltwhitehat.com\/wp-content\/uploads\/2019\/11\/received_747496292737865.gif?resize=350%2C200&ssl=1","width":350,"height":200},"classes":[]},{"id":4665,"url":"https:\/\/blackbeltwhitehat.com\/es\/directorio-de-tecnicas\/llamativo\/combinaciones-de-boxeo\/","url_meta":{"origin":332,"position":5},"title":"Combinaciones de boxeo","author":"Dave","date":"mayo 18, 2016","format":false,"excerpt":"\u00a0 Here are some combinations to try out on the pads and punchbag. Boxing Combinations Double Jab Jab, Cross Double Jab, Cross Left Jab, Cross, Left Hook, Cross Left Jab to the head, Right cross to the body, Left Hook to the head Left Jab, Left Hook Left Jab, Left\u2026","rel":"","context":"Entrada similar","block_context":{"text":"Entrada similar","link":""},"img":{"alt_text":"boxing jab","src":"https:\/\/i0.wp.com\/blackbeltwhitehat.com\/wp-content\/uploads\/2013\/06\/jab2a.jpg?resize=350%2C200&ssl=1","width":350,"height":200},"classes":[]}],"_links":{"self":[{"href":"https:\/\/blackbeltwhitehat.com\/es\/wp-json\/wp\/v2\/pages\/332","targetHints":{"allow":["GET"]}}],"collection":[{"href":"https:\/\/blackbeltwhitehat.com\/es\/wp-json\/wp\/v2\/pages"}],"about":[{"href":"https:\/\/blackbeltwhitehat.com\/es\/wp-json\/wp\/v2\/types\/page"}],"author":[{"embeddable":true,"href":"https:\/\/blackbeltwhitehat.com\/es\/wp-json\/wp\/v2\/users\/41980142"}],"replies":[{"embeddable":true,"href":"https:\/\/blackbeltwhitehat.com\/es\/wp-json\/wp\/v2\/comments?post=332"}],"version-history":[{"count":11,"href":"https:\/\/blackbeltwhitehat.com\/es\/wp-json\/wp\/v2\/pages\/332\/revisions"}],"predecessor-version":[{"id":4655,"href":"https:\/\/blackbeltwhitehat.com\/es\/wp-json\/wp\/v2\/pages\/332\/revisions\/4655"}],"up":[{"embeddable":true,"href":"https:\/\/blackbeltwhitehat.com\/es\/wp-json\/wp\/v2\/pages\/415"}],"wp:attachment":[{"href":"https:\/\/blackbeltwhitehat.com\/es\/wp-json\/wp\/v2\/media?parent=332"}],"curies":[{"name":"wp","href":"https:\/\/api.w.org\/{rel}","templated":true}]}}