{"id":415,"date":"2013-04-16T10:42:20","date_gmt":"2013-04-16T10:42:20","guid":{"rendered":"http:\/\/blackbeltwhitehat.com\/?page_id=415"},"modified":"2018-09-14T15:26:38","modified_gmt":"2018-09-14T15:26:38","slug":"tecnica","status":"publish","type":"page","link":"https:\/\/blackbeltwhitehat.com\/es\/articulos-de-mma\/tecnica\/","title":{"rendered":"T\u00e9cnica"},"content":{"rendered":"<p>Art\u00edculos sobre t\u00e9cnicas y t\u00e1cticas de MMA.<\/p>\n<p>Los art\u00edculos de esta secci\u00f3n son espec\u00edficos de los estilos de lucha o se combinan para crear una estrategia de lucha completa.<\/p>\n<p>&nbsp;<\/p>\n<hr \/>\n<h2><\/h2>\n<h2>MMA y BJJ<\/h2>\n<p><a href=\"https:\/\/blackbeltwhitehat.com\/es\/artes-marciales-mixtas\/tecnica\/bjj-para-principiantes\/\">T\u00e9cnicas de BJJ para principiantes<\/a><\/p>\n<p><a href=\"https:\/\/blackbeltwhitehat.com\/es\/artes-marciales-mixtas\/tecnica\/trucos-de-jiu-jitsu-brasileno\/\">Trucos de BJJ<\/a><\/p>\n<p><a href=\"https:\/\/blackbeltwhitehat.com\/es\/artes-marciales-mixtas\/tecnica\/derribos-de-jiu-jitsu-brasileno\/\">Derribos de BJJ<\/a><\/p>\n<p><a href=\"https:\/\/blackbeltwhitehat.com\/es\/artes-marciales-mixtas\/tecnica\/mis-derribos-favoritos-para-gi\/\">Derribos con Gi en BJJ<\/a><\/p>\n<p><a href=\"https:\/\/blackbeltwhitehat.com\/es\/artes-marciales-mixtas\/tecnica\/ejercicios-en-solitario\/\">Ejercicios en solitario para MMA y BJJ<\/a><\/p>\n<p>&nbsp;<\/p>\n<hr \/>\n<h2><\/h2>\n<h2>T\u00e9cnicas de lucha libre<\/h2>\n<p><a href=\"https:\/\/blackbeltwhitehat.com\/es\/artes-marciales-mixtas\/tecnica\/doble-pierna-2\/\">Finalizando un derribo con dos piernas<\/a><\/p>\n<p>&nbsp;<\/p>\n<hr \/>\n<h2><\/h2>\n<h2>T\u00e9cnicas de boxeo tailand\u00e9s \/ muay thai<\/h2>\n<p><a href=\"https:\/\/blackbeltwhitehat.com\/es\/artes-marciales-mixtas\/tecnica\/como-lanzar-una-patada-giratoria\/\">C\u00f3mo hacer una patada circular en el boxeo tailand\u00e9s<\/a><\/p>\n<p>&nbsp;<\/p>\n<hr \/>\n<h2><\/h2>\n<h2>T\u00e9cnicas de boxeo<\/h2>\n<p><a href=\"https:\/\/blackbeltwhitehat.com\/es\/artes-marciales-mixtas\/tecnica\/combinaciones-de-boxeo\/\">Combinaciones de boxeo<\/a><\/p>\n<p><a href=\"https:\/\/blackbeltwhitehat.com\/es\/artes-marciales-mixtas\/tecnica\/como-desarrollar-un-golpe-potente\/\">Aumentar la potencia de golpe<\/a><\/p>\n<p><a href=\"https:\/\/blackbeltwhitehat.com\/es\/artes-marciales-mixtas\/tecnica\/mano-izquierda-de-johny-hendricks\/\">Gancho de izquierda de Johnny Hendricks<\/a><\/p>\n<p>&nbsp;<\/p>\n<hr \/>\n<h2><\/h2>\n<h2>Otros estilos de lucha<\/h2>\n<p><a href=\"https:\/\/blackbeltwhitehat.com\/es\/artes-marciales-mixtas\/tecnica\/tecnica-de-lucha-con-agarre-hacia-atras\/\">T\u00e9cnicas de lucha con agarre hacia atr\u00e1s<\/a><\/p>\n<p>&nbsp;<\/p>\n<hr \/>\n<h2><\/h2>\n<h2>T\u00e1cticas y t\u00e9cnicas<\/h2>\n<p>&nbsp;<\/p>\n<p><a href=\"https:\/\/blackbeltwhitehat.com\/es\/artes-marciales-mixtas\/tecnica\/jon-jones-como-vencer-al-campeon-de-la-ufc\/\">C\u00f3mo vencer a Jon Jones<\/a><\/p>\n<p><a href=\"https:\/\/blackbeltwhitehat.com\/es\/artes-marciales-mixtas\/tecnica\/analisis-de-mark-hunt\/\">An\u00e1lisis del estilo de lucha de Mark Hunt<\/a><\/p>\n<p><a href=\"https:\/\/blackbeltwhitehat.com\/es\/artes-marciales-mixtas\/tecnica\/pelear-con-un-tipo-o-un-oponente-mas-grande\/\">Peleando con un tipo m\u00e1s grande<\/a><\/p>\n<p><a title=\"Pelear contra un oponente m\u00e1s alto en muay thai mma\" href=\"http:\/\/blackbeltwhitehat.com\/es\/artes-marciales-mixtas\/tecnica\/luchando-contra-un-oponente-mas-alto\/\"><strong>Luchando contra un oponente m\u00e1s alto<\/strong><\/a><\/p>\n<p><a href=\"https:\/\/blackbeltwhitehat.com\/es\/artes-marciales-mixtas\/tecnica\/autodefensa-para-mujeres\/\">Autodefensa para mujeres<\/a><\/p>\n<p>&nbsp;<\/p>","protected":false},"excerpt":{"rendered":"<p>Articles on MMA technique &amp; Tactics. Articles in this section are specific to fighters styles or are combined together to create a complete fighting strategy. &nbsp; MMA &amp; BJJ BJJ Techniques for Beginners BJJ Hacks BJJ Takedowns Gi Takedowns in BJJ Solo Drills for MMA &amp; BJJ &nbsp; Wrestling Techniques Finishing a Double Leg Takedown [&hellip;]<\/p>\n","protected":false},"author":41980142,"featured_media":0,"parent":251,"menu_order":0,"comment_status":"open","ping_status":"open","template":"","meta":{"_coblocks_attr":"","_coblocks_dimensions":"","_coblocks_responsive_height":"","_coblocks_accordion_ie_support":"","_crdt_document":"","footnotes":""},"class_list":["post-415","page","type-page","status-publish","hentry"],"yoast_head":"<!-- This site is optimized with the Yoast SEO plugin v27.4 - https:\/\/yoast.com\/product\/yoast-seo-wordpress\/ -->\n<title>Technique - Fitness &amp; MMA Blog - BlackBeltWhiteHat.com<\/title>\n<meta name=\"robots\" content=\"index, follow, max-snippet:-1, max-image-preview:large, max-video-preview:-1\" \/>\n<link rel=\"canonical\" href=\"https:\/\/blackbeltwhitehat.com\/es\/articulos-de-mma\/tecnica\/\" \/>\n<meta property=\"og:locale\" content=\"es_ES\" \/>\n<meta property=\"og:type\" content=\"article\" \/>\n<meta property=\"og:title\" content=\"Technique - Fitness &amp; MMA Blog - BlackBeltWhiteHat.com\" \/>\n<meta property=\"og:description\" content=\"Articles on MMA technique &amp; Tactics. Articles in this section are specific to fighters styles or are combined together to create a complete fighting strategy. &nbsp; MMA &amp; BJJ BJJ Techniques for Beginners BJJ Hacks BJJ Takedowns Gi Takedowns in BJJ Solo Drills for MMA &amp; BJJ &nbsp; Wrestling Techniques Finishing a Double Leg Takedown [&hellip;]\" \/>\n<meta property=\"og:url\" content=\"https:\/\/blackbeltwhitehat.com\/es\/articulos-de-mma\/tecnica\/\" \/>\n<meta property=\"og:site_name\" content=\"Fitness &amp; MMA Blog - BlackBeltWhiteHat.com\" \/>\n<meta property=\"article:publisher\" content=\"https:\/\/www.facebook.com\/BlackBeltWhiteHat\/\" \/>\n<meta property=\"article:modified_time\" content=\"2018-09-14T15:26:38+00:00\" \/>\n<meta name=\"twitter:card\" content=\"summary_large_image\" \/>\n<meta name=\"twitter:site\" content=\"@MMATraining1980\" \/>\n<meta name=\"twitter:label1\" content=\"Tiempo de lectura\" \/>\n\t<meta name=\"twitter:data1\" content=\"1 minuto\" \/>\n<!-- \/ Yoast SEO plugin. -->","yoast_head_json":{"title":"Technique - Fitness &amp; MMA Blog - BlackBeltWhiteHat.com","robots":{"index":"index","follow":"follow","max-snippet":"max-snippet:-1","max-image-preview":"max-image-preview:large","max-video-preview":"max-video-preview:-1"},"canonical":"https:\/\/blackbeltwhitehat.com\/es\/articulos-de-mma\/tecnica\/","og_locale":"es_ES","og_type":"article","og_title":"Technique - Fitness &amp; MMA Blog - BlackBeltWhiteHat.com","og_description":"Articles on MMA technique &amp; Tactics. Articles in this section are specific to fighters styles or are combined together to create a complete fighting strategy. &nbsp; MMA &amp; BJJ BJJ Techniques for Beginners BJJ Hacks BJJ Takedowns Gi Takedowns in BJJ Solo Drills for MMA &amp; BJJ &nbsp; Wrestling Techniques Finishing a Double Leg Takedown [&hellip;]","og_url":"https:\/\/blackbeltwhitehat.com\/es\/articulos-de-mma\/tecnica\/","og_site_name":"Fitness &amp; MMA Blog - BlackBeltWhiteHat.com","article_publisher":"https:\/\/www.facebook.com\/BlackBeltWhiteHat\/","article_modified_time":"2018-09-14T15:26:38+00:00","twitter_card":"summary_large_image","twitter_site":"@MMATraining1980","twitter_misc":{"Tiempo de lectura":"1 minuto"},"schema":{"@context":"https:\/\/schema.org","@graph":[{"@type":"WebPage","@id":"https:\/\/blackbeltwhitehat.com\/mma-articles\/technique\/","url":"https:\/\/blackbeltwhitehat.com\/mma-articles\/technique\/","name":"Technique - Fitness &amp; MMA Blog - BlackBeltWhiteHat.com","isPartOf":{"@id":"https:\/\/blackbeltwhitehat.com\/en\/#website"},"datePublished":"2013-04-16T10:42:20+00:00","dateModified":"2018-09-14T15:26:38+00:00","breadcrumb":{"@id":"https:\/\/blackbeltwhitehat.com\/mma-articles\/technique\/#breadcrumb"},"inLanguage":"es","potentialAction":[{"@type":"ReadAction","target":["https:\/\/blackbeltwhitehat.com\/mma-articles\/technique\/"]}]},{"@type":"BreadcrumbList","@id":"https:\/\/blackbeltwhitehat.com\/mma-articles\/technique\/#breadcrumb","itemListElement":[{"@type":"ListItem","position":1,"name":"Home","item":"https:\/\/blackbeltwhitehat.com\/"},{"@type":"ListItem","position":2,"name":"MMA","item":"https:\/\/blackbeltwhitehat.com\/mma-articles\/"},{"@type":"ListItem","position":3,"name":"Technique"}]},{"@type":"WebSite","@id":"https:\/\/blackbeltwhitehat.com\/en\/#website","url":"https:\/\/blackbeltwhitehat.com\/en\/","name":"Blog de fitness y MMA - BlackBeltWhiteHat.com","description":"Blog de fitness, MMA y nutrici\u00f3n del Reino Unido","publisher":{"@id":"https:\/\/blackbeltwhitehat.com\/en\/#organization"},"potentialAction":[{"@type":"SearchAction","target":{"@type":"EntryPoint","urlTemplate":"https:\/\/blackbeltwhitehat.com\/en\/?s={search_term_string}"},"query-input":{"@type":"PropertyValueSpecification","valueRequired":true,"valueName":"search_term_string"}}],"inLanguage":"es"},{"@type":"Organization","@id":"https:\/\/blackbeltwhitehat.com\/en\/#organization","name":"Blog de fitness y MMA - BlackBeltWhiteHat.com","url":"https:\/\/blackbeltwhitehat.com\/en\/","logo":{"@type":"ImageObject","inLanguage":"es","@id":"https:\/\/blackbeltwhitehat.com\/en\/#\/schema\/logo\/image\/","url":"https:\/\/blackbeltwhitehat.com\/wp-content\/uploads\/2019\/06\/cropped-mmabloglogodis-copy.png","contentUrl":"https:\/\/blackbeltwhitehat.com\/wp-content\/uploads\/2019\/06\/cropped-mmabloglogodis-copy.png","width":352,"height":352,"caption":"Fitness & MMA Blog - BlackBeltWhiteHat.com"},"image":{"@id":"https:\/\/blackbeltwhitehat.com\/en\/#\/schema\/logo\/image\/"},"sameAs":["https:\/\/www.facebook.com\/BlackBeltWhiteHat\/","https:\/\/x.com\/MMATraining1980"]}]}},"jetpack_likes_enabled":true,"jetpack_sharing_enabled":true,"jetpack_shortlink":"https:\/\/wp.me\/P2Sx3t-6H","jetpack-related-posts":[{"id":4537,"url":"https:\/\/blackbeltwhitehat.com\/es\/directorio-de-tecnicas\/llamativo\/","url_meta":{"origin":415,"position":0},"title":"Llamativo","author":"Dave","date":"mayo 13, 2016","format":false,"excerpt":"Striking & Boxing Techniques A handy directory of striking and boxing techniques to keep your MMA and boxing game up to speed. If you're a beginner or an advanced fighter, it's always handy to have techniques arranged in this way. How to Jab in Boxing and MMA How to Double\u2026","rel":"","context":"Entrada similar","block_context":{"text":"Entrada similar","link":""},"img":{"alt_text":"","src":"","width":0,"height":0},"classes":[]},{"id":251,"url":"https:\/\/blackbeltwhitehat.com\/es\/articulos-de-mma\/","url_meta":{"origin":415,"position":1},"title":"MMA","author":"Dave","date":"marzo 6, 2013","format":false,"excerpt":"Una variedad de art\u00edculos sobre MMA que abarcan fuerza y acondicionamiento, nutrici\u00f3n y t\u00e9cnicas de MMA. Haz clic aqu\u00ed para ver todas las publicaciones del blog relacionadas con MMA. Haz clic aqu\u00ed para ver art\u00edculos sobre entrenamiento de MMA. Escritos en un formato conciso y f\u00e1cil de entender, sin duda merecen la pena leerlos para cualquier aficionado a las MMA\u2026","rel":"","context":"Entrada similar","block_context":{"text":"Entrada similar","link":""},"img":{"alt_text":"what is MMA","src":"https:\/\/i0.wp.com\/blackbeltwhitehat.com\/wp-content\/uploads\/2018\/09\/mma_whatis.jpg?resize=350%2C200&ssl=1","width":350,"height":200,"srcset":"https:\/\/i0.wp.com\/blackbeltwhitehat.com\/wp-content\/uploads\/2018\/09\/mma_whatis.jpg?resize=350%2C200&ssl=1 1x, https:\/\/i0.wp.com\/blackbeltwhitehat.com\/wp-content\/uploads\/2018\/09\/mma_whatis.jpg?resize=525%2C300&ssl=1 1.5x, https:\/\/i0.wp.com\/blackbeltwhitehat.com\/wp-content\/uploads\/2018\/09\/mma_whatis.jpg?resize=700%2C400&ssl=1 2x"},"classes":[]},{"id":4521,"url":"https:\/\/blackbeltwhitehat.com\/es\/directorio-de-tecnicas\/","url_meta":{"origin":415,"position":2},"title":"T\u00e9cnicas","author":"Dave","date":"mayo 13, 2016","format":false,"excerpt":"New to MMA, martial arts, boxing, wrestling or BJJ? Take a look at our comprehensive list of fundamental techniques that cover striking - from boxing and Thai boxing, stand-up grappling\u00a0techniques & takedowns from wrestling and judo and BJJ\/submission grappling. Striking refers to kicking, punching, kneeing etc. Grappling is composed of\u2026","rel":"","context":"Entrada similar","block_context":{"text":"Entrada similar","link":""},"img":{"alt_text":"","src":"","width":0,"height":0},"classes":[]},{"id":1732,"url":"https:\/\/blackbeltwhitehat.com\/es\/articulos-de-mma\/tecnica\/derribos-de-jiu-jitsu-brasileno\/","url_meta":{"origin":415,"position":3},"title":"Derribos de BJJ","author":"Dave","date":"junio 9, 2014","format":false,"excerpt":"Takedowns for BJJ \u00a0 There is SO MUCH to learn in BJJ, just on the deck, that takedowns are often an after-thought. For self defence however, takedowns are arguably the most important aspect, and if you ever compete as a white belt, a good takedown can often win you a\u2026","rel":"","context":"Entrada similar","block_context":{"text":"Entrada similar","link":""},"img":{"alt_text":"","src":"","width":0,"height":0},"classes":[]},{"id":4543,"url":"https:\/\/blackbeltwhitehat.com\/es\/directorio-de-tecnicas\/lucha-2\/clinch-de-lucha-libre\/","url_meta":{"origin":415,"position":4},"title":"Lucha libre Clinch \/ corbata de cuello \/ corbata de cuello","author":"Dave","date":"mayo 14, 2016","format":false,"excerpt":"The wrestling clinch is used to manipulate the head and neck of the opponent, to set up for takedowns. www.writingfighting.wordpress.com It was famously used in MMA by Randy Couture for 'dirty boxing'. He would set up the clinch with his\u00a0left arm\/hand, circle towards the left\/clockwise and land punches with his\u2026","rel":"","context":"Entrada similar","block_context":{"text":"Entrada similar","link":""},"img":{"alt_text":"","src":"https:\/\/i0.wp.com\/blackbeltwhitehat.com\/wp-content\/uploads\/2022\/04\/ffc1a65a21804c94b799af968027e483.gif?resize=350%2C200&ssl=1","width":350,"height":200},"classes":[]},{"id":2335,"url":"https:\/\/blackbeltwhitehat.com\/es\/articulos-de-mma\/tecnica\/trucos-de-jiu-jitsu-brasileno\/","url_meta":{"origin":415,"position":5},"title":"Trucos de BJJ para principiantes","author":"Dave","date":"noviembre 23, 2014","format":false,"excerpt":"BJJ Hacks & Tips for Beginners How I got very average at Jiu Jitsu I'll get some more videos uploaded soon... BJJ Strength & Conditioning for Beginners Technique is more important than strength & fitness but...having very explosive hips will make your escapes from bottom, so much easier! Do some\u2026","rel":"","context":"Entrada similar","block_context":{"text":"Entrada similar","link":""},"img":{"alt_text":"","src":"https:\/\/i0.wp.com\/img.youtube.com\/vi\/oGZcBf8KlK8\/0.jpg?resize=350%2C200","width":350,"height":200},"classes":[]}],"_links":{"self":[{"href":"https:\/\/blackbeltwhitehat.com\/es\/wp-json\/wp\/v2\/pages\/415","targetHints":{"allow":["GET"]}}],"collection":[{"href":"https:\/\/blackbeltwhitehat.com\/es\/wp-json\/wp\/v2\/pages"}],"about":[{"href":"https:\/\/blackbeltwhitehat.com\/es\/wp-json\/wp\/v2\/types\/page"}],"author":[{"embeddable":true,"href":"https:\/\/blackbeltwhitehat.com\/es\/wp-json\/wp\/v2\/users\/41980142"}],"replies":[{"embeddable":true,"href":"https:\/\/blackbeltwhitehat.com\/es\/wp-json\/wp\/v2\/comments?post=415"}],"version-history":[{"count":4,"href":"https:\/\/blackbeltwhitehat.com\/es\/wp-json\/wp\/v2\/pages\/415\/revisions"}],"predecessor-version":[{"id":9327,"href":"https:\/\/blackbeltwhitehat.com\/es\/wp-json\/wp\/v2\/pages\/415\/revisions\/9327"}],"up":[{"embeddable":true,"href":"https:\/\/blackbeltwhitehat.com\/es\/wp-json\/wp\/v2\/pages\/251"}],"wp:attachment":[{"href":"https:\/\/blackbeltwhitehat.com\/es\/wp-json\/wp\/v2\/media?parent=415"}],"curies":[{"name":"wp","href":"https:\/\/api.w.org\/{rel}","templated":true}]}}