{"id":448,"date":"2013-05-13T09:59:08","date_gmt":"2013-05-13T09:59:08","guid":{"rendered":"http:\/\/blackbeltwhitehat.com\/?page_id=448"},"modified":"2013-06-29T14:36:59","modified_gmt":"2013-06-29T14:36:59","slug":"como-imprimir-la-pantalla-en-mac","status":"publish","type":"page","link":"https:\/\/blackbeltwhitehat.com\/es\/articulos-de-mma\/otro\/como-imprimir-la-pantalla-en-mac\/","title":{"rendered":"Krav Mag\u00e1"},"content":{"rendered":"<p>O\u00ed hablar de este arte marcial por primera vez cuando estudiaba JKD en los 90. El a\u00f1o pasado vi un episodio de &quot;Fight Quest&quot; donde entrenaban con unas mujeres incre\u00edbles en Israel. Fue brutal.<\/p>\n<p>Este es el mejor\/m\u00e1s informativo v\u00eddeo que pude encontrar sobre Krav Maga:<\/p>\n<p><span class=\"embed-youtube\" style=\"text-align:center; display: block;\"><iframe loading=\"lazy\" class=\"youtube-player\" width=\"640\" height=\"360\" src=\"https:\/\/www.youtube.com\/embed\/EqU8VOXdoYg?version=3&#038;rel=1&#038;showsearch=0&#038;showinfo=1&#038;iv_load_policy=1&#038;fs=1&#038;hl=es-ES&#038;autohide=2&#038;wmode=transparent\" allowfullscreen=\"true\" style=\"border:0;\" sandbox=\"allow-scripts allow-same-origin allow-popups allow-presentation allow-popups-to-escape-sandbox\"><\/iframe><\/span><\/p>","protected":false},"excerpt":{"rendered":"<p>I first heard about this martial art when studying JKD back in the 90&#8217;s, then last year I watched an episode of &#8220;Fight Quest&#8221; where they trained with some absolutely mental women, in Israel. It was bad-ass. This is the best\/most informative video I could find on Krav Maga:<\/p>","protected":false},"author":41980142,"featured_media":0,"parent":494,"menu_order":0,"comment_status":"open","ping_status":"open","template":"","meta":{"_coblocks_attr":"","_coblocks_dimensions":"","_coblocks_responsive_height":"","_coblocks_accordion_ie_support":"","_crdt_document":"","footnotes":""},"class_list":["post-448","page","type-page","status-publish","hentry"],"yoast_head":"<!-- This site is optimized with the Yoast SEO plugin v27.4 - https:\/\/yoast.com\/product\/yoast-seo-wordpress\/ -->\n<title>Krav Maga - Fitness &amp; MMA Blog - BlackBeltWhiteHat.com<\/title>\n<meta name=\"robots\" content=\"index, follow, max-snippet:-1, max-image-preview:large, max-video-preview:-1\" \/>\n<link rel=\"canonical\" href=\"https:\/\/blackbeltwhitehat.com\/es\/articulos-de-mma\/otro\/como-imprimir-la-pantalla-en-mac\/\" \/>\n<meta property=\"og:locale\" content=\"es_ES\" \/>\n<meta property=\"og:type\" content=\"article\" \/>\n<meta property=\"og:title\" content=\"Krav Maga - Fitness &amp; MMA Blog - BlackBeltWhiteHat.com\" \/>\n<meta property=\"og:description\" content=\"I first heard about this martial art when studying JKD back in the 90&#8217;s, then last year I watched an episode of &#8220;Fight Quest&#8221; where they trained with some absolutely mental women, in Israel. It was bad-ass. This is the best\/most informative video I could find on Krav Maga:\" \/>\n<meta property=\"og:url\" content=\"https:\/\/blackbeltwhitehat.com\/es\/articulos-de-mma\/otro\/como-imprimir-la-pantalla-en-mac\/\" \/>\n<meta property=\"og:site_name\" content=\"Fitness &amp; MMA Blog - BlackBeltWhiteHat.com\" \/>\n<meta property=\"article:publisher\" content=\"https:\/\/www.facebook.com\/BlackBeltWhiteHat\/\" \/>\n<meta property=\"article:modified_time\" content=\"2013-06-29T14:36:59+00:00\" \/>\n<meta name=\"twitter:card\" content=\"summary_large_image\" \/>\n<meta name=\"twitter:site\" content=\"@MMATraining1980\" \/>\n<!-- \/ Yoast SEO plugin. -->","yoast_head_json":{"title":"Krav Maga - Fitness &amp; MMA Blog - BlackBeltWhiteHat.com","robots":{"index":"index","follow":"follow","max-snippet":"max-snippet:-1","max-image-preview":"max-image-preview:large","max-video-preview":"max-video-preview:-1"},"canonical":"https:\/\/blackbeltwhitehat.com\/es\/articulos-de-mma\/otro\/como-imprimir-la-pantalla-en-mac\/","og_locale":"es_ES","og_type":"article","og_title":"Krav Maga - Fitness &amp; MMA Blog - BlackBeltWhiteHat.com","og_description":"I first heard about this martial art when studying JKD back in the 90&#8217;s, then last year I watched an episode of &#8220;Fight Quest&#8221; where they trained with some absolutely mental women, in Israel. It was bad-ass. This is the best\/most informative video I could find on Krav Maga:","og_url":"https:\/\/blackbeltwhitehat.com\/es\/articulos-de-mma\/otro\/como-imprimir-la-pantalla-en-mac\/","og_site_name":"Fitness &amp; MMA Blog - BlackBeltWhiteHat.com","article_publisher":"https:\/\/www.facebook.com\/BlackBeltWhiteHat\/","article_modified_time":"2013-06-29T14:36:59+00:00","twitter_card":"summary_large_image","twitter_site":"@MMATraining1980","schema":{"@context":"https:\/\/schema.org","@graph":[{"@type":"WebPage","@id":"https:\/\/blackbeltwhitehat.com\/mma-articles\/other\/how-to-print-screen-on-mac\/","url":"https:\/\/blackbeltwhitehat.com\/mma-articles\/other\/how-to-print-screen-on-mac\/","name":"Krav Maga - Fitness &amp; MMA Blog - BlackBeltWhiteHat.com","isPartOf":{"@id":"https:\/\/blackbeltwhitehat.com\/en\/#website"},"datePublished":"2013-05-13T09:59:08+00:00","dateModified":"2013-06-29T14:36:59+00:00","breadcrumb":{"@id":"https:\/\/blackbeltwhitehat.com\/mma-articles\/other\/how-to-print-screen-on-mac\/#breadcrumb"},"inLanguage":"es","potentialAction":[{"@type":"ReadAction","target":["https:\/\/blackbeltwhitehat.com\/mma-articles\/other\/how-to-print-screen-on-mac\/"]}]},{"@type":"BreadcrumbList","@id":"https:\/\/blackbeltwhitehat.com\/mma-articles\/other\/how-to-print-screen-on-mac\/#breadcrumb","itemListElement":[{"@type":"ListItem","position":1,"name":"Home","item":"https:\/\/blackbeltwhitehat.com\/"},{"@type":"ListItem","position":2,"name":"MMA","item":"https:\/\/blackbeltwhitehat.com\/mma-articles\/"},{"@type":"ListItem","position":3,"name":"Other","item":"https:\/\/blackbeltwhitehat.com\/mma-articles\/other\/"},{"@type":"ListItem","position":4,"name":"Krav Maga"}]},{"@type":"WebSite","@id":"https:\/\/blackbeltwhitehat.com\/en\/#website","url":"https:\/\/blackbeltwhitehat.com\/en\/","name":"Blog de fitness y MMA - BlackBeltWhiteHat.com","description":"Blog de fitness, MMA y nutrici\u00f3n del Reino Unido","publisher":{"@id":"https:\/\/blackbeltwhitehat.com\/en\/#organization"},"potentialAction":[{"@type":"SearchAction","target":{"@type":"EntryPoint","urlTemplate":"https:\/\/blackbeltwhitehat.com\/en\/?s={search_term_string}"},"query-input":{"@type":"PropertyValueSpecification","valueRequired":true,"valueName":"search_term_string"}}],"inLanguage":"es"},{"@type":"Organization","@id":"https:\/\/blackbeltwhitehat.com\/en\/#organization","name":"Blog de fitness y MMA - BlackBeltWhiteHat.com","url":"https:\/\/blackbeltwhitehat.com\/en\/","logo":{"@type":"ImageObject","inLanguage":"es","@id":"https:\/\/blackbeltwhitehat.com\/en\/#\/schema\/logo\/image\/","url":"https:\/\/blackbeltwhitehat.com\/wp-content\/uploads\/2019\/06\/cropped-mmabloglogodis-copy.png","contentUrl":"https:\/\/blackbeltwhitehat.com\/wp-content\/uploads\/2019\/06\/cropped-mmabloglogodis-copy.png","width":352,"height":352,"caption":"Fitness & MMA Blog - BlackBeltWhiteHat.com"},"image":{"@id":"https:\/\/blackbeltwhitehat.com\/en\/#\/schema\/logo\/image\/"},"sameAs":["https:\/\/www.facebook.com\/BlackBeltWhiteHat\/","https:\/\/x.com\/MMATraining1980"]}]}},"jetpack_likes_enabled":true,"jetpack_sharing_enabled":true,"jetpack_shortlink":"https:\/\/wp.me\/P2Sx3t-7e","jetpack-related-posts":[{"id":10536,"url":"https:\/\/blackbeltwhitehat.com\/es\/resenas\/resena-del-saco-de-boxeo-independiente-bob-xl\/","url_meta":{"origin":448,"position":0},"title":"Saco de boxeo independiente Bob XL \u2013 Rese\u00f1a","author":"Dave","date":"agosto 3, 2019","format":false,"excerpt":"Advantages of the Bob XL Dummy Easy to set upNo bracket required - just need a space to exerciseYou can uppercut the head (you can't uppercut a normal bag)You can clinch and pull down the headYou can practice accurate eye, nose & throat strikes Freestanding Bob Dummy Vs Conventional Heavy\u2026","rel":"","context":"Entrada similar","block_context":{"text":"Entrada similar","link":""},"img":{"alt_text":"","src":"https:\/\/i0.wp.com\/blackbeltwhitehat.com\/wp-content\/uploads\/2019\/08\/bobxl.gif?resize=350%2C200&ssl=1","width":350,"height":200},"classes":[]}],"_links":{"self":[{"href":"https:\/\/blackbeltwhitehat.com\/es\/wp-json\/wp\/v2\/pages\/448","targetHints":{"allow":["GET"]}}],"collection":[{"href":"https:\/\/blackbeltwhitehat.com\/es\/wp-json\/wp\/v2\/pages"}],"about":[{"href":"https:\/\/blackbeltwhitehat.com\/es\/wp-json\/wp\/v2\/types\/page"}],"author":[{"embeddable":true,"href":"https:\/\/blackbeltwhitehat.com\/es\/wp-json\/wp\/v2\/users\/41980142"}],"replies":[{"embeddable":true,"href":"https:\/\/blackbeltwhitehat.com\/es\/wp-json\/wp\/v2\/comments?post=448"}],"version-history":[{"count":5,"href":"https:\/\/blackbeltwhitehat.com\/es\/wp-json\/wp\/v2\/pages\/448\/revisions"}],"predecessor-version":[{"id":466,"href":"https:\/\/blackbeltwhitehat.com\/es\/wp-json\/wp\/v2\/pages\/448\/revisions\/466"}],"up":[{"embeddable":true,"href":"https:\/\/blackbeltwhitehat.com\/es\/wp-json\/wp\/v2\/pages\/494"}],"wp:attachment":[{"href":"https:\/\/blackbeltwhitehat.com\/es\/wp-json\/wp\/v2\/media?parent=448"}],"curies":[{"name":"wp","href":"https:\/\/api.w.org\/{rel}","templated":true}]}}