{"id":484,"date":"2013-06-29T13:56:37","date_gmt":"2013-06-29T13:56:37","guid":{"rendered":"http:\/\/blackbeltwhitehat.com\/?page_id=484"},"modified":"2013-06-29T13:56:37","modified_gmt":"2013-06-29T13:56:37","slug":"espinilleras-rebeldes","status":"publish","type":"page","link":"https:\/\/blackbeltwhitehat.com\/es\/resenas\/espinilleras-rebeldes\/","title":{"rendered":"Espinilleras Rogue"},"content":{"rendered":"<p>Rese\u00f1a de las espinilleras Rogue<\/p>\n<p>Muy bueno, bastante duradero, solo es un fastidio limpiarlo y quit\u00e1rselo de la pierna cuando est\u00e1s sudando.<br \/>\nImprescindible para el sparring de MMA.<br \/>\nMis pagos siguen funcionando bien despu\u00e9s de 5 a\u00f1os de uso continuo.<\/p>\n<p><span class=\"embed-youtube\" style=\"text-align:center; display: block;\"><iframe loading=\"lazy\" class=\"youtube-player\" width=\"640\" height=\"360\" src=\"https:\/\/www.youtube.com\/embed\/sfrMLwICCTk?version=3&#038;rel=1&#038;showsearch=0&#038;showinfo=1&#038;iv_load_policy=1&#038;fs=1&#038;hl=es-ES&#038;autohide=2&#038;wmode=transparent\" allowfullscreen=\"true\" style=\"border:0;\" sandbox=\"allow-scripts allow-same-origin allow-popups allow-presentation allow-popups-to-escape-sandbox\"><\/iframe><\/span><\/p>","protected":false},"excerpt":{"rendered":"<p>Rese\u00f1a de las espinilleras Rogue. Muy buenas, bastante resistentes, solo que son un fastidio limpiarlas y quit\u00e1rselas de la pierna cuando sudas. Imprescindibles para el sparring de MMA. Mis espinilleras siguen funcionando bien despu\u00e9s de 5 a\u00f1os de uso continuo.<\/p>","protected":false},"author":41980142,"featured_media":0,"parent":189,"menu_order":0,"comment_status":"open","ping_status":"open","template":"","meta":{"_coblocks_attr":"","_coblocks_dimensions":"","_coblocks_responsive_height":"","_coblocks_accordion_ie_support":"","_crdt_document":"","footnotes":""},"class_list":["post-484","page","type-page","status-publish","hentry"],"yoast_head":"<!-- This site is optimized with the Yoast SEO plugin v27.4 - https:\/\/yoast.com\/product\/yoast-seo-wordpress\/ -->\n<title>Rogue Shinguards  - Fitness &amp; MMA Blog - BlackBeltWhiteHat.com<\/title>\n<meta name=\"robots\" content=\"index, follow, max-snippet:-1, max-image-preview:large, max-video-preview:-1\" \/>\n<link rel=\"canonical\" href=\"https:\/\/blackbeltwhitehat.com\/es\/resenas\/espinilleras-rebeldes\/\" \/>\n<meta property=\"og:locale\" content=\"es_ES\" \/>\n<meta property=\"og:type\" content=\"article\" \/>\n<meta property=\"og:title\" content=\"Rogue Shinguards  - Fitness &amp; MMA Blog - BlackBeltWhiteHat.com\" \/>\n<meta property=\"og:description\" content=\"Rogue Shinguards review Very good, pretty durable, just a pain to clean and to get off your leg when your sweating. A must for MMA sparring. My paid are still going strong after 5 years of continuous use\" \/>\n<meta property=\"og:url\" content=\"https:\/\/blackbeltwhitehat.com\/es\/resenas\/espinilleras-rebeldes\/\" \/>\n<meta property=\"og:site_name\" content=\"Fitness &amp; MMA Blog - BlackBeltWhiteHat.com\" \/>\n<meta property=\"article:publisher\" content=\"https:\/\/www.facebook.com\/BlackBeltWhiteHat\/\" \/>\n<meta name=\"twitter:card\" content=\"summary_large_image\" \/>\n<meta name=\"twitter:site\" content=\"@MMATraining1980\" \/>\n<!-- \/ Yoast SEO plugin. -->","yoast_head_json":{"title":"Rogue Shinguards  - Fitness &amp; MMA Blog - BlackBeltWhiteHat.com","robots":{"index":"index","follow":"follow","max-snippet":"max-snippet:-1","max-image-preview":"max-image-preview:large","max-video-preview":"max-video-preview:-1"},"canonical":"https:\/\/blackbeltwhitehat.com\/es\/resenas\/espinilleras-rebeldes\/","og_locale":"es_ES","og_type":"article","og_title":"Rogue Shinguards  - Fitness &amp; MMA Blog - BlackBeltWhiteHat.com","og_description":"Rogue Shinguards review Very good, pretty durable, just a pain to clean and to get off your leg when your sweating. A must for MMA sparring. My paid are still going strong after 5 years of continuous use","og_url":"https:\/\/blackbeltwhitehat.com\/es\/resenas\/espinilleras-rebeldes\/","og_site_name":"Fitness &amp; MMA Blog - BlackBeltWhiteHat.com","article_publisher":"https:\/\/www.facebook.com\/BlackBeltWhiteHat\/","twitter_card":"summary_large_image","twitter_site":"@MMATraining1980","schema":{"@context":"https:\/\/schema.org","@graph":[{"@type":"WebPage","@id":"https:\/\/blackbeltwhitehat.com\/reviews\/rogue-shinguards\/","url":"https:\/\/blackbeltwhitehat.com\/reviews\/rogue-shinguards\/","name":"Rogue Shinguards - Fitness &amp; MMA Blog - BlackBeltWhiteHat.com","isPartOf":{"@id":"https:\/\/blackbeltwhitehat.com\/en\/#website"},"datePublished":"2013-06-29T13:56:37+00:00","breadcrumb":{"@id":"https:\/\/blackbeltwhitehat.com\/reviews\/rogue-shinguards\/#breadcrumb"},"inLanguage":"es","potentialAction":[{"@type":"ReadAction","target":["https:\/\/blackbeltwhitehat.com\/reviews\/rogue-shinguards\/"]}]},{"@type":"BreadcrumbList","@id":"https:\/\/blackbeltwhitehat.com\/reviews\/rogue-shinguards\/#breadcrumb","itemListElement":[{"@type":"ListItem","position":1,"name":"Home","item":"https:\/\/blackbeltwhitehat.com\/"},{"@type":"ListItem","position":2,"name":"Reviews","item":"https:\/\/blackbeltwhitehat.com\/reviews\/"},{"@type":"ListItem","position":3,"name":"Rogue Shinguards"}]},{"@type":"WebSite","@id":"https:\/\/blackbeltwhitehat.com\/en\/#website","url":"https:\/\/blackbeltwhitehat.com\/en\/","name":"Blog de fitness y MMA - BlackBeltWhiteHat.com","description":"Blog de fitness, MMA y nutrici\u00f3n del Reino Unido","publisher":{"@id":"https:\/\/blackbeltwhitehat.com\/en\/#organization"},"potentialAction":[{"@type":"SearchAction","target":{"@type":"EntryPoint","urlTemplate":"https:\/\/blackbeltwhitehat.com\/en\/?s={search_term_string}"},"query-input":{"@type":"PropertyValueSpecification","valueRequired":true,"valueName":"search_term_string"}}],"inLanguage":"es"},{"@type":"Organization","@id":"https:\/\/blackbeltwhitehat.com\/en\/#organization","name":"Blog de fitness y MMA - BlackBeltWhiteHat.com","url":"https:\/\/blackbeltwhitehat.com\/en\/","logo":{"@type":"ImageObject","inLanguage":"es","@id":"https:\/\/blackbeltwhitehat.com\/en\/#\/schema\/logo\/image\/","url":"https:\/\/blackbeltwhitehat.com\/wp-content\/uploads\/2019\/06\/cropped-mmabloglogodis-copy.png","contentUrl":"https:\/\/blackbeltwhitehat.com\/wp-content\/uploads\/2019\/06\/cropped-mmabloglogodis-copy.png","width":352,"height":352,"caption":"Fitness & MMA Blog - BlackBeltWhiteHat.com"},"image":{"@id":"https:\/\/blackbeltwhitehat.com\/en\/#\/schema\/logo\/image\/"},"sameAs":["https:\/\/www.facebook.com\/BlackBeltWhiteHat\/","https:\/\/x.com\/MMATraining1980"]}]}},"jetpack_likes_enabled":true,"jetpack_sharing_enabled":true,"jetpack_shortlink":"https:\/\/wp.me\/P2Sx3t-7O","jetpack-related-posts":[{"id":189,"url":"https:\/\/blackbeltwhitehat.com\/es\/resenas\/","url_meta":{"origin":484,"position":0},"title":"Rese\u00f1as","author":"Dave","date":"febrero 4, 2013","format":false,"excerpt":"Rese\u00f1as de productos y equipos para fitness y MMA. Opiniones honestas sobre productos y servicios relacionados con el fitness, la nutrici\u00f3n y las MMA. Rara vez me env\u00edan productos para rese\u00f1ar, pero si lo hacen, lo indicar\u00e9 en la rese\u00f1a. Rese\u00f1as de MMA: Rese\u00f1a de los guantes Everlast MMA, rese\u00f1a de la m\u00e1quina de masaje TimTam, boxeo de cuero Kangrui\u2026","rel":"","context":"Entrada similar","block_context":{"text":"Entrada similar","link":""},"img":{"alt_text":"","src":"","width":0,"height":0},"classes":[]},{"id":515,"url":"https:\/\/blackbeltwhitehat.com\/es\/resenas\/guantes-de-sparmaster-picaro\/","url_meta":{"origin":484,"position":1},"title":"Guantes Rogue SparMaster","author":"Dave","date":"junio 29, 2013","format":false,"excerpt":"MMA Gear Review - MMA SparMaster Gloves Good Gloves! \u00a0Years old, and still going strong. \u00a0Not amazing for use on the pads, but other than that, really good for sparring. http:\/\/www.youtube.com\/watch?v=zQzZFgm4geM","rel":"","context":"Entrada similar","block_context":{"text":"Entrada similar","link":""},"img":{"alt_text":"","src":"https:\/\/i0.wp.com\/img.youtube.com\/vi\/zQzZFgm4geM\/0.jpg?resize=350%2C200","width":350,"height":200},"classes":[]},{"id":1627,"url":"https:\/\/blackbeltwhitehat.com\/es\/articulos-de-mma\/tecnica\/como-lanzar-una-patada-giratoria\/","url_meta":{"origin":484,"position":2},"title":"How to do a Roundhouse Kick Like Joe Rogan [2024] Muay Thai &amp; MMA","author":"Dave","date":"marzo 7, 2014","format":false,"excerpt":"Roundhouse Kick - How to do the Perfect Roundhouse Kick in MMA & Thai Boxing The Muay Thai roundhouse kick is a 'rotational' kick that has biomechanics similar to a soccer kick. In Thai boxing fighters will use their shins rather than their feet to make contact (and inflict damage)\u2026","rel":"","context":"Entrada similar","block_context":{"text":"Entrada similar","link":""},"img":{"alt_text":"","src":"https:\/\/i0.wp.com\/blackbeltwhitehat.com\/wp-content\/uploads\/2018\/02\/roundhouse_kick.png?resize=350%2C200&ssl=1","width":350,"height":200,"srcset":"https:\/\/i0.wp.com\/blackbeltwhitehat.com\/wp-content\/uploads\/2018\/02\/roundhouse_kick.png?resize=350%2C200&ssl=1 1x, https:\/\/i0.wp.com\/blackbeltwhitehat.com\/wp-content\/uploads\/2018\/02\/roundhouse_kick.png?resize=525%2C300&ssl=1 1.5x, https:\/\/i0.wp.com\/blackbeltwhitehat.com\/wp-content\/uploads\/2018\/02\/roundhouse_kick.png?resize=700%2C400&ssl=1 2x"},"classes":[]}],"_links":{"self":[{"href":"https:\/\/blackbeltwhitehat.com\/es\/wp-json\/wp\/v2\/pages\/484","targetHints":{"allow":["GET"]}}],"collection":[{"href":"https:\/\/blackbeltwhitehat.com\/es\/wp-json\/wp\/v2\/pages"}],"about":[{"href":"https:\/\/blackbeltwhitehat.com\/es\/wp-json\/wp\/v2\/types\/page"}],"author":[{"embeddable":true,"href":"https:\/\/blackbeltwhitehat.com\/es\/wp-json\/wp\/v2\/users\/41980142"}],"replies":[{"embeddable":true,"href":"https:\/\/blackbeltwhitehat.com\/es\/wp-json\/wp\/v2\/comments?post=484"}],"version-history":[{"count":1,"href":"https:\/\/blackbeltwhitehat.com\/es\/wp-json\/wp\/v2\/pages\/484\/revisions"}],"predecessor-version":[{"id":485,"href":"https:\/\/blackbeltwhitehat.com\/es\/wp-json\/wp\/v2\/pages\/484\/revisions\/485"}],"up":[{"embeddable":true,"href":"https:\/\/blackbeltwhitehat.com\/es\/wp-json\/wp\/v2\/pages\/189"}],"wp:attachment":[{"href":"https:\/\/blackbeltwhitehat.com\/es\/wp-json\/wp\/v2\/media?parent=484"}],"curies":[{"name":"wp","href":"https:\/\/api.w.org\/{rel}","templated":true}]}}