{"id":498,"date":"2013-06-29T14:40:11","date_gmt":"2013-06-29T14:40:11","guid":{"rendered":"http:\/\/blackbeltwhitehat.com\/?page_id=498"},"modified":"2013-07-01T18:44:01","modified_gmt":"2013-07-01T18:44:01","slug":"entrenamiento-de-mma-en-california","status":"publish","type":"page","link":"https:\/\/blackbeltwhitehat.com\/es\/articulos-de-mma\/vacaciones-de-mma\/entrenamiento-de-mma-en-california\/","title":{"rendered":"Entrenamiento de MMA en California"},"content":{"rendered":"<p>Gimnasios de MMA para entrenar en California:<\/p>\n<p><span style=\"color:#ff0000;\"><strong>k-one San Francisco<\/strong><\/span><br \/>\n<a title=\"K-One San Francisco\" href=\"http:\/\/www.k-onefitness.com\/\" target=\"_blank\">Sitio web<\/a><br \/>\n<a title=\"P\u00e1gina de Facebook de K-1 San Francisco\" href=\"https:\/\/www.facebook.com\/K1Fitness\" target=\"_blank\">P\u00e1gina de Facebook<\/a><\/p>\n<p><strong>Ubicaci\u00f3n del gimnasio<\/strong><br \/>\n<a title=\"MMA San Francisco\" href=\"https:\/\/maps.google.co.uk\/maps?client=safari&amp;ie=UTF-8&amp;q=mma+san+francisco&amp;fb=1&amp;gl=uk&amp;hq=mma&amp;hnear=0x80859a6d00690021:0x4a501367f076adff,San+Francisco,+CA,+USA&amp;ei=OAHPUdyaBsvXPeDggcAB&amp;ved=0CNsBELYD&amp;iwloc=cids:5637921730236862137\" target=\"_blank\">Aqu\u00ed<\/a> es la ubicaci\u00f3n: mi p\u00e9simo blog no me permite insertar el mapa aqu\u00ed directamente.<\/p>\n<div>\n<div>Van Ness 2001<\/div>\n<div>San Francisco, CA 94109, Estados Unidos<\/div>\n<\/div>\n<div>\n<div>+1 415-474-3322<\/div>\n<\/div>\n<p>De hecho, asist\u00ed a una clase aqu\u00ed en 2011. Era la clase de entrenamiento intensivo de boxeo tailand\u00e9s impartida por un se\u00f1or llamado Xavier Makay. Un tipo muy agradable, una clase muy buena y exigente, basada en el acondicionamiento f\u00edsico.<\/p>\n<p><strong>Alojamiento<br \/>\n<\/strong>Me qued\u00e9 en el <a title=\"MMA San Francisco\" href=\"http:\/\/www.lombardmotorinn.com\/\" target=\"_blank\">Posada de motor Lombard<\/a>, en la calle Lombard.<br \/>\nFue bastante agradable, limpio y c\u00f3modo y el personal era muy agradable.<br \/>\nCuesta alrededor de $120 cada noche.<\/p>\n<p><span style=\"color:#ff0000;\"><strong>Lucha de sumisi\u00f3n de combate (CSW)<br \/>\n<\/strong><a title=\"CSW\" href=\"http:\/\/cswfullerton.com\/\" target=\"_blank\"><span style=\"color:#000000;\">Sitio web<\/span><\/a><br \/>\n<a title=\"CSW FB\" href=\"https:\/\/www.facebook.com\/CombatSubmissionWrestling?fref=ts\" target=\"_blank\"><span style=\"color:#000000;\">P\u00e1gina de Facebook<\/span><\/a><\/span><\/p>\n<p><strong>Ubicaci\u00f3n del gimnasio<br \/>\n<\/strong>El gimnasio est\u00e1 en Fullerton. Puedes ver el mapa. <a title=\"csw\" href=\"https:\/\/maps.google.co.uk\/maps?client=safari&amp;oe=UTF-8&amp;ie=UTF-8&amp;q=combat+submission+wrestling&amp;fb=1&amp;gl=uk&amp;hq=combat+submission+wrestling&amp;cid=0,0,12522353652384014021&amp;ei=X_LOUcyyOIKWO6-SgcAG&amp;ved=0CKABEPwSMAA\" target=\"_blank\">aqu\u00ed<\/a>.<\/p>\n<div>\n<div>801<\/div>\n<div>4080 North Palm Street, Fullerton, CA 92835, Estados Unidos<\/div>\n<\/div>\n<div>\n<div>+1 818-915-3225<\/div>\n<div><\/div>\n<div><\/div>\n<\/div>\n<p><strong>Alojamiento<br \/>\n<\/strong>Si buscas un lugar &quot;sin lujos&quot; para alojarte cerca, entonces este es el <a title=\"Days Inn Fullerton\" href=\"http:\/\/www.daysinn.com\/hotels\/california\/fullerton\/days-inn-and-suites-fullerton\/hotel-overview?reg=Local-_-all-_-DI-_-all&amp;cid=IP_Local&amp;wid=local\" target=\"_blank\">Hotel Days Inn <\/a>Podr\u00eda ser la soluci\u00f3n. Cuesta unas 50 libras la noche. Est\u00e1 justo al lado del gimnasio.<\/p>\n<p><span style=\"color:#ff0000;\"><strong>Misi\u00f3n de equipo Oceanside<\/strong><\/span><br \/>\n<a title=\"Misi\u00f3n de equipo Oceanside\" href=\"http:\/\/tqoceanside.wordpress.com\/\" target=\"_blank\">Sitio web<\/a><br \/>\n<a title=\"Equipo Quest Oceanside Facebook\" href=\"https:\/\/www.facebook.com\/pages\/Team-Quest-Oceanside\/323163901515?fref=ts\" target=\"_blank\">P\u00e1gina de Facebook<\/a><\/p>\n<p><strong>Ubicaci\u00f3n del gimnasio<br \/>\n<\/strong>Como era de esperar, el gimnasio est\u00e1 ubicado en Oceanside, California. Ver el mapa. <a title=\"Mapa de OceanSide\" href=\"https:\/\/maps.google.co.uk\/maps?q=Team+Quest+Oceanside,+North+Horne+Street,+Oceanside,+CA,+United+States&amp;hl=en&amp;sll=33.19587,-117.379483&amp;sspn=0.360842,0.617294&amp;oq=team+questOceanside,+CA,+United+States&amp;t=h&amp;hq=Team+Quest+Oceanside,&amp;hnear=N+Horne+St,+Oceanside,+California+92054,+United+States&amp;z=16\" target=\"_blank\">aqu\u00ed<\/a><\/p>\n<div>\n<div>318 North Horne Street<\/div>\n<div>Oceanside, CA 92054, Estados Unidos<\/div>\n<\/div>\n<div>\n<div>+1 760-722-3122<\/div>\n<\/div>\n<p><strong>Alojamiento<\/strong><br \/>\n<a title=\"Hoteles en Oceanside\" href=\"http:\/\/www.californiahotels.com\/cities\/Oceanside?refclickid=1004~G~(+)~Oceanside-CA-motels&amp;adposition=1t1&amp;device=c&amp;gclid=CKj_sbaMjLgCFY3HtAodaHcA9w\" target=\"_blank\">Aqu\u00ed<\/a> es una lista de hoteles locales<\/p>\n<p><span style=\"color:#ff0000;\"><strong>Academia Americana de Kickboxing<\/strong><\/span><span style=\"color:#ff0000;\"><strong><br \/>\n<\/strong><span style=\"color:#000000;\"><a title=\"Tambi\u00e9n conocido como\" href=\"http:\/\/akakickbox.com\/\" target=\"_blank\">Sitio web<br \/>\n<\/a><a title=\"pensi\u00f3n completa\" href=\"https:\/\/www.facebook.com\/AmericanKickboxingAcademy\" target=\"_blank\">Facebook<\/a><\/span><\/span><\/p>\n<p><strong>Ubicaci\u00f3n<\/strong><br \/>\nLa sede de AKA se encuentra en<span style=\"color:#000000;\"><b><br \/>\n<\/b><\/span>7012 Realm Drive, San Jos\u00e9, CA 95119<br \/>\n<a title=\"Tambi\u00e9n conocido como HQ\" href=\"https:\/\/maps.google.co.uk\/maps?q=7012+Realm+Drive,+San+Jose,+CA+95119&amp;hl=en&amp;sll=47.73855,12.508828&amp;sspn=37.196311,79.013672&amp;t=h&amp;hnear=7012+Realm+Dr,+San+Jose,+Santa+Clara,+California+95119,+United+States&amp;z=16&amp;iwloc=A\" target=\"_blank\">Mapa<\/a><\/p>\n<p>Tambi\u00e9n conocida como Hillsdale se encuentra en:<br \/>\n1791 Hillsdale Avenue, San Jos\u00e9, CA 95124<br \/>\n<a title=\"Tambi\u00e9n conocido como Hillsdale\" href=\"https:\/\/maps.google.co.uk\/maps?q=1791+Hillsdale+Avenue,+San+Jose,+CA+95124&amp;hl=en&amp;sll=37.228716,-121.77658&amp;sspn=0.010729,0.01929&amp;t=h&amp;hnear=1791+Hillsdale+Ave,+San+Jose,+California+95124,+United+States&amp;z=16\" target=\"_blank\">Mapa<\/a><\/p>\n<p><strong>Alojamiento<br \/>\n<\/strong><a title=\"Hotel en San Jos\u00e9\" href=\"http:\/\/www.extendedstayamerica.com\/property\/Extended-Stay-America-San-Jose-Edenvale-North-hotel.html\" target=\"_blank\">Este hotel<\/a> Est\u00e1 justo al lado del gimnasio.<br \/>\n<a title=\"Hotel de vacaciones MMA\" href=\"http:\/\/www.daysinn.com\/hotels\/california\/san-jose\/days-inn-san-jose-convention-center\/hotel-overview?reg=Local-_-all-_-DI-_-all&amp;cid=IP_Local&amp;wid=local\" target=\"_blank\">Este hotel Days Inn<\/a> Est\u00e1 a 10 minutos a pie por la calle y cuesta alrededor de \u00a3 60 por noche.<\/p>\n<p>Aqu\u00ed hay un par de hoteles econ\u00f3micos en Hillsdale cerca del gimnasio.<br \/>\n<a title=\"Hotel en Hillsdale\" href=\"http:\/\/www.bristol-hotel.com\/\" target=\"_blank\">http:\/\/www.bristol-hotel.com\/<\/a><br \/>\n<a title=\"Vacaciones de MMA en el Hotel Hillsdale\" href=\"http:\/\/www.carlyle-hotel.com\/\" target=\"_blank\">http:\/\/www.carlyle-hotel.com\/<\/a><\/p>","protected":false},"excerpt":{"rendered":"<p>MMA Gyms to train at in California: k-one San Francisco Website FaceBook Page Gym Location Here is the location &#8211; my crappy blog won&#8217;t let me embed the map on here directly. 2001 Van Ness San Francisco, CA 94109, United States +1 415-474-3322 I actually attended a class here in 2011. \u00a0It was the Thai [&hellip;]<\/p>\n","protected":false},"author":41980142,"featured_media":0,"parent":496,"menu_order":0,"comment_status":"open","ping_status":"open","template":"","meta":{"_coblocks_attr":"","_coblocks_dimensions":"","_coblocks_responsive_height":"","_coblocks_accordion_ie_support":"","_crdt_document":"","footnotes":""},"class_list":["post-498","page","type-page","status-publish","hentry"],"yoast_head":"<!-- This site is optimized with the Yoast SEO plugin v27.4 - https:\/\/yoast.com\/product\/yoast-seo-wordpress\/ -->\n<title>Training MMA in California - Fitness &amp; MMA Blog - BlackBeltWhiteHat.com<\/title>\n<meta name=\"robots\" content=\"index, follow, max-snippet:-1, max-image-preview:large, max-video-preview:-1\" \/>\n<link rel=\"canonical\" href=\"https:\/\/blackbeltwhitehat.com\/es\/articulos-de-mma\/vacaciones-de-mma\/entrenamiento-de-mma-en-california\/\" \/>\n<meta property=\"og:locale\" content=\"es_ES\" \/>\n<meta property=\"og:type\" content=\"article\" \/>\n<meta property=\"og:title\" content=\"Training MMA in California - Fitness &amp; MMA Blog - BlackBeltWhiteHat.com\" \/>\n<meta property=\"og:description\" content=\"MMA Gyms to train at in California: k-one San Francisco Website FaceBook Page Gym Location Here is the location &#8211; my crappy blog won&#8217;t let me embed the map on here directly. 2001 Van Ness San Francisco, CA 94109, United States +1 415-474-3322 I actually attended a class here in 2011. \u00a0It was the Thai [&hellip;]\" \/>\n<meta property=\"og:url\" content=\"https:\/\/blackbeltwhitehat.com\/es\/articulos-de-mma\/vacaciones-de-mma\/entrenamiento-de-mma-en-california\/\" \/>\n<meta property=\"og:site_name\" content=\"Fitness &amp; MMA Blog - BlackBeltWhiteHat.com\" \/>\n<meta property=\"article:publisher\" content=\"https:\/\/www.facebook.com\/BlackBeltWhiteHat\/\" \/>\n<meta property=\"article:modified_time\" content=\"2013-07-01T18:44:01+00:00\" \/>\n<meta name=\"twitter:card\" content=\"summary_large_image\" \/>\n<meta name=\"twitter:site\" content=\"@MMATraining1980\" \/>\n<meta name=\"twitter:label1\" content=\"Tiempo de lectura\" \/>\n\t<meta name=\"twitter:data1\" content=\"1 minuto\" \/>\n<!-- \/ Yoast SEO plugin. -->","yoast_head_json":{"title":"Entrenamiento de MMA en California - Blog de fitness y MMA - BlackBeltWhiteHat.com","robots":{"index":"index","follow":"follow","max-snippet":"max-snippet:-1","max-image-preview":"max-image-preview:large","max-video-preview":"max-video-preview:-1"},"canonical":"https:\/\/blackbeltwhitehat.com\/es\/articulos-de-mma\/vacaciones-de-mma\/entrenamiento-de-mma-en-california\/","og_locale":"es_ES","og_type":"article","og_title":"Training MMA in California - Fitness &amp; MMA Blog - BlackBeltWhiteHat.com","og_description":"MMA Gyms to train at in California: k-one San Francisco Website FaceBook Page Gym Location Here is the location &#8211; my crappy blog won&#8217;t let me embed the map on here directly. 2001 Van Ness San Francisco, CA 94109, United States +1 415-474-3322 I actually attended a class here in 2011. \u00a0It was the Thai [&hellip;]","og_url":"https:\/\/blackbeltwhitehat.com\/es\/articulos-de-mma\/vacaciones-de-mma\/entrenamiento-de-mma-en-california\/","og_site_name":"Fitness &amp; MMA Blog - BlackBeltWhiteHat.com","article_publisher":"https:\/\/www.facebook.com\/BlackBeltWhiteHat\/","article_modified_time":"2013-07-01T18:44:01+00:00","twitter_card":"summary_large_image","twitter_site":"@MMATraining1980","twitter_misc":{"Tiempo de lectura":"1 minuto"},"schema":{"@context":"https:\/\/schema.org","@graph":[{"@type":"WebPage","@id":"https:\/\/blackbeltwhitehat.com\/mma-articles\/mma-holidays\/training-mma-in-california\/","url":"https:\/\/blackbeltwhitehat.com\/mma-articles\/mma-holidays\/training-mma-in-california\/","name":"Entrenamiento de MMA en California - Blog de fitness y MMA - BlackBeltWhiteHat.com","isPartOf":{"@id":"https:\/\/blackbeltwhitehat.com\/en\/#website"},"datePublished":"2013-06-29T14:40:11+00:00","dateModified":"2013-07-01T18:44:01+00:00","breadcrumb":{"@id":"https:\/\/blackbeltwhitehat.com\/mma-articles\/mma-holidays\/training-mma-in-california\/#breadcrumb"},"inLanguage":"es","potentialAction":[{"@type":"ReadAction","target":["https:\/\/blackbeltwhitehat.com\/mma-articles\/mma-holidays\/training-mma-in-california\/"]}]},{"@type":"BreadcrumbList","@id":"https:\/\/blackbeltwhitehat.com\/mma-articles\/mma-holidays\/training-mma-in-california\/#breadcrumb","itemListElement":[{"@type":"ListItem","position":1,"name":"Home","item":"https:\/\/blackbeltwhitehat.com\/"},{"@type":"ListItem","position":2,"name":"MMA","item":"https:\/\/blackbeltwhitehat.com\/mma-articles\/"},{"@type":"ListItem","position":3,"name":"MMA Holidays","item":"https:\/\/blackbeltwhitehat.com\/mma-articles\/mma-holidays\/"},{"@type":"ListItem","position":4,"name":"Training MMA in California"}]},{"@type":"WebSite","@id":"https:\/\/blackbeltwhitehat.com\/en\/#website","url":"https:\/\/blackbeltwhitehat.com\/en\/","name":"Blog de fitness y MMA - BlackBeltWhiteHat.com","description":"Blog de fitness, MMA y nutrici\u00f3n del Reino Unido","publisher":{"@id":"https:\/\/blackbeltwhitehat.com\/en\/#organization"},"potentialAction":[{"@type":"SearchAction","target":{"@type":"EntryPoint","urlTemplate":"https:\/\/blackbeltwhitehat.com\/en\/?s={search_term_string}"},"query-input":{"@type":"PropertyValueSpecification","valueRequired":true,"valueName":"search_term_string"}}],"inLanguage":"es"},{"@type":"Organization","@id":"https:\/\/blackbeltwhitehat.com\/en\/#organization","name":"Blog de fitness y MMA - BlackBeltWhiteHat.com","url":"https:\/\/blackbeltwhitehat.com\/en\/","logo":{"@type":"ImageObject","inLanguage":"es","@id":"https:\/\/blackbeltwhitehat.com\/en\/#\/schema\/logo\/image\/","url":"https:\/\/blackbeltwhitehat.com\/wp-content\/uploads\/2019\/06\/cropped-mmabloglogodis-copy.png","contentUrl":"https:\/\/blackbeltwhitehat.com\/wp-content\/uploads\/2019\/06\/cropped-mmabloglogodis-copy.png","width":352,"height":352,"caption":"Fitness & MMA Blog - BlackBeltWhiteHat.com"},"image":{"@id":"https:\/\/blackbeltwhitehat.com\/en\/#\/schema\/logo\/image\/"},"sameAs":["https:\/\/www.facebook.com\/BlackBeltWhiteHat\/","https:\/\/x.com\/MMATraining1980"]}]}},"jetpack_likes_enabled":true,"jetpack_sharing_enabled":true,"jetpack_shortlink":"https:\/\/wp.me\/P2Sx3t-82","jetpack-related-posts":[{"id":2566,"url":"https:\/\/blackbeltwhitehat.com\/es\/resenas\/gimnasios-de-mma\/ipc-wrexham\/","url_meta":{"origin":498,"position":0},"title":"IPC de Wrexham","author":"Dave","date":"enero 11, 2015","format":false,"excerpt":"http:\/\/www.ipcwrexham.co.uk Family run gym with no meatheads. Members are extremely friendly and extremely supportive of each other. Personal training sessions and MMA 1-2-1 sessions available for \u00a320 each The conditioning classes are a killer, but you can do as much as you want. Great place to get fit or learn\u2026","rel":"","context":"Entrada similar","block_context":{"text":"Entrada similar","link":""},"img":{"alt_text":"","src":"https:\/\/i0.wp.com\/img.youtube.com\/vi\/M6DkiPSibCM\/0.jpg?resize=350%2C200","width":350,"height":200},"classes":[]},{"id":1507,"url":"https:\/\/blackbeltwhitehat.com\/es\/articulos-de-mma\/otro\/artes-marciales-para-ninos\/","url_meta":{"origin":498,"position":1},"title":"Artes marciales para ni\u00f1os","author":"Dave","date":"enero 30, 2014","format":false,"excerpt":"Which martial arts are best for children? Does violent behaviour in a gym, reinforce violent behaviour outside of the gym? To a certain extent - yes. To summarise what all the research says - aggressive behaviour, reinforces more aggressive behaviour. \u00a0This is true of any \"power\" \"strength\" or combat sport.\u2026","rel":"","context":"Entrada similar","block_context":{"text":"Entrada similar","link":""},"img":{"alt_text":"Rex Kwon Do","src":"https:\/\/i0.wp.com\/blackbeltwhitehat.com\/wp-content\/uploads\/2014\/01\/cagefighter.gif?resize=350%2C200","width":350,"height":200},"classes":[]},{"id":1674,"url":"https:\/\/blackbeltwhitehat.com\/es\/articulos-de-mma\/vacaciones-de-mma\/formacion-en-tailandia-2014\/","url_meta":{"origin":498,"position":2},"title":"Formaci\u00f3n en Tailandia 2014","author":"Dave","date":"mayo 26, 2014","format":false,"excerpt":"Here are some websites that are worth looking at: Gym Websites My friend Alan stayed at Sinbi, and said it was excellent. \"(I) stayed in Sinbi apartments about 5 mins away from gym lovely place private pool and gated, you can stay at the gym as well it's a lot\u2026","rel":"","context":"Entrada similar","block_context":{"text":"Entrada similar","link":""},"img":{"alt_text":"","src":"","width":0,"height":0},"classes":[]},{"id":1168,"url":"https:\/\/blackbeltwhitehat.com\/es\/articulos-de-mma\/otro\/idiotas-del-gimnasio\/","url_meta":{"origin":498,"position":3},"title":"Bellends del gimnasio","author":"Dave","date":"diciembre 20, 2013","format":false,"excerpt":"A Quick Run-Down of Gym Stereotypes Bodybuilder Stupid tan, probably whitens his teeth, skinhead, wears lycra or a tiny vest. Often knows next to nothing about training, but takes loads of 'gear'. Has a fathead 80% of the year. Very aggressive, believes he is the alpha male of the gym,\u2026","rel":"","context":"Entrada similar","block_context":{"text":"Entrada similar","link":""},"img":{"alt_text":"Gym bellend","src":"https:\/\/i0.wp.com\/blackbeltwhitehat.com\/wp-content\/uploads\/2013\/12\/bodybuilder_76_by_stonepiler-d4j83so.jpg?fit=600%2C827&ssl=1&resize=350%2C200","width":350,"height":200,"srcset":"https:\/\/i0.wp.com\/blackbeltwhitehat.com\/wp-content\/uploads\/2013\/12\/bodybuilder_76_by_stonepiler-d4j83so.jpg?fit=600%2C827&ssl=1&resize=350%2C200 1x, https:\/\/i0.wp.com\/blackbeltwhitehat.com\/wp-content\/uploads\/2013\/12\/bodybuilder_76_by_stonepiler-d4j83so.jpg?fit=600%2C827&ssl=1&resize=525%2C300 1.5x"},"classes":[]},{"id":496,"url":"https:\/\/blackbeltwhitehat.com\/es\/articulos-de-mma\/vacaciones-de-mma\/","url_meta":{"origin":498,"position":4},"title":"Vacaciones de MMA","author":"Dave","date":"junio 29, 2013","format":false,"excerpt":"Entrenamiento de vacaciones\/vacaciones en California, Holanda y Tailandia Muay Thai en Tailandia Vacaciones MMA en California Vacaciones Yoga en Crear Vacaciones","rel":"","context":"Entrada similar","block_context":{"text":"Entrada similar","link":""},"img":{"alt_text":"","src":"","width":0,"height":0},"classes":[]},{"id":2564,"url":"https:\/\/blackbeltwhitehat.com\/es\/resenas\/gimnasios-de-mma\/","url_meta":{"origin":498,"position":5},"title":"Gimnasios de MMA","author":"Dave","date":"enero 11, 2015","format":false,"excerpt":"Rese\u00f1as de gimnasios de MMA","rel":"","context":"Entrada similar","block_context":{"text":"Entrada similar","link":""},"img":{"alt_text":"","src":"","width":0,"height":0},"classes":[]}],"_links":{"self":[{"href":"https:\/\/blackbeltwhitehat.com\/es\/wp-json\/wp\/v2\/pages\/498","targetHints":{"allow":["GET"]}}],"collection":[{"href":"https:\/\/blackbeltwhitehat.com\/es\/wp-json\/wp\/v2\/pages"}],"about":[{"href":"https:\/\/blackbeltwhitehat.com\/es\/wp-json\/wp\/v2\/types\/page"}],"author":[{"embeddable":true,"href":"https:\/\/blackbeltwhitehat.com\/es\/wp-json\/wp\/v2\/users\/41980142"}],"replies":[{"embeddable":true,"href":"https:\/\/blackbeltwhitehat.com\/es\/wp-json\/wp\/v2\/comments?post=498"}],"version-history":[{"count":13,"href":"https:\/\/blackbeltwhitehat.com\/es\/wp-json\/wp\/v2\/pages\/498\/revisions"}],"predecessor-version":[{"id":500,"href":"https:\/\/blackbeltwhitehat.com\/es\/wp-json\/wp\/v2\/pages\/498\/revisions\/500"}],"up":[{"embeddable":true,"href":"https:\/\/blackbeltwhitehat.com\/es\/wp-json\/wp\/v2\/pages\/496"}],"wp:attachment":[{"href":"https:\/\/blackbeltwhitehat.com\/es\/wp-json\/wp\/v2\/media?parent=498"}],"curies":[{"name":"wp","href":"https:\/\/api.w.org\/{rel}","templated":true}]}}