{"id":5105,"date":"2016-06-20T11:18:06","date_gmt":"2016-06-20T11:18:06","guid":{"rendered":"http:\/\/blackbeltwhitehat.com\/?page_id=5105"},"modified":"2016-12-28T18:31:44","modified_gmt":"2016-12-28T18:31:44","slug":"resumen-de-la-revision-de-la-leucina","status":"publish","type":"page","link":"https:\/\/blackbeltwhitehat.com\/es\/resenas-de-suplementos\/resumen-de-la-revision-de-la-leucina\/","title":{"rendered":"Rese\u00f1a y descripci\u00f3n general de la leucina"},"content":{"rendered":"<p><span style=\"color:#ff0000;\">Advertencia: La leucina se ha relacionado con el desarrollo del c\u00e1ncer de pr\u00f3stata. La investigaci\u00f3n sobre la leucina tambi\u00e9n ha sido criticada por ser... <\/span>parte<span style=\"color:#ff0000;\"> financiado por la industria l\u00e1ctea<\/span>.<\/p>\n<h2><strong>\u00bfQu\u00e9 prote\u00edna contiene leucina?<\/strong><\/h2>\n<figure id=\"attachment_3897\" aria-describedby=\"caption-attachment-3897\" style=\"width: 330px\" class=\"wp-caption alignnone\"><img data-recalc-dims=\"1\" loading=\"lazy\" decoding=\"async\" data-attachment-id=\"3897\" data-permalink=\"https:\/\/blackbeltwhitehat.com\/es\/?attachment_id=3897\" data-orig-file=\"https:\/\/i0.wp.com\/blackbeltwhitehat.com\/wp-content\/uploads\/2016\/03\/arnie.jpg?fit=330%2C220&amp;ssl=1\" data-orig-size=\"330,220\" data-comments-opened=\"1\" data-image-meta=\"{&quot;aperture&quot;:&quot;0&quot;,&quot;credit&quot;:&quot;&quot;,&quot;camera&quot;:&quot;&quot;,&quot;caption&quot;:&quot;&quot;,&quot;created_timestamp&quot;:&quot;0&quot;,&quot;copyright&quot;:&quot;&quot;,&quot;focal_length&quot;:&quot;0&quot;,&quot;iso&quot;:&quot;0&quot;,&quot;shutter_speed&quot;:&quot;0&quot;,&quot;title&quot;:&quot;&quot;,&quot;orientation&quot;:&quot;0&quot;}\" data-image-title=\"Arnie\" data-image-description=\"\" data-image-caption=\"\" data-large-file=\"https:\/\/i0.wp.com\/blackbeltwhitehat.com\/wp-content\/uploads\/2016\/03\/arnie.jpg?fit=330%2C220&amp;ssl=1\" class=\"alignnone size-full wp-image-3897\" src=\"https:\/\/i0.wp.com\/blackbeltwhitehat.com\/wp-content\/uploads\/2016\/03\/arnie.jpg?resize=330%2C220&#038;ssl=1\" alt=\"Arnie\" width=\"330\" height=\"220\" \/><figcaption id=\"caption-attachment-3897\" class=\"wp-caption-text\">\u201cLl\u00e9vate a Dbol, no a Lucy\u201d<\/figcaption><\/figure>\n<p>La prote\u00edna de suero se considera la mejor forma de prote\u00edna porque aumenta la s\u00edntesis proteica al m\u00e1ximo. Esto se debe a su alto contenido de leucina y a su capacidad para activar la s\u00edntesis proteica a trav\u00e9s de la v\u00eda mTor.<br \/>\nLa leucina se encuentra en altas concentraciones en los productos l\u00e1cteos, tambi\u00e9n puedes comprar suplementos separados que contienen leucina aislada.<\/p>\n<h2><strong>\u00bfQu\u00e9 es la leucina?<\/strong><\/h2>\n<p>La leucina es un amino\u00e1cido de cadena ramificada. Tambi\u00e9n es un amino\u00e1cido esencial. Los amino\u00e1cidos esenciales son aquellos que se requieren en la dieta porque el cuerpo no puede sintetizarlos. La histidina, la isoleucina, la leucina, la lisina, la metionina, la fenilalanina, la treonina, el tript\u00f3fano y la valina son amino\u00e1cidos esenciales.<\/p>\n<h2><strong>\u00bfQu\u00e9 es la investigaci\u00f3n sobre la leucina?<\/strong><\/h2>\n<p>A continuaci\u00f3n se presentan un par de estudios:<br \/>\nLa leucina aumenta <a href=\"http:\/\/jn.nutrition.org\/content\/136\/2\/533S.full\" target=\"_blank\">s\u00edntesis de prote\u00ednas<\/a><br \/>\nLa leucina aumenta <a href=\"http:\/\/link.springer.com\/article\/10.1007\/s00421-005-0036-1\" target=\"_blank\">resistencia<\/a>.<\/p>\n<h2><strong>\u00bfQu\u00e9 es HMB?<\/strong><\/h2>\n<p>El HMB es un metabolito de la leucina. Puede consultar m\u00e1s informaci\u00f3n aqu\u00ed:<\/p>\n<iframe src='https:\/\/www.slideshare.net\/slideshow\/embed_code\/16955945' width='425' height='348' sandbox=\"allow-popups allow-scripts allow-same-origin allow-presentation\" allowfullscreen webkitallowfullscreen mozallowfullscreen><\/iframe>\n<h2>\u00bfCu\u00e1les son los efectos secundarios de la leucina?<\/h2>\n<p>Potencialmente, bastante fuerte. Al parecer, al c\u00e1ncer de pr\u00f3stata le encanta la leucina y b\u00e1sicamente se alimenta de ella. M\u00e1s informaci\u00f3n aqu\u00ed: http:\/\/www.scienceinpublic.com.au\/media-releases\/prostate<\/p>","protected":false},"excerpt":{"rendered":"<p>Warning &#8211; Leucine has been linked to the growth of prostate cancer. \u00a0Research on Leucine has also been criticised for being part funded by the Dairy Industry. What Protein Contains Leucine? Whey protein is touted as being the best form of protein because it increased protein synthesis by the greatest amount. \u00a0This is said to [&hellip;]<\/p>\n","protected":false},"author":41980142,"featured_media":0,"parent":4523,"menu_order":0,"comment_status":"closed","ping_status":"closed","template":"","meta":{"_coblocks_attr":"","_coblocks_dimensions":"","_coblocks_responsive_height":"","_coblocks_accordion_ie_support":"","_crdt_document":"","footnotes":""},"class_list":["post-5105","page","type-page","status-publish","hentry"],"yoast_head":"<!-- This site is optimized with the Yoast SEO plugin v27.4 - https:\/\/yoast.com\/product\/yoast-seo-wordpress\/ -->\n<title>Leucine Review \/ Overview - Fitness &amp; MMA Blog - BlackBeltWhiteHat.com<\/title>\n<meta name=\"robots\" content=\"index, follow, max-snippet:-1, max-image-preview:large, max-video-preview:-1\" \/>\n<link rel=\"canonical\" href=\"https:\/\/blackbeltwhitehat.com\/es\/resenas-de-suplementos\/resumen-de-la-revision-de-la-leucina\/\" \/>\n<meta property=\"og:locale\" content=\"es_ES\" \/>\n<meta property=\"og:type\" content=\"article\" \/>\n<meta property=\"og:title\" content=\"Leucine Review \/ Overview - Fitness &amp; MMA Blog - BlackBeltWhiteHat.com\" \/>\n<meta property=\"og:description\" content=\"Warning &#8211; Leucine has been linked to the growth of prostate cancer. \u00a0Research on Leucine has also been criticised for being part funded by the Dairy Industry. What Protein Contains Leucine? Whey protein is touted as being the best form of protein because it increased protein synthesis by the greatest amount. \u00a0This is said to [&hellip;]\" \/>\n<meta property=\"og:url\" content=\"https:\/\/blackbeltwhitehat.com\/es\/resenas-de-suplementos\/resumen-de-la-revision-de-la-leucina\/\" \/>\n<meta property=\"og:site_name\" content=\"Fitness &amp; MMA Blog - BlackBeltWhiteHat.com\" \/>\n<meta property=\"article:publisher\" content=\"https:\/\/www.facebook.com\/BlackBeltWhiteHat\/\" \/>\n<meta property=\"article:modified_time\" content=\"2016-12-28T18:31:44+00:00\" \/>\n<meta property=\"og:image\" content=\"https:\/\/blackbeltwhitehat.com\/wp-content\/uploads\/2016\/03\/arnie.jpg\" \/>\n<meta name=\"twitter:card\" content=\"summary_large_image\" \/>\n<meta name=\"twitter:site\" content=\"@MMATraining1980\" \/>\n<meta name=\"twitter:label1\" content=\"Tiempo de lectura\" \/>\n\t<meta name=\"twitter:data1\" content=\"1 minuto\" \/>\n<!-- \/ Yoast SEO plugin. -->","yoast_head_json":{"title":"An\u00e1lisis\/Descripci\u00f3n general de la leucina - Blog de fitness y MMA - BlackBeltWhiteHat.com","robots":{"index":"index","follow":"follow","max-snippet":"max-snippet:-1","max-image-preview":"max-image-preview:large","max-video-preview":"max-video-preview:-1"},"canonical":"https:\/\/blackbeltwhitehat.com\/es\/resenas-de-suplementos\/resumen-de-la-revision-de-la-leucina\/","og_locale":"es_ES","og_type":"article","og_title":"Leucine Review \/ Overview - Fitness &amp; MMA Blog - BlackBeltWhiteHat.com","og_description":"Warning &#8211; Leucine has been linked to the growth of prostate cancer. \u00a0Research on Leucine has also been criticised for being part funded by the Dairy Industry. What Protein Contains Leucine? Whey protein is touted as being the best form of protein because it increased protein synthesis by the greatest amount. \u00a0This is said to [&hellip;]","og_url":"https:\/\/blackbeltwhitehat.com\/es\/resenas-de-suplementos\/resumen-de-la-revision-de-la-leucina\/","og_site_name":"Fitness &amp; MMA Blog - BlackBeltWhiteHat.com","article_publisher":"https:\/\/www.facebook.com\/BlackBeltWhiteHat\/","article_modified_time":"2016-12-28T18:31:44+00:00","og_image":[{"url":"https:\/\/blackbeltwhitehat.com\/wp-content\/uploads\/2016\/03\/arnie.jpg","type":"","width":"","height":""}],"twitter_card":"summary_large_image","twitter_site":"@MMATraining1980","twitter_misc":{"Tiempo de lectura":"1 minuto"},"schema":{"@context":"https:\/\/schema.org","@graph":[{"@type":"WebPage","@id":"https:\/\/blackbeltwhitehat.com\/supplement-reviews\/leucine-review-overview\/","url":"https:\/\/blackbeltwhitehat.com\/supplement-reviews\/leucine-review-overview\/","name":"An\u00e1lisis\/Descripci\u00f3n general de la leucina - Blog de fitness y MMA - BlackBeltWhiteHat.com","isPartOf":{"@id":"https:\/\/blackbeltwhitehat.com\/en\/#website"},"primaryImageOfPage":{"@id":"https:\/\/blackbeltwhitehat.com\/supplement-reviews\/leucine-review-overview\/#primaryimage"},"image":{"@id":"https:\/\/blackbeltwhitehat.com\/supplement-reviews\/leucine-review-overview\/#primaryimage"},"thumbnailUrl":"https:\/\/blackbeltwhitehat.com\/wp-content\/uploads\/2016\/03\/arnie.jpg","datePublished":"2016-06-20T11:18:06+00:00","dateModified":"2016-12-28T18:31:44+00:00","breadcrumb":{"@id":"https:\/\/blackbeltwhitehat.com\/supplement-reviews\/leucine-review-overview\/#breadcrumb"},"inLanguage":"es","potentialAction":[{"@type":"ReadAction","target":["https:\/\/blackbeltwhitehat.com\/supplement-reviews\/leucine-review-overview\/"]}]},{"@type":"ImageObject","inLanguage":"es","@id":"https:\/\/blackbeltwhitehat.com\/supplement-reviews\/leucine-review-overview\/#primaryimage","url":"https:\/\/blackbeltwhitehat.com\/wp-content\/uploads\/2016\/03\/arnie.jpg","contentUrl":"https:\/\/blackbeltwhitehat.com\/wp-content\/uploads\/2016\/03\/arnie.jpg"},{"@type":"BreadcrumbList","@id":"https:\/\/blackbeltwhitehat.com\/supplement-reviews\/leucine-review-overview\/#breadcrumb","itemListElement":[{"@type":"ListItem","position":1,"name":"Home","item":"https:\/\/blackbeltwhitehat.com\/"},{"@type":"ListItem","position":2,"name":"Supplement Reviews","item":"https:\/\/blackbeltwhitehat.com\/supplement-reviews\/"},{"@type":"ListItem","position":3,"name":"Leucine Review \/ Overview"}]},{"@type":"WebSite","@id":"https:\/\/blackbeltwhitehat.com\/en\/#website","url":"https:\/\/blackbeltwhitehat.com\/en\/","name":"Blog de fitness y MMA - BlackBeltWhiteHat.com","description":"Blog de fitness, MMA y nutrici\u00f3n del Reino Unido","publisher":{"@id":"https:\/\/blackbeltwhitehat.com\/en\/#organization"},"potentialAction":[{"@type":"SearchAction","target":{"@type":"EntryPoint","urlTemplate":"https:\/\/blackbeltwhitehat.com\/en\/?s={search_term_string}"},"query-input":{"@type":"PropertyValueSpecification","valueRequired":true,"valueName":"search_term_string"}}],"inLanguage":"es"},{"@type":"Organization","@id":"https:\/\/blackbeltwhitehat.com\/en\/#organization","name":"Blog de fitness y MMA - BlackBeltWhiteHat.com","url":"https:\/\/blackbeltwhitehat.com\/en\/","logo":{"@type":"ImageObject","inLanguage":"es","@id":"https:\/\/blackbeltwhitehat.com\/en\/#\/schema\/logo\/image\/","url":"https:\/\/blackbeltwhitehat.com\/wp-content\/uploads\/2019\/06\/cropped-mmabloglogodis-copy.png","contentUrl":"https:\/\/blackbeltwhitehat.com\/wp-content\/uploads\/2019\/06\/cropped-mmabloglogodis-copy.png","width":352,"height":352,"caption":"Fitness & MMA Blog - BlackBeltWhiteHat.com"},"image":{"@id":"https:\/\/blackbeltwhitehat.com\/en\/#\/schema\/logo\/image\/"},"sameAs":["https:\/\/www.facebook.com\/BlackBeltWhiteHat\/","https:\/\/x.com\/MMATraining1980"]}]}},"jetpack_likes_enabled":true,"jetpack_sharing_enabled":true,"jetpack_shortlink":"https:\/\/wp.me\/P2Sx3t-1kl","jetpack-related-posts":[{"id":406,"url":"https:\/\/blackbeltwhitehat.com\/es\/articulos-de-mma\/nutricion\/aminoacidos-esenciales\/","url_meta":{"origin":5105,"position":0},"title":"Amino\u00e1cidos esenciales","author":"Dave","date":"abril 9, 2013","format":false,"excerpt":"Valina Histidina Isoleucina Leucina Lisina Metionina Fenilalanina Treonina Tript\u00f3fano","rel":"","context":"Entrada similar","block_context":{"text":"Entrada similar","link":""},"img":{"alt_text":"","src":"","width":0,"height":0},"classes":[]},{"id":4681,"url":"https:\/\/blackbeltwhitehat.com\/es\/resenas-de-suplementos\/proteina-de-suero\/","url_meta":{"origin":5105,"position":1},"title":"\u00bfEs buena o mala la prote\u00edna de suero? Beneficios y efectos secundarios","author":"Dave","date":"mayo 18, 2016","format":false,"excerpt":"Protein powder is big business. Billions are spent each year, across the world on protein powders and other protein supplements by athletes and amateur meatheads. We'll look at how to use whey protein for weight gain, for building muscle and examine, what exactly is whey protein? Not all Supplements are\u2026","rel":"","context":"Entrada similar","block_context":{"text":"Entrada similar","link":""},"img":{"alt_text":"supplements are bad","src":"https:\/\/i0.wp.com\/blackbeltwhitehat.com\/wp-content\/uploads\/2019\/07\/supplementsarebad.png?resize=350%2C200&ssl=1","width":350,"height":200,"srcset":"https:\/\/i0.wp.com\/blackbeltwhitehat.com\/wp-content\/uploads\/2019\/07\/supplementsarebad.png?resize=350%2C200&ssl=1 1x, https:\/\/i0.wp.com\/blackbeltwhitehat.com\/wp-content\/uploads\/2019\/07\/supplementsarebad.png?resize=525%2C300&ssl=1 1.5x"},"classes":[]},{"id":4523,"url":"https:\/\/blackbeltwhitehat.com\/es\/resenas-de-suplementos\/","url_meta":{"origin":5105,"position":2},"title":"Rese\u00f1as de suplementos","author":"Dave","date":"mayo 13, 2016","format":false,"excerpt":"Sports Nutrition should be virtually the same as healthy nutrition. For too long, sports nutrition has focused on the time-window before, during & after training & competition. However, an athlete's diet throughout the day is equally, if not more important. Whilst a diet should be based on organic, whole-foods, in\u2026","rel":"","context":"Entrada similar","block_context":{"text":"Entrada similar","link":""},"img":{"alt_text":"","src":"","width":0,"height":0},"classes":[]},{"id":1719,"url":"https:\/\/blackbeltwhitehat.com\/es\/articulos-de-mma\/nutricion\/beta-alanina-para-mma\/","url_meta":{"origin":5105,"position":3},"title":"Beta alanine and Creatine for Runners [2026]","author":"Dave","date":"junio 6, 2014","format":false,"excerpt":"Beta Alanine for Runners The break down of glucose produces lactic acid. Lactic acid produces Hydrogen ions, which makes the muscle more acidic. Acidity stops enzymes and other funky stuff like mitochondria working optimally inside muscle cells As a result, runners will get fatigued. Beta alanine, can increase carnosine levels,\u2026","rel":"","context":"Entrada similar","block_context":{"text":"Entrada similar","link":""},"img":{"alt_text":"Beta alanine","src":"https:\/\/i0.wp.com\/blackbeltwhitehat.com\/wp-content\/uploads\/2014\/06\/betaalanine.jpg?resize=350%2C200","width":350,"height":200},"classes":[]},{"id":10255,"url":"https:\/\/blackbeltwhitehat.com\/es\/articulos-de-mma\/dieta-para-mma-nutricion-para-mma\/","url_meta":{"origin":5105,"position":4},"title":"MMA Diet &amp; Nutrition [2026] (Plan .pdf. included)","author":"Dave","date":"junio 10, 2019","format":false,"excerpt":"Yoel Romero Diet - his diet no doubt contains high amount of protein & healthy fats. See below for some example diet plans. written by Drew Griffiths- Nutritionist - BSc (First Class Honours) in Sport & Exercise Science, MSc Exercise & Nutrition Drew has a first class degree in sport\u2026","rel":"","context":"Entrada similar","block_context":{"text":"Entrada similar","link":""},"img":{"alt_text":"","src":"https:\/\/i0.wp.com\/blackbeltwhitehat.com\/wp-content\/uploads\/2018\/10\/conorlegs.jpg?resize=350%2C200","width":350,"height":200,"srcset":"https:\/\/i0.wp.com\/blackbeltwhitehat.com\/wp-content\/uploads\/2018\/10\/conorlegs.jpg?resize=350%2C200 1x, https:\/\/i0.wp.com\/blackbeltwhitehat.com\/wp-content\/uploads\/2018\/10\/conorlegs.jpg?resize=525%2C300 1.5x, https:\/\/i0.wp.com\/blackbeltwhitehat.com\/wp-content\/uploads\/2018\/10\/conorlegs.jpg?resize=700%2C400 2x"},"classes":[]},{"id":1742,"url":"https:\/\/blackbeltwhitehat.com\/es\/articulos-de-mma\/nutricion\/vitaminas-y-minerales-de-la-a-a-la-z\/","url_meta":{"origin":5105,"position":5},"title":"De la A a la Z de vitaminas y minerales","author":"Dave","date":"junio 10, 2014","format":false,"excerpt":"Vitamins - Sources & Functions \u00a0 Vitamin\u00a0A Function - Eyesight, immune\u00a0system Sources - Leafy vegeatables, sweet potatoes, carrots, fish oil, cheese 8 B vitamins - All help the body to convert food, including carbohydrates, into glucose. Also help metabolise fats and protein, help in the functioning of eyes and liver\u2026","rel":"","context":"Entrada similar","block_context":{"text":"Entrada similar","link":""},"img":{"alt_text":"","src":"","width":0,"height":0},"classes":[]}],"_links":{"self":[{"href":"https:\/\/blackbeltwhitehat.com\/es\/wp-json\/wp\/v2\/pages\/5105","targetHints":{"allow":["GET"]}}],"collection":[{"href":"https:\/\/blackbeltwhitehat.com\/es\/wp-json\/wp\/v2\/pages"}],"about":[{"href":"https:\/\/blackbeltwhitehat.com\/es\/wp-json\/wp\/v2\/types\/page"}],"author":[{"embeddable":true,"href":"https:\/\/blackbeltwhitehat.com\/es\/wp-json\/wp\/v2\/users\/41980142"}],"replies":[{"embeddable":true,"href":"https:\/\/blackbeltwhitehat.com\/es\/wp-json\/wp\/v2\/comments?post=5105"}],"version-history":[{"count":25,"href":"https:\/\/blackbeltwhitehat.com\/es\/wp-json\/wp\/v2\/pages\/5105\/revisions"}],"predecessor-version":[{"id":6292,"href":"https:\/\/blackbeltwhitehat.com\/es\/wp-json\/wp\/v2\/pages\/5105\/revisions\/6292"}],"up":[{"embeddable":true,"href":"https:\/\/blackbeltwhitehat.com\/es\/wp-json\/wp\/v2\/pages\/4523"}],"wp:attachment":[{"href":"https:\/\/blackbeltwhitehat.com\/es\/wp-json\/wp\/v2\/media?parent=5105"}],"curies":[{"name":"wp","href":"https:\/\/api.w.org\/{rel}","templated":true}]}}