{"id":5677,"date":"2016-09-19T18:14:09","date_gmt":"2016-09-19T18:14:09","guid":{"rendered":"http:\/\/blackbeltwhitehat.com\/?page_id=5677"},"modified":"2016-09-19T18:15:49","modified_gmt":"2016-09-19T18:15:49","slug":"resena-de-fenibut-de-mind-nutrition","status":"publish","type":"page","link":"https:\/\/blackbeltwhitehat.com\/es\/resenas\/resena-de-fenibut-de-mind-nutrition\/","title":{"rendered":"Rese\u00f1a de Phenibut de Mind Nutrition"},"content":{"rendered":"<p>\u00bfRealmente cumple lo que dice el refr\u00e1n?<\/p>\n<p>Buen servicio al cliente, entrega r\u00e1pida (al Reino Unido), elimina la ansiedad, etc.<\/p>\n<p>Generalmente hago ayuno durante una hora, luego tomo 1 g, ayuno durante otras 3 horas, tomo otros 0,5 g antes de comer algo.<\/p>\n<p>&nbsp;<\/p>\n<p><a href=\"https:\/\/store.mindnutrition.com\/eu\/nootropics\/32-phenibut#\/39-quantity-100_grams\" rel=\"nofollow\">Phenibut en Mind Nutrition<\/a><\/p>\n<p>Nota: NO recib\u00ed este producto a cambio de una rese\u00f1a ni nada parecido. Lo uso una vez a la semana para la ansiedad social\/ansiedad general.<\/p>\n<p>Es muy efectivo, pero recomiendo encarecidamente hacerlo una vez por semana.<\/p>\n<p><img data-recalc-dims=\"1\" loading=\"lazy\" decoding=\"async\" data-attachment-id=\"5684\" data-permalink=\"https:\/\/blackbeltwhitehat.com\/es\/resenas\/resena-de-fenibut-de-mind-nutrition\/phenibut-2\/\" data-orig-file=\"https:\/\/i0.wp.com\/blackbeltwhitehat.com\/wp-content\/uploads\/2016\/09\/phenibut-e1549372478817.png?fit=315%2C404&amp;ssl=1\" data-orig-size=\"315,404\" data-comments-opened=\"1\" data-image-meta=\"{&quot;aperture&quot;:&quot;0&quot;,&quot;credit&quot;:&quot;&quot;,&quot;camera&quot;:&quot;&quot;,&quot;caption&quot;:&quot;&quot;,&quot;created_timestamp&quot;:&quot;0&quot;,&quot;copyright&quot;:&quot;&quot;,&quot;focal_length&quot;:&quot;0&quot;,&quot;iso&quot;:&quot;0&quot;,&quot;shutter_speed&quot;:&quot;0&quot;,&quot;title&quot;:&quot;&quot;,&quot;orientation&quot;:&quot;0&quot;}\" data-image-title=\"phenibut\" data-image-description=\"\" data-image-caption=\"\" data-large-file=\"https:\/\/i0.wp.com\/blackbeltwhitehat.com\/wp-content\/uploads\/2016\/09\/phenibut-e1549372478817.png?fit=315%2C404&amp;ssl=1\" class=\"alignnone size-full wp-image-5684\" src=\"https:\/\/i0.wp.com\/blackbeltwhitehat.com\/wp-content\/uploads\/2016\/09\/phenibut.png?resize=535%2C535&#038;ssl=1\" alt=\"fenibut\" width=\"535\" height=\"535\" \/><\/p>\n<p>Puntuaci\u00f3n general:<br \/>\n10\/10<\/p>\n<p>Gran producto, sin problemas con el servicio\/entrega.<\/p>\n<p>&nbsp;<\/p>","protected":false},"excerpt":{"rendered":"<p>Does what it says on the proverbial tin really Good customer service, prompt delivery (to the UK), kills anxiety etc. I usually &#8216;fast&#8217; for one hour, then take 1g, fast for another 3 hours, take another 0.5g before having something to eat. &nbsp; Phenibut on Mind Nutrition Note &#8211; I did NOT receive this product [&hellip;]<\/p>\n","protected":false},"author":41980142,"featured_media":0,"parent":189,"menu_order":0,"comment_status":"closed","ping_status":"closed","template":"","meta":{"_coblocks_attr":"","_coblocks_dimensions":"","_coblocks_responsive_height":"","_coblocks_accordion_ie_support":"","_crdt_document":"","footnotes":""},"class_list":["post-5677","page","type-page","status-publish","hentry"],"yoast_head":"<!-- This site is optimized with the Yoast SEO plugin v27.4 - https:\/\/yoast.com\/product\/yoast-seo-wordpress\/ -->\n<title>Mind Nutrition Phenibut Review - Fitness &amp; MMA Blog - BlackBeltWhiteHat.com<\/title>\n<meta name=\"robots\" content=\"index, follow, max-snippet:-1, max-image-preview:large, max-video-preview:-1\" \/>\n<link rel=\"canonical\" href=\"https:\/\/blackbeltwhitehat.com\/es\/resenas\/resena-de-fenibut-de-mind-nutrition\/\" \/>\n<meta property=\"og:locale\" content=\"es_ES\" \/>\n<meta property=\"og:type\" content=\"article\" \/>\n<meta property=\"og:title\" content=\"Mind Nutrition Phenibut Review - Fitness &amp; MMA Blog - BlackBeltWhiteHat.com\" \/>\n<meta property=\"og:description\" content=\"Does what it says on the proverbial tin really Good customer service, prompt delivery (to the UK), kills anxiety etc. I usually &#8216;fast&#8217; for one hour, then take 1g, fast for another 3 hours, take another 0.5g before having something to eat. &nbsp; Phenibut on Mind Nutrition Note &#8211; I did NOT receive this product [&hellip;]\" \/>\n<meta property=\"og:url\" content=\"https:\/\/blackbeltwhitehat.com\/es\/resenas\/resena-de-fenibut-de-mind-nutrition\/\" \/>\n<meta property=\"og:site_name\" content=\"Fitness &amp; MMA Blog - BlackBeltWhiteHat.com\" \/>\n<meta property=\"article:publisher\" content=\"https:\/\/www.facebook.com\/BlackBeltWhiteHat\/\" \/>\n<meta property=\"article:modified_time\" content=\"2016-09-19T18:15:49+00:00\" \/>\n<meta property=\"og:image\" content=\"https:\/\/blackbeltwhitehat.com\/wp-content\/uploads\/2016\/09\/phenibut.png\" \/>\n<meta name=\"twitter:card\" content=\"summary_large_image\" \/>\n<meta name=\"twitter:site\" content=\"@MMATraining1980\" \/>\n<!-- \/ Yoast SEO plugin. -->","yoast_head_json":{"title":"Mind Nutrition Phenibut Review - Fitness &amp; MMA Blog - BlackBeltWhiteHat.com","robots":{"index":"index","follow":"follow","max-snippet":"max-snippet:-1","max-image-preview":"max-image-preview:large","max-video-preview":"max-video-preview:-1"},"canonical":"https:\/\/blackbeltwhitehat.com\/es\/resenas\/resena-de-fenibut-de-mind-nutrition\/","og_locale":"es_ES","og_type":"article","og_title":"Mind Nutrition Phenibut Review - Fitness &amp; MMA Blog - BlackBeltWhiteHat.com","og_description":"Does what it says on the proverbial tin really Good customer service, prompt delivery (to the UK), kills anxiety etc. I usually &#8216;fast&#8217; for one hour, then take 1g, fast for another 3 hours, take another 0.5g before having something to eat. &nbsp; Phenibut on Mind Nutrition Note &#8211; I did NOT receive this product [&hellip;]","og_url":"https:\/\/blackbeltwhitehat.com\/es\/resenas\/resena-de-fenibut-de-mind-nutrition\/","og_site_name":"Fitness &amp; MMA Blog - BlackBeltWhiteHat.com","article_publisher":"https:\/\/www.facebook.com\/BlackBeltWhiteHat\/","article_modified_time":"2016-09-19T18:15:49+00:00","og_image":[{"url":"https:\/\/blackbeltwhitehat.com\/wp-content\/uploads\/2016\/09\/phenibut.png","type":"","width":"","height":""}],"twitter_card":"summary_large_image","twitter_site":"@MMATraining1980","schema":{"@context":"https:\/\/schema.org","@graph":[{"@type":"WebPage","@id":"https:\/\/blackbeltwhitehat.com\/reviews\/mind-nutrition-phenibut-review\/","url":"https:\/\/blackbeltwhitehat.com\/reviews\/mind-nutrition-phenibut-review\/","name":"Mind Nutrition Phenibut Review - Fitness &amp; MMA Blog - BlackBeltWhiteHat.com","isPartOf":{"@id":"https:\/\/blackbeltwhitehat.com\/en\/#website"},"primaryImageOfPage":{"@id":"https:\/\/blackbeltwhitehat.com\/reviews\/mind-nutrition-phenibut-review\/#primaryimage"},"image":{"@id":"https:\/\/blackbeltwhitehat.com\/reviews\/mind-nutrition-phenibut-review\/#primaryimage"},"thumbnailUrl":"https:\/\/blackbeltwhitehat.com\/wp-content\/uploads\/2016\/09\/phenibut.png","datePublished":"2016-09-19T18:14:09+00:00","dateModified":"2016-09-19T18:15:49+00:00","breadcrumb":{"@id":"https:\/\/blackbeltwhitehat.com\/reviews\/mind-nutrition-phenibut-review\/#breadcrumb"},"inLanguage":"es","potentialAction":[{"@type":"ReadAction","target":["https:\/\/blackbeltwhitehat.com\/reviews\/mind-nutrition-phenibut-review\/"]}]},{"@type":"ImageObject","inLanguage":"es","@id":"https:\/\/blackbeltwhitehat.com\/reviews\/mind-nutrition-phenibut-review\/#primaryimage","url":"https:\/\/blackbeltwhitehat.com\/wp-content\/uploads\/2016\/09\/phenibut.png","contentUrl":"https:\/\/blackbeltwhitehat.com\/wp-content\/uploads\/2016\/09\/phenibut.png"},{"@type":"BreadcrumbList","@id":"https:\/\/blackbeltwhitehat.com\/reviews\/mind-nutrition-phenibut-review\/#breadcrumb","itemListElement":[{"@type":"ListItem","position":1,"name":"Home","item":"https:\/\/blackbeltwhitehat.com\/"},{"@type":"ListItem","position":2,"name":"Reviews","item":"https:\/\/blackbeltwhitehat.com\/reviews\/"},{"@type":"ListItem","position":3,"name":"Mind Nutrition Phenibut Review"}]},{"@type":"WebSite","@id":"https:\/\/blackbeltwhitehat.com\/en\/#website","url":"https:\/\/blackbeltwhitehat.com\/en\/","name":"Blog de fitness y MMA - BlackBeltWhiteHat.com","description":"Blog de fitness, MMA y nutrici\u00f3n del Reino Unido","publisher":{"@id":"https:\/\/blackbeltwhitehat.com\/en\/#organization"},"potentialAction":[{"@type":"SearchAction","target":{"@type":"EntryPoint","urlTemplate":"https:\/\/blackbeltwhitehat.com\/en\/?s={search_term_string}"},"query-input":{"@type":"PropertyValueSpecification","valueRequired":true,"valueName":"search_term_string"}}],"inLanguage":"es"},{"@type":"Organization","@id":"https:\/\/blackbeltwhitehat.com\/en\/#organization","name":"Blog de fitness y MMA - BlackBeltWhiteHat.com","url":"https:\/\/blackbeltwhitehat.com\/en\/","logo":{"@type":"ImageObject","inLanguage":"es","@id":"https:\/\/blackbeltwhitehat.com\/en\/#\/schema\/logo\/image\/","url":"https:\/\/blackbeltwhitehat.com\/wp-content\/uploads\/2019\/06\/cropped-mmabloglogodis-copy.png","contentUrl":"https:\/\/blackbeltwhitehat.com\/wp-content\/uploads\/2019\/06\/cropped-mmabloglogodis-copy.png","width":352,"height":352,"caption":"Fitness & MMA Blog - BlackBeltWhiteHat.com"},"image":{"@id":"https:\/\/blackbeltwhitehat.com\/en\/#\/schema\/logo\/image\/"},"sameAs":["https:\/\/www.facebook.com\/BlackBeltWhiteHat\/","https:\/\/x.com\/MMATraining1980"]}]}},"jetpack_likes_enabled":true,"jetpack_sharing_enabled":true,"jetpack_shortlink":"https:\/\/wp.me\/P2Sx3t-1tz","jetpack-related-posts":[{"id":189,"url":"https:\/\/blackbeltwhitehat.com\/es\/resenas\/","url_meta":{"origin":5677,"position":0},"title":"Rese\u00f1as","author":"Dave","date":"febrero 4, 2013","format":false,"excerpt":"Rese\u00f1as de productos y equipos para fitness y MMA. Opiniones honestas sobre productos y servicios relacionados con el fitness, la nutrici\u00f3n y las MMA. Rara vez me env\u00edan productos para rese\u00f1ar, pero si lo hacen, lo indicar\u00e9 en la rese\u00f1a. Rese\u00f1as de MMA: Rese\u00f1a de los guantes Everlast MMA, rese\u00f1a de la m\u00e1quina de masaje TimTam, boxeo de cuero Kangrui\u2026","rel":"","context":"Entrada similar","block_context":{"text":"Entrada similar","link":""},"img":{"alt_text":"","src":"","width":0,"height":0},"classes":[]},{"id":412,"url":"https:\/\/blackbeltwhitehat.com\/es\/articulos-de-mma\/nutricion\/","url_meta":{"origin":5677,"position":1},"title":"Nutrici\u00f3n","author":"Dave","date":"abril 16, 2013","format":false,"excerpt":"MMA Nutrition Tips All things MMA Nutrition related, including this free ebook. \u00a0 MMA Nutrition Articles MMA Recovery The A to Z of Vitamins & Minerals Carbohydrates & MMA What are the Essential Amino Acids? How to Lose Weight Paleo Diet for MMA Paleo Diet for Beginners Herbs for MMA\u2026","rel":"","context":"Entrada similar","block_context":{"text":"Entrada similar","link":""},"img":{"alt_text":"","src":"","width":0,"height":0},"classes":[]},{"id":4776,"url":"https:\/\/blackbeltwhitehat.com\/es\/psicologia\/vision-general-de-la-psicologia-del-deporte\/","url_meta":{"origin":5677,"position":2},"title":"Visi\u00f3n general de la psicolog\u00eda del deporte","author":"Dave","date":"mayo 24, 2016","format":false,"excerpt":"Sport Psychology involves the study of, and strategies related to: Motivation Confidence Performance Knowledge Routines Anxiety Management Emotional intelligence(?) Motivation Motivation is often broken down into Process Goals and Outcome goals. For example - an Outcome goal might be: \"I want to run 100m under 12 seconds by December 15th\"\u2026","rel":"","context":"Entrada similar","block_context":{"text":"Entrada similar","link":""},"img":{"alt_text":"","src":"https:\/\/i0.wp.com\/maintainmomentum.com\/blog\/wp-content\/uploads\/2014\/01\/motalk.jpg?resize=350%2C200","width":350,"height":200,"srcset":"https:\/\/i0.wp.com\/maintainmomentum.com\/blog\/wp-content\/uploads\/2014\/01\/motalk.jpg?resize=350%2C200 1x, https:\/\/i0.wp.com\/maintainmomentum.com\/blog\/wp-content\/uploads\/2014\/01\/motalk.jpg?resize=525%2C300 1.5x"},"classes":[]},{"id":3706,"url":"https:\/\/blackbeltwhitehat.com\/es\/articulos-de-mma\/libro-gratuito-sobre-nutricion-para-mma\/","url_meta":{"origin":5677,"position":3},"title":"Libro de nutrici\u00f3n deportiva de MMA GRATIS en formato PDF","author":"Dave","date":"febrero 18, 2016","format":false,"excerpt":"\u00a0 \u00a0 Free MMA Nutrition & Diet Book on PDF \u00a0 Click here or the image below to download the Free MMA Nutrition 58 page ebook: \u00a0 Click here to download the Word Doc version of the eBook \u00a0 \u00a0 Buy the full book on Kindle for \u00a31.99 by clicking\u2026","rel":"","context":"Entrada similar","block_context":{"text":"Entrada similar","link":""},"img":{"alt_text":"SEO content example","src":"https:\/\/i0.wp.com\/blackbeltwhitehat.com\/wp-content\/uploads\/2014\/07\/mmau2.jpg?fit=847%2C1200&ssl=1&resize=350%2C200","width":350,"height":200,"srcset":"https:\/\/i0.wp.com\/blackbeltwhitehat.com\/wp-content\/uploads\/2014\/07\/mmau2.jpg?fit=847%2C1200&ssl=1&resize=350%2C200 1x, https:\/\/i0.wp.com\/blackbeltwhitehat.com\/wp-content\/uploads\/2014\/07\/mmau2.jpg?fit=847%2C1200&ssl=1&resize=525%2C300 1.5x, https:\/\/i0.wp.com\/blackbeltwhitehat.com\/wp-content\/uploads\/2014\/07\/mmau2.jpg?fit=847%2C1200&ssl=1&resize=700%2C400 2x"},"classes":[]},{"id":1701,"url":"https:\/\/blackbeltwhitehat.com\/es\/articulos-de-mma\/nutricion\/como-perder-peso\/","url_meta":{"origin":5677,"position":4},"title":"C\u00f3mo perder peso","author":"Dave","date":"junio 5, 2014","format":false,"excerpt":"Losing Weight Fast! Ignore that heading, I just put it there for SEO purposes and to grab your attention. Sorry. You need a general healthy lifestyle, not a quick fix. \u00a0Having said that... Here's my top tips: 1. Ignore all the juice, herbalife diets etc. \u00a0They are overpriced and lots\u2026","rel":"","context":"Con 1 comentario","block_context":{"text":"Con 1 comentario","link":"https:\/\/blackbeltwhitehat.com\/es\/articulos-de-mma\/nutricion\/como-perder-peso\/#comments"},"img":{"alt_text":"Diet fast weight loss","src":"https:\/\/i0.wp.com\/blackbeltwhitehat.com\/wp-content\/uploads\/2014\/06\/jonsnow.jpg?resize=350%2C200","width":350,"height":200},"classes":[]},{"id":789,"url":"https:\/\/blackbeltwhitehat.com\/es\/articulos-de-mma\/nutricion\/la-nutricion-deportiva-comienza-con-una-nutricion-saludable\/","url_meta":{"origin":5677,"position":5},"title":"La nutrici\u00f3n deportiva empieza con una nutrici\u00f3n saludable","author":"Dave","date":"noviembre 18, 2013","format":false,"excerpt":"Sports Nutrition for MMA Disclaimer - never follow my advice, the consequences may be fatal Sports Nutrition in a nutshell: 1. Drink a sports drink during training, this is especially important during longer training sessions of 1 hour or longer Your immune system starts to wane and all sorts of\u2026","rel":"","context":"Entrada similar","block_context":{"text":"Entrada similar","link":""},"img":{"alt_text":"Diet health mma","src":"https:\/\/i0.wp.com\/blackbeltwhitehat.com\/wp-content\/uploads\/2013\/11\/lee.jpg?resize=350%2C200&ssl=1","width":350,"height":200,"srcset":"https:\/\/i0.wp.com\/blackbeltwhitehat.com\/wp-content\/uploads\/2013\/11\/lee.jpg?resize=350%2C200&ssl=1 1x, https:\/\/i0.wp.com\/blackbeltwhitehat.com\/wp-content\/uploads\/2013\/11\/lee.jpg?resize=525%2C300&ssl=1 1.5x"},"classes":[]}],"_links":{"self":[{"href":"https:\/\/blackbeltwhitehat.com\/es\/wp-json\/wp\/v2\/pages\/5677","targetHints":{"allow":["GET"]}}],"collection":[{"href":"https:\/\/blackbeltwhitehat.com\/es\/wp-json\/wp\/v2\/pages"}],"about":[{"href":"https:\/\/blackbeltwhitehat.com\/es\/wp-json\/wp\/v2\/types\/page"}],"author":[{"embeddable":true,"href":"https:\/\/blackbeltwhitehat.com\/es\/wp-json\/wp\/v2\/users\/41980142"}],"replies":[{"embeddable":true,"href":"https:\/\/blackbeltwhitehat.com\/es\/wp-json\/wp\/v2\/comments?post=5677"}],"version-history":[{"count":9,"href":"https:\/\/blackbeltwhitehat.com\/es\/wp-json\/wp\/v2\/pages\/5677\/revisions"}],"predecessor-version":[{"id":5687,"href":"https:\/\/blackbeltwhitehat.com\/es\/wp-json\/wp\/v2\/pages\/5677\/revisions\/5687"}],"up":[{"embeddable":true,"href":"https:\/\/blackbeltwhitehat.com\/es\/wp-json\/wp\/v2\/pages\/189"}],"wp:attachment":[{"href":"https:\/\/blackbeltwhitehat.com\/es\/wp-json\/wp\/v2\/media?parent=5677"}],"curies":[{"name":"wp","href":"https:\/\/api.w.org\/{rel}","templated":true}]}}