{"id":683,"date":"2013-09-10T18:51:17","date_gmt":"2013-09-10T18:51:17","guid":{"rendered":"http:\/\/blackbeltwhitehat.com\/?page_id=683"},"modified":"2013-09-10T18:53:37","modified_gmt":"2013-09-10T18:53:37","slug":"como-hacer-un-uppercut-como-steven-gerrard","status":"publish","type":"page","link":"https:\/\/blackbeltwhitehat.com\/es\/articulos-de-mma\/tecnica\/como-hacer-un-uppercut-como-steven-gerrard\/","title":{"rendered":"C\u00f3mo hacer un uppercut como Steven Gerrard"},"content":{"rendered":"<p>Bueno, primero una demostraci\u00f3n del hombre en acci\u00f3n; saltemos al minuto 35 del v\u00eddeo:<\/p>\n<p><span class=\"embed-youtube\" style=\"text-align:center; display: block;\"><iframe loading=\"lazy\" class=\"youtube-player\" width=\"640\" height=\"360\" src=\"https:\/\/www.youtube.com\/embed\/x7ccmKNbYzs?version=3&#038;rel=1&#038;showsearch=0&#038;showinfo=1&#038;iv_load_policy=1&#038;fs=1&#038;hl=es-ES&#038;autohide=2&#038;wmode=transparent\" allowfullscreen=\"true\" style=\"border:0;\" sandbox=\"allow-scripts allow-same-origin allow-popups allow-presentation allow-popups-to-escape-sandbox\"><\/iframe><\/span><\/p>\n<p>Entonces, la configuraci\u00f3n, como sabemos, es crucial.<br \/>\nHaz que tu amigo gordo (pero s\u00f3lido y agresivo) exija que el DJ ponga Phil Collins.<br \/>\nCuando el DJ se niega, haz que Fat Fat Fat tire al suelo, dijo DJ con un &#039;uppercut elbow&#039;.\u2018<br \/>\nDemostraci\u00f3n de codo uppercut aqu\u00ed:<br \/>\n<span class=\"embed-youtube\" style=\"text-align:center; display: block;\"><iframe loading=\"lazy\" class=\"youtube-player\" width=\"640\" height=\"360\" src=\"https:\/\/www.youtube.com\/embed\/Y4CZtIheG7w?version=3&#038;rel=1&#038;showsearch=0&#038;showinfo=1&#038;iv_load_policy=1&#038;fs=1&#038;hl=es-ES&#038;autohide=2&#038;wmode=transparent\" allowfullscreen=\"true\" style=\"border:0;\" sandbox=\"allow-scripts allow-same-origin allow-popups allow-presentation allow-popups-to-escape-sandbox\"><\/iframe><\/span><\/p>\n<p>Cuando tu compa\u00f1ero haya hecho el da\u00f1o inicial al indefenso DJ, reclama la gloria m\u00e1xima y los puntos de hombre sujetando al hombre herido en su postura acurrucada y golp\u00e9alo repetidamente en la cara con uppercuts.<\/p>\n<p>Salir con las WAGs. Pagar al jurado en el juicio dos semanas despu\u00e9s.<\/p>\n<p><a href=\"https:\/\/i0.wp.com\/blackbeltwhitehat.com\/wp-content\/uploads\/2013\/09\/stevieg.jpg\"><img data-recalc-dims=\"1\" loading=\"lazy\" decoding=\"async\" data-attachment-id=\"684\" data-permalink=\"https:\/\/blackbeltwhitehat.com\/es\/articulos-de-mma\/tecnica\/como-hacer-un-uppercut-como-steven-gerrard\/stevieg\/\" data-orig-file=\"https:\/\/i0.wp.com\/blackbeltwhitehat.com\/wp-content\/uploads\/2013\/09\/stevieg.jpg?fit=284%2C178&amp;ssl=1\" data-orig-size=\"284,178\" data-comments-opened=\"1\" data-image-meta=\"{&quot;aperture&quot;:&quot;0&quot;,&quot;credit&quot;:&quot;&quot;,&quot;camera&quot;:&quot;&quot;,&quot;caption&quot;:&quot;&quot;,&quot;created_timestamp&quot;:&quot;0&quot;,&quot;copyright&quot;:&quot;&quot;,&quot;focal_length&quot;:&quot;0&quot;,&quot;iso&quot;:&quot;0&quot;,&quot;shutter_speed&quot;:&quot;0&quot;,&quot;title&quot;:&quot;&quot;}\" data-image-title=\"steven gerrard\" data-image-description=\"\" data-image-caption=\"\" data-large-file=\"https:\/\/i0.wp.com\/blackbeltwhitehat.com\/wp-content\/uploads\/2013\/09\/stevieg.jpg?fit=284%2C178&amp;ssl=1\" class=\"alignnone size-full wp-image-684\" alt=\"uppercut\" src=\"https:\/\/i0.wp.com\/blackbeltwhitehat.com\/wp-content\/uploads\/2013\/09\/stevieg.jpg?resize=284%2C178\" width=\"284\" height=\"178\" \/><\/a><\/p>\n<p>&nbsp;<\/p>\n<p>Futbolistas = s\u00f3lidos<\/p>","protected":false},"excerpt":{"rendered":"<p>Ok, so first a demo of the man at work; skip to 35 secs into the vid: So, the set up, as we know is crucial. Get your fat (but solid, and aggressive) mate to demand that the DJ plays Phil Collins. When the DJ declines, get fatty fat fat to floor said DJ with [&hellip;]<\/p>\n","protected":false},"author":41980142,"featured_media":0,"parent":415,"menu_order":0,"comment_status":"open","ping_status":"open","template":"","meta":{"_coblocks_attr":"","_coblocks_dimensions":"","_coblocks_responsive_height":"","_coblocks_accordion_ie_support":"","_crdt_document":"","footnotes":""},"class_list":["post-683","page","type-page","status-publish","hentry"],"yoast_head":"<!-- This site is optimized with the Yoast SEO plugin v27.4 - https:\/\/yoast.com\/product\/yoast-seo-wordpress\/ -->\n<title>How to Uppercut like Steven Gerrard - Fitness &amp; MMA Blog - BlackBeltWhiteHat.com<\/title>\n<meta name=\"robots\" content=\"index, follow, max-snippet:-1, max-image-preview:large, max-video-preview:-1\" \/>\n<link rel=\"canonical\" href=\"https:\/\/blackbeltwhitehat.com\/es\/articulos-de-mma\/tecnica\/como-hacer-un-uppercut-como-steven-gerrard\/\" \/>\n<meta property=\"og:locale\" content=\"es_ES\" \/>\n<meta property=\"og:type\" content=\"article\" \/>\n<meta property=\"og:title\" content=\"How to Uppercut like Steven Gerrard - Fitness &amp; MMA Blog - BlackBeltWhiteHat.com\" \/>\n<meta property=\"og:description\" content=\"Ok, so first a demo of the man at work; skip to 35 secs into the vid: So, the set up, as we know is crucial. Get your fat (but solid, and aggressive) mate to demand that the DJ plays Phil Collins. When the DJ declines, get fatty fat fat to floor said DJ with [&hellip;]\" \/>\n<meta property=\"og:url\" content=\"https:\/\/blackbeltwhitehat.com\/es\/articulos-de-mma\/tecnica\/como-hacer-un-uppercut-como-steven-gerrard\/\" \/>\n<meta property=\"og:site_name\" content=\"Fitness &amp; MMA Blog - BlackBeltWhiteHat.com\" \/>\n<meta property=\"article:publisher\" content=\"https:\/\/www.facebook.com\/BlackBeltWhiteHat\/\" \/>\n<meta property=\"article:modified_time\" content=\"2013-09-10T18:53:37+00:00\" \/>\n<meta property=\"og:image\" content=\"http:\/\/blackbeltwhitehat.com\/wp-content\/uploads\/2013\/09\/stevieg.jpg\" \/>\n<meta name=\"twitter:card\" content=\"summary_large_image\" \/>\n<meta name=\"twitter:site\" content=\"@MMATraining1980\" \/>\n<meta name=\"twitter:label1\" content=\"Tiempo de lectura\" \/>\n\t<meta name=\"twitter:data1\" content=\"1 minuto\" \/>\n<!-- \/ Yoast SEO plugin. -->","yoast_head_json":{"title":"C\u00f3mo lanzar un uppercut como Steven Gerrard - Blog de Fitness y MMA - BlackBeltWhiteHat.com","robots":{"index":"index","follow":"follow","max-snippet":"max-snippet:-1","max-image-preview":"max-image-preview:large","max-video-preview":"max-video-preview:-1"},"canonical":"https:\/\/blackbeltwhitehat.com\/es\/articulos-de-mma\/tecnica\/como-hacer-un-uppercut-como-steven-gerrard\/","og_locale":"es_ES","og_type":"article","og_title":"How to Uppercut like Steven Gerrard - Fitness &amp; MMA Blog - BlackBeltWhiteHat.com","og_description":"Ok, so first a demo of the man at work; skip to 35 secs into the vid: So, the set up, as we know is crucial. Get your fat (but solid, and aggressive) mate to demand that the DJ plays Phil Collins. When the DJ declines, get fatty fat fat to floor said DJ with [&hellip;]","og_url":"https:\/\/blackbeltwhitehat.com\/es\/articulos-de-mma\/tecnica\/como-hacer-un-uppercut-como-steven-gerrard\/","og_site_name":"Fitness &amp; MMA Blog - BlackBeltWhiteHat.com","article_publisher":"https:\/\/www.facebook.com\/BlackBeltWhiteHat\/","article_modified_time":"2013-09-10T18:53:37+00:00","og_image":[{"url":"http:\/\/blackbeltwhitehat.com\/wp-content\/uploads\/2013\/09\/stevieg.jpg","type":"","width":"","height":""}],"twitter_card":"summary_large_image","twitter_site":"@MMATraining1980","twitter_misc":{"Tiempo de lectura":"1 minuto"},"schema":{"@context":"https:\/\/schema.org","@graph":[{"@type":"WebPage","@id":"https:\/\/blackbeltwhitehat.com\/mma-articles\/technique\/how-to-uppercut-like-steven-gerrard\/","url":"https:\/\/blackbeltwhitehat.com\/mma-articles\/technique\/how-to-uppercut-like-steven-gerrard\/","name":"C\u00f3mo lanzar un uppercut como Steven Gerrard - Blog de Fitness y MMA - BlackBeltWhiteHat.com","isPartOf":{"@id":"https:\/\/blackbeltwhitehat.com\/en\/#website"},"primaryImageOfPage":{"@id":"https:\/\/blackbeltwhitehat.com\/mma-articles\/technique\/how-to-uppercut-like-steven-gerrard\/#primaryimage"},"image":{"@id":"https:\/\/blackbeltwhitehat.com\/mma-articles\/technique\/how-to-uppercut-like-steven-gerrard\/#primaryimage"},"thumbnailUrl":"http:\/\/blackbeltwhitehat.com\/wp-content\/uploads\/2013\/09\/stevieg.jpg","datePublished":"2013-09-10T18:51:17+00:00","dateModified":"2013-09-10T18:53:37+00:00","breadcrumb":{"@id":"https:\/\/blackbeltwhitehat.com\/mma-articles\/technique\/how-to-uppercut-like-steven-gerrard\/#breadcrumb"},"inLanguage":"es","potentialAction":[{"@type":"ReadAction","target":["https:\/\/blackbeltwhitehat.com\/mma-articles\/technique\/how-to-uppercut-like-steven-gerrard\/"]}]},{"@type":"ImageObject","inLanguage":"es","@id":"https:\/\/blackbeltwhitehat.com\/mma-articles\/technique\/how-to-uppercut-like-steven-gerrard\/#primaryimage","url":"http:\/\/blackbeltwhitehat.com\/wp-content\/uploads\/2013\/09\/stevieg.jpg","contentUrl":"http:\/\/blackbeltwhitehat.com\/wp-content\/uploads\/2013\/09\/stevieg.jpg"},{"@type":"BreadcrumbList","@id":"https:\/\/blackbeltwhitehat.com\/mma-articles\/technique\/how-to-uppercut-like-steven-gerrard\/#breadcrumb","itemListElement":[{"@type":"ListItem","position":1,"name":"Home","item":"https:\/\/blackbeltwhitehat.com\/"},{"@type":"ListItem","position":2,"name":"MMA","item":"https:\/\/blackbeltwhitehat.com\/mma-articles\/"},{"@type":"ListItem","position":3,"name":"Technique","item":"https:\/\/blackbeltwhitehat.com\/mma-articles\/technique\/"},{"@type":"ListItem","position":4,"name":"How to Uppercut like Steven Gerrard"}]},{"@type":"WebSite","@id":"https:\/\/blackbeltwhitehat.com\/en\/#website","url":"https:\/\/blackbeltwhitehat.com\/en\/","name":"Blog de fitness y MMA - BlackBeltWhiteHat.com","description":"Blog de fitness, MMA y nutrici\u00f3n del Reino Unido","publisher":{"@id":"https:\/\/blackbeltwhitehat.com\/en\/#organization"},"potentialAction":[{"@type":"SearchAction","target":{"@type":"EntryPoint","urlTemplate":"https:\/\/blackbeltwhitehat.com\/en\/?s={search_term_string}"},"query-input":{"@type":"PropertyValueSpecification","valueRequired":true,"valueName":"search_term_string"}}],"inLanguage":"es"},{"@type":"Organization","@id":"https:\/\/blackbeltwhitehat.com\/en\/#organization","name":"Blog de fitness y MMA - BlackBeltWhiteHat.com","url":"https:\/\/blackbeltwhitehat.com\/en\/","logo":{"@type":"ImageObject","inLanguage":"es","@id":"https:\/\/blackbeltwhitehat.com\/en\/#\/schema\/logo\/image\/","url":"https:\/\/blackbeltwhitehat.com\/wp-content\/uploads\/2019\/06\/cropped-mmabloglogodis-copy.png","contentUrl":"https:\/\/blackbeltwhitehat.com\/wp-content\/uploads\/2019\/06\/cropped-mmabloglogodis-copy.png","width":352,"height":352,"caption":"Fitness & MMA Blog - BlackBeltWhiteHat.com"},"image":{"@id":"https:\/\/blackbeltwhitehat.com\/en\/#\/schema\/logo\/image\/"},"sameAs":["https:\/\/www.facebook.com\/BlackBeltWhiteHat\/","https:\/\/x.com\/MMATraining1980"]}]}},"jetpack_likes_enabled":true,"jetpack_sharing_enabled":true,"jetpack_shortlink":"https:\/\/wp.me\/P2Sx3t-b1","jetpack-related-posts":[{"id":1724,"url":"https:\/\/blackbeltwhitehat.com\/es\/articulos-de-mma\/tecnica\/combinaciones-de-boxeo\/","url_meta":{"origin":683,"position":0},"title":"Boxing Combinations \u00b7  pdf \u00b7 [2026]","author":"Dave","date":"junio 7, 2014","format":false,"excerpt":"Boxing Combinations Below is a list of boxing combinations that you can use to practice on the bag, pads or in sparring. Be aware, that it's pretty difficult to land 3 or 4 punch combinations against a decent opponent. You'll generally be using the 1 or 2 punch combinations the\u2026","rel":"","context":"Con 3 comentarios","block_context":{"text":"Con 3 comentarios","link":"https:\/\/blackbeltwhitehat.com\/es\/articulos-de-mma\/tecnica\/combinaciones-de-boxeo\/#comments"},"img":{"alt_text":"jab, cross, hook, uppercut","src":"https:\/\/i0.wp.com\/blackbeltwhitehat.com\/wp-content\/uploads\/2014\/06\/jabcrosshookuppercut.gif?resize=350%2C200&ssl=1","width":350,"height":200},"classes":[]},{"id":332,"url":"https:\/\/blackbeltwhitehat.com\/es\/articulos-de-mma\/tecnica\/analisis-de-mark-hunt\/","url_meta":{"origin":683,"position":1},"title":"An\u00e1lisis de Mark Hunt","author":"Dave","date":"marzo 21, 2013","format":false,"excerpt":"Mark Hunt's\u00a0Punching Power & Striking Being a short tubby bugger myself, I love the Hunt! \u00a0He is a beast. His punching power appears to come from\u00a0his great timing, his accuracy, his strength and bodyweight & his use of the Russian Hook and the Overhand Right which are perfect for a\u2026","rel":"","context":"Entrada similar","block_context":{"text":"Entrada similar","link":""},"img":{"alt_text":"mark hunt analysis","src":"https:\/\/i0.wp.com\/blackbeltwhitehat.com\/wp-content\/uploads\/2013\/03\/markhunt2.jpg?resize=350%2C200","width":350,"height":200},"classes":[]},{"id":10536,"url":"https:\/\/blackbeltwhitehat.com\/es\/resenas\/resena-del-saco-de-boxeo-independiente-bob-xl\/","url_meta":{"origin":683,"position":2},"title":"Saco de boxeo independiente Bob XL \u2013 Rese\u00f1a","author":"Dave","date":"agosto 3, 2019","format":false,"excerpt":"Advantages of the Bob XL Dummy Easy to set upNo bracket required - just need a space to exerciseYou can uppercut the head (you can't uppercut a normal bag)You can clinch and pull down the headYou can practice accurate eye, nose & throat strikes Freestanding Bob Dummy Vs Conventional Heavy\u2026","rel":"","context":"Entrada similar","block_context":{"text":"Entrada similar","link":""},"img":{"alt_text":"","src":"https:\/\/i0.wp.com\/blackbeltwhitehat.com\/wp-content\/uploads\/2019\/08\/bobxl.gif?resize=350%2C200&ssl=1","width":350,"height":200},"classes":[]},{"id":4665,"url":"https:\/\/blackbeltwhitehat.com\/es\/directorio-de-tecnicas\/llamativo\/combinaciones-de-boxeo\/","url_meta":{"origin":683,"position":3},"title":"Combinaciones de boxeo","author":"Dave","date":"mayo 18, 2016","format":false,"excerpt":"\u00a0 Here are some combinations to try out on the pads and punchbag. Boxing Combinations Double Jab Jab, Cross Double Jab, Cross Left Jab, Cross, Left Hook, Cross Left Jab to the head, Right cross to the body, Left Hook to the head Left Jab, Left Hook Left Jab, Left\u2026","rel":"","context":"Entrada similar","block_context":{"text":"Entrada similar","link":""},"img":{"alt_text":"boxing jab","src":"https:\/\/i0.wp.com\/blackbeltwhitehat.com\/wp-content\/uploads\/2013\/06\/jab2a.jpg?resize=350%2C200&ssl=1","width":350,"height":200},"classes":[]},{"id":2369,"url":"https:\/\/blackbeltwhitehat.com\/es\/articulos-de-mma\/tecnica\/como-desarrollar-un-golpe-potente\/","url_meta":{"origin":683,"position":4},"title":"How to Punch Harder (and Faster) [2023 Update]","author":"Dave","date":"diciembre 5, 2014","format":false,"excerpt":"How to Develop KO Power *Disclaimer - You should never punch someone, unless they insult your mum - Keep your shoulders and arms relaxed. You want punches\u00a0to be fast and 'whip-like'. \u00a0Keep you upper body as relaxed as possible. - \"Throw your fist last\". \u00a0I believe the 'whip' effect of\u2026","rel":"","context":"Entrada similar","block_context":{"text":"Entrada similar","link":""},"img":{"alt_text":"","src":"https:\/\/i0.wp.com\/blackbeltwhitehat.com\/wp-content\/uploads\/2022\/05\/cungleko.gif?resize=350%2C200&ssl=1","width":350,"height":200},"classes":[]},{"id":10380,"url":"https:\/\/blackbeltwhitehat.com\/es\/aptitud-fisica\/entrenamiento-de-pecho-de-mma\/","url_meta":{"origin":683,"position":5},"title":"Entrenamiento de pecho de MMA 2022 (PDF incluido)","author":"Dave","date":"julio 19, 2019","format":false,"excerpt":"Training the chest in isolation from the rest of the body is not ideal when it comes to building MMA Specific strength and fitness. Training specific movements, rather than muscles is the best way to develop fitness and power for the cage. - if you want to make the chest\u2026","rel":"","context":"Entrada similar","block_context":{"text":"Entrada similar","link":""},"img":{"alt_text":"","src":"https:\/\/i0.wp.com\/blackbeltwhitehat.com\/wp-content\/uploads\/2019\/07\/banduppercuts.gif?resize=350%2C200&ssl=1","width":350,"height":200},"classes":[]}],"_links":{"self":[{"href":"https:\/\/blackbeltwhitehat.com\/es\/wp-json\/wp\/v2\/pages\/683","targetHints":{"allow":["GET"]}}],"collection":[{"href":"https:\/\/blackbeltwhitehat.com\/es\/wp-json\/wp\/v2\/pages"}],"about":[{"href":"https:\/\/blackbeltwhitehat.com\/es\/wp-json\/wp\/v2\/types\/page"}],"author":[{"embeddable":true,"href":"https:\/\/blackbeltwhitehat.com\/es\/wp-json\/wp\/v2\/users\/41980142"}],"replies":[{"embeddable":true,"href":"https:\/\/blackbeltwhitehat.com\/es\/wp-json\/wp\/v2\/comments?post=683"}],"version-history":[{"count":3,"href":"https:\/\/blackbeltwhitehat.com\/es\/wp-json\/wp\/v2\/pages\/683\/revisions"}],"predecessor-version":[{"id":687,"href":"https:\/\/blackbeltwhitehat.com\/es\/wp-json\/wp\/v2\/pages\/683\/revisions\/687"}],"up":[{"embeddable":true,"href":"https:\/\/blackbeltwhitehat.com\/es\/wp-json\/wp\/v2\/pages\/415"}],"wp:attachment":[{"href":"https:\/\/blackbeltwhitehat.com\/es\/wp-json\/wp\/v2\/media?parent=683"}],"curies":[{"name":"wp","href":"https:\/\/api.w.org\/{rel}","templated":true}]}}