{"id":688,"date":"2013-09-13T12:02:48","date_gmt":"2013-09-13T12:02:48","guid":{"rendered":"http:\/\/blackbeltwhitehat.com\/?page_id=688"},"modified":"2015-01-16T12:43:27","modified_gmt":"2015-01-16T12:43:27","slug":"por-que-la-industria-del-fitness-esta-llena-de-cascos","status":"publish","type":"page","link":"https:\/\/blackbeltwhitehat.com\/es\/articulos-de-mma\/otro\/por-que-la-industria-del-fitness-esta-llena-de-cascos\/","title":{"rendered":"Por qu\u00e9 la industria del fitness est\u00e1 llena de cascos"},"content":{"rendered":"<p><strong>\u2026y otras cosas molestas<\/strong><\/p>\n<p><strong>\u201cNutricionistas\u201d<\/strong><br \/>\n<span style=\"line-height:1.5;\">Una de mis principales preocupaciones con la industria del fitness es que la gente puede hacer un curso de dos semanas y, de repente, proclamarse &quot;expertos&quot; en el campo del ejercicio y la nutrici\u00f3n. Adem\u00e1s, t\u00e9rminos y t\u00edtulos autoimpuestos como &quot;nutricionista&quot;, que no est\u00e1n regulados ni protegidos, dan una impresi\u00f3n de importancia y autoridad cl\u00ednica, cuando en muchos casos no la tienen.<\/span><\/p>\n<p>Muchos de los mejores entrenadores personales que conozco, de hecho la mayor\u00eda, no tienen ninguna titulaci\u00f3n acad\u00e9mica (por ejemplo, un t\u00edtulo universitario) en su campo. Han acumulado un profundo conocimiento form\u00e1ndose, leyendo y escuchando a otros. Esto es genial, pero lamentablemente, otros ven la falta de regulaci\u00f3n como una oportunidad para ganar dinero r\u00e1pido y, en otros casos, se proclaman expertos en el sector mediante una p\u00e1gina web atractiva y una buena campa\u00f1a en redes sociales.<\/p>\n<p><strong>Nadie sabe si un estudio est\u00e1 patrocinado por una empresa farmac\u00e9utica (u otra empresa poderosa) o no<br \/>\n<\/strong>La gente parece dar vueltas en las discusiones (normalmente discusiones, en realidad, gracias a algunos egos descomunales) sobre fitness o fuerza y acondicionamiento, porque no se puede respaldar un argumento con referencias a un estudio. Hoy en d\u00eda, se puede afirmar pr\u00e1cticamente lo que se quiera, porque no tiene sentido citar un estudio, porque al parecer todos son basura y est\u00e1n corruptos.<br \/>\nPor favor, trate de tener alg\u00fan tipo de teor\u00eda cient\u00edfica detr\u00e1s de lo que hace y dice.<br \/>\n<strong><br \/>\n<\/strong><\/p>\n<p><strong>Cada uno tiene una opini\u00f3n diferente y cada uno est\u00e1 seguro de que su forma de ser es la correcta.<br \/>\n<\/strong>Volviendo a la cuesti\u00f3n de los egos masivos.<strong>\u00a0 <\/strong>Hay muchas formas de &quot;ponerse en forma&quot; y los entrenadores descartan los m\u00e9todos que ellos mismos no utilizan, consider\u00e1ndolos &quot;basura&quot; o &quot;tonter\u00edas&quot;, y siguen teniendo una mentalidad estrecha en su enfoque.<\/p>\n<p><strong>\u2018Entrenadores brit\u00e1nicos &quot;expertos&quot; escriben mal la palabra &quot;programa&quot;<br \/>\n<\/strong>Es \u201cprograma\u201d a menos que te refieras a algo relacionado con computadoras, no \u201cprograma\u201d.<\/p>\n<p><strong>La obsesi\u00f3n por la apariencia y el narcisismo general que promueve<br \/>\n<\/strong>Es como si nada m\u00e1s les importara a algunas personas. Publican fotos de motivaci\u00f3n para el gimnasio sobre &quot;los ganadores nunca se rinden&quot; o alguna otra frase de sabidur\u00eda infinita, y la relacionan con lo grandes que son sus m\u00fasculos. \u00a1No es importante! No cambiar\u00e1s el mundo teniendo b\u00edceps grandes. Intenta aprender inform\u00e1tica, medicina o algo as\u00ed. Y si quieres dedicar todo tu tiempo a algo superficial, por favor, no le des vueltas a eso constantemente.<br \/>\nQuiero decir que est\u00e1 bien y es divertido ir al gimnasio, pero intenta hacerlo por valores &quot;intr\u00ednsecos&quot; como el disfrute, y recuerda que no eres mejor que nadie si tienes b\u00edceps de 40 cm o un abdomen marcado.<br \/>\nSi lo disfrutas, hazlo, pero no te eval\u00faes a ti mismo ni a los dem\u00e1s por ello. Est\u00e1 bien tener un hobby y una pasi\u00f3n, pero no tanto obsesionarse con la apariencia y creer que es lo m\u00e1s importante.<\/p>\n<p><strong>Im\u00e1genes motivacionales<br \/>\n<\/strong>Como expliqu\u00e9 anteriormente, no soy un gran fan.<\/p>\n<figure id=\"attachment_689\" aria-describedby=\"caption-attachment-689\" style=\"width: 640px\" class=\"wp-caption alignnone\"><a href=\"https:\/\/i0.wp.com\/blackbeltwhitehat.com\/wp-content\/uploads\/2013\/09\/workfor.jpg\"><img data-recalc-dims=\"1\" loading=\"lazy\" decoding=\"async\" data-attachment-id=\"689\" data-permalink=\"https:\/\/blackbeltwhitehat.com\/es\/articulos-de-mma\/otro\/por-que-la-industria-del-fitness-esta-llena-de-cascos\/workfor\/\" data-orig-file=\"https:\/\/i0.wp.com\/blackbeltwhitehat.com\/wp-content\/uploads\/2013\/09\/workfor.jpg?fit=652%2C750&amp;ssl=1\" data-orig-size=\"652,750\" data-comments-opened=\"1\" data-image-meta=\"{&quot;aperture&quot;:&quot;0&quot;,&quot;credit&quot;:&quot;&quot;,&quot;camera&quot;:&quot;&quot;,&quot;caption&quot;:&quot;&quot;,&quot;created_timestamp&quot;:&quot;0&quot;,&quot;copyright&quot;:&quot;&quot;,&quot;focal_length&quot;:&quot;0&quot;,&quot;iso&quot;:&quot;0&quot;,&quot;shutter_speed&quot;:&quot;0&quot;,&quot;title&quot;:&quot;&quot;}\" data-image-title=\"motivational pic\" data-image-description=\"\" data-image-caption=\"&lt;p&gt;BOOM!&lt;\/p&gt;\" data-large-file=\"https:\/\/i0.wp.com\/blackbeltwhitehat.com\/wp-content\/uploads\/2013\/09\/workfor.jpg?fit=652%2C750&amp;ssl=1\" class=\"size-large wp-image-689\" src=\"https:\/\/i0.wp.com\/blackbeltwhitehat.com\/wp-content\/uploads\/2013\/09\/workfor.jpg?resize=640%2C736\" alt=\"Im\u00e1genes motivacionales\" width=\"640\" height=\"736\" \/><\/a><figcaption id=\"caption-attachment-689\" class=\"wp-caption-text\">\u00a1AUGE!<\/figcaption><\/figure>\n<p>Para empezar, este tipo obviamente est\u00e1 drogado. Lo cual est\u00e1 bien, pero no te hagas pasar por un h\u00e9roe que solo ha usado la fuerza mental para desarrollar sus m\u00fasculos.<br \/>\nAdem\u00e1s, al menos en mi opini\u00f3n, desarrollar tus m\u00fasculos y tu ego no es algo que tenga mucho valor.<br \/>\nEn referencia a la imagen de arriba, deber\u00edas desear y trabajar por la paz mundial, una vida feliz, un sistema cardiovascular saludable, hijos bien criados, una mente abierta, etc., no por un abdomen marcado. Ofrecerse como voluntario para ayudar a hu\u00e9rfanos o algo similar es un gran logro; levantar 150 kg en press de banca no tiene mucho valor, salvo para tu propio ego. El ego y la autoestima son importantes, pero no los hagas depender de tu apariencia.<br \/>\nSupongo que pasa algo parecido con las MMA (y tambi\u00e9n hay muchos cascos en este deporte), en el sentido de que es poco probable que cambies el mundo haci\u00e9ndolo; pero al menos se hace hincapi\u00e9 en no tener ego (al menos en los buenos clubes) y no te obsesiona con tu apariencia. Y hay menos fotos motivacionales de MMA circulando por las redes sociales:<\/p>\n<p><a href=\"https:\/\/i0.wp.com\/blackbeltwhitehat.com\/wp-content\/uploads\/2013\/07\/cardio_spanish.jpg\"><img data-recalc-dims=\"1\" loading=\"lazy\" decoding=\"async\" data-attachment-id=\"560\" data-permalink=\"https:\/\/blackbeltwhitehat.com\/es\/2013\/07\/12\/cardio\/cardio_spanish\/\" data-orig-file=\"https:\/\/i0.wp.com\/blackbeltwhitehat.com\/wp-content\/uploads\/2013\/07\/cardio_spanish.jpg?fit=822%2C640&amp;ssl=1\" data-orig-size=\"822,640\" data-comments-opened=\"1\" data-image-meta=\"{&quot;aperture&quot;:&quot;0&quot;,&quot;credit&quot;:&quot;&quot;,&quot;camera&quot;:&quot;&quot;,&quot;caption&quot;:&quot;&quot;,&quot;created_timestamp&quot;:&quot;0&quot;,&quot;copyright&quot;:&quot;&quot;,&quot;focal_length&quot;:&quot;0&quot;,&quot;iso&quot;:&quot;0&quot;,&quot;shutter_speed&quot;:&quot;0&quot;,&quot;title&quot;:&quot;&quot;}\" data-image-title=\"Cardio_spanish\" data-image-description=\"&lt;p&gt;cardio spanish&lt;\/p&gt;\" data-image-caption=\"\" data-large-file=\"https:\/\/i0.wp.com\/blackbeltwhitehat.com\/wp-content\/uploads\/2013\/07\/cardio_spanish.jpg?fit=822%2C640&amp;ssl=1\" class=\"alignnone size-large wp-image-560\" src=\"https:\/\/i0.wp.com\/blackbeltwhitehat.com\/wp-content\/uploads\/2013\/07\/cardio_spanish.jpg?resize=640%2C498\" alt=\"Cardio - \u00bfeso es espa\u00f1ol? (meme)\" width=\"640\" height=\"498\" \/><\/a><\/p>\n<p><strong><span style=\"line-height:1.5;\">Fotos de perfil y fotos de portada con sabor a fruta de entrenadores\/preparadores f\u00edsicos\/fisioterapeutas<br \/>\n<\/span><\/strong><span style=\"line-height:1.5;\">Echa un vistazo a Twitter o Facebook para encontrar un entrenador personal. Nunca hab\u00eda visto tantos hombres engrasados y con aspecto homoer\u00f3tico. Lo cual est\u00e1 bien, pero no es algo con lo que quiera que me bombardeen.<br \/>\nTal vez cuando tenga 40 a\u00f1os y no tenga tiempo para ir a un taller clandestino\u2026<\/span><\/p>\n<p><strong>Herbalife<br \/>\n<\/strong>Ni me hables de esto, es car\u00edsimo, por decirlo suavemente. Un indicador de todo lo que est\u00e1 mal en la industria, llena de mentiras y estafas piramidales. Consigue tus vitaminas en... <a title=\"Zipvit\" href=\"http:\/\/www.zipvit.co.uk\" target=\"_blank\">zipvit.co.uk<\/a> y prote\u00ednas y creatina de <a title=\"Creatina\" href=\"http:\/\/www.bulkpowders.co.uk\" target=\"_blank\">bulkpowders.com<\/a>, Los productos de marca son una estafa rid\u00edcula.<\/p>\n<p><strong>Cinismo como el m\u00edo<br \/>\n<\/strong>Disculpen si todo esto suena un poco arrogante y cr\u00edtico, es una diatriba improvisada durante mi hora de cena. Al fin y al cabo, si te encanta el fitness y el gimnasio, sigue adelante. Es tu cuenta de redes sociales, as\u00ed que comparte las fotos que quieras.<\/p>\n<p>A menudo hago todo lo anterior (me preocupo demasiado por mi apariencia, etc.), y si todav\u00eda trabajara en el sector del fitness, probablemente me considerar\u00eda &quot;nutricionista&quot;. Incluso tengo una foto de una fruta en la cabecera de mi blog; y sin duda he cometido varios errores gramaticales y ortogr\u00e1ficos en esta entrada.<br \/>\nTengan cuidado con algunas de las tonter\u00edas que plagan la industria de la &quot;salud y el fitness&quot;. Ya no se trata de salud y fitness, sino de vanidad y estupideces (y un mont\u00f3n de fotos de hombres aceitosos en los pies).<\/p>\n<p>\u00a1AUGE!<\/p>\n<p><a href=\"https:\/\/i0.wp.com\/blackbeltwhitehat.com\/wp-content\/uploads\/2013\/09\/gymmeme.jpg\"><img data-recalc-dims=\"1\" loading=\"lazy\" decoding=\"async\" data-attachment-id=\"704\" data-permalink=\"https:\/\/blackbeltwhitehat.com\/es\/articulos-de-mma\/otro\/por-que-la-industria-del-fitness-esta-llena-de-cascos\/gymmeme\/\" data-orig-file=\"https:\/\/i0.wp.com\/blackbeltwhitehat.com\/wp-content\/uploads\/2013\/09\/gymmeme.jpg?fit=288%2C270&amp;ssl=1\" data-orig-size=\"288,270\" data-comments-opened=\"1\" data-image-meta=\"{&quot;aperture&quot;:&quot;0&quot;,&quot;credit&quot;:&quot;&quot;,&quot;camera&quot;:&quot;&quot;,&quot;caption&quot;:&quot;&quot;,&quot;created_timestamp&quot;:&quot;0&quot;,&quot;copyright&quot;:&quot;&quot;,&quot;focal_length&quot;:&quot;0&quot;,&quot;iso&quot;:&quot;0&quot;,&quot;shutter_speed&quot;:&quot;0&quot;,&quot;title&quot;:&quot;&quot;}\" data-image-title=\"GymMeme\" data-image-description=\"&lt;p&gt;Gym meme&lt;\/p&gt;\" data-image-caption=\"\" data-large-file=\"https:\/\/i0.wp.com\/blackbeltwhitehat.com\/wp-content\/uploads\/2013\/09\/gymmeme.jpg?fit=288%2C270&amp;ssl=1\" class=\"alignnone size-full wp-image-704\" src=\"https:\/\/i0.wp.com\/blackbeltwhitehat.com\/wp-content\/uploads\/2013\/09\/gymmeme.jpg?resize=288%2C270\" alt=\"Meme de gimnasio\" width=\"288\" height=\"270\" \/><\/a><\/p>","protected":false},"excerpt":{"rendered":"<p>&#8230;and other annoying stuff &#8220;Nutritionists&#8221; One of my main concerns with the fitness industry is the way people can do a 2 week course and all of a sudden announce themselves an &#8216;expert&#8217; in the field of exericse &amp; nutrition. \u00a0Moreover, terms and self-imposed titles like &#8220;nutritionist&#8221;, which aren&#8217;t regulated and protected give an impression [&hellip;]<\/p>\n","protected":false},"author":41980142,"featured_media":0,"parent":494,"menu_order":0,"comment_status":"open","ping_status":"open","template":"","meta":{"_coblocks_attr":"","_coblocks_dimensions":"","_coblocks_responsive_height":"","_coblocks_accordion_ie_support":"","_crdt_document":"","footnotes":""},"class_list":["post-688","page","type-page","status-publish","hentry"],"yoast_head":"<!-- This site is optimized with the Yoast SEO plugin v27.4 - https:\/\/yoast.com\/product\/yoast-seo-wordpress\/ -->\n<title>Why the &#039;Fitness&#039; Industry is full of helmets - Fitness &amp; MMA Blog - BlackBeltWhiteHat.com<\/title>\n<meta name=\"robots\" content=\"index, follow, max-snippet:-1, max-image-preview:large, max-video-preview:-1\" \/>\n<link rel=\"canonical\" href=\"https:\/\/blackbeltwhitehat.com\/es\/articulos-de-mma\/otro\/por-que-la-industria-del-fitness-esta-llena-de-cascos\/\" \/>\n<meta property=\"og:locale\" content=\"es_ES\" \/>\n<meta property=\"og:type\" content=\"article\" \/>\n<meta property=\"og:title\" content=\"Why the &#039;Fitness&#039; Industry is full of helmets - Fitness &amp; MMA Blog - BlackBeltWhiteHat.com\" \/>\n<meta property=\"og:description\" content=\"&#8230;and other annoying stuff &#8220;Nutritionists&#8221; One of my main concerns with the fitness industry is the way people can do a 2 week course and all of a sudden announce themselves an &#8216;expert&#8217; in the field of exericse &amp; nutrition. \u00a0Moreover, terms and self-imposed titles like &#8220;nutritionist&#8221;, which aren&#8217;t regulated and protected give an impression [&hellip;]\" \/>\n<meta property=\"og:url\" content=\"https:\/\/blackbeltwhitehat.com\/es\/articulos-de-mma\/otro\/por-que-la-industria-del-fitness-esta-llena-de-cascos\/\" \/>\n<meta property=\"og:site_name\" content=\"Fitness &amp; MMA Blog - BlackBeltWhiteHat.com\" \/>\n<meta property=\"article:publisher\" content=\"https:\/\/www.facebook.com\/BlackBeltWhiteHat\/\" \/>\n<meta property=\"article:modified_time\" content=\"2015-01-16T12:43:27+00:00\" \/>\n<meta property=\"og:image\" content=\"http:\/\/blackbeltwhitehat.com\/wp-content\/uploads\/2013\/09\/workfor.jpg?w=640\" \/>\n<meta name=\"twitter:card\" content=\"summary_large_image\" \/>\n<meta name=\"twitter:site\" content=\"@MMATraining1980\" \/>\n<meta name=\"twitter:label1\" content=\"Tiempo de lectura\" \/>\n\t<meta name=\"twitter:data1\" content=\"5 minutos\" \/>\n<!-- \/ Yoast SEO plugin. -->","yoast_head_json":{"title":"Why the 'Fitness' Industry is full of helmets - Fitness &amp; MMA Blog - BlackBeltWhiteHat.com","robots":{"index":"index","follow":"follow","max-snippet":"max-snippet:-1","max-image-preview":"max-image-preview:large","max-video-preview":"max-video-preview:-1"},"canonical":"https:\/\/blackbeltwhitehat.com\/es\/articulos-de-mma\/otro\/por-que-la-industria-del-fitness-esta-llena-de-cascos\/","og_locale":"es_ES","og_type":"article","og_title":"Why the 'Fitness' Industry is full of helmets - Fitness &amp; MMA Blog - BlackBeltWhiteHat.com","og_description":"&#8230;and other annoying stuff &#8220;Nutritionists&#8221; One of my main concerns with the fitness industry is the way people can do a 2 week course and all of a sudden announce themselves an &#8216;expert&#8217; in the field of exericse &amp; nutrition. \u00a0Moreover, terms and self-imposed titles like &#8220;nutritionist&#8221;, which aren&#8217;t regulated and protected give an impression [&hellip;]","og_url":"https:\/\/blackbeltwhitehat.com\/es\/articulos-de-mma\/otro\/por-que-la-industria-del-fitness-esta-llena-de-cascos\/","og_site_name":"Fitness &amp; MMA Blog - BlackBeltWhiteHat.com","article_publisher":"https:\/\/www.facebook.com\/BlackBeltWhiteHat\/","article_modified_time":"2015-01-16T12:43:27+00:00","og_image":[{"url":"http:\/\/blackbeltwhitehat.com\/wp-content\/uploads\/2013\/09\/workfor.jpg?w=640","type":"","width":"","height":""}],"twitter_card":"summary_large_image","twitter_site":"@MMATraining1980","twitter_misc":{"Tiempo de lectura":"5 minutos"},"schema":{"@context":"https:\/\/schema.org","@graph":[{"@type":"WebPage","@id":"https:\/\/blackbeltwhitehat.com\/mma-articles\/other\/why-the-fitness-industry-is-full-of-helmets\/","url":"https:\/\/blackbeltwhitehat.com\/mma-articles\/other\/why-the-fitness-industry-is-full-of-helmets\/","name":"Why the 'Fitness' Industry is full of helmets - Fitness &amp; MMA Blog - BlackBeltWhiteHat.com","isPartOf":{"@id":"https:\/\/blackbeltwhitehat.com\/en\/#website"},"primaryImageOfPage":{"@id":"https:\/\/blackbeltwhitehat.com\/mma-articles\/other\/why-the-fitness-industry-is-full-of-helmets\/#primaryimage"},"image":{"@id":"https:\/\/blackbeltwhitehat.com\/mma-articles\/other\/why-the-fitness-industry-is-full-of-helmets\/#primaryimage"},"thumbnailUrl":"http:\/\/blackbeltwhitehat.com\/wp-content\/uploads\/2013\/09\/workfor.jpg?w=640","datePublished":"2013-09-13T12:02:48+00:00","dateModified":"2015-01-16T12:43:27+00:00","breadcrumb":{"@id":"https:\/\/blackbeltwhitehat.com\/mma-articles\/other\/why-the-fitness-industry-is-full-of-helmets\/#breadcrumb"},"inLanguage":"es","potentialAction":[{"@type":"ReadAction","target":["https:\/\/blackbeltwhitehat.com\/mma-articles\/other\/why-the-fitness-industry-is-full-of-helmets\/"]}]},{"@type":"ImageObject","inLanguage":"es","@id":"https:\/\/blackbeltwhitehat.com\/mma-articles\/other\/why-the-fitness-industry-is-full-of-helmets\/#primaryimage","url":"http:\/\/blackbeltwhitehat.com\/wp-content\/uploads\/2013\/09\/workfor.jpg?w=640","contentUrl":"http:\/\/blackbeltwhitehat.com\/wp-content\/uploads\/2013\/09\/workfor.jpg?w=640"},{"@type":"BreadcrumbList","@id":"https:\/\/blackbeltwhitehat.com\/mma-articles\/other\/why-the-fitness-industry-is-full-of-helmets\/#breadcrumb","itemListElement":[{"@type":"ListItem","position":1,"name":"Home","item":"https:\/\/blackbeltwhitehat.com\/"},{"@type":"ListItem","position":2,"name":"MMA","item":"https:\/\/blackbeltwhitehat.com\/mma-articles\/"},{"@type":"ListItem","position":3,"name":"Other","item":"https:\/\/blackbeltwhitehat.com\/mma-articles\/other\/"},{"@type":"ListItem","position":4,"name":"Why the &#8216;Fitness&#8217; Industry is full of helmets"}]},{"@type":"WebSite","@id":"https:\/\/blackbeltwhitehat.com\/en\/#website","url":"https:\/\/blackbeltwhitehat.com\/en\/","name":"Blog de fitness y MMA - BlackBeltWhiteHat.com","description":"Blog de fitness, MMA y nutrici\u00f3n del Reino Unido","publisher":{"@id":"https:\/\/blackbeltwhitehat.com\/en\/#organization"},"potentialAction":[{"@type":"SearchAction","target":{"@type":"EntryPoint","urlTemplate":"https:\/\/blackbeltwhitehat.com\/en\/?s={search_term_string}"},"query-input":{"@type":"PropertyValueSpecification","valueRequired":true,"valueName":"search_term_string"}}],"inLanguage":"es"},{"@type":"Organization","@id":"https:\/\/blackbeltwhitehat.com\/en\/#organization","name":"Blog de fitness y MMA - BlackBeltWhiteHat.com","url":"https:\/\/blackbeltwhitehat.com\/en\/","logo":{"@type":"ImageObject","inLanguage":"es","@id":"https:\/\/blackbeltwhitehat.com\/en\/#\/schema\/logo\/image\/","url":"https:\/\/blackbeltwhitehat.com\/wp-content\/uploads\/2019\/06\/cropped-mmabloglogodis-copy.png","contentUrl":"https:\/\/blackbeltwhitehat.com\/wp-content\/uploads\/2019\/06\/cropped-mmabloglogodis-copy.png","width":352,"height":352,"caption":"Fitness & MMA Blog - BlackBeltWhiteHat.com"},"image":{"@id":"https:\/\/blackbeltwhitehat.com\/en\/#\/schema\/logo\/image\/"},"sameAs":["https:\/\/www.facebook.com\/BlackBeltWhiteHat\/","https:\/\/x.com\/MMATraining1980"]}]}},"jetpack_likes_enabled":true,"jetpack_sharing_enabled":true,"jetpack_shortlink":"https:\/\/wp.me\/P2Sx3t-b6","jetpack-related-posts":[{"id":2273,"url":"https:\/\/blackbeltwhitehat.com\/es\/articulos-de-mma\/nutricion\/nutricion-clinica-vs-nutricion-holistica\/","url_meta":{"origin":688,"position":0},"title":"Nutrici\u00f3n Cl\u00ednica V Hol\u00edstica","author":"Dave","date":"noviembre 7, 2014","format":false,"excerpt":"Like fitness & SEO,\u00a0nutrition is full of lots of contradictory and over-aggressive opinions. A lot of the differences in opinion occur because of the different backgrounds and sources of data that inform clinical and holistic nutrition. Why Clinical Nutrition is bollocks When I did my MSc at Chester University, in\u2026","rel":"","context":"Entrada similar","block_context":{"text":"Entrada similar","link":""},"img":{"alt_text":"","src":"","width":0,"height":0},"classes":[]},{"id":3769,"url":"https:\/\/blackbeltwhitehat.com\/es\/articulos-de-mma\/planes-de-dieta-de-combate\/","url_meta":{"origin":688,"position":1},"title":"Planes de dieta para luchadores","author":"Dave","date":"marzo 2, 2016","format":false,"excerpt":"Contact me now for a diet plan, tailored to your specific needs. I will send a questionnaire for you to fill in to ensure that the diet plan is as specific as possible. Recover Faster, Optimise Training Adaptation, Fight Harder. All diet plans will be completed by Nutritionist Drew Griffiths\u2026","rel":"","context":"Entrada similar","block_context":{"text":"Entrada similar","link":""},"img":{"alt_text":"SEO and MMA blog founder Drew Griffiths","src":"https:\/\/i0.wp.com\/blackbeltwhitehat.com\/wp-content\/uploads\/2012\/11\/drewmma1.jpg?resize=350%2C200&ssl=1","width":350,"height":200},"classes":[]},{"id":789,"url":"https:\/\/blackbeltwhitehat.com\/es\/articulos-de-mma\/nutricion\/la-nutricion-deportiva-comienza-con-una-nutricion-saludable\/","url_meta":{"origin":688,"position":2},"title":"La nutrici\u00f3n deportiva empieza con una nutrici\u00f3n saludable","author":"Dave","date":"noviembre 18, 2013","format":false,"excerpt":"Sports Nutrition for MMA Disclaimer - never follow my advice, the consequences may be fatal Sports Nutrition in a nutshell: 1. Drink a sports drink during training, this is especially important during longer training sessions of 1 hour or longer Your immune system starts to wane and all sorts of\u2026","rel":"","context":"Entrada similar","block_context":{"text":"Entrada similar","link":""},"img":{"alt_text":"Diet health mma","src":"https:\/\/i0.wp.com\/blackbeltwhitehat.com\/wp-content\/uploads\/2013\/11\/lee.jpg?resize=350%2C200&ssl=1","width":350,"height":200,"srcset":"https:\/\/i0.wp.com\/blackbeltwhitehat.com\/wp-content\/uploads\/2013\/11\/lee.jpg?resize=350%2C200&ssl=1 1x, https:\/\/i0.wp.com\/blackbeltwhitehat.com\/wp-content\/uploads\/2013\/11\/lee.jpg?resize=525%2C300&ssl=1 1.5x"},"classes":[]},{"id":523,"url":"https:\/\/blackbeltwhitehat.com\/es\/articulos-de-mma\/perdida-de-peso-3\/programa-de-perdida-de-peso\/","url_meta":{"origin":688,"position":3},"title":"Programa de p\u00e9rdida de peso \/ Programa","author":"Dave","date":"junio 30, 2013","format":false,"excerpt":"Exercise and diet at your own risk This is addressed at men, but the principles are the same for women Aerobic Exercise and the Fat Burning Zone = Rubbish! Please forget the old school notion of the 'fat burning zone'. Although working at a low intensity does use more fat\u2026","rel":"","context":"Entrada similar","block_context":{"text":"Entrada similar","link":""},"img":{"alt_text":"Weight loss dieting infographic","src":"https:\/\/i0.wp.com\/blackbeltwhitehat.com\/wp-content\/uploads\/2013\/06\/dietinfog.jpg?resize=350%2C200","width":350,"height":200,"srcset":"https:\/\/i0.wp.com\/blackbeltwhitehat.com\/wp-content\/uploads\/2013\/06\/dietinfog.jpg?resize=350%2C200 1x, https:\/\/i0.wp.com\/blackbeltwhitehat.com\/wp-content\/uploads\/2013\/06\/dietinfog.jpg?resize=525%2C300 1.5x"},"classes":[]},{"id":251,"url":"https:\/\/blackbeltwhitehat.com\/es\/articulos-de-mma\/","url_meta":{"origin":688,"position":4},"title":"MMA","author":"Dave","date":"marzo 6, 2013","format":false,"excerpt":"Una variedad de art\u00edculos sobre MMA que abarcan fuerza y acondicionamiento, nutrici\u00f3n y t\u00e9cnicas de MMA. Haz clic aqu\u00ed para ver todas las publicaciones del blog relacionadas con MMA. Haz clic aqu\u00ed para ver art\u00edculos sobre entrenamiento de MMA. Escritos en un formato conciso y f\u00e1cil de entender, sin duda merecen la pena leerlos para cualquier aficionado a las MMA\u2026","rel":"","context":"Entrada similar","block_context":{"text":"Entrada similar","link":""},"img":{"alt_text":"what is MMA","src":"https:\/\/i0.wp.com\/blackbeltwhitehat.com\/wp-content\/uploads\/2018\/09\/mma_whatis.jpg?resize=350%2C200&ssl=1","width":350,"height":200,"srcset":"https:\/\/i0.wp.com\/blackbeltwhitehat.com\/wp-content\/uploads\/2018\/09\/mma_whatis.jpg?resize=350%2C200&ssl=1 1x, https:\/\/i0.wp.com\/blackbeltwhitehat.com\/wp-content\/uploads\/2018\/09\/mma_whatis.jpg?resize=525%2C300&ssl=1 1.5x, https:\/\/i0.wp.com\/blackbeltwhitehat.com\/wp-content\/uploads\/2018\/09\/mma_whatis.jpg?resize=700%2C400&ssl=1 2x"},"classes":[]},{"id":418,"url":"https:\/\/blackbeltwhitehat.com\/es\/planes-de-dieta\/plan-de-dieta-de-ayuno-intermitente\/","url_meta":{"origin":688,"position":5},"title":"Intermittent Fasting Diet Plans [2025] .pdf 5 Day Meal Plan for Vegan &amp; Paelo Diets","author":"Dave","date":"abril 19, 2013","format":false,"excerpt":"Diet plans - eat at your own risk! Info from various google searches and google scholar and pubmed abstracts, copied and pasted and edited a bit by Drew Griffiths - First Class Hons BSc Sport & Exercise Science - Loughborough University MSc Exercise & Nutrition Science - University of Liverpool\u2026","rel":"","context":"Entrada similar","block_context":{"text":"Entrada similar","link":""},"img":{"alt_text":"intermittent fasting","src":"https:\/\/i0.wp.com\/blackbeltwhitehat.com\/wp-content\/uploads\/2018\/01\/infog_168_diet.png?resize=350%2C200&ssl=1","width":350,"height":200,"srcset":"https:\/\/i0.wp.com\/blackbeltwhitehat.com\/wp-content\/uploads\/2018\/01\/infog_168_diet.png?resize=350%2C200&ssl=1 1x, https:\/\/i0.wp.com\/blackbeltwhitehat.com\/wp-content\/uploads\/2018\/01\/infog_168_diet.png?resize=525%2C300&ssl=1 1.5x, https:\/\/i0.wp.com\/blackbeltwhitehat.com\/wp-content\/uploads\/2018\/01\/infog_168_diet.png?resize=700%2C400&ssl=1 2x"},"classes":[]}],"_links":{"self":[{"href":"https:\/\/blackbeltwhitehat.com\/es\/wp-json\/wp\/v2\/pages\/688","targetHints":{"allow":["GET"]}}],"collection":[{"href":"https:\/\/blackbeltwhitehat.com\/es\/wp-json\/wp\/v2\/pages"}],"about":[{"href":"https:\/\/blackbeltwhitehat.com\/es\/wp-json\/wp\/v2\/types\/page"}],"author":[{"embeddable":true,"href":"https:\/\/blackbeltwhitehat.com\/es\/wp-json\/wp\/v2\/users\/41980142"}],"replies":[{"embeddable":true,"href":"https:\/\/blackbeltwhitehat.com\/es\/wp-json\/wp\/v2\/comments?post=688"}],"version-history":[{"count":25,"href":"https:\/\/blackbeltwhitehat.com\/es\/wp-json\/wp\/v2\/pages\/688\/revisions"}],"predecessor-version":[{"id":2595,"href":"https:\/\/blackbeltwhitehat.com\/es\/wp-json\/wp\/v2\/pages\/688\/revisions\/2595"}],"up":[{"embeddable":true,"href":"https:\/\/blackbeltwhitehat.com\/es\/wp-json\/wp\/v2\/pages\/494"}],"wp:attachment":[{"href":"https:\/\/blackbeltwhitehat.com\/es\/wp-json\/wp\/v2\/media?parent=688"}],"curies":[{"name":"wp","href":"https:\/\/api.w.org\/{rel}","templated":true}]}}