{"id":853,"date":"2013-11-27T21:52:08","date_gmt":"2013-11-27T21:52:08","guid":{"rendered":"http:\/\/blackbeltwhitehat.com\/?page_id=853"},"modified":"2014-01-03T11:16:17","modified_gmt":"2014-01-03T11:16:17","slug":"aceite-de-krill-en-polvo-a-granel-co-reino-unido","status":"publish","type":"page","link":"https:\/\/blackbeltwhitehat.com\/es\/resenas\/aceite-de-krill-en-polvo-a-granel-co-reino-unido\/","title":{"rendered":"Aceite de krill \u2013 Bulkpowders.co.uk"},"content":{"rendered":"<figure style=\"width: 320px\" class=\"wp-caption alignnone\"><a href=\"https:\/\/i0.wp.com\/www.bulkpowders.co.uk\/media\/catalog\/product\/cache\/2\/image\/9df78eab33525d08d6e5fb8d27136e95\/p\/u\/pure-series-pouch_1_19.jpg\"><img data-recalc-dims=\"1\" loading=\"lazy\" decoding=\"async\" alt=\"Rese\u00f1a del aceite de krill\" src=\"https:\/\/i0.wp.com\/www.bulkpowders.co.uk\/media\/catalog\/product\/cache\/2\/image\/9df78eab33525d08d6e5fb8d27136e95\/p\/u\/pure-series-pouch_1_19.jpg?resize=320%2C400\" width=\"320\" height=\"400\" \/><\/a><figcaption class=\"wp-caption-text\">Aceite de krill de Bulkpowders<\/figcaption><\/figure>\n<p>Tengo que darles un 8\/10.<\/p>\n<p>He hecho varias cosas para intentar mejorar mi recuperaci\u00f3n y reducir la cantidad general de inflamaci\u00f3n en mi cuerpo; entre ellas, dejar la leche y el gluten.<\/p>\n<p>Comenc\u00e9 a tomar aceite de pescado hace un tiempo, pero tomar aceite de krill 2 o 3 veces al d\u00eda hace una gran diferencia en mis articulaciones.<\/p>\n<p>La inflamaci\u00f3n en el cuerpo realmente te jode y est\u00e1 fuertemente relacionada con todo tipo de enfermedades.<br \/>\nEs importante consumir la proporci\u00f3n adecuada de omega 3 y omega 6 en la dieta. Un exceso de omega 6 puede, en general, causar inflamaci\u00f3n grave del cuerpo.<\/p>\n<p>El aceite de krill es la forma m\u00e1s concentrada de omega 3 que conozco y realmente me ha hecho sentir &quot;mejor&quot; y menos inflamado.<\/p>\n<p>Todav\u00eda me duele y tengo que usar un rodillo de espuma, etc., pero las cosas han mejorado significativamente.<\/p>\n<p>Si tienes m\u00fasculos muy tensos y adoloridos, prueba con un rodillo de espuma. Si no funciona, prueba con una pelota de lacrosse para la liberaci\u00f3n miofascial. El aceite de krill y el espray de magnesio tambi\u00e9n pueden ayudar a reducir los dolores.<br \/>\nEl aceite de krill tambi\u00e9n es muy bueno para el sistema cardiovascular.<\/p>","protected":false},"excerpt":{"rendered":"<p>I have to give these 8\/10 I&#8217;ve done several things to try and improve my recovery, and reduce the general amount of inflammation in my body; including giving up milk and gluten. I started taking fish oil a while ago, but taking krill oil 2\/3 times per day, makes a massive difference to my joints. [&hellip;]<\/p>\n","protected":false},"author":41980142,"featured_media":0,"parent":189,"menu_order":4,"comment_status":"open","ping_status":"open","template":"","meta":{"_coblocks_attr":"","_coblocks_dimensions":"","_coblocks_responsive_height":"","_coblocks_accordion_ie_support":"","_crdt_document":"","footnotes":""},"class_list":["post-853","page","type-page","status-publish","hentry"],"yoast_head":"<!-- This site is optimized with the Yoast SEO plugin v27.4 - https:\/\/yoast.com\/product\/yoast-seo-wordpress\/ -->\n<title>Krill Oil - Bulkpowders.co.uk - Fitness &amp; MMA Blog - BlackBeltWhiteHat.com<\/title>\n<meta name=\"robots\" content=\"index, follow, max-snippet:-1, max-image-preview:large, max-video-preview:-1\" \/>\n<link rel=\"canonical\" href=\"https:\/\/blackbeltwhitehat.com\/es\/resenas\/aceite-de-krill-en-polvo-a-granel-co-reino-unido\/\" \/>\n<meta property=\"og:locale\" content=\"es_ES\" \/>\n<meta property=\"og:type\" content=\"article\" \/>\n<meta property=\"og:title\" content=\"Krill Oil - Bulkpowders.co.uk - Fitness &amp; MMA Blog - BlackBeltWhiteHat.com\" \/>\n<meta property=\"og:description\" content=\"I have to give these 8\/10 I&#8217;ve done several things to try and improve my recovery, and reduce the general amount of inflammation in my body; including giving up milk and gluten. I started taking fish oil a while ago, but taking krill oil 2\/3 times per day, makes a massive difference to my joints. [&hellip;]\" \/>\n<meta property=\"og:url\" content=\"https:\/\/blackbeltwhitehat.com\/es\/resenas\/aceite-de-krill-en-polvo-a-granel-co-reino-unido\/\" \/>\n<meta property=\"og:site_name\" content=\"Fitness &amp; MMA Blog - BlackBeltWhiteHat.com\" \/>\n<meta property=\"article:publisher\" content=\"https:\/\/www.facebook.com\/BlackBeltWhiteHat\/\" \/>\n<meta property=\"article:modified_time\" content=\"2014-01-03T11:16:17+00:00\" \/>\n<meta property=\"og:image\" content=\"http:\/\/www.bulkpowders.co.uk\/media\/catalog\/product\/cache\/2\/image\/9df78eab33525d08d6e5fb8d27136e95\/p\/u\/pure-series-pouch_1_19.jpg\" \/>\n<meta name=\"twitter:card\" content=\"summary_large_image\" \/>\n<meta name=\"twitter:site\" content=\"@MMATraining1980\" \/>\n<meta name=\"twitter:label1\" content=\"Tiempo de lectura\" \/>\n\t<meta name=\"twitter:data1\" content=\"1 minuto\" \/>\n<!-- \/ Yoast SEO plugin. -->","yoast_head_json":{"title":"Krill Oil - Bulkpowders.co.uk - Fitness &amp; MMA Blog - BlackBeltWhiteHat.com","robots":{"index":"index","follow":"follow","max-snippet":"max-snippet:-1","max-image-preview":"max-image-preview:large","max-video-preview":"max-video-preview:-1"},"canonical":"https:\/\/blackbeltwhitehat.com\/es\/resenas\/aceite-de-krill-en-polvo-a-granel-co-reino-unido\/","og_locale":"es_ES","og_type":"article","og_title":"Krill Oil - Bulkpowders.co.uk - Fitness &amp; MMA Blog - BlackBeltWhiteHat.com","og_description":"I have to give these 8\/10 I&#8217;ve done several things to try and improve my recovery, and reduce the general amount of inflammation in my body; including giving up milk and gluten. I started taking fish oil a while ago, but taking krill oil 2\/3 times per day, makes a massive difference to my joints. [&hellip;]","og_url":"https:\/\/blackbeltwhitehat.com\/es\/resenas\/aceite-de-krill-en-polvo-a-granel-co-reino-unido\/","og_site_name":"Fitness &amp; MMA Blog - BlackBeltWhiteHat.com","article_publisher":"https:\/\/www.facebook.com\/BlackBeltWhiteHat\/","article_modified_time":"2014-01-03T11:16:17+00:00","og_image":[{"url":"http:\/\/www.bulkpowders.co.uk\/media\/catalog\/product\/cache\/2\/image\/9df78eab33525d08d6e5fb8d27136e95\/p\/u\/pure-series-pouch_1_19.jpg","type":"","width":"","height":""}],"twitter_card":"summary_large_image","twitter_site":"@MMATraining1980","twitter_misc":{"Tiempo de lectura":"1 minuto"},"schema":{"@context":"https:\/\/schema.org","@graph":[{"@type":"WebPage","@id":"https:\/\/blackbeltwhitehat.com\/reviews\/krill-oil-bulkpowders-co-uk\/","url":"https:\/\/blackbeltwhitehat.com\/reviews\/krill-oil-bulkpowders-co-uk\/","name":"Krill Oil - Bulkpowders.co.uk - Fitness &amp; MMA Blog - BlackBeltWhiteHat.com","isPartOf":{"@id":"https:\/\/blackbeltwhitehat.com\/en\/#website"},"primaryImageOfPage":{"@id":"https:\/\/blackbeltwhitehat.com\/reviews\/krill-oil-bulkpowders-co-uk\/#primaryimage"},"image":{"@id":"https:\/\/blackbeltwhitehat.com\/reviews\/krill-oil-bulkpowders-co-uk\/#primaryimage"},"thumbnailUrl":"http:\/\/www.bulkpowders.co.uk\/media\/catalog\/product\/cache\/2\/image\/9df78eab33525d08d6e5fb8d27136e95\/p\/u\/pure-series-pouch_1_19.jpg","datePublished":"2013-11-27T21:52:08+00:00","dateModified":"2014-01-03T11:16:17+00:00","breadcrumb":{"@id":"https:\/\/blackbeltwhitehat.com\/reviews\/krill-oil-bulkpowders-co-uk\/#breadcrumb"},"inLanguage":"es","potentialAction":[{"@type":"ReadAction","target":["https:\/\/blackbeltwhitehat.com\/reviews\/krill-oil-bulkpowders-co-uk\/"]}]},{"@type":"ImageObject","inLanguage":"es","@id":"https:\/\/blackbeltwhitehat.com\/reviews\/krill-oil-bulkpowders-co-uk\/#primaryimage","url":"http:\/\/www.bulkpowders.co.uk\/media\/catalog\/product\/cache\/2\/image\/9df78eab33525d08d6e5fb8d27136e95\/p\/u\/pure-series-pouch_1_19.jpg","contentUrl":"http:\/\/www.bulkpowders.co.uk\/media\/catalog\/product\/cache\/2\/image\/9df78eab33525d08d6e5fb8d27136e95\/p\/u\/pure-series-pouch_1_19.jpg"},{"@type":"BreadcrumbList","@id":"https:\/\/blackbeltwhitehat.com\/reviews\/krill-oil-bulkpowders-co-uk\/#breadcrumb","itemListElement":[{"@type":"ListItem","position":1,"name":"Home","item":"https:\/\/blackbeltwhitehat.com\/"},{"@type":"ListItem","position":2,"name":"Reviews","item":"https:\/\/blackbeltwhitehat.com\/reviews\/"},{"@type":"ListItem","position":3,"name":"Krill Oil &#8211; Bulkpowders.co.uk"}]},{"@type":"WebSite","@id":"https:\/\/blackbeltwhitehat.com\/en\/#website","url":"https:\/\/blackbeltwhitehat.com\/en\/","name":"Blog de fitness y MMA - BlackBeltWhiteHat.com","description":"Blog de fitness, MMA y nutrici\u00f3n del Reino Unido","publisher":{"@id":"https:\/\/blackbeltwhitehat.com\/en\/#organization"},"potentialAction":[{"@type":"SearchAction","target":{"@type":"EntryPoint","urlTemplate":"https:\/\/blackbeltwhitehat.com\/en\/?s={search_term_string}"},"query-input":{"@type":"PropertyValueSpecification","valueRequired":true,"valueName":"search_term_string"}}],"inLanguage":"es"},{"@type":"Organization","@id":"https:\/\/blackbeltwhitehat.com\/en\/#organization","name":"Blog de fitness y MMA - BlackBeltWhiteHat.com","url":"https:\/\/blackbeltwhitehat.com\/en\/","logo":{"@type":"ImageObject","inLanguage":"es","@id":"https:\/\/blackbeltwhitehat.com\/en\/#\/schema\/logo\/image\/","url":"https:\/\/blackbeltwhitehat.com\/wp-content\/uploads\/2019\/06\/cropped-mmabloglogodis-copy.png","contentUrl":"https:\/\/blackbeltwhitehat.com\/wp-content\/uploads\/2019\/06\/cropped-mmabloglogodis-copy.png","width":352,"height":352,"caption":"Fitness & MMA Blog - BlackBeltWhiteHat.com"},"image":{"@id":"https:\/\/blackbeltwhitehat.com\/en\/#\/schema\/logo\/image\/"},"sameAs":["https:\/\/www.facebook.com\/BlackBeltWhiteHat\/","https:\/\/x.com\/MMATraining1980"]}]}},"jetpack_likes_enabled":true,"jetpack_sharing_enabled":true,"jetpack_shortlink":"https:\/\/wp.me\/P2Sx3t-dL","jetpack-related-posts":[{"id":789,"url":"https:\/\/blackbeltwhitehat.com\/es\/articulos-de-mma\/nutricion\/la-nutricion-deportiva-comienza-con-una-nutricion-saludable\/","url_meta":{"origin":853,"position":0},"title":"La nutrici\u00f3n deportiva empieza con una nutrici\u00f3n saludable","author":"Dave","date":"noviembre 18, 2013","format":false,"excerpt":"Sports Nutrition for MMA Disclaimer - never follow my advice, the consequences may be fatal Sports Nutrition in a nutshell: 1. Drink a sports drink during training, this is especially important during longer training sessions of 1 hour or longer Your immune system starts to wane and all sorts of\u2026","rel":"","context":"Entrada similar","block_context":{"text":"Entrada similar","link":""},"img":{"alt_text":"Diet health mma","src":"https:\/\/i0.wp.com\/blackbeltwhitehat.com\/wp-content\/uploads\/2013\/11\/lee.jpg?resize=350%2C200&ssl=1","width":350,"height":200,"srcset":"https:\/\/i0.wp.com\/blackbeltwhitehat.com\/wp-content\/uploads\/2013\/11\/lee.jpg?resize=350%2C200&ssl=1 1x, https:\/\/i0.wp.com\/blackbeltwhitehat.com\/wp-content\/uploads\/2013\/11\/lee.jpg?resize=525%2C300&ssl=1 1.5x"},"classes":[]},{"id":189,"url":"https:\/\/blackbeltwhitehat.com\/es\/resenas\/","url_meta":{"origin":853,"position":1},"title":"Rese\u00f1as","author":"Dave","date":"febrero 4, 2013","format":false,"excerpt":"Rese\u00f1as de productos y equipos para fitness y MMA. Opiniones honestas sobre productos y servicios relacionados con el fitness, la nutrici\u00f3n y las MMA. Rara vez me env\u00edan productos para rese\u00f1ar, pero si lo hacen, lo indicar\u00e9 en la rese\u00f1a. Rese\u00f1as de MMA: Rese\u00f1a de los guantes Everlast MMA, rese\u00f1a de la m\u00e1quina de masaje TimTam, boxeo de cuero Kangrui\u2026","rel":"","context":"Entrada similar","block_context":{"text":"Entrada similar","link":""},"img":{"alt_text":"","src":"","width":0,"height":0},"classes":[]},{"id":10255,"url":"https:\/\/blackbeltwhitehat.com\/es\/articulos-de-mma\/dieta-para-mma-nutricion-para-mma\/","url_meta":{"origin":853,"position":2},"title":"MMA Diet &amp; Nutrition [2026] (Plan .pdf. included)","author":"Dave","date":"junio 10, 2019","format":false,"excerpt":"Yoel Romero Diet - his diet no doubt contains high amount of protein & healthy fats. See below for some example diet plans. written by Drew Griffiths- Nutritionist - BSc (First Class Honours) in Sport & Exercise Science, MSc Exercise & Nutrition Drew has a first class degree in sport\u2026","rel":"","context":"Entrada similar","block_context":{"text":"Entrada similar","link":""},"img":{"alt_text":"","src":"https:\/\/i0.wp.com\/blackbeltwhitehat.com\/wp-content\/uploads\/2018\/10\/conorlegs.jpg?resize=350%2C200","width":350,"height":200,"srcset":"https:\/\/i0.wp.com\/blackbeltwhitehat.com\/wp-content\/uploads\/2018\/10\/conorlegs.jpg?resize=350%2C200 1x, https:\/\/i0.wp.com\/blackbeltwhitehat.com\/wp-content\/uploads\/2018\/10\/conorlegs.jpg?resize=525%2C300 1.5x, https:\/\/i0.wp.com\/blackbeltwhitehat.com\/wp-content\/uploads\/2018\/10\/conorlegs.jpg?resize=700%2C400 2x"},"classes":[]},{"id":938,"url":"https:\/\/blackbeltwhitehat.com\/es\/articulos-de-mma\/nutricion\/protocolo-definitivo-de-recuperacion-de-mma\/","url_meta":{"origin":853,"position":3},"title":"MMA Recovery Methods [Updated  2025] (1 Amazing Free Hack)","author":"Dave","date":"diciembre 2, 2013","format":false,"excerpt":"Train like thunder, recovery like lightning\u00a0\u26a1 Adapt to training & become a better fighter by improving your recovery from MMA training sessions. Written by Drew Griffiths (BSc, MSc) *Diet & Exercise at your own risk. Article is for informational purposes only* Watch this video, or read below! https:\/\/youtu.be\/itIE1ISTr8I Train MMA\u2026","rel":"","context":"Con 7 comentarios","block_context":{"text":"Con 7 comentarios","link":"https:\/\/blackbeltwhitehat.com\/es\/articulos-de-mma\/nutricion\/protocolo-definitivo-de-recuperacion-de-mma\/#comments"},"img":{"alt_text":"","src":"https:\/\/i0.wp.com\/blackbeltwhitehat.com\/wp-content\/uploads\/2024\/03\/received_1385627988743725.jpeg?resize=350%2C200&ssl=1","width":350,"height":200,"srcset":"https:\/\/i0.wp.com\/blackbeltwhitehat.com\/wp-content\/uploads\/2024\/03\/received_1385627988743725.jpeg?resize=350%2C200&ssl=1 1x, https:\/\/i0.wp.com\/blackbeltwhitehat.com\/wp-content\/uploads\/2024\/03\/received_1385627988743725.jpeg?resize=525%2C300&ssl=1 1.5x, https:\/\/i0.wp.com\/blackbeltwhitehat.com\/wp-content\/uploads\/2024\/03\/received_1385627988743725.jpeg?resize=700%2C400&ssl=1 2x, https:\/\/i0.wp.com\/blackbeltwhitehat.com\/wp-content\/uploads\/2024\/03\/received_1385627988743725.jpeg?resize=1050%2C600&ssl=1 3x"},"classes":[]},{"id":6446,"url":"https:\/\/blackbeltwhitehat.com\/es\/resenas-de-suplementos\/aceite-de-cbd\/","url_meta":{"origin":853,"position":4},"title":"Aceite de CBD para la ansiedad y el dolor: una visi\u00f3n general","author":"Dave","date":"febrero 1, 2017","format":false,"excerpt":"CBD Oil is not psychoactive - i.e. you can not get high from taking or using it. It contains very little THC. CBD indeed unravels a new therapeutic strategy to treat inflammatory bowel diseases. CBD is a compound of the cannabis plant that is rapidly rising in popularity thanks to\u2026","rel":"","context":"Entrada similar","block_context":{"text":"Entrada similar","link":""},"img":{"alt_text":"","src":"https:\/\/i0.wp.com\/blackbeltwhitehat.com\/wp-content\/uploads\/2017\/02\/cbdoil.jpg?resize=350%2C200&ssl=1","width":350,"height":200,"srcset":"https:\/\/i0.wp.com\/blackbeltwhitehat.com\/wp-content\/uploads\/2017\/02\/cbdoil.jpg?resize=350%2C200&ssl=1 1x, https:\/\/i0.wp.com\/blackbeltwhitehat.com\/wp-content\/uploads\/2017\/02\/cbdoil.jpg?resize=525%2C300&ssl=1 1.5x"},"classes":[]},{"id":1263,"url":"https:\/\/blackbeltwhitehat.com\/es\/planes-de-dieta\/dieta-para-culturismo-y-desarrollo-muscular\/","url_meta":{"origin":853,"position":5},"title":"Dieta para el desarrollo muscular\/culturismo","author":"Dave","date":"enero 1, 2014","format":false,"excerpt":"Muscle Building Diet This diet is a happy medium between convenience and nutrition. Ideally it would be wheat and dairy free and every meal would be from proper food instead of protein drinks. Diet at your own risk 8am Whey protein drink in water 2 cups of porridge oats* 1\u2026","rel":"","context":"Con 2 comentarios","block_context":{"text":"Con 2 comentarios","link":"https:\/\/blackbeltwhitehat.com\/es\/planes-de-dieta\/dieta-para-culturismo-y-desarrollo-muscular\/#comments"},"img":{"alt_text":"","src":"","width":0,"height":0},"classes":[]}],"_links":{"self":[{"href":"https:\/\/blackbeltwhitehat.com\/es\/wp-json\/wp\/v2\/pages\/853","targetHints":{"allow":["GET"]}}],"collection":[{"href":"https:\/\/blackbeltwhitehat.com\/es\/wp-json\/wp\/v2\/pages"}],"about":[{"href":"https:\/\/blackbeltwhitehat.com\/es\/wp-json\/wp\/v2\/types\/page"}],"author":[{"embeddable":true,"href":"https:\/\/blackbeltwhitehat.com\/es\/wp-json\/wp\/v2\/users\/41980142"}],"replies":[{"embeddable":true,"href":"https:\/\/blackbeltwhitehat.com\/es\/wp-json\/wp\/v2\/comments?post=853"}],"version-history":[{"count":3,"href":"https:\/\/blackbeltwhitehat.com\/es\/wp-json\/wp\/v2\/pages\/853\/revisions"}],"predecessor-version":[{"id":1281,"href":"https:\/\/blackbeltwhitehat.com\/es\/wp-json\/wp\/v2\/pages\/853\/revisions\/1281"}],"up":[{"embeddable":true,"href":"https:\/\/blackbeltwhitehat.com\/es\/wp-json\/wp\/v2\/pages\/189"}],"wp:attachment":[{"href":"https:\/\/blackbeltwhitehat.com\/es\/wp-json\/wp\/v2\/media?parent=853"}],"curies":[{"name":"wp","href":"https:\/\/api.w.org\/{rel}","templated":true}]}}