{"id":8895,"date":"2018-02-02T19:59:37","date_gmt":"2018-02-02T19:59:37","guid":{"rendered":"http:\/\/blackbeltwhitehat.com\/?page_id=8895"},"modified":"2018-03-30T14:33:56","modified_gmt":"2018-03-30T14:33:56","slug":"aceite-de-coco-con-cbd-organico-de-raised-spirit","status":"publish","type":"page","link":"https:\/\/blackbeltwhitehat.com\/es\/resenas\/aceite-de-coco-con-cbd-organico-de-raised-spirit\/","title":{"rendered":"Aceite de coco CBD org\u00e1nico Raised Spirit"},"content":{"rendered":"<p>Como aspirante a yogui, estoico y exartista marcial mixto (\u00a1uso el t\u00e9rmino con cierta ligereza!), me alegr\u00f3 mucho que Nick Osipczak, artista marcial mixto, me contactara. Como luchador de MMA y tambi\u00e9n interesado en la espiritualidad, fue un placer conectar con alguien similar.<\/p>\n<h2>Absorci\u00f3n superior de cannabinoides<\/h2>\n<p>Nick tuvo la amabilidad de enviarme un poco de su aceite de coco org\u00e1nico con CBD para que lo probara y debo decir que me impresion\u00f3 mucho. El CBD es liposoluble y, por lo tanto, m\u00e1s potente y biodisponible al combinarlo con aceite de coco.<\/p>\n<p><img data-recalc-dims=\"1\" loading=\"lazy\" decoding=\"async\" data-attachment-id=\"8892\" data-permalink=\"https:\/\/blackbeltwhitehat.com\/es\/articulos-de-mma\/nutricion\/protocolo-definitivo-de-recuperacion-de-mma\/cbdoilcoconutoil\/\" data-orig-file=\"https:\/\/i0.wp.com\/blackbeltwhitehat.com\/wp-content\/uploads\/2018\/02\/cbdoilcoconutoil.jpg?fit=330%2C479&amp;ssl=1\" data-orig-size=\"330,479\" data-comments-opened=\"1\" data-image-meta=\"{&quot;aperture&quot;:&quot;0&quot;,&quot;credit&quot;:&quot;&quot;,&quot;camera&quot;:&quot;&quot;,&quot;caption&quot;:&quot;&quot;,&quot;created_timestamp&quot;:&quot;0&quot;,&quot;copyright&quot;:&quot;&quot;,&quot;focal_length&quot;:&quot;0&quot;,&quot;iso&quot;:&quot;0&quot;,&quot;shutter_speed&quot;:&quot;0&quot;,&quot;title&quot;:&quot;&quot;,&quot;orientation&quot;:&quot;0&quot;}\" data-image-title=\"cbdOilcoconutoil\" data-image-description=\"\" data-image-caption=\"&lt;p&gt;http:\/\/raisedspirit.com\/buy.html&lt;\/p&gt;\" data-large-file=\"https:\/\/i0.wp.com\/blackbeltwhitehat.com\/wp-content\/uploads\/2018\/02\/cbdoilcoconutoil.jpg?fit=330%2C479&amp;ssl=1\" class=\"alignnone size-full wp-image-8892\" src=\"https:\/\/i0.wp.com\/blackbeltwhitehat.com\/wp-content\/uploads\/2018\/02\/cbdoilcoconutoil.jpg?resize=330%2C479&#038;ssl=1\" alt=\"aceite de coco con CBD\" width=\"330\" height=\"479\" \/><\/p>\n<p>El aceite de coco con CBD es el sustituto ideal de la mantequilla, \u00a1as\u00ed que queda genial con una tostada! Decid\u00ed a\u00f1adir un poco al batido de la tarde (despu\u00e9s de probar un poco solo).<\/p>\n<h3>El principal efecto que sent\u00ed en 30 minutos fue relajaci\u00f3n.<\/h3>\n<p>Despu\u00e9s de pasar 8 horas en mi escritorio y 2 horas viajando al trabajo, tuve uno de mis dolores de cabeza habituales con rigidez en el cuello. \u00a1Pero desapareci\u00f3 pronto!<\/p>\n<p>El sabor tambi\u00e9n es bastante bueno; &quot;terroso&quot; podr\u00eda ser la mejor manera de describirlo.<\/p>\n<p>Otros grandes puntos sobre este producto incluyen:<\/p>\n<ul>\n<li>100% org\u00e1nico<\/li>\n<li>Hecho a mano<\/li>\n<li>cannabinoides de espectro completo<\/li>\n<li>Infundido en aceite de coco (la mejor manera de tomarlo)<\/li>\n<li>Hecho en Inglaterra<\/li>\n<li>Probado en un laboratorio externo para que los atletas y otros profesionales que se sometan a pruebas de detecci\u00f3n de drogas puedan estar seguros. 100% es seguro (no contiene THC).<\/li>\n<\/ul>\n<p>Puedes comprar este producto en el sitio web de Nick. <a href=\"https:\/\/raisedspiritproducts.com\/collections\/frontpage\/products\/cbd-single-infused-coconut-oil\" rel=\"nofollow\">aqu\u00ed<\/a>.<\/p>\n<p>\u00a1Muy recomendable!<\/p>\n<p>&nbsp;<\/p>\n<p><span class=\"embed-youtube\" style=\"text-align:center; display: block;\"><iframe loading=\"lazy\" class=\"youtube-player\" width=\"640\" height=\"360\" src=\"https:\/\/www.youtube.com\/embed\/nsDihdp1_yA?version=3&#038;rel=1&#038;showsearch=0&#038;showinfo=1&#038;iv_load_policy=1&#038;fs=1&#038;hl=es-ES&#038;autohide=2&#038;start=29&#038;wmode=transparent\" allowfullscreen=\"true\" style=\"border:0;\" sandbox=\"allow-scripts allow-same-origin allow-popups allow-presentation allow-popups-to-escape-sandbox\"><\/iframe><\/span><\/p>","protected":false},"excerpt":{"rendered":"<p>As a wannabe yogi, stoic &amp; former &#8216;mixed martial artist&#8217; (I use that term loosely!) I was very pleased to be contacted by mixed martial artist Nick Osipczak. As an MMA fighter who is also into spirituality, it was nice to be in touch with a similar guy. Superior Cannabinoid Absorption Nick kindly sent me [&hellip;]<\/p>\n","protected":false},"author":41980142,"featured_media":0,"parent":189,"menu_order":0,"comment_status":"closed","ping_status":"closed","template":"","meta":{"_coblocks_attr":"","_coblocks_dimensions":"","_coblocks_responsive_height":"","_coblocks_accordion_ie_support":"","_crdt_document":"","footnotes":""},"class_list":["post-8895","page","type-page","status-publish","hentry"],"yoast_head":"<!-- This site is optimized with the Yoast SEO plugin v27.4 - https:\/\/yoast.com\/product\/yoast-seo-wordpress\/ -->\n<title>Raised Spirit Organic CBD Coconut Oil - Fitness &amp; MMA Blog - BlackBeltWhiteHat.com<\/title>\n<meta name=\"robots\" content=\"index, follow, max-snippet:-1, max-image-preview:large, max-video-preview:-1\" \/>\n<link rel=\"canonical\" href=\"https:\/\/blackbeltwhitehat.com\/es\/resenas\/aceite-de-coco-con-cbd-organico-de-raised-spirit\/\" \/>\n<meta property=\"og:locale\" content=\"es_ES\" \/>\n<meta property=\"og:type\" content=\"article\" \/>\n<meta property=\"og:title\" content=\"Raised Spirit Organic CBD Coconut Oil - Fitness &amp; MMA Blog - BlackBeltWhiteHat.com\" \/>\n<meta property=\"og:description\" content=\"As a wannabe yogi, stoic &amp; former &#8216;mixed martial artist&#8217; (I use that term loosely!) I was very pleased to be contacted by mixed martial artist Nick Osipczak. As an MMA fighter who is also into spirituality, it was nice to be in touch with a similar guy. Superior Cannabinoid Absorption Nick kindly sent me [&hellip;]\" \/>\n<meta property=\"og:url\" content=\"https:\/\/blackbeltwhitehat.com\/es\/resenas\/aceite-de-coco-con-cbd-organico-de-raised-spirit\/\" \/>\n<meta property=\"og:site_name\" content=\"Fitness &amp; MMA Blog - BlackBeltWhiteHat.com\" \/>\n<meta property=\"article:publisher\" content=\"https:\/\/www.facebook.com\/BlackBeltWhiteHat\/\" \/>\n<meta property=\"article:modified_time\" content=\"2018-03-30T14:33:56+00:00\" \/>\n<meta property=\"og:image\" content=\"https:\/\/blackbeltwhitehat.com\/wp-content\/uploads\/2018\/02\/cbdoilcoconutoil.jpg\" \/>\n<meta name=\"twitter:card\" content=\"summary_large_image\" \/>\n<meta name=\"twitter:site\" content=\"@MMATraining1980\" \/>\n<meta name=\"twitter:label1\" content=\"Tiempo de lectura\" \/>\n\t<meta name=\"twitter:data1\" content=\"1 minuto\" \/>\n<!-- \/ Yoast SEO plugin. -->","yoast_head_json":{"title":"Raised Spirit Organic CBD Coconut Oil - Fitness &amp; MMA Blog - BlackBeltWhiteHat.com","robots":{"index":"index","follow":"follow","max-snippet":"max-snippet:-1","max-image-preview":"max-image-preview:large","max-video-preview":"max-video-preview:-1"},"canonical":"https:\/\/blackbeltwhitehat.com\/es\/resenas\/aceite-de-coco-con-cbd-organico-de-raised-spirit\/","og_locale":"es_ES","og_type":"article","og_title":"Raised Spirit Organic CBD Coconut Oil - Fitness &amp; MMA Blog - BlackBeltWhiteHat.com","og_description":"As a wannabe yogi, stoic &amp; former &#8216;mixed martial artist&#8217; (I use that term loosely!) I was very pleased to be contacted by mixed martial artist Nick Osipczak. As an MMA fighter who is also into spirituality, it was nice to be in touch with a similar guy. Superior Cannabinoid Absorption Nick kindly sent me [&hellip;]","og_url":"https:\/\/blackbeltwhitehat.com\/es\/resenas\/aceite-de-coco-con-cbd-organico-de-raised-spirit\/","og_site_name":"Fitness &amp; MMA Blog - BlackBeltWhiteHat.com","article_publisher":"https:\/\/www.facebook.com\/BlackBeltWhiteHat\/","article_modified_time":"2018-03-30T14:33:56+00:00","og_image":[{"url":"https:\/\/blackbeltwhitehat.com\/wp-content\/uploads\/2018\/02\/cbdoilcoconutoil.jpg","type":"","width":"","height":""}],"twitter_card":"summary_large_image","twitter_site":"@MMATraining1980","twitter_misc":{"Tiempo de lectura":"1 minuto"},"schema":{"@context":"https:\/\/schema.org","@graph":[{"@type":"WebPage","@id":"https:\/\/blackbeltwhitehat.com\/reviews\/raised-spirit-organic-cbd-coconut-oil\/","url":"https:\/\/blackbeltwhitehat.com\/reviews\/raised-spirit-organic-cbd-coconut-oil\/","name":"Raised Spirit Organic CBD Coconut Oil - Fitness &amp; MMA Blog - BlackBeltWhiteHat.com","isPartOf":{"@id":"https:\/\/blackbeltwhitehat.com\/en\/#website"},"primaryImageOfPage":{"@id":"https:\/\/blackbeltwhitehat.com\/reviews\/raised-spirit-organic-cbd-coconut-oil\/#primaryimage"},"image":{"@id":"https:\/\/blackbeltwhitehat.com\/reviews\/raised-spirit-organic-cbd-coconut-oil\/#primaryimage"},"thumbnailUrl":"https:\/\/blackbeltwhitehat.com\/wp-content\/uploads\/2018\/02\/cbdoilcoconutoil.jpg","datePublished":"2018-02-02T19:59:37+00:00","dateModified":"2018-03-30T14:33:56+00:00","breadcrumb":{"@id":"https:\/\/blackbeltwhitehat.com\/reviews\/raised-spirit-organic-cbd-coconut-oil\/#breadcrumb"},"inLanguage":"es","potentialAction":[{"@type":"ReadAction","target":["https:\/\/blackbeltwhitehat.com\/reviews\/raised-spirit-organic-cbd-coconut-oil\/"]}]},{"@type":"ImageObject","inLanguage":"es","@id":"https:\/\/blackbeltwhitehat.com\/reviews\/raised-spirit-organic-cbd-coconut-oil\/#primaryimage","url":"https:\/\/blackbeltwhitehat.com\/wp-content\/uploads\/2018\/02\/cbdoilcoconutoil.jpg","contentUrl":"https:\/\/blackbeltwhitehat.com\/wp-content\/uploads\/2018\/02\/cbdoilcoconutoil.jpg"},{"@type":"BreadcrumbList","@id":"https:\/\/blackbeltwhitehat.com\/reviews\/raised-spirit-organic-cbd-coconut-oil\/#breadcrumb","itemListElement":[{"@type":"ListItem","position":1,"name":"Home","item":"https:\/\/blackbeltwhitehat.com\/"},{"@type":"ListItem","position":2,"name":"Reviews","item":"https:\/\/blackbeltwhitehat.com\/reviews\/"},{"@type":"ListItem","position":3,"name":"Raised Spirit Organic CBD Coconut Oil"}]},{"@type":"WebSite","@id":"https:\/\/blackbeltwhitehat.com\/en\/#website","url":"https:\/\/blackbeltwhitehat.com\/en\/","name":"Blog de fitness y MMA - BlackBeltWhiteHat.com","description":"Blog de fitness, MMA y nutrici\u00f3n del Reino Unido","publisher":{"@id":"https:\/\/blackbeltwhitehat.com\/en\/#organization"},"potentialAction":[{"@type":"SearchAction","target":{"@type":"EntryPoint","urlTemplate":"https:\/\/blackbeltwhitehat.com\/en\/?s={search_term_string}"},"query-input":{"@type":"PropertyValueSpecification","valueRequired":true,"valueName":"search_term_string"}}],"inLanguage":"es"},{"@type":"Organization","@id":"https:\/\/blackbeltwhitehat.com\/en\/#organization","name":"Blog de fitness y MMA - BlackBeltWhiteHat.com","url":"https:\/\/blackbeltwhitehat.com\/en\/","logo":{"@type":"ImageObject","inLanguage":"es","@id":"https:\/\/blackbeltwhitehat.com\/en\/#\/schema\/logo\/image\/","url":"https:\/\/blackbeltwhitehat.com\/wp-content\/uploads\/2019\/06\/cropped-mmabloglogodis-copy.png","contentUrl":"https:\/\/blackbeltwhitehat.com\/wp-content\/uploads\/2019\/06\/cropped-mmabloglogodis-copy.png","width":352,"height":352,"caption":"Fitness & MMA Blog - BlackBeltWhiteHat.com"},"image":{"@id":"https:\/\/blackbeltwhitehat.com\/en\/#\/schema\/logo\/image\/"},"sameAs":["https:\/\/www.facebook.com\/BlackBeltWhiteHat\/","https:\/\/x.com\/MMATraining1980"]}]}},"jetpack_likes_enabled":true,"jetpack_sharing_enabled":true,"jetpack_shortlink":"https:\/\/wp.me\/P2Sx3t-2jt","jetpack-related-posts":[{"id":189,"url":"https:\/\/blackbeltwhitehat.com\/es\/resenas\/","url_meta":{"origin":8895,"position":0},"title":"Rese\u00f1as","author":"Dave","date":"febrero 4, 2013","format":false,"excerpt":"Rese\u00f1as de productos y equipos para fitness y MMA. Opiniones honestas sobre productos y servicios relacionados con el fitness, la nutrici\u00f3n y las MMA. Rara vez me env\u00edan productos para rese\u00f1ar, pero si lo hacen, lo indicar\u00e9 en la rese\u00f1a. Rese\u00f1as de MMA: Rese\u00f1a de los guantes Everlast MMA, rese\u00f1a de la m\u00e1quina de masaje TimTam, boxeo de cuero Kangrui\u2026","rel":"","context":"Entrada similar","block_context":{"text":"Entrada similar","link":""},"img":{"alt_text":"","src":"","width":0,"height":0},"classes":[]},{"id":4631,"url":"https:\/\/blackbeltwhitehat.com\/es\/planes-de-dieta\/ketogenic-diet-plan\/","url_meta":{"origin":8895,"position":1},"title":"Ketogenic Diet Plan For Beginners [2026]","author":"Dave","date":"mayo 16, 2016","format":false,"excerpt":"Ketogenic diet \/ menu Keep carbs below 25g per dayIt takes around 2 weeks to become 'fat adapted' (or longer)It takes 3 or 4 days to get into ketosisDiet at your own risk - at this time, I don't advocate ketogenic diets, but I am very interested in them and\u2026","rel":"","context":"Entrada similar","block_context":{"text":"Entrada similar","link":""},"img":{"alt_text":"ketogenic diet plan","src":"https:\/\/i0.wp.com\/blackbeltwhitehat.com\/wp-content\/uploads\/2018\/01\/infog_ketodiet2.png?resize=350%2C200&ssl=1","width":350,"height":200,"srcset":"https:\/\/i0.wp.com\/blackbeltwhitehat.com\/wp-content\/uploads\/2018\/01\/infog_ketodiet2.png?resize=350%2C200&ssl=1 1x, https:\/\/i0.wp.com\/blackbeltwhitehat.com\/wp-content\/uploads\/2018\/01\/infog_ketodiet2.png?resize=525%2C300&ssl=1 1.5x, https:\/\/i0.wp.com\/blackbeltwhitehat.com\/wp-content\/uploads\/2018\/01\/infog_ketodiet2.png?resize=700%2C400&ssl=1 2x"},"classes":[]},{"id":4627,"url":"https:\/\/blackbeltwhitehat.com\/es\/planes-de-dieta\/dieta-de-4000-calorias\/","url_meta":{"origin":8895,"position":2},"title":"Plan de dieta de 4000 calor\u00edas \u2013 2024 (.pdf)","author":"Dave","date":"mayo 16, 2016","format":false,"excerpt":"A Practical 4,000 Calorie Diet Plan Eat at your own risk I highly recommend investing in a blender! \u00a0That's one of the easiest ways to get more calories without eating any rubbish. Blend bananas, avocados, hemp seeds, fruit, a bit of kale etc. Easy Sources of Calories Nuts like pecans\u2026","rel":"","context":"Entrada similar","block_context":{"text":"Entrada similar","link":""},"img":{"alt_text":"4000 calorie diet plan","src":"https:\/\/i0.wp.com\/blackbeltwhitehat.com\/wp-content\/uploads\/2018\/01\/infog_4000diet2.png?resize=350%2C200&ssl=1","width":350,"height":200,"srcset":"https:\/\/i0.wp.com\/blackbeltwhitehat.com\/wp-content\/uploads\/2018\/01\/infog_4000diet2.png?resize=350%2C200&ssl=1 1x, https:\/\/i0.wp.com\/blackbeltwhitehat.com\/wp-content\/uploads\/2018\/01\/infog_4000diet2.png?resize=525%2C300&ssl=1 1.5x, https:\/\/i0.wp.com\/blackbeltwhitehat.com\/wp-content\/uploads\/2018\/01\/infog_4000diet2.png?resize=700%2C400&ssl=1 2x"},"classes":[]},{"id":8930,"url":"https:\/\/blackbeltwhitehat.com\/es\/resenas-de-suplementos\/recetas-de-batidos-sin-platano\/","url_meta":{"origin":8895,"position":3},"title":"Recetas de batidos sin pl\u00e1tano","author":"Dave","date":"febrero 11, 2018","format":false,"excerpt":"As an advocate & practitioner of the alkaline-ketogenic diet, I depend on a couple of smoothies per day to make sure I get all my micro & macronutrients. They can be a bit trickier to create without the normal smoothie-default-staple of a banana, but it is possible with some experimentation.\u2026","rel":"","context":"Entrada similar","block_context":{"text":"Entrada similar","link":""},"img":{"alt_text":"smoothie recipes without using banana","src":"https:\/\/i0.wp.com\/blackbeltwhitehat.com\/wp-content\/uploads\/2018\/02\/infog_smoothie3.png?resize=350%2C200&ssl=1","width":350,"height":200,"srcset":"https:\/\/i0.wp.com\/blackbeltwhitehat.com\/wp-content\/uploads\/2018\/02\/infog_smoothie3.png?resize=350%2C200&ssl=1 1x, https:\/\/i0.wp.com\/blackbeltwhitehat.com\/wp-content\/uploads\/2018\/02\/infog_smoothie3.png?resize=525%2C300&ssl=1 1.5x, https:\/\/i0.wp.com\/blackbeltwhitehat.com\/wp-content\/uploads\/2018\/02\/infog_smoothie3.png?resize=700%2C400&ssl=1 2x"},"classes":[]},{"id":4679,"url":"https:\/\/blackbeltwhitehat.com\/es\/resenas-de-suplementos\/batido-de-proteinas-de-1000-calorias\/","url_meta":{"origin":8895,"position":4},"title":"Batido de prote\u00edna de 1000 calor\u00edas","author":"Dave","date":"mayo 18, 2016","format":false,"excerpt":"Here's a quick and easy high calorie shake. Big Tip - drink apple cider vinegar - a splash in some water - about 10 mins before having a big meal or shake, to aid digestion. Shake Ingredients - 1 tin of PURE coconut milk (not water down stuff) OR 4\u2026","rel":"","context":"Entrada similar","block_context":{"text":"Entrada similar","link":""},"img":{"alt_text":"","src":"https:\/\/i0.wp.com\/img.youtube.com\/vi\/2b3Pk9IlJIY\/0.jpg?resize=350%2C200","width":350,"height":200},"classes":[]},{"id":6446,"url":"https:\/\/blackbeltwhitehat.com\/es\/resenas-de-suplementos\/aceite-de-cbd\/","url_meta":{"origin":8895,"position":5},"title":"Aceite de CBD para la ansiedad y el dolor: una visi\u00f3n general","author":"Dave","date":"febrero 1, 2017","format":false,"excerpt":"CBD Oil is not psychoactive - i.e. you can not get high from taking or using it. It contains very little THC. CBD indeed unravels a new therapeutic strategy to treat inflammatory bowel diseases. CBD is a compound of the cannabis plant that is rapidly rising in popularity thanks to\u2026","rel":"","context":"Entrada similar","block_context":{"text":"Entrada similar","link":""},"img":{"alt_text":"","src":"https:\/\/i0.wp.com\/blackbeltwhitehat.com\/wp-content\/uploads\/2017\/02\/cbdoil.jpg?resize=350%2C200&ssl=1","width":350,"height":200,"srcset":"https:\/\/i0.wp.com\/blackbeltwhitehat.com\/wp-content\/uploads\/2017\/02\/cbdoil.jpg?resize=350%2C200&ssl=1 1x, https:\/\/i0.wp.com\/blackbeltwhitehat.com\/wp-content\/uploads\/2017\/02\/cbdoil.jpg?resize=525%2C300&ssl=1 1.5x"},"classes":[]}],"_links":{"self":[{"href":"https:\/\/blackbeltwhitehat.com\/es\/wp-json\/wp\/v2\/pages\/8895","targetHints":{"allow":["GET"]}}],"collection":[{"href":"https:\/\/blackbeltwhitehat.com\/es\/wp-json\/wp\/v2\/pages"}],"about":[{"href":"https:\/\/blackbeltwhitehat.com\/es\/wp-json\/wp\/v2\/types\/page"}],"author":[{"embeddable":true,"href":"https:\/\/blackbeltwhitehat.com\/es\/wp-json\/wp\/v2\/users\/41980142"}],"replies":[{"embeddable":true,"href":"https:\/\/blackbeltwhitehat.com\/es\/wp-json\/wp\/v2\/comments?post=8895"}],"version-history":[{"count":3,"href":"https:\/\/blackbeltwhitehat.com\/es\/wp-json\/wp\/v2\/pages\/8895\/revisions"}],"predecessor-version":[{"id":8998,"href":"https:\/\/blackbeltwhitehat.com\/es\/wp-json\/wp\/v2\/pages\/8895\/revisions\/8998"}],"up":[{"embeddable":true,"href":"https:\/\/blackbeltwhitehat.com\/es\/wp-json\/wp\/v2\/pages\/189"}],"wp:attachment":[{"href":"https:\/\/blackbeltwhitehat.com\/es\/wp-json\/wp\/v2\/media?parent=8895"}],"curies":[{"name":"wp","href":"https:\/\/api.w.org\/{rel}","templated":true}]}}