{"id":9317,"date":"2018-09-14T14:04:12","date_gmt":"2018-09-14T14:04:12","guid":{"rendered":"http:\/\/blackbeltwhitehat.com\/?page_id=9317"},"modified":"2018-09-14T14:06:32","modified_gmt":"2018-09-14T14:06:32","slug":"resena-de-evlution-trans4orm-%f0%9f%94%a5-resumen-cientifico","status":"publish","type":"page","link":"https:\/\/blackbeltwhitehat.com\/es\/resenas-de-suplementos\/resena-de-evlution-trans4orm-%f0%9f%94%a5-resumen-cientifico\/","title":{"rendered":"Rese\u00f1a de EVLUTION Trans4orm \ud83d\udd25 (Resumen cient\u00edfico)"},"content":{"rendered":"<p>Son excelentes para la concentraci\u00f3n y la energ\u00eda.<\/p>\n<p>\u00a1Tambi\u00e9n me limpian bastante los senos paranasales!<\/p>\n<hr \/>\n<p>Los ingredientes incluyen<\/p>\n<p><strong>Niacina \/ Vitamina B3<\/strong><\/p>\n<p><a href=\"https:\/\/www.ncbi.nlm.nih.gov\/pmc\/articles\/PMC3742781\/\">Estudio sobre la niacina y la p\u00e9rdida de peso (ratones)<\/a><\/p>\n<p><a href=\"https:\/\/www.ncbi.nlm.nih.gov\/pubmed\/16887123\">Estudio sobre el efecto de la niacina sobre la leptina (una hormona que puede ayudar a perder peso)<\/a><\/p>\n<p>&nbsp;<\/p>\n<p><strong>Vitamina B6<\/strong><\/p>\n<p><a href=\"https:\/\/www.ncbi.nlm.nih.gov\/pubmed\/18679411\" target=\"_blank\" rel=\"noopener\">Estudio sobre la vitamina B6 y la p\u00e9rdida de peso<\/a><\/p>\n<p><img data-recalc-dims=\"1\" loading=\"lazy\" decoding=\"async\" data-attachment-id=\"9318\" data-permalink=\"https:\/\/blackbeltwhitehat.com\/es\/resenas-de-suplementos\/resena-de-evlution-trans4orm-%f0%9f%94%a5-resumen-cientifico\/vitb6\/\" data-orig-file=\"https:\/\/i0.wp.com\/blackbeltwhitehat.com\/wp-content\/uploads\/2018\/09\/vitb6.png?fit=1152%2C648&amp;ssl=1\" data-orig-size=\"1152,648\" data-comments-opened=\"1\" data-image-meta=\"{&quot;aperture&quot;:&quot;0&quot;,&quot;credit&quot;:&quot;&quot;,&quot;camera&quot;:&quot;&quot;,&quot;caption&quot;:&quot;&quot;,&quot;created_timestamp&quot;:&quot;0&quot;,&quot;copyright&quot;:&quot;&quot;,&quot;focal_length&quot;:&quot;0&quot;,&quot;iso&quot;:&quot;0&quot;,&quot;shutter_speed&quot;:&quot;0&quot;,&quot;title&quot;:&quot;&quot;,&quot;orientation&quot;:&quot;0&quot;}\" data-image-title=\"vitb6\" data-image-description=\"\" data-image-caption=\"\" data-large-file=\"https:\/\/i0.wp.com\/blackbeltwhitehat.com\/wp-content\/uploads\/2018\/09\/vitb6.png?fit=1024%2C576&amp;ssl=1\" class=\"alignnone size-full wp-image-9318\" src=\"https:\/\/i0.wp.com\/blackbeltwhitehat.com\/wp-content\/uploads\/2018\/09\/vitb6.png?resize=1152%2C648&#038;ssl=1\" alt=\"Estudio sobre la vitamina B6 y la p\u00e9rdida de peso\" width=\"1152\" height=\"648\" \/><\/p>\n<p><strong>Cromo<\/strong><\/p>\n<p><a href=\"https:\/\/www.ncbi.nlm.nih.gov\/pubmedhealth\/PMH0060779\/\">Estudio sobre el cromo y la p\u00e9rdida de peso<\/a><\/p>\n<p><img data-recalc-dims=\"1\" loading=\"lazy\" decoding=\"async\" data-attachment-id=\"9319\" data-permalink=\"https:\/\/blackbeltwhitehat.com\/es\/resenas-de-suplementos\/resena-de-evlution-trans4orm-%f0%9f%94%a5-resumen-cientifico\/chromium\/\" data-orig-file=\"https:\/\/i0.wp.com\/blackbeltwhitehat.com\/wp-content\/uploads\/2018\/09\/chromium.png?fit=773%2C681&amp;ssl=1\" data-orig-size=\"773,681\" data-comments-opened=\"1\" data-image-meta=\"{&quot;aperture&quot;:&quot;0&quot;,&quot;credit&quot;:&quot;&quot;,&quot;camera&quot;:&quot;&quot;,&quot;caption&quot;:&quot;&quot;,&quot;created_timestamp&quot;:&quot;0&quot;,&quot;copyright&quot;:&quot;&quot;,&quot;focal_length&quot;:&quot;0&quot;,&quot;iso&quot;:&quot;0&quot;,&quot;shutter_speed&quot;:&quot;0&quot;,&quot;title&quot;:&quot;&quot;,&quot;orientation&quot;:&quot;0&quot;}\" data-image-title=\"Chromium\" data-image-description=\"\" data-image-caption=\"\" data-large-file=\"https:\/\/i0.wp.com\/blackbeltwhitehat.com\/wp-content\/uploads\/2018\/09\/chromium.png?fit=773%2C681&amp;ssl=1\" class=\"alignnone size-full wp-image-9319\" src=\"https:\/\/i0.wp.com\/blackbeltwhitehat.com\/wp-content\/uploads\/2018\/09\/chromium.png?resize=773%2C681&#038;ssl=1\" alt=\"estudio sobre la p\u00e9rdida de peso con cromo\" width=\"773\" height=\"681\" \/><\/p>\n<p><strong>Extracto de hoja de t\u00e9 verde<\/strong><\/p>\n<p>Gran art\u00edculo sobre <a href=\"https:\/\/articles.mercola.com\/sites\/articles\/archive\/2010\/04\/29\/green-tea-extract-effective.aspx\" target=\"_blank\" rel=\"noopener\">T\u00e9 verde y p\u00e9rdida de peso por el Dr. Mercola aqu\u00ed<\/a><\/p>\n<blockquote><p>El galato de epigalocatequina (EGCG), componente activo del t\u00e9 verde, vuelve a estar en el punto de mira como posible ayuda para bajar de peso. Los autores de este ensayo cl\u00ednico aleatorizado, controlado con placebo y doble ciego, afirman:<\/p>\n<blockquote><p><em>\u201cEste estudio piloto proporciona por primera vez evidencia de que una sola catequina del t\u00e9 verde, EGCG, puede aumentar la oxidaci\u00f3n de grasas en hombres obesos, al menos dentro de las 2 horas posteriores a la ingesta de comidas\u201d.\u201d<\/em><\/p><\/blockquote>\n<\/blockquote>\n<p>&nbsp;<\/p>\n<p><strong>C\u00e1scara de naranja amarga (que contiene sinefrina)<\/strong><\/p>\n<p><a href=\"https:\/\/www.ncbi.nlm.nih.gov\/pmc\/articles\/PMC3444973\/\" target=\"_blank\" rel=\"noopener\">Estudio sobre la c\u00e1scara de naranja amarga y la p\u00e9rdida de peso<\/a><\/p>\n<blockquote><p>En general, el extracto de naranja amarga solo\u00a0<em>(pag<\/em>-sinefrina) o en combinaci\u00f3n con otros ingredientes a base de hierbas no produjo eventos adversos significativos como aumento de la frecuencia card\u00edaca o la presi\u00f3n arterial, ni alteraci\u00f3n de los datos electrocardiogr\u00e1ficos, la qu\u00edmica s\u00e9rica, el recuento de c\u00e9lulas sangu\u00edneas o el an\u00e1lisis de orina.\u00a0<em>pag-<\/em>Se ha demostrado que la sinefrina, tanto sola como en productos combinados, aumenta la tasa metab\u00f3lica en reposo y el gasto energ\u00e9tico, y se observaron aumentos modestos en la p\u00e9rdida de peso con el extracto de naranja amarga.<em>p<\/em>-productos que contienen sinefrina cuando se administran durante seis a doce semanas.<\/p><\/blockquote>\n<p>&nbsp;<\/p>\n<p><strong>Cafe\u00edna<\/strong><\/p>\n<p><a href=\"https:\/\/www.ncbi.nlm.nih.gov\/pubmed\/16076989\" target=\"_blank\" rel=\"noopener\">Estudio sobre la cafe\u00edna y la p\u00e9rdida de peso<\/a><\/p>\n<blockquote><p>\u201cEl consumo elevado de cafe\u00edna se asoci\u00f3 con la p\u00e9rdida de peso a trav\u00e9s de la termog\u00e9nesis y la oxidaci\u00f3n de grasas\u201d<\/p><\/blockquote>\n<p>&nbsp;<\/p>\n<p><strong>L-tirosina<\/strong><\/p>\n<p><a href=\"http:\/\/web.mit.edu\/dick\/www\/pdf\/863.pdf\" target=\"_blank\" rel=\"noopener\">La L-tirosina aumenta la funci\u00f3n cognitiva<\/a><\/p>\n<blockquote><p>\u201cLos efectos detectados de la tirosina incluyen un aumento general de la presi\u00f3n del pulso<br \/>\n(El LBNP generalmente reduce la presi\u00f3n del pulso) y un aumento en la amplitud del potencial relacionado con el evento auditivo (P300-N300), un electrofisiol\u00f3gico<br \/>\n\u201dcorrelaci\u00f3n de la atenci\u00f3n que puede indicar una mayor activaci\u00f3n cognitiva\u201d.\u201d<\/p><\/blockquote>\n<p>&nbsp;<\/p>\n<p><strong>bitartrato de colina<\/strong><\/p>\n<p><a href=\"https:\/\/www.ncbi.nlm.nih.gov\/pmc\/articles\/PMC4096089\/\" target=\"_blank\" rel=\"noopener\">Estudio sobre la colina y la p\u00e9rdida de peso<\/a><\/p>\n<blockquote><p>En conclusi\u00f3n, la suplementaci\u00f3n con colina podr\u00eda reducir r\u00e1pidamente la masa corporal sin efectos secundarios sobre los niveles bioqu\u00edmicos o la fuerza est\u00e1tica.<\/p><\/blockquote>\n<p>&nbsp;<\/p>\n<p><strong>Alfa GPC<\/strong><\/p>\n<p><a href=\"https:\/\/www.ncbi.nlm.nih.gov\/pmc\/articles\/PMC4650143\/\" target=\"_blank\" rel=\"noopener\">Estudio de rendimiento f\u00edsico y GPC Alpha<\/a><\/p>\n<blockquote>\n<div>\n<div id=\"__sec4\" class=\"sec sec-last\">\n<p id=\"__p4\" class=\"p p-first-last\">\u201cEl A-GPC es eficaz para aumentar la producci\u00f3n de fuerza en la parte inferior del cuerpo despu\u00e9s de 6 d\u00edas de suplementaci\u00f3n. Los entrenadores de rendimiento deportivo pueden considerar a\u00f1adir A-GPC a la dieta de los atletas de velocidad y potencia para mejorar el rendimiento muscular.\u201d<\/p>\n<\/div>\n<\/div>\n<\/blockquote>\n<p>&nbsp;<\/p>\n<p><strong>Pimienta negra \/ piperina<\/strong><\/p>\n<p><a href=\"https:\/\/www.ncbi.nlm.nih.gov\/pmc\/articles\/PMC3113382\/\" target=\"_blank\" rel=\"noopener\">Estudio sobre la pimienta negra\/piperina y la p\u00e9rdida de peso<\/a><\/p>\n<blockquote><p>Los resultados anteriores sugieren que la piperina posee potenciales efectos reductores de grasa y de l\u00edpidos, sin ning\u00fan cambio en el apetito alimentario, a una peque\u00f1a dosis de 40 mg\/kg.<\/p><\/blockquote>\n<p><span class=\"embed-youtube\" style=\"text-align:center; display: block;\"><iframe loading=\"lazy\" class=\"youtube-player\" width=\"640\" height=\"360\" src=\"https:\/\/www.youtube.com\/embed\/5fETv0zI_ts?version=3&#038;rel=1&#038;showsearch=0&#038;showinfo=1&#038;iv_load_policy=1&#038;fs=1&#038;hl=es-ES&#038;autohide=2&#038;wmode=transparent\" allowfullscreen=\"true\" style=\"border:0;\" sandbox=\"allow-scripts allow-same-origin allow-popups allow-presentation allow-popups-to-escape-sandbox\"><\/iframe><\/span><\/p>\n<p>&nbsp;<\/p>\n<hr \/>\n<p>&nbsp;<\/p>\n<p>Como puede ver en las citas y enlaces anteriores, tambi\u00e9n hay mucha investigaci\u00f3n detr\u00e1s de este producto.<\/p>\n<p>Como cualquier producto\/ingrediente, hay algunos estudios que contradicen algunos de los citados anteriormente, pero en general, el producto es muy s\u00f3lido desde una perspectiva cient\u00edfica.<\/p>\n<p>Consulte primero con un m\u00e9dico si tiene presi\u00f3n arterial alta o cualquier problema cardiovascular.<\/p>","protected":false},"excerpt":{"rendered":"<p>These are excellent for focus and energy. They also clear my sinuses quite well! Ingredients include Niacin \/ Vitamin B3 Niacin &amp; weight loss study (mice) Niacin Increases Leptin (a hormone that can help with weight loss) study &nbsp; Vitamin B6 Vitamin B6 &amp; Weight Loss Study Chromium Chromium &amp; weight loss study Green Tea [&hellip;]<\/p>\n","protected":false},"author":41980142,"featured_media":0,"parent":4523,"menu_order":0,"comment_status":"closed","ping_status":"closed","template":"","meta":{"_coblocks_attr":"","_coblocks_dimensions":"","_coblocks_responsive_height":"","_coblocks_accordion_ie_support":"","_crdt_document":"","footnotes":""},"class_list":["post-9317","page","type-page","status-publish","hentry"],"yoast_head":"<!-- This site is optimized with the Yoast SEO plugin v27.4 - https:\/\/yoast.com\/product\/yoast-seo-wordpress\/ -->\n<title>EVLUTION Trans4orm Review \ud83d\udd25 (Scientific Run Down) - Fitness &amp; MMA Blog - BlackBeltWhiteHat.com<\/title>\n<meta name=\"robots\" content=\"index, follow, max-snippet:-1, max-image-preview:large, max-video-preview:-1\" \/>\n<link rel=\"canonical\" href=\"https:\/\/blackbeltwhitehat.com\/es\/resenas-de-suplementos\/resena-de-evlution-trans4orm-\ud83d\udd25-resumen-cientifico\/\" \/>\n<meta property=\"og:locale\" content=\"es_ES\" \/>\n<meta property=\"og:type\" content=\"article\" \/>\n<meta property=\"og:title\" content=\"EVLUTION Trans4orm Review \ud83d\udd25 (Scientific Run Down) - Fitness &amp; MMA Blog - BlackBeltWhiteHat.com\" \/>\n<meta property=\"og:description\" content=\"These are excellent for focus and energy. They also clear my sinuses quite well! Ingredients include Niacin \/ Vitamin B3 Niacin &amp; weight loss study (mice) Niacin Increases Leptin (a hormone that can help with weight loss) study &nbsp; Vitamin B6 Vitamin B6 &amp; Weight Loss Study Chromium Chromium &amp; weight loss study Green Tea [&hellip;]\" \/>\n<meta property=\"og:url\" content=\"https:\/\/blackbeltwhitehat.com\/es\/resenas-de-suplementos\/resena-de-evlution-trans4orm-\ud83d\udd25-resumen-cientifico\/\" \/>\n<meta property=\"og:site_name\" content=\"Fitness &amp; MMA Blog - BlackBeltWhiteHat.com\" \/>\n<meta property=\"article:publisher\" content=\"https:\/\/www.facebook.com\/BlackBeltWhiteHat\/\" \/>\n<meta property=\"article:modified_time\" content=\"2018-09-14T14:06:32+00:00\" \/>\n<meta property=\"og:image\" content=\"https:\/\/blackbeltwhitehat.com\/wp-content\/uploads\/2018\/09\/vitb6.png\" \/>\n<meta name=\"twitter:card\" content=\"summary_large_image\" \/>\n<meta name=\"twitter:site\" content=\"@MMATraining1980\" \/>\n<meta name=\"twitter:label1\" content=\"Tiempo de lectura\" \/>\n\t<meta name=\"twitter:data1\" content=\"2 minutos\" \/>\n<!-- \/ Yoast SEO plugin. -->","yoast_head_json":{"title":"EVLUTION Trans4orm Review \ud83d\udd25 (Scientific Run Down) - Fitness &amp; MMA Blog - BlackBeltWhiteHat.com","robots":{"index":"index","follow":"follow","max-snippet":"max-snippet:-1","max-image-preview":"max-image-preview:large","max-video-preview":"max-video-preview:-1"},"canonical":"https:\/\/blackbeltwhitehat.com\/es\/resenas-de-suplementos\/resena-de-evlution-trans4orm-\ud83d\udd25-resumen-cientifico\/","og_locale":"es_ES","og_type":"article","og_title":"EVLUTION Trans4orm Review \ud83d\udd25 (Scientific Run Down) - Fitness &amp; MMA Blog - BlackBeltWhiteHat.com","og_description":"These are excellent for focus and energy. They also clear my sinuses quite well! Ingredients include Niacin \/ Vitamin B3 Niacin &amp; weight loss study (mice) Niacin Increases Leptin (a hormone that can help with weight loss) study &nbsp; Vitamin B6 Vitamin B6 &amp; Weight Loss Study Chromium Chromium &amp; weight loss study Green Tea [&hellip;]","og_url":"https:\/\/blackbeltwhitehat.com\/es\/resenas-de-suplementos\/resena-de-evlution-trans4orm-\ud83d\udd25-resumen-cientifico\/","og_site_name":"Fitness &amp; MMA Blog - BlackBeltWhiteHat.com","article_publisher":"https:\/\/www.facebook.com\/BlackBeltWhiteHat\/","article_modified_time":"2018-09-14T14:06:32+00:00","og_image":[{"url":"https:\/\/blackbeltwhitehat.com\/wp-content\/uploads\/2018\/09\/vitb6.png","type":"","width":"","height":""}],"twitter_card":"summary_large_image","twitter_site":"@MMATraining1980","twitter_misc":{"Tiempo de lectura":"2 minutos"},"schema":{"@context":"https:\/\/schema.org","@graph":[{"@type":"WebPage","@id":"https:\/\/blackbeltwhitehat.com\/supplement-reviews\/evlution-trans4orm-review-%f0%9f%94%a5-scientific-run-down\/","url":"https:\/\/blackbeltwhitehat.com\/supplement-reviews\/evlution-trans4orm-review-%f0%9f%94%a5-scientific-run-down\/","name":"EVLUTION Trans4orm Review \ud83d\udd25 (Scientific Run Down) - Fitness &amp; MMA Blog - BlackBeltWhiteHat.com","isPartOf":{"@id":"https:\/\/blackbeltwhitehat.com\/en\/#website"},"primaryImageOfPage":{"@id":"https:\/\/blackbeltwhitehat.com\/supplement-reviews\/evlution-trans4orm-review-%f0%9f%94%a5-scientific-run-down\/#primaryimage"},"image":{"@id":"https:\/\/blackbeltwhitehat.com\/supplement-reviews\/evlution-trans4orm-review-%f0%9f%94%a5-scientific-run-down\/#primaryimage"},"thumbnailUrl":"https:\/\/blackbeltwhitehat.com\/wp-content\/uploads\/2018\/09\/vitb6.png","datePublished":"2018-09-14T14:04:12+00:00","dateModified":"2018-09-14T14:06:32+00:00","breadcrumb":{"@id":"https:\/\/blackbeltwhitehat.com\/supplement-reviews\/evlution-trans4orm-review-%f0%9f%94%a5-scientific-run-down\/#breadcrumb"},"inLanguage":"es","potentialAction":[{"@type":"ReadAction","target":["https:\/\/blackbeltwhitehat.com\/supplement-reviews\/evlution-trans4orm-review-%f0%9f%94%a5-scientific-run-down\/"]}]},{"@type":"ImageObject","inLanguage":"es","@id":"https:\/\/blackbeltwhitehat.com\/supplement-reviews\/evlution-trans4orm-review-%f0%9f%94%a5-scientific-run-down\/#primaryimage","url":"https:\/\/blackbeltwhitehat.com\/wp-content\/uploads\/2018\/09\/vitb6.png","contentUrl":"https:\/\/blackbeltwhitehat.com\/wp-content\/uploads\/2018\/09\/vitb6.png"},{"@type":"BreadcrumbList","@id":"https:\/\/blackbeltwhitehat.com\/supplement-reviews\/evlution-trans4orm-review-%f0%9f%94%a5-scientific-run-down\/#breadcrumb","itemListElement":[{"@type":"ListItem","position":1,"name":"Home","item":"https:\/\/blackbeltwhitehat.com\/"},{"@type":"ListItem","position":2,"name":"Supplement Reviews","item":"https:\/\/blackbeltwhitehat.com\/supplement-reviews\/"},{"@type":"ListItem","position":3,"name":"EVLUTION Trans4orm Review \ud83d\udd25 (Scientific Run Down)"}]},{"@type":"WebSite","@id":"https:\/\/blackbeltwhitehat.com\/en\/#website","url":"https:\/\/blackbeltwhitehat.com\/en\/","name":"Blog de fitness y MMA - BlackBeltWhiteHat.com","description":"Blog de fitness, MMA y nutrici\u00f3n del Reino Unido","publisher":{"@id":"https:\/\/blackbeltwhitehat.com\/en\/#organization"},"potentialAction":[{"@type":"SearchAction","target":{"@type":"EntryPoint","urlTemplate":"https:\/\/blackbeltwhitehat.com\/en\/?s={search_term_string}"},"query-input":{"@type":"PropertyValueSpecification","valueRequired":true,"valueName":"search_term_string"}}],"inLanguage":"es"},{"@type":"Organization","@id":"https:\/\/blackbeltwhitehat.com\/en\/#organization","name":"Blog de fitness y MMA - BlackBeltWhiteHat.com","url":"https:\/\/blackbeltwhitehat.com\/en\/","logo":{"@type":"ImageObject","inLanguage":"es","@id":"https:\/\/blackbeltwhitehat.com\/en\/#\/schema\/logo\/image\/","url":"https:\/\/blackbeltwhitehat.com\/wp-content\/uploads\/2019\/06\/cropped-mmabloglogodis-copy.png","contentUrl":"https:\/\/blackbeltwhitehat.com\/wp-content\/uploads\/2019\/06\/cropped-mmabloglogodis-copy.png","width":352,"height":352,"caption":"Fitness & MMA Blog - BlackBeltWhiteHat.com"},"image":{"@id":"https:\/\/blackbeltwhitehat.com\/en\/#\/schema\/logo\/image\/"},"sameAs":["https:\/\/www.facebook.com\/BlackBeltWhiteHat\/","https:\/\/x.com\/MMATraining1980"]}]}},"jetpack_likes_enabled":true,"jetpack_sharing_enabled":true,"jetpack_shortlink":"https:\/\/wp.me\/P2Sx3t-2qh","jetpack-related-posts":[{"id":1742,"url":"https:\/\/blackbeltwhitehat.com\/es\/articulos-de-mma\/nutricion\/vitaminas-y-minerales-de-la-a-a-la-z\/","url_meta":{"origin":9317,"position":0},"title":"De la A a la Z de vitaminas y minerales","author":"Dave","date":"junio 10, 2014","format":false,"excerpt":"Vitamins - Sources & Functions \u00a0 Vitamin\u00a0A Function - Eyesight, immune\u00a0system Sources - Leafy vegeatables, sweet potatoes, carrots, fish oil, cheese 8 B vitamins - All help the body to convert food, including carbohydrates, into glucose. Also help metabolise fats and protein, help in the functioning of eyes and liver\u2026","rel":"","context":"Entrada similar","block_context":{"text":"Entrada similar","link":""},"img":{"alt_text":"","src":"","width":0,"height":0},"classes":[]},{"id":938,"url":"https:\/\/blackbeltwhitehat.com\/es\/articulos-de-mma\/nutricion\/protocolo-definitivo-de-recuperacion-de-mma\/","url_meta":{"origin":9317,"position":1},"title":"MMA Recovery Methods [Updated  2025] (1 Amazing Free Hack)","author":"Dave","date":"diciembre 2, 2013","format":false,"excerpt":"Train like thunder, recovery like lightning\u00a0\u26a1 Adapt to training & become a better fighter by improving your recovery from MMA training sessions. Written by Drew Griffiths (BSc, MSc) *Diet & Exercise at your own risk. Article is for informational purposes only* Watch this video, or read below! https:\/\/youtu.be\/itIE1ISTr8I Train MMA\u2026","rel":"","context":"Con 7 comentarios","block_context":{"text":"Con 7 comentarios","link":"https:\/\/blackbeltwhitehat.com\/es\/articulos-de-mma\/nutricion\/protocolo-definitivo-de-recuperacion-de-mma\/#comments"},"img":{"alt_text":"","src":"https:\/\/i0.wp.com\/blackbeltwhitehat.com\/wp-content\/uploads\/2024\/03\/received_1385627988743725.jpeg?resize=350%2C200&ssl=1","width":350,"height":200,"srcset":"https:\/\/i0.wp.com\/blackbeltwhitehat.com\/wp-content\/uploads\/2024\/03\/received_1385627988743725.jpeg?resize=350%2C200&ssl=1 1x, https:\/\/i0.wp.com\/blackbeltwhitehat.com\/wp-content\/uploads\/2024\/03\/received_1385627988743725.jpeg?resize=525%2C300&ssl=1 1.5x, https:\/\/i0.wp.com\/blackbeltwhitehat.com\/wp-content\/uploads\/2024\/03\/received_1385627988743725.jpeg?resize=700%2C400&ssl=1 2x, https:\/\/i0.wp.com\/blackbeltwhitehat.com\/wp-content\/uploads\/2024\/03\/received_1385627988743725.jpeg?resize=1050%2C600&ssl=1 3x"},"classes":[]},{"id":513,"url":"https:\/\/blackbeltwhitehat.com\/es\/articulos-de-mma\/perdida-de-peso-3\/","url_meta":{"origin":9317,"position":2},"title":"P\u00e9rdida de peso","author":"Dave","date":"junio 29, 2013","format":false,"excerpt":"","rel":"","context":"Entrada similar","block_context":{"text":"Entrada similar","link":""},"img":{"alt_text":"","src":"","width":0,"height":0},"classes":[]},{"id":1701,"url":"https:\/\/blackbeltwhitehat.com\/es\/articulos-de-mma\/nutricion\/como-perder-peso\/","url_meta":{"origin":9317,"position":3},"title":"C\u00f3mo perder peso","author":"Dave","date":"junio 5, 2014","format":false,"excerpt":"Losing Weight Fast! Ignore that heading, I just put it there for SEO purposes and to grab your attention. Sorry. You need a general healthy lifestyle, not a quick fix. \u00a0Having said that... Here's my top tips: 1. Ignore all the juice, herbalife diets etc. \u00a0They are overpriced and lots\u2026","rel":"","context":"Con 1 comentario","block_context":{"text":"Con 1 comentario","link":"https:\/\/blackbeltwhitehat.com\/es\/articulos-de-mma\/nutricion\/como-perder-peso\/#comments"},"img":{"alt_text":"Diet fast weight loss","src":"https:\/\/i0.wp.com\/blackbeltwhitehat.com\/wp-content\/uploads\/2014\/06\/jonsnow.jpg?resize=350%2C200","width":350,"height":200},"classes":[]},{"id":940,"url":"https:\/\/blackbeltwhitehat.com\/es\/articulos-de-mma\/nutricion\/cancer-de-prostata-y-dieta\/","url_meta":{"origin":9317,"position":4},"title":"C\u00e1ncer de pr\u00f3stata y dieta","author":"Dave","date":"diciembre 2, 2013","format":false,"excerpt":"Diet and Cancer So, Movember has just ended. Diet plays a huge part in all kinds of cancers and their prevention. It's a bit weird \/ disappointing that this information is not 'advertised' more during November. After 45 minutes of reading articles, and searching Google Scholar, here's what I've found\u2026","rel":"","context":"Entrada similar","block_context":{"text":"Entrada similar","link":""},"img":{"alt_text":"Prostrate cancer and tomatoes","src":"https:\/\/i0.wp.com\/blackbeltwhitehat.com\/wp-content\/uploads\/2013\/12\/tomato.jpg?resize=350%2C200","width":350,"height":200},"classes":[]},{"id":523,"url":"https:\/\/blackbeltwhitehat.com\/es\/articulos-de-mma\/perdida-de-peso-3\/programa-de-perdida-de-peso\/","url_meta":{"origin":9317,"position":5},"title":"Programa de p\u00e9rdida de peso \/ Programa","author":"Dave","date":"junio 30, 2013","format":false,"excerpt":"Exercise and diet at your own risk This is addressed at men, but the principles are the same for women Aerobic Exercise and the Fat Burning Zone = Rubbish! Please forget the old school notion of the 'fat burning zone'. Although working at a low intensity does use more fat\u2026","rel":"","context":"Entrada similar","block_context":{"text":"Entrada similar","link":""},"img":{"alt_text":"Weight loss dieting infographic","src":"https:\/\/i0.wp.com\/blackbeltwhitehat.com\/wp-content\/uploads\/2013\/06\/dietinfog.jpg?resize=350%2C200","width":350,"height":200,"srcset":"https:\/\/i0.wp.com\/blackbeltwhitehat.com\/wp-content\/uploads\/2013\/06\/dietinfog.jpg?resize=350%2C200 1x, https:\/\/i0.wp.com\/blackbeltwhitehat.com\/wp-content\/uploads\/2013\/06\/dietinfog.jpg?resize=525%2C300 1.5x"},"classes":[]}],"_links":{"self":[{"href":"https:\/\/blackbeltwhitehat.com\/es\/wp-json\/wp\/v2\/pages\/9317","targetHints":{"allow":["GET"]}}],"collection":[{"href":"https:\/\/blackbeltwhitehat.com\/es\/wp-json\/wp\/v2\/pages"}],"about":[{"href":"https:\/\/blackbeltwhitehat.com\/es\/wp-json\/wp\/v2\/types\/page"}],"author":[{"embeddable":true,"href":"https:\/\/blackbeltwhitehat.com\/es\/wp-json\/wp\/v2\/users\/41980142"}],"replies":[{"embeddable":true,"href":"https:\/\/blackbeltwhitehat.com\/es\/wp-json\/wp\/v2\/comments?post=9317"}],"version-history":[{"count":2,"href":"https:\/\/blackbeltwhitehat.com\/es\/wp-json\/wp\/v2\/pages\/9317\/revisions"}],"predecessor-version":[{"id":9321,"href":"https:\/\/blackbeltwhitehat.com\/es\/wp-json\/wp\/v2\/pages\/9317\/revisions\/9321"}],"up":[{"embeddable":true,"href":"https:\/\/blackbeltwhitehat.com\/es\/wp-json\/wp\/v2\/pages\/4523"}],"wp:attachment":[{"href":"https:\/\/blackbeltwhitehat.com\/es\/wp-json\/wp\/v2\/media?parent=9317"}],"curies":[{"name":"wp","href":"https:\/\/api.w.org\/{rel}","templated":true}]}}