{"id":1904,"date":"2014-06-30T11:49:22","date_gmt":"2014-06-30T11:49:22","guid":{"rendered":"http:\/\/blackbeltwhitehat.com\/?page_id=1904"},"modified":"2016-05-28T18:36:44","modified_gmt":"2016-05-28T18:36:44","slug":"o-jiu-jitsu-brasileiro-e-uma-seita","status":"publish","type":"page","link":"https:\/\/blackbeltwhitehat.com\/pt\/artigos-de-mma\/outro\/o-jiu-jitsu-brasileiro-e-uma-seita\/","title":{"rendered":"O Jiu-Jitsu brasileiro \u00e9 uma seita?"},"content":{"rendered":"<p><a href=\"https:\/\/i0.wp.com\/blackbeltwhitehat.com\/wp-content\/uploads\/2014\/06\/preacher.jpg?ssl=1\"><img data-recalc-dims=\"1\" loading=\"lazy\" decoding=\"async\" data-attachment-id=\"2280\" data-permalink=\"https:\/\/blackbeltwhitehat.com\/pt\/artigos-de-mma\/outro\/o-jiu-jitsu-brasileiro-e-uma-seita\/cruise\/\" data-orig-file=\"https:\/\/i0.wp.com\/blackbeltwhitehat.com\/wp-content\/uploads\/2014\/06\/preacher.jpg?fit=2000%2C2935&amp;ssl=1\" data-orig-size=\"2000,2935\" data-comments-opened=\"1\" data-image-meta=\"{&quot;aperture&quot;:&quot;0&quot;,&quot;credit&quot;:&quot;ASSOCIATED PRESS&quot;,&quot;camera&quot;:&quot;&quot;,&quot;caption&quot;:&quot;U.S. actor Tom Cruise gestures while making a speech during the official opening of a new Scientology church in central Madrid Saturday Sept. 18, 2004. (AP Photo\/Paul White)&quot;,&quot;created_timestamp&quot;:&quot;0&quot;,&quot;copyright&quot;:&quot;AP2004&quot;,&quot;focal_length&quot;:&quot;0&quot;,&quot;iso&quot;:&quot;0&quot;,&quot;shutter_speed&quot;:&quot;0&quot;,&quot;title&quot;:&quot;CRUISE&quot;,&quot;orientation&quot;:&quot;1&quot;}\" data-image-title=\"Bjj\" data-image-description=\"&lt;p&gt;BJJ Cult&lt;\/p&gt;\" data-image-caption=\"\" data-large-file=\"https:\/\/i0.wp.com\/blackbeltwhitehat.com\/wp-content\/uploads\/2014\/06\/preacher.jpg?fit=698%2C1024&amp;ssl=1\" class=\"alignnone size-large wp-image-2280\" src=\"https:\/\/i0.wp.com\/blackbeltwhitehat.com\/wp-content\/uploads\/2014\/06\/preacher.jpg?resize=640%2C939&#038;ssl=1\" alt=\"Jiu-jitsu brasileiro\" width=\"640\" height=\"939\" \/><\/a><\/p>\n<p>Deus = Rickson Gracie<br \/>\nJesus = Roger Gracie<br \/>\nPregador = instrutor local<\/p>\n<p>Todos eles ganham rios de dinheiro \u00e0s custas de estudantes\/fi\u00e9is.<\/p>\n<p>1. Voc\u00eas adoram \u00eddolos?<br \/>\n2. Voc\u00ea passa uma quantidade irracional de tempo treinando e falando sobre Jiu-Jitsu?<br \/>\n3. Voc\u00ea tenta convencer a todos de qu\u00e3o incr\u00edvel \u00e9 o Jiu-Jitsu Brasileiro?<br \/>\n4. Voc\u00ea foi influenciado a acreditar que o Jiu-Jitsu esportivo \u00e9 uma arte marcial eficaz?<br \/>\n5. Voc\u00ea gasta muito dinheiro seguindo seus \u00eddolos?<br \/>\n6. Existe uma hierarquia semelhante \u00e0 dos pedreiros dentro do sistema?<br \/>\n7. Seu instrutor \u00e9 um pregador impec\u00e1vel e um ser onisciente?<\/p>\n<p>&nbsp;<\/p>\n<blockquote><p>\u201cA vontade de aprender e treinar Jiu-Jitsu \u00e9 um aspecto natural e belo do treinamento.<span id=\"more-1410\"><\/span><\/p>\n<p>No entanto, pessoalmente, j\u00e1 vi instrutores usarem isso a seu favor, promovendo seus objetivos pessoais dentro e fora do tatame. Presenciei adultos serem t\u00e3o controlados psicologicamente por seus instrutores que chegavam a extremos para satisfazer os pedidos de seus professores.\u2019<br \/>\n<a href=\"http:\/\/www.allthingsbjj.com\/2014\/02\/21\/when-loyalty-turns-into-cult-like-behavior\/\" rel=\"nofollow\">http:\/\/www.allthingsbjj.com\/2014\/02\/21\/when-loyalty-turns-into-cult-like-behavior\/<\/a><\/p><\/blockquote>\n<p>&nbsp;<\/p>\n<blockquote><p>\u201c&quot;Mas veja bem. H\u00e1 muita gente por a\u00ed que odeia o Jiu-Jitsu justamente por esse motivo: est\u00e3o cansados da propaganda exagerada e desconfiados de qualquer um que entre nessa onda. E est\u00e3o especialmente cansados dos praticantes arrogantes de Jiu-Jitsu que menosprezam todos os outros estilos.&quot;.<\/p>\n<p>Isso \u00e9 compreens\u00edvel. N\u00e3o importa o assunto, basta um idiota arrogante, convencido e cheio de opini\u00f5es para transformar um potencial recruta em um oponente amargo. O Jiu-Jitsu pode ser o caminho para a paz mundial e a felicidade interior completa (s\u00e9rio!), mas se dissermos \u00e0s pessoas que elas s\u00e3o est\u00fapidas por gostarem de tai chi e, em seguida, oferecermos a elas jiu-jitsu de uma forma ruim, elas n\u00e3o v\u00e3o querer.\u201d<\/p>\n<p><a href=\"http:\/\/www.arcanumbjj.com\/0727\/why-some-people-hate-brazilian-jiu-jitsu\/\" rel=\"nofollow\">http:\/\/www.arcanumbjj.com\/0727\/why-some-people-hate-brazilian-jiu-jitsu\/<\/a><\/p>\n<p>&nbsp;<\/p><\/blockquote>\n<p>Eu adoro Jiu-Jitsu, mas parece que as pessoas o tratam como uma religi\u00e3o estranha e ficam obcecadas com o m\u00e9todo 100%. J\u00e1 recebi at\u00e9 e-mails de pessoas s\u00f3 para me dizerem que finalizaram algu\u00e9m; no treino. Valeu por me contar, humilde praticante de Jiu-Jitsu, mas, para ser sincero, eu ficaria mais impressionado se voc\u00ea n\u00e3o fosse um babaca.<\/p>\n<p>Treinar \u00e9 treinar, com os colegas de equipe. Voc\u00ea experimenta novas t\u00e9cnicas e se coloca em situa\u00e7\u00f5es desfavor\u00e1veis de prop\u00f3sito para melhorar. N\u00e3o \u00e9 competi\u00e7\u00e3o, a menos que voc\u00ea seja um babaca.<\/p>\n<p>Lutar no ch\u00e3o \u00e9 uma loucura em uma situa\u00e7\u00e3o de autodefesa; na melhor das hip\u00f3teses, voc\u00ea estar\u00e1 em um piso de concreto de camiseta, na pior, estar\u00e1 dentro de um bar, cercado por um bando de arruaceiros prontos para te dar uma surra. \u00c9 bom como \u00faltimo recurso, mas \u00e9 estranho como algumas pessoas se convenceram de que \u00e9 o melhor estilo de arte marcial de todos os tempos. Provavelmente porque investiram muito tempo e dinheiro nisso.<\/p>\n<p>O Jiu-Jitsu Brasileiro (BJJ) surgiu do Jud\u00f4, n\u00e3o \u00e9 nenhum superpoder vindo do espa\u00e7o.<\/p>\n<p><span class=\"embed-youtube\" style=\"text-align:center; display: block;\"><iframe loading=\"lazy\" class=\"youtube-player\" width=\"640\" height=\"360\" src=\"https:\/\/www.youtube.com\/embed\/1oN6bqB0Ooo?version=3&#038;rel=1&#038;showsearch=0&#038;showinfo=1&#038;iv_load_policy=1&#038;fs=1&#038;hl=pt-PT&#038;autohide=2&#038;wmode=transparent\" allowfullscreen=\"true\" style=\"border:0;\" sandbox=\"allow-scripts allow-same-origin allow-popups allow-presentation allow-popups-to-escape-sandbox\"><\/iframe><\/span><\/p>","protected":false},"excerpt":{"rendered":"<p>God = Rickson\u00a0Gracie Jesus = Roger Gracie Preacher = local instructor All make rucks of money out of students\/worshipers 1. Do you worship idols? 2. Do you spend illogical amounts of time training, and talking about BJJ? 3. Do you try and convince everyone how great BJJ is? 4. Have you been brainwashed into thinking [&hellip;]<\/p>\n","protected":false},"author":41980142,"featured_media":0,"parent":494,"menu_order":0,"comment_status":"open","ping_status":"open","template":"","meta":{"_coblocks_attr":"","_coblocks_dimensions":"","_coblocks_responsive_height":"","_coblocks_accordion_ie_support":"","_crdt_document":"","footnotes":""},"class_list":["post-1904","page","type-page","status-publish","hentry"],"yoast_head":"<!-- This site is optimized with the Yoast SEO plugin v27.4 - https:\/\/yoast.com\/product\/yoast-seo-wordpress\/ -->\n<title>Is Brazilian Jiu Jitsu a cult? - Fitness &amp; MMA Blog - BlackBeltWhiteHat.com<\/title>\n<meta name=\"robots\" content=\"index, follow, max-snippet:-1, max-image-preview:large, max-video-preview:-1\" \/>\n<link rel=\"canonical\" href=\"https:\/\/blackbeltwhitehat.com\/pt\/artigos-de-mma\/outro\/o-jiu-jitsu-brasileiro-e-uma-seita\/\" \/>\n<meta property=\"og:locale\" content=\"pt_PT\" \/>\n<meta property=\"og:type\" content=\"article\" \/>\n<meta property=\"og:title\" content=\"Is Brazilian Jiu Jitsu a cult? - Fitness &amp; MMA Blog - BlackBeltWhiteHat.com\" \/>\n<meta property=\"og:description\" content=\"God = Rickson\u00a0Gracie Jesus = Roger Gracie Preacher = local instructor All make rucks of money out of students\/worshipers 1. Do you worship idols? 2. Do you spend illogical amounts of time training, and talking about BJJ? 3. Do you try and convince everyone how great BJJ is? 4. Have you been brainwashed into thinking [&hellip;]\" \/>\n<meta property=\"og:url\" content=\"https:\/\/blackbeltwhitehat.com\/pt\/artigos-de-mma\/outro\/o-jiu-jitsu-brasileiro-e-uma-seita\/\" \/>\n<meta property=\"og:site_name\" content=\"Fitness &amp; MMA Blog - BlackBeltWhiteHat.com\" \/>\n<meta property=\"article:publisher\" content=\"https:\/\/www.facebook.com\/BlackBeltWhiteHat\/\" \/>\n<meta property=\"article:modified_time\" content=\"2016-05-28T18:36:44+00:00\" \/>\n<meta property=\"og:image\" content=\"https:\/\/blackbeltwhitehat.com\/wp-content\/uploads\/2014\/06\/preacher.jpg?w=640\" \/>\n<meta name=\"twitter:card\" content=\"summary_large_image\" \/>\n<meta name=\"twitter:site\" content=\"@MMATraining1980\" \/>\n<meta name=\"twitter:label1\" content=\"Tempo estimado de leitura\" \/>\n\t<meta name=\"twitter:data1\" content=\"2 minutos\" \/>\n<!-- \/ Yoast SEO plugin. -->","yoast_head_json":{"title":"O Jiu-Jitsu brasileiro \u00e9 uma seita? - Blog de Fitness e MMA - BlackBeltWhiteHat.com","robots":{"index":"index","follow":"follow","max-snippet":"max-snippet:-1","max-image-preview":"max-image-preview:large","max-video-preview":"max-video-preview:-1"},"canonical":"https:\/\/blackbeltwhitehat.com\/pt\/artigos-de-mma\/outro\/o-jiu-jitsu-brasileiro-e-uma-seita\/","og_locale":"pt_PT","og_type":"article","og_title":"Is Brazilian Jiu Jitsu a cult? - Fitness &amp; MMA Blog - BlackBeltWhiteHat.com","og_description":"God = Rickson\u00a0Gracie Jesus = Roger Gracie Preacher = local instructor All make rucks of money out of students\/worshipers 1. Do you worship idols? 2. Do you spend illogical amounts of time training, and talking about BJJ? 3. Do you try and convince everyone how great BJJ is? 4. Have you been brainwashed into thinking [&hellip;]","og_url":"https:\/\/blackbeltwhitehat.com\/pt\/artigos-de-mma\/outro\/o-jiu-jitsu-brasileiro-e-uma-seita\/","og_site_name":"Fitness &amp; MMA Blog - BlackBeltWhiteHat.com","article_publisher":"https:\/\/www.facebook.com\/BlackBeltWhiteHat\/","article_modified_time":"2016-05-28T18:36:44+00:00","og_image":[{"url":"https:\/\/blackbeltwhitehat.com\/wp-content\/uploads\/2014\/06\/preacher.jpg?w=640","type":"","width":"","height":""}],"twitter_card":"summary_large_image","twitter_site":"@MMATraining1980","twitter_misc":{"Tempo estimado de leitura":"2 minutos"},"schema":{"@context":"https:\/\/schema.org","@graph":[{"@type":"WebPage","@id":"https:\/\/blackbeltwhitehat.com\/mma-articles\/other\/is-brazilian-jiu-jitsu-a-cult\/","url":"https:\/\/blackbeltwhitehat.com\/mma-articles\/other\/is-brazilian-jiu-jitsu-a-cult\/","name":"O Jiu-Jitsu brasileiro \u00e9 uma seita? - Blog de Fitness e MMA - BlackBeltWhiteHat.com","isPartOf":{"@id":"https:\/\/blackbeltwhitehat.com\/en\/#website"},"primaryImageOfPage":{"@id":"https:\/\/blackbeltwhitehat.com\/mma-articles\/other\/is-brazilian-jiu-jitsu-a-cult\/#primaryimage"},"image":{"@id":"https:\/\/blackbeltwhitehat.com\/mma-articles\/other\/is-brazilian-jiu-jitsu-a-cult\/#primaryimage"},"thumbnailUrl":"https:\/\/blackbeltwhitehat.com\/wp-content\/uploads\/2014\/06\/preacher.jpg?w=640","datePublished":"2014-06-30T11:49:22+00:00","dateModified":"2016-05-28T18:36:44+00:00","breadcrumb":{"@id":"https:\/\/blackbeltwhitehat.com\/mma-articles\/other\/is-brazilian-jiu-jitsu-a-cult\/#breadcrumb"},"inLanguage":"pt-PT","potentialAction":[{"@type":"ReadAction","target":["https:\/\/blackbeltwhitehat.com\/mma-articles\/other\/is-brazilian-jiu-jitsu-a-cult\/"]}]},{"@type":"ImageObject","inLanguage":"pt-PT","@id":"https:\/\/blackbeltwhitehat.com\/mma-articles\/other\/is-brazilian-jiu-jitsu-a-cult\/#primaryimage","url":"https:\/\/blackbeltwhitehat.com\/wp-content\/uploads\/2014\/06\/preacher.jpg?w=640","contentUrl":"https:\/\/blackbeltwhitehat.com\/wp-content\/uploads\/2014\/06\/preacher.jpg?w=640"},{"@type":"BreadcrumbList","@id":"https:\/\/blackbeltwhitehat.com\/mma-articles\/other\/is-brazilian-jiu-jitsu-a-cult\/#breadcrumb","itemListElement":[{"@type":"ListItem","position":1,"name":"Home","item":"https:\/\/blackbeltwhitehat.com\/"},{"@type":"ListItem","position":2,"name":"MMA","item":"https:\/\/blackbeltwhitehat.com\/mma-articles\/"},{"@type":"ListItem","position":3,"name":"Other","item":"https:\/\/blackbeltwhitehat.com\/mma-articles\/other\/"},{"@type":"ListItem","position":4,"name":"Is Brazilian Jiu Jitsu a cult?"}]},{"@type":"WebSite","@id":"https:\/\/blackbeltwhitehat.com\/en\/#website","url":"https:\/\/blackbeltwhitehat.com\/en\/","name":"Blog de Fitness e MMA - BlackBeltWhiteHat.com","description":"Blog de fitness, MMA e nutri\u00e7\u00e3o do Reino Unido","publisher":{"@id":"https:\/\/blackbeltwhitehat.com\/en\/#organization"},"potentialAction":[{"@type":"SearchAction","target":{"@type":"EntryPoint","urlTemplate":"https:\/\/blackbeltwhitehat.com\/en\/?s={search_term_string}"},"query-input":{"@type":"PropertyValueSpecification","valueRequired":true,"valueName":"search_term_string"}}],"inLanguage":"pt-PT"},{"@type":"Organization","@id":"https:\/\/blackbeltwhitehat.com\/en\/#organization","name":"Blog de Fitness e MMA - BlackBeltWhiteHat.com","url":"https:\/\/blackbeltwhitehat.com\/en\/","logo":{"@type":"ImageObject","inLanguage":"pt-PT","@id":"https:\/\/blackbeltwhitehat.com\/en\/#\/schema\/logo\/image\/","url":"https:\/\/blackbeltwhitehat.com\/wp-content\/uploads\/2019\/06\/cropped-mmabloglogodis-copy.png","contentUrl":"https:\/\/blackbeltwhitehat.com\/wp-content\/uploads\/2019\/06\/cropped-mmabloglogodis-copy.png","width":352,"height":352,"caption":"Fitness & MMA Blog - BlackBeltWhiteHat.com"},"image":{"@id":"https:\/\/blackbeltwhitehat.com\/en\/#\/schema\/logo\/image\/"},"sameAs":["https:\/\/www.facebook.com\/BlackBeltWhiteHat\/","https:\/\/x.com\/MMATraining1980"]}]}},"jetpack_likes_enabled":true,"jetpack_sharing_enabled":true,"jetpack_shortlink":"https:\/\/wp.me\/P2Sx3t-uI","jetpack-related-posts":[{"id":4752,"url":"https:\/\/blackbeltwhitehat.com\/pt\/diretorio-de-tecnicas\/luta-agarrada-por-submissao-jiu-jitsu\/passagem-de-guarda-aberta\/","url_meta":{"origin":1904,"position":0},"title":"Passagem de guarda aberta","author":"Dave","date":"Maio 23, 2016","format":false,"excerpt":"Open guard passing is a massive part of Sport Brazilian Jiu Jitsu (BJJ). I can look a bit weird to the non-enthusiast. The idea is to pass from standing\/kneeling in front of your opponent, to a position 'past' their legs - side control, mount or scarf hold. Here is a\u2026","rel":"","context":"Similar post","block_context":{"text":"Similar post","link":""},"img":{"alt_text":"","src":"https:\/\/i0.wp.com\/img.youtube.com\/vi\/viI-EQyOAdI\/0.jpg?resize=350%2C200","width":350,"height":200},"classes":[]},{"id":1694,"url":"https:\/\/blackbeltwhitehat.com\/pt\/artigos-de-mma\/outro\/primeira-competicao-de-jiu-jitsu\/","url_meta":{"origin":1904,"position":1},"title":"Primeira competi\u00e7\u00e3o de Jiu-Jitsu Brasileiro","author":"Dave","date":"Junho 4, 2014","format":false,"excerpt":"Tips on entering your first Brazilian Jiu Jitsu Competition \u00a0 \u00a0 Doing your first BJJ competition is pretty nerve-racking. For most people anyway. My advice - \"don't sweat it\" (sorry to use an Americanism). It's no big deal, 90% of people wouldn't have the bottle to do it; and once\u2026","rel":"","context":"Similar post","block_context":{"text":"Similar post","link":""},"img":{"alt_text":"IPC Wrexham","src":"https:\/\/i0.wp.com\/blackbeltwhitehat.com\/wp-content\/uploads\/2013\/11\/bjjblackpool.jpg?resize=350%2C200","width":350,"height":200,"srcset":"https:\/\/i0.wp.com\/blackbeltwhitehat.com\/wp-content\/uploads\/2013\/11\/bjjblackpool.jpg?resize=350%2C200 1x, https:\/\/i0.wp.com\/blackbeltwhitehat.com\/wp-content\/uploads\/2013\/11\/bjjblackpool.jpg?resize=525%2C300 1.5x"},"classes":[]},{"id":4521,"url":"https:\/\/blackbeltwhitehat.com\/pt\/diretorio-de-tecnicas\/","url_meta":{"origin":1904,"position":2},"title":"T\u00e9cnicas","author":"Dave","date":"Maio 13, 2016","format":false,"excerpt":"New to MMA, martial arts, boxing, wrestling or BJJ? Take a look at our comprehensive list of fundamental techniques that cover striking - from boxing and Thai boxing, stand-up grappling\u00a0techniques & takedowns from wrestling and judo and BJJ\/submission grappling. Striking refers to kicking, punching, kneeing etc. Grappling is composed of\u2026","rel":"","context":"Similar post","block_context":{"text":"Similar post","link":""},"img":{"alt_text":"","src":"","width":0,"height":0},"classes":[]},{"id":8686,"url":"https:\/\/blackbeltwhitehat.com\/pt\/diretorio-de-tecnicas\/luta-agarrada-por-submissao-jiu-jitsu\/tecnica-de-preparacao-da-guilhotina\/","url_meta":{"origin":1904,"position":3},"title":"Montagem e t\u00e9cnica da guilhotina","author":"Dave","date":"Novembro 14, 2017","format":false,"excerpt":"The guillotine choke is one of the most practical and common submissions seen in both MMA and Jiu Jitsu. Once you have an effective guillotine, you literally base your whole ground game around it. It resembles a meathead front headlock, but done correctly is actually extremely technical to apply and\u2026","rel":"","context":"Similar post","block_context":{"text":"Similar post","link":""},"img":{"alt_text":"","src":"https:\/\/i0.wp.com\/blackbeltwhitehat.com\/wp-content\/uploads\/2023\/01\/image-8.png?resize=350%2C200&ssl=1","width":350,"height":200},"classes":[]},{"id":2335,"url":"https:\/\/blackbeltwhitehat.com\/pt\/artigos-de-mma\/tecnica\/truques-de-jiu-jitsu\/","url_meta":{"origin":1904,"position":4},"title":"Dicas de Jiu-Jitsu para Iniciantes","author":"Dave","date":"Novembro 23, 2014","format":false,"excerpt":"BJJ Hacks & Tips for Beginners How I got very average at Jiu Jitsu I'll get some more videos uploaded soon... BJJ Strength & Conditioning for Beginners Technique is more important than strength & fitness but...having very explosive hips will make your escapes from bottom, so much easier! Do some\u2026","rel":"","context":"Similar post","block_context":{"text":"Similar post","link":""},"img":{"alt_text":"","src":"https:\/\/i0.wp.com\/img.youtube.com\/vi\/oGZcBf8KlK8\/0.jpg?resize=350%2C200","width":350,"height":200},"classes":[]},{"id":70,"url":"https:\/\/blackbeltwhitehat.com\/pt\/","url_meta":{"origin":1904,"position":5},"title":"Lar","author":"Dave","date":"Dezembro 14, 2012","format":false,"excerpt":"Welcome to my Fitness Blog & MMA Blog.\u00a0It's basically a mash-up of all things I'm interested in. I am a former MMA fighter and kickboxer. I have a first class Degree in Sport Science from Loughborough University and a Master's degree in Exercise & Nutrition. I also run my own\u2026","rel":"","context":"Similar post","block_context":{"text":"Similar post","link":""},"img":{"alt_text":"mma blog","src":"https:\/\/i0.wp.com\/blackbeltwhitehat.com\/wp-content\/uploads\/2026\/04\/Gemini_Generated_Image_l6p36ml6p36ml6p3.png?fit=1200%2C545&ssl=1&resize=350%2C200","width":350,"height":200,"srcset":"https:\/\/i0.wp.com\/blackbeltwhitehat.com\/wp-content\/uploads\/2026\/04\/Gemini_Generated_Image_l6p36ml6p36ml6p3.png?fit=1200%2C545&ssl=1&resize=350%2C200 1x, https:\/\/i0.wp.com\/blackbeltwhitehat.com\/wp-content\/uploads\/2026\/04\/Gemini_Generated_Image_l6p36ml6p36ml6p3.png?fit=1200%2C545&ssl=1&resize=525%2C300 1.5x, https:\/\/i0.wp.com\/blackbeltwhitehat.com\/wp-content\/uploads\/2026\/04\/Gemini_Generated_Image_l6p36ml6p36ml6p3.png?fit=1200%2C545&ssl=1&resize=700%2C400 2x, https:\/\/i0.wp.com\/blackbeltwhitehat.com\/wp-content\/uploads\/2026\/04\/Gemini_Generated_Image_l6p36ml6p36ml6p3.png?fit=1200%2C545&ssl=1&resize=1050%2C600 3x"},"classes":[]}],"_links":{"self":[{"href":"https:\/\/blackbeltwhitehat.com\/pt\/wp-json\/wp\/v2\/pages\/1904","targetHints":{"allow":["GET"]}}],"collection":[{"href":"https:\/\/blackbeltwhitehat.com\/pt\/wp-json\/wp\/v2\/pages"}],"about":[{"href":"https:\/\/blackbeltwhitehat.com\/pt\/wp-json\/wp\/v2\/types\/page"}],"author":[{"embeddable":true,"href":"https:\/\/blackbeltwhitehat.com\/pt\/wp-json\/wp\/v2\/users\/41980142"}],"replies":[{"embeddable":true,"href":"https:\/\/blackbeltwhitehat.com\/pt\/wp-json\/wp\/v2\/comments?post=1904"}],"version-history":[{"count":10,"href":"https:\/\/blackbeltwhitehat.com\/pt\/wp-json\/wp\/v2\/pages\/1904\/revisions"}],"predecessor-version":[{"id":4988,"href":"https:\/\/blackbeltwhitehat.com\/pt\/wp-json\/wp\/v2\/pages\/1904\/revisions\/4988"}],"up":[{"embeddable":true,"href":"https:\/\/blackbeltwhitehat.com\/pt\/wp-json\/wp\/v2\/pages\/494"}],"wp:attachment":[{"href":"https:\/\/blackbeltwhitehat.com\/pt\/wp-json\/wp\/v2\/media?parent=1904"}],"curies":[{"name":"wp","href":"https:\/\/api.w.org\/{rel}","templated":true}]}}