{"id":251,"date":"2013-03-06T21:35:42","date_gmt":"2013-03-06T21:35:42","guid":{"rendered":"http:\/\/blackbeltwhitehat.com\/?page_id=251"},"modified":"2019-06-12T12:29:43","modified_gmt":"2019-06-12T12:29:43","slug":"artigos-de-mma","status":"publish","type":"page","link":"https:\/\/blackbeltwhitehat.com\/pt\/artigos-de-mma\/","title":{"rendered":"MMA"},"content":{"rendered":"<p>Uma s\u00e9rie de artigos sobre MMA abordando<\/p>\n<p><a href=\"http:\/\/blackbeltwhitehat.com\/pt\/mma\/condicionamento-de-mma\/\">Prepara\u00e7\u00e3o f\u00edsica e treinamento de for\u00e7a para MMA<\/a><\/p>\n<p><a href=\"https:\/\/blackbeltwhitehat.com\/pt\/mma\/nutricao\/\">Nutri\u00e7\u00e3o para MMA<\/a><\/p>\n<p><a href=\"https:\/\/blackbeltwhitehat.com\/pt\/mma\/tecnica\/\">T\u00e9cnicas de MMA<\/a><\/p>\n<p>&nbsp;<\/p>\n<hr \/>\n<p>&nbsp;<\/p>\n<p>Clique <a href=\"http:\/\/blackbeltwhitehat.com\/pt\/categoria\/mma\/\">Veja aqui todas as postagens do blog relacionadas ao MMA.<\/a><\/p>\n<p>Clique aqui para ver <a href=\"http:\/\/blackbeltwhitehat.com\/pt\/mma\/condicionamento-de-mma\/os-10-melhores-exercicios-para-mma\/\">Artigos de treinamento de MMA<\/a><\/p>\n<p>Escritos em um formato conciso e f\u00e1cil de entender, eles definitivamente valem a leitura para qualquer f\u00e3 de MMA.<\/p>\n<p>Os artigos mais populares nesta se\u00e7\u00e3o do blog incluem:<\/p>\n<p><a href=\"https:\/\/blackbeltwhitehat.com\/pt\/mma\/tecnica\/como-executar-um-chute-giratorio\/\">Como executar um chute girat\u00f3rio<\/a><\/p>\n<p>&nbsp;<\/p>\n<hr \/>\n<h1 class=\"entry-title\">Artigos sobre nutri\u00e7\u00e3o em MMA<\/h1>\n<div class=\"entry-content\">\n<hr \/>\n<h2><\/h2>\n<h2>Artigos sobre nutri\u00e7\u00e3o em MMA<\/h2>\n<p><a href=\"https:\/\/blackbeltwhitehat.com\/pt\/mma\/nutricao\/protocolo-definitivo-de-recuperacao-de-mma\/\">Recupera\u00e7\u00e3o de MMA<\/a><\/p>\n<p><a href=\"https:\/\/blackbeltwhitehat.com\/pt\/mma\/nutricao\/de-a-a-z-vitaminas-e-minerais\/\">O guia completo de vitaminas e minerais.<\/a><\/p>\n<p><a href=\"https:\/\/blackbeltwhitehat.com\/pt\/mma\/nutricao\/carboidratos-no-exercicio\/\">Carboidratos e MMA<\/a><\/p>\n<p><a href=\"https:\/\/blackbeltwhitehat.com\/pt\/mma\/nutricao\/aminoacidos-essenciais\/\">Quais s\u00e3o os amino\u00e1cidos essenciais?<\/a><\/p>\n<p><a href=\"https:\/\/blackbeltwhitehat.com\/pt\/mma\/nutricao\/como-perder-peso\/\">Como perder peso<\/a><\/p>\n<p><a href=\"https:\/\/blackbeltwhitehat.com\/pt\/mma\/nutricao\/dieta-paleo\/\">Dieta Paleo para MMA<\/a><\/p>\n<p><a href=\"https:\/\/blackbeltwhitehat.com\/pt\/mma\/nutricao\/cancer-de-prostata-e-dieta\/\">No\u00e7\u00f5es b\u00e1sicas de nutri\u00e7\u00e3o esportiva<\/a><\/p>\n<p><a href=\"https:\/\/blackbeltwhitehat.com\/pt\/2015\/09\/11\/potencial-uso-de-ervas-na-nutricao-esportiva\/\">Ervas para MMA e Esporte<\/a><\/p>\n<p><a href=\"https:\/\/blackbeltwhitehat.com\/pt\/analises-de-suplementos\/proteina-de-soro-de-leite\/\" target=\"_blank\" rel=\"noopener\">Vis\u00e3o geral da prote\u00edna whey<\/a><\/p>\n<p><a href=\"https:\/\/blackbeltwhitehat.com\/pt\/2017\/10\/29\/cetose-direcionada-para-mma\/\">Dieta cetog\u00eanica e MMA<\/a><\/p>\n<p><a href=\"https:\/\/blackbeltwhitehat.com\/pt\/artigos-de-mma\/dieta-mma-nutricao-mma\/\">Nutri\u00e7\u00e3o no MMA \u2013 Um Guia Definitivo\u00a0<\/a><\/p>\n<hr \/>\n<h2><\/h2>\n<h2>Suplementos para MMA<\/h2>\n<p><a href=\"https:\/\/blackbeltwhitehat.com\/pt\/mma\/nutricao\/beta-alanina-para-mma\/\">Beta Alanina<\/a><\/p>\n<p><a href=\"https:\/\/blackbeltwhitehat.com\/pt\/mma\/nutricao\/analise-do-vinagre-de-maca-bragg-2\/\">An\u00e1lise do Vinagre de Ma\u00e7\u00e3<\/a><\/p>\n<p><a href=\"https:\/\/blackbeltwhitehat.com\/pt\/mma\/nutricao\/creatina-uma-visao-geral\/\">Creatina para MMA<\/a><\/p>\n<p><a href=\"https:\/\/blackbeltwhitehat.com\/pt\/mma\/nutricao\/os-5-melhores-suplementos-para-mma\/\">Os 5 melhores suplementos para MMA<\/a><\/p>\n<p>&nbsp;<\/p>\n<hr \/>\n<h2><\/h2>\n<h2>Artigos gerais sobre nutri\u00e7\u00e3o<\/h2>\n<p><a href=\"https:\/\/blackbeltwhitehat.com\/pt\/mma\/nutricao\/cancer-de-prostata-e-dieta\/\">Dieta e c\u00e2ncer de pr\u00f3stata<\/a><\/p>\n<p>&nbsp;<\/p>\n<p>&nbsp;<\/p>\n<hr \/>\n<h1>T\u00e9cnicas de MMA<\/h1>\n<\/div>\n<hr \/>\n<h2><\/h2>\n<h2>MMA e Jiu-Jitsu Brasileiro<\/h2>\n<p><a href=\"https:\/\/blackbeltwhitehat.com\/pt\/mma\/tecnica\/jiu-jitsu-para-iniciantes\/\">T\u00e9cnicas de Jiu-Jitsu Brasileiro para Iniciantes<\/a><\/p>\n<p><a href=\"https:\/\/blackbeltwhitehat.com\/pt\/mma\/tecnica\/truques-de-jiu-jitsu\/\">Dicas de Jiu-Jitsu<\/a><\/p>\n<p><a href=\"https:\/\/blackbeltwhitehat.com\/pt\/mma\/tecnica\/derrubadas-do-jiu-jitsu\/\">Quedas no Jiu-Jitsu<\/a><\/p>\n<p><a href=\"https:\/\/blackbeltwhitehat.com\/pt\/mma\/tecnica\/minhas-quedas-favoritas-para-kimono\/\">Quedas com kimono no Jiu-Jitsu Brasileiro<\/a><\/p>\n<p><a href=\"https:\/\/blackbeltwhitehat.com\/pt\/mma\/tecnica\/exercicios-individuais\/\">Treinos individuais para MMA e Jiu-Jitsu.<\/a><\/p>\n<hr \/>\n<h2>T\u00e9cnicas de luta livre<\/h2>\n<p><a href=\"https:\/\/blackbeltwhitehat.com\/pt\/mma\/tecnica\/perna-dupla\/\">Finalizando uma queda de duas pernas<\/a><\/p>\n<p>&nbsp;<\/p>\n<hr \/>\n<h2>T\u00e9cnicas de boxe tailand\u00eas \/ Muay Thai<\/h2>\n<p><a href=\"https:\/\/blackbeltwhitehat.com\/pt\/mma\/tecnica\/como-executar-um-chute-giratorio\/\">Como executar um chute circular no boxe tailand\u00eas<\/a><\/p>\n<p>&nbsp;<\/p>\n<hr \/>\n<h2>T\u00e9cnicas de boxe<\/h2>\n<p><a href=\"https:\/\/blackbeltwhitehat.com\/pt\/mma\/tecnica\/combinacoes-de-boxe\/\">Combina\u00e7\u00f5es de boxe<\/a><\/p>\n<p><a href=\"https:\/\/blackbeltwhitehat.com\/pt\/mma\/tecnica\/como-desenvolver-um-soco-poderoso\/\">Aumentando a pot\u00eancia dos socos<\/a><\/p>\n<p><a href=\"https:\/\/blackbeltwhitehat.com\/pt\/mma\/tecnica\/mao-esquerda-de-johnny-hendricks\/\">Gancho de esquerda de Johnny Hendricks<\/a><\/p>\n<p>&nbsp;<\/p>\n<hr \/>\n<h2>Outros estilos de luta<\/h2>\n<p><a href=\"https:\/\/blackbeltwhitehat.com\/pt\/mma\/tecnica\/tecnica-de-luta-livre-com-pegada-nas-costas\/\">T\u00e9cnicas de luta com pegada nas costas<\/a><\/p>\n<p>&nbsp;<\/p>\n<hr \/>\n<h2>T\u00e1ticas e T\u00e9cnicas<\/h2>\n<p><a href=\"https:\/\/blackbeltwhitehat.com\/pt\/mma\/tecnica\/jon-jones-como-derrotar-o-campeao-do-ufc\/\">Como derrotar Jon Jones<\/a><\/p>\n<p><a href=\"https:\/\/blackbeltwhitehat.com\/pt\/mma\/tecnica\/analise-de-caca-ao-alvo\/\">An\u00e1lise do estilo de luta de Mark Hunt<\/a><\/p>\n<p><a href=\"https:\/\/blackbeltwhitehat.com\/pt\/mma\/tecnica\/lutar-contra-um-cara-ou-oponente-maior\/\">Lutando contra um cara maior<\/a><\/p>\n<p><a title=\"Lutar contra um oponente mais alto no Muay Thai\/MMA\" href=\"https:\/\/blackbeltwhitehat.com\/pt\/mma\/tecnica\/lutando-contra-um-oponente-mais-alto\/\"><strong>Enfrentando um oponente mais alto<\/strong><\/a><\/p>\n<p><a href=\"https:\/\/blackbeltwhitehat.com\/pt\/mma\/tecnica\/autodefesa-para-mulheres\/\">Defesa pessoal para mulheres<\/a><\/p>\n<p>&nbsp;<\/p>\n<p>&nbsp;<\/p>\n<hr \/>\n<h1>Outros artigos sobre MMA<\/h1>\n<hr \/>\n<h2><\/h2>\n<h2>Artigos relacionados ao Jiu-Jitsu Brasileiro<\/h2>\n<p><a href=\"https:\/\/blackbeltwhitehat.com\/pt\/mma\/outro\/primeira-competicao-de-jiu-jitsu\/\">Participando da sua primeira competi\u00e7\u00e3o de Jiu-Jitsu.<\/a><\/p>\n<p><a href=\"https:\/\/blackbeltwhitehat.com\/pt\/mma\/outro\/agarrar-e-puxar-bjj-aberto-blackpool-2013\/\">Grab &amp; Pull BJJ Blackpool Open<\/a><\/p>\n<p><a href=\"https:\/\/blackbeltwhitehat.com\/pt\/mma\/outro\/o-jiu-jitsu-brasileiro-e-uma-seita\/\">O Jiu-Jitsu Brasileiro \u00e9 uma seita?<\/a><\/p>\n<p>&nbsp;<\/p>\n<hr \/>\n<h2>Artigos engra\u00e7ados<\/h2>\n<p><a href=\"https:\/\/blackbeltwhitehat.com\/pt\/mma\/outro\/idiotas-de-academia\/\">Babacas de academia<\/a><\/p>\n<p>&nbsp;<\/p>\n<hr \/>\n<h2>Artigos sobre luta livre<\/h2>\n<p><a href=\"https:\/\/blackbeltwhitehat.com\/pt\/mma\/outro\/luta-de-costas-das-terras-altas\/\">Luta Livre nos Jogos das Terras Altas<\/a><\/p>\n<p>&nbsp;<\/p>\n<hr \/>\n<h2>Artigos relacionados ao MMA<\/h2>\n<p><a href=\"https:\/\/blackbeltwhitehat.com\/pt\/mma\/outro\/mma-e-uma-ma-influencia-para-a-sociedade\/\">O MMA \u00e9 ruim?<\/a><\/p>\n<p>&nbsp;<\/p>\n<hr \/>\n<h2>Artigos aleat\u00f3rios sobre MMA e artes marciais<\/h2>\n<p><a href=\"https:\/\/blackbeltwhitehat.com\/pt\/mma\/outro\/nzt-48\/\">Concuss\u00e3o no MMA<\/a><\/p>\n<p><a href=\"https:\/\/blackbeltwhitehat.com\/pt\/mma\/outro\/artes-marciais-para-criancas\/\">Artes marciais para crian\u00e7as<\/a><\/p>\n<p><a href=\"https:\/\/blackbeltwhitehat.com\/pt\/mma\/outro\/como-o-capitalismo-dos-emprestimos-de-curto-prazo-arruinou-tudo\/\">Ind\u00fastria de Dinheiro e Fitness<\/a><\/p>\n<p><a href=\"https:\/\/blackbeltwhitehat.com\/pt\/mma\/outro\/por-que-a-industria-fitness-esta-repleta-de-capacetes\/\">Babacas da Ind\u00fastria Fitness<\/a><\/p>\n<p>&nbsp;<\/p>\n<hr \/>\n<h2>Outros esportes<\/h2>\n<p><a href=\"https:\/\/blackbeltwhitehat.com\/pt\/mma\/outro\/nutricao-e-condicionamento-fisico-no-futebol\/\">Testes de aptid\u00e3o f\u00edsica no futebol<\/a><\/p>\n<p>&nbsp;<\/p>\n<hr \/>\n<h3><\/h3>\n<h3><\/h3>\n<h3><\/h3>\n<h3><\/h3>\n<h3 style=\"text-align:center;\"><strong>MMA \u00e9 a abrevia\u00e7\u00e3o de Artes Marciais Mistas.<\/strong><\/h3>\n<p>Para o brutamontes e o f\u00e3 de sof\u00e1, o MMA \u00e9 um esporte violento que chama a aten\u00e7\u00e3o pela possibilidade de um nocaute brutal, uma finaliza\u00e7\u00e3o que quebra ossos ou um estrangulamento que tira a consci\u00eancia.<\/p>\n<p>Para outros, o MMA \u00e9 um estilo de vida. Como o esporte est\u00e1 em constante evolu\u00e7\u00e3o, os praticantes devem ser aprendizes ao longo da vida, buscando se aprimorar tanto mental quanto fisicamente para se tornarem os melhores atletas, lutadores e pessoas poss\u00edveis.<\/p>\n<p>Existem v\u00e1rias abordagens poss\u00edveis para o esporte. Como competidor, voc\u00ea pode fazer tatuagens gen\u00e9ricas, usar esteroides e dizer aos seus amigos que \u00e9 um lutador de MMA. Outros buscam praticar o esporte. <a href=\"https:\/\/blackbeltwhitehat.com\/pt\/2018\/06\/22\/resumo-de-o-livro-dos-cinco-aneis\/pagina-de-comentarios-1\/\" target=\"_blank\" rel=\"noopener\">filosofia de Miyamoto Musashi<\/a> E aprenda a lutar para que voc\u00ea n\u00e3o precise lutar (fora do ringue\/gaiola, claro). Embora, para ser justo, Musashi n\u00e3o tenha exatamente conseguido n\u00e3o lutar \u2013 leia o Livro dos Cinco An\u00e9is para saber mais.<\/p>\n<p>Assim como no xadrez, o MMA, em sua melhor forma, \u00e9 tanto t\u00e9cnico quanto t\u00e1tico. Toda t\u00e9cnica tem uma contra-estrat\u00e9gia, toda contra-estrat\u00e9gia tem uma poss\u00edvel contra-estrat\u00e9gia e toda t\u00e9cnica pode ser escondida, disfar\u00e7ada ou driblada. Al\u00e9m disso, praticamente toda t\u00e9cnica pode ser superada com pura for\u00e7a e habilidade atl\u00e9tica, mas tamb\u00e9m pode ser contra-atacada com t\u00e9cnica refinada e precisa.<\/p>\n<p>Os melhores lutadores s\u00e3o disciplinados mentalmente e est\u00e3o em excelente forma f\u00edsica, com condicionamento cardiovascular, resist\u00eancia muscular e pot\u00eancia explosiva sendo extremamente importantes e, muitas vezes, o diferencial entre a vit\u00f3ria e a derrota. Em sua pior forma, o esporte se resume a dois marginais trocando socos aleat\u00f3rios; em sua melhor forma, s\u00e3o dois combatentes honrados e altamente treinados colocando suas habilidades \u00e0 prova para ver quem \u00e9 o melhor naquele dia.<\/p>\n<p>Ame-o ou odeie-o, o esporte cresceu exponencialmente desde sua cria\u00e7\u00e3o na d\u00e9cada de 1990. Leia meu blog para se manter atualizado sobre t\u00e9cnicas, t\u00e1ticas e filosofias baseadas em artes marciais.<\/p>\n<hr \/>\n<p>&nbsp;<\/p>\n<p><img data-recalc-dims=\"1\" loading=\"lazy\" decoding=\"async\" data-attachment-id=\"9308\" data-permalink=\"https:\/\/blackbeltwhitehat.com\/pt\/artigos-de-mma\/mma_whatis\/\" data-orig-file=\"https:\/\/i0.wp.com\/blackbeltwhitehat.com\/wp-content\/uploads\/2018\/09\/mma_whatis.jpg?fit=763%2C567&amp;ssl=1\" data-orig-size=\"763,567\" data-comments-opened=\"1\" data-image-meta=\"{&quot;aperture&quot;:&quot;0&quot;,&quot;credit&quot;:&quot;Andrew Campbell-Griffiths&quot;,&quot;camera&quot;:&quot;&quot;,&quot;caption&quot;:&quot;&quot;,&quot;created_timestamp&quot;:&quot;1536855179&quot;,&quot;copyright&quot;:&quot;&quot;,&quot;focal_length&quot;:&quot;0&quot;,&quot;iso&quot;:&quot;0&quot;,&quot;shutter_speed&quot;:&quot;0&quot;,&quot;title&quot;:&quot;&quot;,&quot;orientation&quot;:&quot;0&quot;}\" data-image-title=\"MMA_whatis\" data-image-description=\"\" data-image-caption=\"\" data-large-file=\"https:\/\/i0.wp.com\/blackbeltwhitehat.com\/wp-content\/uploads\/2018\/09\/mma_whatis.jpg?fit=763%2C567&amp;ssl=1\" class=\"alignnone size-full wp-image-9308\" src=\"https:\/\/i0.wp.com\/blackbeltwhitehat.com\/wp-content\/uploads\/2018\/09\/mma_whatis.jpg?resize=763%2C567&#038;ssl=1\" alt=\"O que \u00e9 MMA?\" width=\"763\" height=\"567\" \/><\/p>\n<p>Agradecemos a JC pela explica\u00e7\u00e3o acima.<\/p>\n<p>&nbsp;<\/p>\n<hr \/>\n<p>&nbsp;<\/p>\n<p>Por favor, enviem-me suas pr\u00f3prias defini\u00e7\u00f5es de MMA e terei prazer em public\u00e1-las!<\/p>","protected":false},"excerpt":{"rendered":"<p>A range of MMA articles looking at MMA Strength &amp; Conditioning MMA Nutrition MMA Techniques &nbsp; &nbsp; Click here to see all MMA Related Blog Posts Click here to see MMA training articles Written in a concise and easy to understand format, they&#8217;re definitely worth a read for any MMA fan. The most popular articles [&hellip;]<\/p>\n","protected":false},"author":41980142,"featured_media":0,"parent":0,"menu_order":3,"comment_status":"open","ping_status":"open","template":"","meta":{"_coblocks_attr":"","_coblocks_dimensions":"","_coblocks_responsive_height":"","_coblocks_accordion_ie_support":"","_crdt_document":"","footnotes":""},"class_list":["post-251","page","type-page","status-publish","hentry"],"yoast_head":"<!-- This site is optimized with the Yoast SEO plugin v27.4 - https:\/\/yoast.com\/product\/yoast-seo-wordpress\/ -->\n<title>MMA - Fitness &amp; MMA Blog - BlackBeltWhiteHat.com<\/title>\n<meta name=\"robots\" content=\"index, follow, max-snippet:-1, max-image-preview:large, max-video-preview:-1\" \/>\n<link rel=\"canonical\" href=\"https:\/\/blackbeltwhitehat.com\/pt\/artigos-de-mma\/\" \/>\n<meta property=\"og:locale\" content=\"pt_PT\" \/>\n<meta property=\"og:type\" content=\"article\" \/>\n<meta property=\"og:title\" content=\"MMA - Fitness &amp; MMA Blog - BlackBeltWhiteHat.com\" \/>\n<meta property=\"og:description\" content=\"A range of MMA articles looking at MMA Strength &amp; Conditioning MMA Nutrition MMA Techniques &nbsp; &nbsp; Click here to see all MMA Related Blog Posts Click here to see MMA training articles Written in a concise and easy to understand format, they&#8217;re definitely worth a read for any MMA fan. The most popular articles [&hellip;]\" \/>\n<meta property=\"og:url\" content=\"https:\/\/blackbeltwhitehat.com\/pt\/artigos-de-mma\/\" \/>\n<meta property=\"og:site_name\" content=\"Fitness &amp; MMA Blog - BlackBeltWhiteHat.com\" \/>\n<meta property=\"article:publisher\" content=\"https:\/\/www.facebook.com\/BlackBeltWhiteHat\/\" \/>\n<meta property=\"article:modified_time\" content=\"2019-06-12T12:29:43+00:00\" \/>\n<meta property=\"og:image\" content=\"https:\/\/blackbeltwhitehat.com\/wp-content\/uploads\/2018\/09\/mma_whatis.jpg\" \/>\n<meta name=\"twitter:card\" content=\"summary_large_image\" \/>\n<meta name=\"twitter:site\" content=\"@MMATraining1980\" \/>\n<meta name=\"twitter:label1\" content=\"Tempo estimado de leitura\" \/>\n\t<meta name=\"twitter:data1\" content=\"3 minutos\" \/>\n<!-- \/ Yoast SEO plugin. -->","yoast_head_json":{"title":"MMA - Blog de Fitness e MMA - BlackBeltWhiteHat.com","robots":{"index":"index","follow":"follow","max-snippet":"max-snippet:-1","max-image-preview":"max-image-preview:large","max-video-preview":"max-video-preview:-1"},"canonical":"https:\/\/blackbeltwhitehat.com\/pt\/artigos-de-mma\/","og_locale":"pt_PT","og_type":"article","og_title":"MMA - Fitness &amp; MMA Blog - BlackBeltWhiteHat.com","og_description":"A range of MMA articles looking at MMA Strength &amp; Conditioning MMA Nutrition MMA Techniques &nbsp; &nbsp; Click here to see all MMA Related Blog Posts Click here to see MMA training articles Written in a concise and easy to understand format, they&#8217;re definitely worth a read for any MMA fan. The most popular articles [&hellip;]","og_url":"https:\/\/blackbeltwhitehat.com\/pt\/artigos-de-mma\/","og_site_name":"Fitness &amp; MMA Blog - BlackBeltWhiteHat.com","article_publisher":"https:\/\/www.facebook.com\/BlackBeltWhiteHat\/","article_modified_time":"2019-06-12T12:29:43+00:00","og_image":[{"url":"https:\/\/blackbeltwhitehat.com\/wp-content\/uploads\/2018\/09\/mma_whatis.jpg","type":"","width":"","height":""}],"twitter_card":"summary_large_image","twitter_site":"@MMATraining1980","twitter_misc":{"Tempo estimado de leitura":"3 minutos"},"schema":{"@context":"https:\/\/schema.org","@graph":[{"@type":"WebPage","@id":"https:\/\/blackbeltwhitehat.com\/mma-articles\/","url":"https:\/\/blackbeltwhitehat.com\/mma-articles\/","name":"MMA - Blog de Fitness e MMA - BlackBeltWhiteHat.com","isPartOf":{"@id":"https:\/\/blackbeltwhitehat.com\/en\/#website"},"primaryImageOfPage":{"@id":"https:\/\/blackbeltwhitehat.com\/mma-articles\/#primaryimage"},"image":{"@id":"https:\/\/blackbeltwhitehat.com\/mma-articles\/#primaryimage"},"thumbnailUrl":"https:\/\/blackbeltwhitehat.com\/wp-content\/uploads\/2018\/09\/mma_whatis.jpg","datePublished":"2013-03-06T21:35:42+00:00","dateModified":"2019-06-12T12:29:43+00:00","breadcrumb":{"@id":"https:\/\/blackbeltwhitehat.com\/mma-articles\/#breadcrumb"},"inLanguage":"pt-PT","potentialAction":[{"@type":"ReadAction","target":["https:\/\/blackbeltwhitehat.com\/mma-articles\/"]}]},{"@type":"ImageObject","inLanguage":"pt-PT","@id":"https:\/\/blackbeltwhitehat.com\/mma-articles\/#primaryimage","url":"https:\/\/blackbeltwhitehat.com\/wp-content\/uploads\/2018\/09\/mma_whatis.jpg","contentUrl":"https:\/\/blackbeltwhitehat.com\/wp-content\/uploads\/2018\/09\/mma_whatis.jpg"},{"@type":"BreadcrumbList","@id":"https:\/\/blackbeltwhitehat.com\/mma-articles\/#breadcrumb","itemListElement":[{"@type":"ListItem","position":1,"name":"Home","item":"https:\/\/blackbeltwhitehat.com\/"},{"@type":"ListItem","position":2,"name":"MMA"}]},{"@type":"WebSite","@id":"https:\/\/blackbeltwhitehat.com\/en\/#website","url":"https:\/\/blackbeltwhitehat.com\/en\/","name":"Blog de Fitness e MMA - BlackBeltWhiteHat.com","description":"Blog de fitness, MMA e nutri\u00e7\u00e3o do Reino Unido","publisher":{"@id":"https:\/\/blackbeltwhitehat.com\/en\/#organization"},"potentialAction":[{"@type":"SearchAction","target":{"@type":"EntryPoint","urlTemplate":"https:\/\/blackbeltwhitehat.com\/en\/?s={search_term_string}"},"query-input":{"@type":"PropertyValueSpecification","valueRequired":true,"valueName":"search_term_string"}}],"inLanguage":"pt-PT"},{"@type":"Organization","@id":"https:\/\/blackbeltwhitehat.com\/en\/#organization","name":"Blog de Fitness e MMA - BlackBeltWhiteHat.com","url":"https:\/\/blackbeltwhitehat.com\/en\/","logo":{"@type":"ImageObject","inLanguage":"pt-PT","@id":"https:\/\/blackbeltwhitehat.com\/en\/#\/schema\/logo\/image\/","url":"https:\/\/blackbeltwhitehat.com\/wp-content\/uploads\/2019\/06\/cropped-mmabloglogodis-copy.png","contentUrl":"https:\/\/blackbeltwhitehat.com\/wp-content\/uploads\/2019\/06\/cropped-mmabloglogodis-copy.png","width":352,"height":352,"caption":"Fitness & MMA Blog - BlackBeltWhiteHat.com"},"image":{"@id":"https:\/\/blackbeltwhitehat.com\/en\/#\/schema\/logo\/image\/"},"sameAs":["https:\/\/www.facebook.com\/BlackBeltWhiteHat\/","https:\/\/x.com\/MMATraining1980"]}]}},"jetpack_likes_enabled":true,"jetpack_sharing_enabled":true,"jetpack_shortlink":"https:\/\/wp.me\/P2Sx3t-43","jetpack-related-posts":[{"id":412,"url":"https:\/\/blackbeltwhitehat.com\/pt\/artigos-de-mma\/nutricao\/","url_meta":{"origin":251,"position":0},"title":"Nutri\u00e7\u00e3o","author":"Dave","date":"Abril 16, 2013","format":false,"excerpt":"MMA Nutrition Tips All things MMA Nutrition related, including this free ebook. \u00a0 MMA Nutrition Articles MMA Recovery The A to Z of Vitamins & Minerals Carbohydrates & MMA What are the Essential Amino Acids? How to Lose Weight Paleo Diet for MMA Paleo Diet for Beginners Herbs for MMA\u2026","rel":"","context":"Similar post","block_context":{"text":"Similar post","link":""},"img":{"alt_text":"","src":"","width":0,"height":0},"classes":[]},{"id":3706,"url":"https:\/\/blackbeltwhitehat.com\/pt\/artigos-de-mma\/livro-gratuito-de-nutricao-para-mma\/","url_meta":{"origin":251,"position":1},"title":"Livro gratuito em PDF sobre nutri\u00e7\u00e3o esportiva para MMA","author":"Dave","date":"Fevereiro 18, 2016","format":false,"excerpt":"\u00a0 \u00a0 Free MMA Nutrition & Diet Book on PDF \u00a0 Click here or the image below to download the Free MMA Nutrition 58 page ebook: \u00a0 Click here to download the Word Doc version of the eBook \u00a0 \u00a0 Buy the full book on Kindle for \u00a31.99 by clicking\u2026","rel":"","context":"Similar post","block_context":{"text":"Similar post","link":""},"img":{"alt_text":"SEO content example","src":"https:\/\/i0.wp.com\/blackbeltwhitehat.com\/wp-content\/uploads\/2014\/07\/mmau2.jpg?fit=847%2C1200&ssl=1&resize=350%2C200","width":350,"height":200,"srcset":"https:\/\/i0.wp.com\/blackbeltwhitehat.com\/wp-content\/uploads\/2014\/07\/mmau2.jpg?fit=847%2C1200&ssl=1&resize=350%2C200 1x, https:\/\/i0.wp.com\/blackbeltwhitehat.com\/wp-content\/uploads\/2014\/07\/mmau2.jpg?fit=847%2C1200&ssl=1&resize=525%2C300 1.5x, https:\/\/i0.wp.com\/blackbeltwhitehat.com\/wp-content\/uploads\/2014\/07\/mmau2.jpg?fit=847%2C1200&ssl=1&resize=700%2C400 2x"},"classes":[]},{"id":406,"url":"https:\/\/blackbeltwhitehat.com\/pt\/artigos-de-mma\/nutricao\/aminoacidos-essenciais\/","url_meta":{"origin":251,"position":2},"title":"Amino\u00e1cidos Essenciais","author":"Dave","date":"Abril 9, 2013","format":false,"excerpt":"Valina Histidina Isoleucina Leucina Lisina Metionina Fenilalanina Treonina Triptofano","rel":"","context":"Similar post","block_context":{"text":"Similar post","link":""},"img":{"alt_text":"","src":"","width":0,"height":0},"classes":[]},{"id":2821,"url":"https:\/\/blackbeltwhitehat.com\/pt\/artigos-de-mma\/nutricao-esportiva-para-futebol-e-book-em-pdf\/","url_meta":{"origin":251,"position":3},"title":"Nutri\u00e7\u00e3o Esportiva para Futebol (e-book em PDF)","author":"Dave","date":"Abril 3, 2015","format":false,"excerpt":"Spent my Good Friday writing this: Link to pdf --->\u00a0Sports_Nutrition_for_Football_1-4 Feedback welcome - constructive please!","rel":"","context":"Similar post","block_context":{"text":"Similar post","link":""},"img":{"alt_text":"sports nutrition pdf","src":"https:\/\/i0.wp.com\/blackbeltwhitehat.com\/wp-content\/uploads\/2015\/04\/football.jpg?resize=350%2C200&ssl=1","width":350,"height":200,"srcset":"https:\/\/i0.wp.com\/blackbeltwhitehat.com\/wp-content\/uploads\/2015\/04\/football.jpg?resize=350%2C200&ssl=1 1x, https:\/\/i0.wp.com\/blackbeltwhitehat.com\/wp-content\/uploads\/2015\/04\/football.jpg?resize=525%2C300&ssl=1 1.5x"},"classes":[]},{"id":40,"url":"https:\/\/blackbeltwhitehat.com\/pt\/blog-de-fitness-de-mma\/","url_meta":{"origin":251,"position":4},"title":"Blog de Fitness e MMA","author":"Dave","date":"Dezembro 12, 2012","format":false,"excerpt":"Blog Posts about Fitness, Nutrition and MMA...","rel":"","context":"Similar post","block_context":{"text":"Similar post","link":""},"img":{"alt_text":"mma blog","src":"https:\/\/i0.wp.com\/blackbeltwhitehat.com\/wp-content\/uploads\/2026\/04\/Gemini_Generated_Image_l6p36ml6p36ml6p3.png?fit=1200%2C545&ssl=1&resize=350%2C200","width":350,"height":200,"srcset":"https:\/\/i0.wp.com\/blackbeltwhitehat.com\/wp-content\/uploads\/2026\/04\/Gemini_Generated_Image_l6p36ml6p36ml6p3.png?fit=1200%2C545&ssl=1&resize=350%2C200 1x, https:\/\/i0.wp.com\/blackbeltwhitehat.com\/wp-content\/uploads\/2026\/04\/Gemini_Generated_Image_l6p36ml6p36ml6p3.png?fit=1200%2C545&ssl=1&resize=525%2C300 1.5x, https:\/\/i0.wp.com\/blackbeltwhitehat.com\/wp-content\/uploads\/2026\/04\/Gemini_Generated_Image_l6p36ml6p36ml6p3.png?fit=1200%2C545&ssl=1&resize=700%2C400 2x, https:\/\/i0.wp.com\/blackbeltwhitehat.com\/wp-content\/uploads\/2026\/04\/Gemini_Generated_Image_l6p36ml6p36ml6p3.png?fit=1200%2C545&ssl=1&resize=1050%2C600 3x"},"classes":[]},{"id":502,"url":"https:\/\/blackbeltwhitehat.com\/pt\/artigos-de-mma\/condicionamento-de-mma\/","url_meta":{"origin":251,"position":5},"title":"Condicionamento f\u00edsico para MMA","author":"Dave","date":"Junho 29, 2013","format":false,"excerpt":"MMA Strength & Conditioning Articles The main thing to consider with MMA conditioning is the SAID Principle -\u00a0Specific Adaptation to Imposed Demand. To get fit and strong for MMA, you need to perform and replicate MMA specific movements. In my opinion, all the schedules and S & C programmes that\u2026","rel":"","context":"Similar post","block_context":{"text":"Similar post","link":""},"img":{"alt_text":"","src":"","width":0,"height":0},"classes":[]}],"_links":{"self":[{"href":"https:\/\/blackbeltwhitehat.com\/pt\/wp-json\/wp\/v2\/pages\/251","targetHints":{"allow":["GET"]}}],"collection":[{"href":"https:\/\/blackbeltwhitehat.com\/pt\/wp-json\/wp\/v2\/pages"}],"about":[{"href":"https:\/\/blackbeltwhitehat.com\/pt\/wp-json\/wp\/v2\/types\/page"}],"author":[{"embeddable":true,"href":"https:\/\/blackbeltwhitehat.com\/pt\/wp-json\/wp\/v2\/users\/41980142"}],"replies":[{"embeddable":true,"href":"https:\/\/blackbeltwhitehat.com\/pt\/wp-json\/wp\/v2\/comments?post=251"}],"version-history":[{"count":12,"href":"https:\/\/blackbeltwhitehat.com\/pt\/wp-json\/wp\/v2\/pages\/251\/revisions"}],"predecessor-version":[{"id":10286,"href":"https:\/\/blackbeltwhitehat.com\/pt\/wp-json\/wp\/v2\/pages\/251\/revisions\/10286"}],"wp:attachment":[{"href":"https:\/\/blackbeltwhitehat.com\/pt\/wp-json\/wp\/v2\/media?parent=251"}],"curies":[{"name":"wp","href":"https:\/\/api.w.org\/{rel}","templated":true}]}}