{"id":2564,"date":"2015-01-11T17:31:47","date_gmt":"2015-01-11T17:31:47","guid":{"rendered":"http:\/\/blackbeltwhitehat.com\/?page_id=2564"},"modified":"2016-05-17T10:18:23","modified_gmt":"2016-05-17T10:18:23","slug":"academias-de-mma","status":"publish","type":"page","link":"https:\/\/blackbeltwhitehat.com\/pt\/avaliacoes\/academias-de-mma\/","title":{"rendered":"Academias de MMA"},"content":{"rendered":"<p>Avalia\u00e7\u00f5es de academias de MMA<\/p>","protected":false},"excerpt":{"rendered":"<p>Avalia\u00e7\u00f5es de academias de MMA<\/p>","protected":false},"author":41980142,"featured_media":0,"parent":189,"menu_order":1,"comment_status":"open","ping_status":"open","template":"","meta":{"_coblocks_attr":"","_coblocks_dimensions":"","_coblocks_responsive_height":"","_coblocks_accordion_ie_support":"","_crdt_document":"","footnotes":""},"class_list":["post-2564","page","type-page","status-publish","hentry"],"yoast_head":"<!-- This site is optimized with the Yoast SEO plugin v27.4 - https:\/\/yoast.com\/product\/yoast-seo-wordpress\/ -->\n<title>MMA Gyms - Fitness &amp; MMA Blog - BlackBeltWhiteHat.com<\/title>\n<meta name=\"robots\" content=\"index, follow, max-snippet:-1, max-image-preview:large, max-video-preview:-1\" \/>\n<link rel=\"canonical\" href=\"https:\/\/blackbeltwhitehat.com\/pt\/avaliacoes\/academias-de-mma\/\" \/>\n<meta property=\"og:locale\" content=\"pt_PT\" \/>\n<meta property=\"og:type\" content=\"article\" \/>\n<meta property=\"og:title\" content=\"MMA Gyms - Fitness &amp; MMA Blog - BlackBeltWhiteHat.com\" \/>\n<meta property=\"og:description\" content=\"MMA Gym Reviews\" \/>\n<meta property=\"og:url\" content=\"https:\/\/blackbeltwhitehat.com\/pt\/avaliacoes\/academias-de-mma\/\" \/>\n<meta property=\"og:site_name\" content=\"Fitness &amp; MMA Blog - BlackBeltWhiteHat.com\" \/>\n<meta property=\"article:publisher\" content=\"https:\/\/www.facebook.com\/BlackBeltWhiteHat\/\" \/>\n<meta property=\"article:modified_time\" content=\"2016-05-17T10:18:23+00:00\" \/>\n<meta name=\"twitter:card\" content=\"summary_large_image\" \/>\n<meta name=\"twitter:site\" content=\"@MMATraining1980\" \/>\n<!-- \/ Yoast SEO plugin. -->","yoast_head_json":{"title":"Academias de MMA - Blog de Fitness e MMA - BlackBeltWhiteHat.com","robots":{"index":"index","follow":"follow","max-snippet":"max-snippet:-1","max-image-preview":"max-image-preview:large","max-video-preview":"max-video-preview:-1"},"canonical":"https:\/\/blackbeltwhitehat.com\/pt\/avaliacoes\/academias-de-mma\/","og_locale":"pt_PT","og_type":"article","og_title":"MMA Gyms - Fitness &amp; MMA Blog - BlackBeltWhiteHat.com","og_description":"MMA Gym Reviews","og_url":"https:\/\/blackbeltwhitehat.com\/pt\/avaliacoes\/academias-de-mma\/","og_site_name":"Fitness &amp; MMA Blog - BlackBeltWhiteHat.com","article_publisher":"https:\/\/www.facebook.com\/BlackBeltWhiteHat\/","article_modified_time":"2016-05-17T10:18:23+00:00","twitter_card":"summary_large_image","twitter_site":"@MMATraining1980","schema":{"@context":"https:\/\/schema.org","@graph":[{"@type":"WebPage","@id":"https:\/\/blackbeltwhitehat.com\/reviews\/mma-gyms\/","url":"https:\/\/blackbeltwhitehat.com\/reviews\/mma-gyms\/","name":"Academias de MMA - Blog de Fitness e MMA - BlackBeltWhiteHat.com","isPartOf":{"@id":"https:\/\/blackbeltwhitehat.com\/en\/#website"},"datePublished":"2015-01-11T17:31:47+00:00","dateModified":"2016-05-17T10:18:23+00:00","breadcrumb":{"@id":"https:\/\/blackbeltwhitehat.com\/reviews\/mma-gyms\/#breadcrumb"},"inLanguage":"pt-PT","potentialAction":[{"@type":"ReadAction","target":["https:\/\/blackbeltwhitehat.com\/reviews\/mma-gyms\/"]}]},{"@type":"BreadcrumbList","@id":"https:\/\/blackbeltwhitehat.com\/reviews\/mma-gyms\/#breadcrumb","itemListElement":[{"@type":"ListItem","position":1,"name":"Home","item":"https:\/\/blackbeltwhitehat.com\/"},{"@type":"ListItem","position":2,"name":"Reviews","item":"https:\/\/blackbeltwhitehat.com\/reviews\/"},{"@type":"ListItem","position":3,"name":"MMA Gyms"}]},{"@type":"WebSite","@id":"https:\/\/blackbeltwhitehat.com\/en\/#website","url":"https:\/\/blackbeltwhitehat.com\/en\/","name":"Blog de Fitness e MMA - BlackBeltWhiteHat.com","description":"Blog de fitness, MMA e nutri\u00e7\u00e3o do Reino Unido","publisher":{"@id":"https:\/\/blackbeltwhitehat.com\/en\/#organization"},"potentialAction":[{"@type":"SearchAction","target":{"@type":"EntryPoint","urlTemplate":"https:\/\/blackbeltwhitehat.com\/en\/?s={search_term_string}"},"query-input":{"@type":"PropertyValueSpecification","valueRequired":true,"valueName":"search_term_string"}}],"inLanguage":"pt-PT"},{"@type":"Organization","@id":"https:\/\/blackbeltwhitehat.com\/en\/#organization","name":"Blog de Fitness e MMA - BlackBeltWhiteHat.com","url":"https:\/\/blackbeltwhitehat.com\/en\/","logo":{"@type":"ImageObject","inLanguage":"pt-PT","@id":"https:\/\/blackbeltwhitehat.com\/en\/#\/schema\/logo\/image\/","url":"https:\/\/blackbeltwhitehat.com\/wp-content\/uploads\/2019\/06\/cropped-mmabloglogodis-copy.png","contentUrl":"https:\/\/blackbeltwhitehat.com\/wp-content\/uploads\/2019\/06\/cropped-mmabloglogodis-copy.png","width":352,"height":352,"caption":"Fitness & MMA Blog - BlackBeltWhiteHat.com"},"image":{"@id":"https:\/\/blackbeltwhitehat.com\/en\/#\/schema\/logo\/image\/"},"sameAs":["https:\/\/www.facebook.com\/BlackBeltWhiteHat\/","https:\/\/x.com\/MMATraining1980"]}]}},"jetpack_likes_enabled":true,"jetpack_sharing_enabled":true,"jetpack_shortlink":"https:\/\/wp.me\/P2Sx3t-Fm","jetpack-related-posts":[{"id":2568,"url":"https:\/\/blackbeltwhitehat.com\/pt\/avaliacoes\/academias-de-mma\/proxima-geracao-do-mma-liverpool\/","url_meta":{"origin":2564,"position":0},"title":"MMA de Pr\u00f3xima Gera\u00e7\u00e3o Liverpool","author":"Dave","date":"Janeiro 11, 2015","format":false,"excerpt":"http:\/\/nextgenerationmma.co.uk\/ Great Liverpool MMA gym run by Paul Rimmer. Facilities are great, and all the lads are really friendly and welcoming. Car park available right next to the gym. http:\/\/youtu.be\/gSeVBAc4kYo \u00a0 Great Muay Thai, BJJ and wrestling coaches. Caters for beginners and pro's. Contact details are here Address: Next Generation,\u2026","rel":"","context":"Similar post","block_context":{"text":"Similar post","link":""},"img":{"alt_text":"","src":"https:\/\/i0.wp.com\/img.youtube.com\/vi\/gSeVBAc4kYo\/0.jpg?resize=350%2C200","width":350,"height":200},"classes":[]},{"id":2566,"url":"https:\/\/blackbeltwhitehat.com\/pt\/avaliacoes\/academias-de-mma\/ipc-wrexham\/","url_meta":{"origin":2564,"position":1},"title":"IPC Wrexham","author":"Dave","date":"Janeiro 11, 2015","format":false,"excerpt":"http:\/\/www.ipcwrexham.co.uk Family run gym with no meatheads. Members are extremely friendly and extremely supportive of each other. Personal training sessions and MMA 1-2-1 sessions available for \u00a320 each The conditioning classes are a killer, but you can do as much as you want. Great place to get fit or learn\u2026","rel":"","context":"Similar post","block_context":{"text":"Similar post","link":""},"img":{"alt_text":"","src":"https:\/\/i0.wp.com\/img.youtube.com\/vi\/M6DkiPSibCM\/0.jpg?resize=350%2C200","width":350,"height":200},"classes":[]},{"id":1674,"url":"https:\/\/blackbeltwhitehat.com\/pt\/artigos-de-mma\/feriados-de-mma\/treinamento-na-tailandia-em-2014\/","url_meta":{"origin":2564,"position":2},"title":"Treinamento na Tail\u00e2ndia em 2014","author":"Dave","date":"Maio 26, 2014","format":false,"excerpt":"Here are some websites that are worth looking at: Gym Websites My friend Alan stayed at Sinbi, and said it was excellent. \"(I) stayed in Sinbi apartments about 5 mins away from gym lovely place private pool and gated, you can stay at the gym as well it's a lot\u2026","rel":"","context":"Similar post","block_context":{"text":"Similar post","link":""},"img":{"alt_text":"","src":"","width":0,"height":0},"classes":[]},{"id":498,"url":"https:\/\/blackbeltwhitehat.com\/pt\/artigos-de-mma\/feriados-de-mma\/treinamento-de-mma-na-california\/","url_meta":{"origin":2564,"position":3},"title":"Treinando MMA na Calif\u00f3rnia","author":"Dave","date":"Junho 29, 2013","format":false,"excerpt":"MMA Gyms to train at in California: k-one San Francisco Website FaceBook Page Gym Location Here is the location - my crappy blog won't let me embed the map on here directly. 2001 Van Ness San Francisco, CA 94109, United States +1 415-474-3322 I actually attended a class here in\u2026","rel":"","context":"With 1 comment","block_context":{"text":"With 1 comment","link":"https:\/\/blackbeltwhitehat.com\/pt\/artigos-de-mma\/feriados-de-mma\/treinamento-de-mma-na-california\/#comments"},"img":{"alt_text":"","src":"","width":0,"height":0},"classes":[]},{"id":2392,"url":"https:\/\/blackbeltwhitehat.com\/pt\/artigos-de-mma\/outro\/pesquisa-de-academia\/","url_meta":{"origin":2564,"position":4},"title":"Pesquisa sobre academias","author":"Dave","date":"Dezembro 9, 2014","format":false,"excerpt":"Por favor, responda \u00e0 minha pesquisa.","rel":"","context":"Similar post","block_context":{"text":"Similar post","link":""},"img":{"alt_text":"","src":"","width":0,"height":0},"classes":[]},{"id":1168,"url":"https:\/\/blackbeltwhitehat.com\/pt\/artigos-de-mma\/outro\/idiotas-de-academia\/","url_meta":{"origin":2564,"position":5},"title":"Babacas de academia","author":"Dave","date":"Dezembro 20, 2013","format":false,"excerpt":"A Quick Run-Down of Gym Stereotypes Bodybuilder Stupid tan, probably whitens his teeth, skinhead, wears lycra or a tiny vest. Often knows next to nothing about training, but takes loads of 'gear'. Has a fathead 80% of the year. Very aggressive, believes he is the alpha male of the gym,\u2026","rel":"","context":"Similar post","block_context":{"text":"Similar post","link":""},"img":{"alt_text":"Gym bellend","src":"https:\/\/i0.wp.com\/blackbeltwhitehat.com\/wp-content\/uploads\/2013\/12\/bodybuilder_76_by_stonepiler-d4j83so.jpg?fit=600%2C827&ssl=1&resize=350%2C200","width":350,"height":200,"srcset":"https:\/\/i0.wp.com\/blackbeltwhitehat.com\/wp-content\/uploads\/2013\/12\/bodybuilder_76_by_stonepiler-d4j83so.jpg?fit=600%2C827&ssl=1&resize=350%2C200 1x, https:\/\/i0.wp.com\/blackbeltwhitehat.com\/wp-content\/uploads\/2013\/12\/bodybuilder_76_by_stonepiler-d4j83so.jpg?fit=600%2C827&ssl=1&resize=525%2C300 1.5x"},"classes":[]}],"_links":{"self":[{"href":"https:\/\/blackbeltwhitehat.com\/pt\/wp-json\/wp\/v2\/pages\/2564","targetHints":{"allow":["GET"]}}],"collection":[{"href":"https:\/\/blackbeltwhitehat.com\/pt\/wp-json\/wp\/v2\/pages"}],"about":[{"href":"https:\/\/blackbeltwhitehat.com\/pt\/wp-json\/wp\/v2\/types\/page"}],"author":[{"embeddable":true,"href":"https:\/\/blackbeltwhitehat.com\/pt\/wp-json\/wp\/v2\/users\/41980142"}],"replies":[{"embeddable":true,"href":"https:\/\/blackbeltwhitehat.com\/pt\/wp-json\/wp\/v2\/comments?post=2564"}],"version-history":[{"count":1,"href":"https:\/\/blackbeltwhitehat.com\/pt\/wp-json\/wp\/v2\/pages\/2564\/revisions"}],"predecessor-version":[{"id":2565,"href":"https:\/\/blackbeltwhitehat.com\/pt\/wp-json\/wp\/v2\/pages\/2564\/revisions\/2565"}],"up":[{"embeddable":true,"href":"https:\/\/blackbeltwhitehat.com\/pt\/wp-json\/wp\/v2\/pages\/189"}],"wp:attachment":[{"href":"https:\/\/blackbeltwhitehat.com\/pt\/wp-json\/wp\/v2\/media?parent=2564"}],"curies":[{"name":"wp","href":"https:\/\/api.w.org\/{rel}","templated":true}]}}