{"id":2568,"date":"2015-01-11T17:40:46","date_gmt":"2015-01-11T17:40:46","guid":{"rendered":"http:\/\/blackbeltwhitehat.com\/?page_id=2568"},"modified":"2016-05-18T18:26:57","modified_gmt":"2016-05-18T18:26:57","slug":"proxima-geracao-do-mma-liverpool","status":"publish","type":"page","link":"https:\/\/blackbeltwhitehat.com\/pt\/avaliacoes\/academias-de-mma\/proxima-geracao-do-mma-liverpool\/","title":{"rendered":"MMA de Pr\u00f3xima Gera\u00e7\u00e3o Liverpool"},"content":{"rendered":"<blockquote class=\"wp-embedded-content\" data-secret=\"7Rg6zmjqe5\"><p><a href=\"https:\/\/nextgenerationmma.co.uk\/\">P\u00e1gina inicial<\/a><\/p><\/blockquote>\n<p><iframe loading=\"lazy\" class=\"wp-embedded-content\" sandbox=\"allow-scripts\" security=\"restricted\" style=\"position: absolute; visibility: hidden;\" title=\"\u201cP\u00e1gina inicial\u201d \u2014 MMA DE PR\u00d3XIMA GERA\u00c7\u00c3O\" src=\"https:\/\/nextgenerationmma.co.uk\/embed\/#?secret=hoy29CSjH0#?secret=7Rg6zmjqe5\" data-secret=\"7Rg6zmjqe5\" width=\"500\" height=\"282\" frameborder=\"0\" marginwidth=\"0\" marginheight=\"0\" scrolling=\"no\"><\/iframe><\/p>\n<p>Excelente academia de MMA em Liverpool, dirigida por Paul Rimmer.<\/p>\n<p>As instala\u00e7\u00f5es s\u00e3o \u00f3timas e todos os rapazes s\u00e3o muito simp\u00e1ticos e acolhedores.<\/p>\n<p>Estacionamento dispon\u00edvel mesmo ao lado do gin\u00e1sio.<\/p>\n<p><span class=\"embed-youtube\" style=\"text-align:center; display: block;\"><iframe loading=\"lazy\" class=\"youtube-player\" width=\"640\" height=\"360\" src=\"https:\/\/www.youtube.com\/embed\/gSeVBAc4kYo?version=3&#038;rel=1&#038;showsearch=0&#038;showinfo=1&#038;iv_load_policy=1&#038;fs=1&#038;hl=pt-PT&#038;autohide=2&#038;wmode=transparent\" allowfullscreen=\"true\" style=\"border:0;\" sandbox=\"allow-scripts allow-same-origin allow-popups allow-presentation allow-popups-to-escape-sandbox\"><\/iframe><\/span><\/p>\n<p>&nbsp;<\/p>\n<p>Excelentes treinadores de Muay Thai, Jiu-Jitsu Brasileiro e luta livre.<br \/>\nIdeal para iniciantes e profissionais.<\/p>\n<p>Os detalhes de contato s\u00e3o <a href=\"http:\/\/nextgenerationmma.co.uk\/?page_id=22\" target=\"_blank\">aqui<br \/>\n<\/a>Endere\u00e7o:<br \/>\nNext Generation, 4\u00ba andar, 1 Mount Pleasant, Liverpool, Reino Unido<br \/>\nTelefone:<br \/>\n+44 7725 673827<br \/>\nE-mail:<br \/>\nnextgenmma@gmail.com<a href=\"http:\/\/nextgenerationmma.co.uk\/?page_id=22\" target=\"_blank\"><br \/>\n<\/a><a href=\"https:\/\/www.facebook.com\/pages\/Next-Generation-Mixed-Martial-Arts-Gym\/12518243950?fref=ts\" target=\"_blank\">P\u00e1gina do Facebook<\/a><\/p>\n<p>&nbsp;<\/p>","protected":false},"excerpt":{"rendered":"<p>Homepage Great Liverpool MMA gym run by Paul Rimmer. Facilities are great, and all the lads are really friendly and welcoming. Car park available right next to the gym. &nbsp; Great Muay Thai, BJJ and wrestling coaches. Caters for beginners and pro&#8217;s. Contact details are here Address: Next Generation, 4th Floor, 1 Mount Pleasant, Liverpool, [&hellip;]<\/p>\n","protected":false},"author":41980142,"featured_media":0,"parent":2564,"menu_order":0,"comment_status":"open","ping_status":"open","template":"","meta":{"_coblocks_attr":"","_coblocks_dimensions":"","_coblocks_responsive_height":"","_coblocks_accordion_ie_support":"","_crdt_document":"","footnotes":""},"class_list":["post-2568","page","type-page","status-publish","hentry"],"yoast_head":"<!-- This site is optimized with the Yoast SEO plugin v27.4 - https:\/\/yoast.com\/product\/yoast-seo-wordpress\/ -->\n<title>Next Generation MMA Liverpool - Fitness &amp; MMA Blog - BlackBeltWhiteHat.com<\/title>\n<meta name=\"robots\" content=\"index, follow, max-snippet:-1, max-image-preview:large, max-video-preview:-1\" \/>\n<link rel=\"canonical\" href=\"https:\/\/blackbeltwhitehat.com\/pt\/avaliacoes\/academias-de-mma\/proxima-geracao-do-mma-liverpool\/\" \/>\n<meta property=\"og:locale\" content=\"pt_PT\" \/>\n<meta property=\"og:type\" content=\"article\" \/>\n<meta property=\"og:title\" content=\"Next Generation MMA Liverpool - Fitness &amp; MMA Blog - BlackBeltWhiteHat.com\" \/>\n<meta property=\"og:description\" content=\"Homepage Great Liverpool MMA gym run by Paul Rimmer. Facilities are great, and all the lads are really friendly and welcoming. Car park available right next to the gym. &nbsp; Great Muay Thai, BJJ and wrestling coaches. Caters for beginners and pro&#8217;s. Contact details are here Address: Next Generation, 4th Floor, 1 Mount Pleasant, Liverpool, [&hellip;]\" \/>\n<meta property=\"og:url\" content=\"https:\/\/blackbeltwhitehat.com\/pt\/avaliacoes\/academias-de-mma\/proxima-geracao-do-mma-liverpool\/\" \/>\n<meta property=\"og:site_name\" content=\"Fitness &amp; MMA Blog - BlackBeltWhiteHat.com\" \/>\n<meta property=\"article:publisher\" content=\"https:\/\/www.facebook.com\/BlackBeltWhiteHat\/\" \/>\n<meta property=\"article:modified_time\" content=\"2016-05-18T18:26:57+00:00\" \/>\n<meta name=\"twitter:card\" content=\"summary_large_image\" \/>\n<meta name=\"twitter:site\" content=\"@MMATraining1980\" \/>\n<!-- \/ Yoast SEO plugin. -->","yoast_head_json":{"title":"Next Generation MMA Liverpool - Blog de Fitness e MMA - BlackBeltWhiteHat.com","robots":{"index":"index","follow":"follow","max-snippet":"max-snippet:-1","max-image-preview":"max-image-preview:large","max-video-preview":"max-video-preview:-1"},"canonical":"https:\/\/blackbeltwhitehat.com\/pt\/avaliacoes\/academias-de-mma\/proxima-geracao-do-mma-liverpool\/","og_locale":"pt_PT","og_type":"article","og_title":"Next Generation MMA Liverpool - Fitness &amp; MMA Blog - BlackBeltWhiteHat.com","og_description":"Homepage Great Liverpool MMA gym run by Paul Rimmer. Facilities are great, and all the lads are really friendly and welcoming. Car park available right next to the gym. &nbsp; Great Muay Thai, BJJ and wrestling coaches. Caters for beginners and pro&#8217;s. Contact details are here Address: Next Generation, 4th Floor, 1 Mount Pleasant, Liverpool, [&hellip;]","og_url":"https:\/\/blackbeltwhitehat.com\/pt\/avaliacoes\/academias-de-mma\/proxima-geracao-do-mma-liverpool\/","og_site_name":"Fitness &amp; MMA Blog - BlackBeltWhiteHat.com","article_publisher":"https:\/\/www.facebook.com\/BlackBeltWhiteHat\/","article_modified_time":"2016-05-18T18:26:57+00:00","twitter_card":"summary_large_image","twitter_site":"@MMATraining1980","schema":{"@context":"https:\/\/schema.org","@graph":[{"@type":"WebPage","@id":"https:\/\/blackbeltwhitehat.com\/reviews\/mma-gyms\/next-generation-mma-liverpool\/","url":"https:\/\/blackbeltwhitehat.com\/reviews\/mma-gyms\/next-generation-mma-liverpool\/","name":"Next Generation MMA Liverpool - Blog de Fitness e MMA - BlackBeltWhiteHat.com","isPartOf":{"@id":"https:\/\/blackbeltwhitehat.com\/en\/#website"},"datePublished":"2015-01-11T17:40:46+00:00","dateModified":"2016-05-18T18:26:57+00:00","breadcrumb":{"@id":"https:\/\/blackbeltwhitehat.com\/reviews\/mma-gyms\/next-generation-mma-liverpool\/#breadcrumb"},"inLanguage":"pt-PT","potentialAction":[{"@type":"ReadAction","target":["https:\/\/blackbeltwhitehat.com\/reviews\/mma-gyms\/next-generation-mma-liverpool\/"]}]},{"@type":"BreadcrumbList","@id":"https:\/\/blackbeltwhitehat.com\/reviews\/mma-gyms\/next-generation-mma-liverpool\/#breadcrumb","itemListElement":[{"@type":"ListItem","position":1,"name":"Home","item":"https:\/\/blackbeltwhitehat.com\/"},{"@type":"ListItem","position":2,"name":"Reviews","item":"https:\/\/blackbeltwhitehat.com\/reviews\/"},{"@type":"ListItem","position":3,"name":"MMA Gyms","item":"https:\/\/blackbeltwhitehat.com\/reviews\/mma-gyms\/"},{"@type":"ListItem","position":4,"name":"Next Generation MMA Liverpool"}]},{"@type":"WebSite","@id":"https:\/\/blackbeltwhitehat.com\/en\/#website","url":"https:\/\/blackbeltwhitehat.com\/en\/","name":"Blog de Fitness e MMA - BlackBeltWhiteHat.com","description":"Blog de fitness, MMA e nutri\u00e7\u00e3o do Reino Unido","publisher":{"@id":"https:\/\/blackbeltwhitehat.com\/en\/#organization"},"potentialAction":[{"@type":"SearchAction","target":{"@type":"EntryPoint","urlTemplate":"https:\/\/blackbeltwhitehat.com\/en\/?s={search_term_string}"},"query-input":{"@type":"PropertyValueSpecification","valueRequired":true,"valueName":"search_term_string"}}],"inLanguage":"pt-PT"},{"@type":"Organization","@id":"https:\/\/blackbeltwhitehat.com\/en\/#organization","name":"Blog de Fitness e MMA - BlackBeltWhiteHat.com","url":"https:\/\/blackbeltwhitehat.com\/en\/","logo":{"@type":"ImageObject","inLanguage":"pt-PT","@id":"https:\/\/blackbeltwhitehat.com\/en\/#\/schema\/logo\/image\/","url":"https:\/\/blackbeltwhitehat.com\/wp-content\/uploads\/2019\/06\/cropped-mmabloglogodis-copy.png","contentUrl":"https:\/\/blackbeltwhitehat.com\/wp-content\/uploads\/2019\/06\/cropped-mmabloglogodis-copy.png","width":352,"height":352,"caption":"Fitness & MMA Blog - BlackBeltWhiteHat.com"},"image":{"@id":"https:\/\/blackbeltwhitehat.com\/en\/#\/schema\/logo\/image\/"},"sameAs":["https:\/\/www.facebook.com\/BlackBeltWhiteHat\/","https:\/\/x.com\/MMATraining1980"]}]}},"jetpack_likes_enabled":true,"jetpack_sharing_enabled":true,"jetpack_shortlink":"https:\/\/wp.me\/P2Sx3t-Fq","jetpack-related-posts":[{"id":2564,"url":"https:\/\/blackbeltwhitehat.com\/pt\/avaliacoes\/academias-de-mma\/","url_meta":{"origin":2568,"position":0},"title":"Academias de MMA","author":"Dave","date":"Janeiro 11, 2015","format":false,"excerpt":"Avalia\u00e7\u00f5es de academias de MMA","rel":"","context":"Similar post","block_context":{"text":"Similar post","link":""},"img":{"alt_text":"","src":"","width":0,"height":0},"classes":[]},{"id":498,"url":"https:\/\/blackbeltwhitehat.com\/pt\/artigos-de-mma\/feriados-de-mma\/treinamento-de-mma-na-california\/","url_meta":{"origin":2568,"position":1},"title":"Treinando MMA na Calif\u00f3rnia","author":"Dave","date":"Junho 29, 2013","format":false,"excerpt":"MMA Gyms to train at in California: k-one San Francisco Website FaceBook Page Gym Location Here is the location - my crappy blog won't let me embed the map on here directly. 2001 Van Ness San Francisco, CA 94109, United States +1 415-474-3322 I actually attended a class here in\u2026","rel":"","context":"With 1 comment","block_context":{"text":"With 1 comment","link":"https:\/\/blackbeltwhitehat.com\/pt\/artigos-de-mma\/feriados-de-mma\/treinamento-de-mma-na-california\/#comments"},"img":{"alt_text":"","src":"","width":0,"height":0},"classes":[]},{"id":2392,"url":"https:\/\/blackbeltwhitehat.com\/pt\/artigos-de-mma\/outro\/pesquisa-de-academia\/","url_meta":{"origin":2568,"position":2},"title":"Pesquisa sobre academias","author":"Dave","date":"Dezembro 9, 2014","format":false,"excerpt":"Por favor, responda \u00e0 minha pesquisa.","rel":"","context":"Similar post","block_context":{"text":"Similar post","link":""},"img":{"alt_text":"","src":"","width":0,"height":0},"classes":[]},{"id":2566,"url":"https:\/\/blackbeltwhitehat.com\/pt\/avaliacoes\/academias-de-mma\/ipc-wrexham\/","url_meta":{"origin":2568,"position":3},"title":"IPC Wrexham","author":"Dave","date":"Janeiro 11, 2015","format":false,"excerpt":"http:\/\/www.ipcwrexham.co.uk Family run gym with no meatheads. Members are extremely friendly and extremely supportive of each other. Personal training sessions and MMA 1-2-1 sessions available for \u00a320 each The conditioning classes are a killer, but you can do as much as you want. Great place to get fit or learn\u2026","rel":"","context":"Similar post","block_context":{"text":"Similar post","link":""},"img":{"alt_text":"","src":"https:\/\/i0.wp.com\/img.youtube.com\/vi\/M6DkiPSibCM\/0.jpg?resize=350%2C200","width":350,"height":200},"classes":[]},{"id":2418,"url":"https:\/\/blackbeltwhitehat.com\/pt\/fitness\/","url_meta":{"origin":2568,"position":4},"title":"S &amp; C","author":"Dave","date":"Dezembro 23, 2014","format":false,"excerpt":"Strength & Conditioning programs. Spelt \"Training Programmes\" if you are in the UK. With 20 years of weight training experience, over 12 years experience of MMA training and a first class degree in Sport Science from the UK's premier sports university - Loughborough...plus a Master's Degree in Exercise & Nutrition\u2026","rel":"","context":"Similar post","block_context":{"text":"Similar post","link":""},"img":{"alt_text":"","src":"","width":0,"height":0},"classes":[]},{"id":1674,"url":"https:\/\/blackbeltwhitehat.com\/pt\/artigos-de-mma\/feriados-de-mma\/treinamento-na-tailandia-em-2014\/","url_meta":{"origin":2568,"position":5},"title":"Treinamento na Tail\u00e2ndia em 2014","author":"Dave","date":"Maio 26, 2014","format":false,"excerpt":"Here are some websites that are worth looking at: Gym Websites My friend Alan stayed at Sinbi, and said it was excellent. \"(I) stayed in Sinbi apartments about 5 mins away from gym lovely place private pool and gated, you can stay at the gym as well it's a lot\u2026","rel":"","context":"Similar post","block_context":{"text":"Similar post","link":""},"img":{"alt_text":"","src":"","width":0,"height":0},"classes":[]}],"_links":{"self":[{"href":"https:\/\/blackbeltwhitehat.com\/pt\/wp-json\/wp\/v2\/pages\/2568","targetHints":{"allow":["GET"]}}],"collection":[{"href":"https:\/\/blackbeltwhitehat.com\/pt\/wp-json\/wp\/v2\/pages"}],"about":[{"href":"https:\/\/blackbeltwhitehat.com\/pt\/wp-json\/wp\/v2\/types\/page"}],"author":[{"embeddable":true,"href":"https:\/\/blackbeltwhitehat.com\/pt\/wp-json\/wp\/v2\/users\/41980142"}],"replies":[{"embeddable":true,"href":"https:\/\/blackbeltwhitehat.com\/pt\/wp-json\/wp\/v2\/comments?post=2568"}],"version-history":[{"count":4,"href":"https:\/\/blackbeltwhitehat.com\/pt\/wp-json\/wp\/v2\/pages\/2568\/revisions"}],"predecessor-version":[{"id":4678,"href":"https:\/\/blackbeltwhitehat.com\/pt\/wp-json\/wp\/v2\/pages\/2568\/revisions\/4678"}],"up":[{"embeddable":true,"href":"https:\/\/blackbeltwhitehat.com\/pt\/wp-json\/wp\/v2\/pages\/2564"}],"wp:attachment":[{"href":"https:\/\/blackbeltwhitehat.com\/pt\/wp-json\/wp\/v2\/media?parent=2568"}],"curies":[{"name":"wp","href":"https:\/\/api.w.org\/{rel}","templated":true}]}}