{"id":4687,"date":"2016-05-19T06:50:37","date_gmt":"2016-05-19T06:50:37","guid":{"rendered":"http:\/\/blackbeltwhitehat.com\/?page_id=4687"},"modified":"2026-04-09T21:59:30","modified_gmt":"2026-04-09T21:59:30","slug":"psicologia","status":"publish","type":"page","link":"https:\/\/blackbeltwhitehat.com\/pt\/psicologia\/","title":{"rendered":"Psicologia"},"content":{"rendered":"<h2>Psicologia<\/h2>\n<p>A psicologia do esporte \u00e9 fascinante e, como lutador, acho que a &quot;resist\u00eancia mental&quot; e a confian\u00e7a sempre foram meus pontos fracos.<\/p>\n<p>Acredito que a Nutri\u00e7\u00e3o Esportiva deve come\u00e7ar com uma base s\u00f3lida e uma boa compreens\u00e3o da nutri\u00e7\u00e3o para o bem-estar. O mesmo se aplica \u00e0 Psicologia do Esporte: n\u00e3o se concentre apenas na psicologia pr\u00e9-luta, durante a luta e p\u00f3s-luta, mas comece observando a pessoa como um todo, seu bem-estar geral e seu estado psicol\u00f3gico.<\/p>\n<p>Da adrenalina ao foco, da atribui\u00e7\u00e3o de responsabilidades e muito mais, a psicologia certamente pode determinar o sucesso ou o fracasso de um lutador. H\u00e1 lutadores que s\u00e3o \u00f3timos na academia, mas p\u00e9ssimos no oct\u00f3gono, e lutadores medianos na academia, mas incr\u00edveis no oct\u00f3gono.<\/p>\n<p>Um lutador que tem um bom desempenho na academia, mas desmorona na competi\u00e7\u00e3o, geralmente tem problemas com a confian\u00e7a, o controle da adrenalina e a dificuldade em atingir o estado de fluxo.<\/p>\n<p>No passado, atletas talentosos com baixos n\u00edveis de motiva\u00e7\u00e3o, confian\u00e7a e disciplina eram erroneamente descartados como perda de tempo. Um bom treinador deve ser capaz de desenvolver a habilidade de um lutador, bem como sua mentalidade, foco e determina\u00e7\u00e3o.<\/p>\n<hr \/>\n<h2>Artigos sobre a psicologia do MMA<\/h2>\n<p><a href=\"http:\/\/blackbeltwhitehat.com\/pt\/psicologia\/nervosismo-antes-da-luta-primeira-luta\/\">Nervosismo antes da luta<\/a><\/p>\n<p><a href=\"http:\/\/blackbeltwhitehat.com\/pt\/psicologia\/visao-geral-da-psicologia-do-esporte\/\">Vis\u00e3o geral da psicologia do esporte<\/a><\/p>\n<p><a href=\"http:\/\/blackbeltwhitehat.com\/pt\/psicologia\/estado-de-fluxo\/\">Estado de fluxo e como alcan\u00e7\u00e1-lo<\/a><\/p>\n<p><a href=\"http:\/\/blackbeltwhitehat.com\/pt\/psicologia\/rotina-psicologica-pre-luta\/\">Rotina pr\u00e9-luta<\/a><\/p>\n<p>&nbsp;<\/p>\n<hr \/>\n<h2>Artigos sobre psicologia do fitness<\/h2>\n<p><a href=\"http:\/\/blackbeltwhitehat.com\/pt\/psicologia\/a-motivacao-do-paradoxo-do-chimpanze\/\">Motiva\u00e7\u00e3o \u2013 O Paradoxo do Chimpanz\u00e9<\/a><\/p>\n<p>&nbsp;<\/p>\n<hr \/>\n<p>&nbsp;<\/p>\n<h2>Filosofia estoica<\/h2>\n<p>O estoicismo \u00e9 a filosofia de imperadores romanos como Marco Aur\u00e9lio, l\u00edderes empresariais e aventureiros como Ross Edgely. \u00c9 extremamente pr\u00e1tico no mundo moderno e competitivo de hoje.<\/p>\n<p>&nbsp;<\/p>\n<p>&nbsp;<\/p>","protected":false},"excerpt":{"rendered":"<p>Psychology Sports Psychology is fascinating and as a fighter I think &#8216;mental toughness&#8217; and confidence was always my weakness. I believe that Sports Nutrition should start with a base and a good understanding of nutrition for wellbeing. This is paralleled when it comes to Sports Psychology &#8211; don&#8217;t focus just on pre-fight, fight and post-fight [&hellip;]<\/p>\n","protected":false},"author":41980142,"featured_media":0,"parent":0,"menu_order":4,"comment_status":"closed","ping_status":"closed","template":"","meta":{"_coblocks_attr":"","_coblocks_dimensions":"","_coblocks_responsive_height":"","_coblocks_accordion_ie_support":"","_crdt_document":"","footnotes":""},"class_list":["post-4687","page","type-page","status-publish","hentry"],"yoast_head":"<!-- This site is optimized with the Yoast SEO plugin v27.4 - https:\/\/yoast.com\/product\/yoast-seo-wordpress\/ -->\n<title>Psychology - Fitness &amp; MMA Blog - BlackBeltWhiteHat.com<\/title>\n<meta name=\"robots\" content=\"index, follow, max-snippet:-1, max-image-preview:large, max-video-preview:-1\" \/>\n<link rel=\"canonical\" href=\"https:\/\/blackbeltwhitehat.com\/pt\/psicologia\/\" \/>\n<meta property=\"og:locale\" content=\"pt_PT\" \/>\n<meta property=\"og:type\" content=\"article\" \/>\n<meta property=\"og:title\" content=\"Psychology - Fitness &amp; MMA Blog - BlackBeltWhiteHat.com\" \/>\n<meta property=\"og:description\" content=\"Psychology Sports Psychology is fascinating and as a fighter I think &#8216;mental toughness&#8217; and confidence was always my weakness. I believe that Sports Nutrition should start with a base and a good understanding of nutrition for wellbeing. This is paralleled when it comes to Sports Psychology &#8211; don&#8217;t focus just on pre-fight, fight and post-fight [&hellip;]\" \/>\n<meta property=\"og:url\" content=\"https:\/\/blackbeltwhitehat.com\/pt\/psicologia\/\" \/>\n<meta property=\"og:site_name\" content=\"Fitness &amp; MMA Blog - BlackBeltWhiteHat.com\" \/>\n<meta property=\"article:publisher\" content=\"https:\/\/www.facebook.com\/BlackBeltWhiteHat\/\" \/>\n<meta property=\"article:modified_time\" content=\"2026-04-09T21:59:30+00:00\" \/>\n<meta name=\"twitter:card\" content=\"summary_large_image\" \/>\n<meta name=\"twitter:site\" content=\"@MMATraining1980\" \/>\n<meta name=\"twitter:label1\" content=\"Tempo estimado de leitura\" \/>\n\t<meta name=\"twitter:data1\" content=\"1 minuto\" \/>\n<!-- \/ Yoast SEO plugin. -->","yoast_head_json":{"title":"Psychology - Fitness &amp; MMA Blog - BlackBeltWhiteHat.com","robots":{"index":"index","follow":"follow","max-snippet":"max-snippet:-1","max-image-preview":"max-image-preview:large","max-video-preview":"max-video-preview:-1"},"canonical":"https:\/\/blackbeltwhitehat.com\/pt\/psicologia\/","og_locale":"pt_PT","og_type":"article","og_title":"Psychology - Fitness &amp; MMA Blog - BlackBeltWhiteHat.com","og_description":"Psychology Sports Psychology is fascinating and as a fighter I think &#8216;mental toughness&#8217; and confidence was always my weakness. I believe that Sports Nutrition should start with a base and a good understanding of nutrition for wellbeing. This is paralleled when it comes to Sports Psychology &#8211; don&#8217;t focus just on pre-fight, fight and post-fight [&hellip;]","og_url":"https:\/\/blackbeltwhitehat.com\/pt\/psicologia\/","og_site_name":"Fitness &amp; MMA Blog - BlackBeltWhiteHat.com","article_publisher":"https:\/\/www.facebook.com\/BlackBeltWhiteHat\/","article_modified_time":"2026-04-09T21:59:30+00:00","twitter_card":"summary_large_image","twitter_site":"@MMATraining1980","twitter_misc":{"Tempo estimado de leitura":"1 minuto"},"schema":{"@context":"https:\/\/schema.org","@graph":[{"@type":"WebPage","@id":"https:\/\/blackbeltwhitehat.com\/psychology\/","url":"https:\/\/blackbeltwhitehat.com\/psychology\/","name":"Psychology - Fitness &amp; MMA Blog - BlackBeltWhiteHat.com","isPartOf":{"@id":"https:\/\/blackbeltwhitehat.com\/en\/#website"},"datePublished":"2016-05-19T06:50:37+00:00","dateModified":"2026-04-09T21:59:30+00:00","breadcrumb":{"@id":"https:\/\/blackbeltwhitehat.com\/psychology\/#breadcrumb"},"inLanguage":"pt-PT","potentialAction":[{"@type":"ReadAction","target":["https:\/\/blackbeltwhitehat.com\/psychology\/"]}]},{"@type":"BreadcrumbList","@id":"https:\/\/blackbeltwhitehat.com\/psychology\/#breadcrumb","itemListElement":[{"@type":"ListItem","position":1,"name":"Home","item":"https:\/\/blackbeltwhitehat.com\/"},{"@type":"ListItem","position":2,"name":"Psychology"}]},{"@type":"WebSite","@id":"https:\/\/blackbeltwhitehat.com\/en\/#website","url":"https:\/\/blackbeltwhitehat.com\/en\/","name":"Blog de Fitness e MMA - BlackBeltWhiteHat.com","description":"Blog de fitness, MMA e nutri\u00e7\u00e3o do Reino Unido","publisher":{"@id":"https:\/\/blackbeltwhitehat.com\/en\/#organization"},"potentialAction":[{"@type":"SearchAction","target":{"@type":"EntryPoint","urlTemplate":"https:\/\/blackbeltwhitehat.com\/en\/?s={search_term_string}"},"query-input":{"@type":"PropertyValueSpecification","valueRequired":true,"valueName":"search_term_string"}}],"inLanguage":"pt-PT"},{"@type":"Organization","@id":"https:\/\/blackbeltwhitehat.com\/en\/#organization","name":"Blog de Fitness e MMA - BlackBeltWhiteHat.com","url":"https:\/\/blackbeltwhitehat.com\/en\/","logo":{"@type":"ImageObject","inLanguage":"pt-PT","@id":"https:\/\/blackbeltwhitehat.com\/en\/#\/schema\/logo\/image\/","url":"https:\/\/blackbeltwhitehat.com\/wp-content\/uploads\/2019\/06\/cropped-mmabloglogodis-copy.png","contentUrl":"https:\/\/blackbeltwhitehat.com\/wp-content\/uploads\/2019\/06\/cropped-mmabloglogodis-copy.png","width":352,"height":352,"caption":"Fitness & MMA Blog - BlackBeltWhiteHat.com"},"image":{"@id":"https:\/\/blackbeltwhitehat.com\/en\/#\/schema\/logo\/image\/"},"sameAs":["https:\/\/www.facebook.com\/BlackBeltWhiteHat\/","https:\/\/x.com\/MMATraining1980"]}]}},"jetpack_likes_enabled":true,"jetpack_sharing_enabled":true,"jetpack_shortlink":"https:\/\/wp.me\/P2Sx3t-1dB","jetpack-related-posts":[{"id":4689,"url":"https:\/\/blackbeltwhitehat.com\/pt\/psicologia\/nervosismo-antes-da-luta-primeira-luta\/","url_meta":{"origin":4687,"position":0},"title":"Mentalidade no Boxe \u2013 Como se preparar mentalmente para uma luta?","author":"Dave","date":"Maio 19, 2016","format":false,"excerpt":"Boxing Psychology Training - Dealing with Pre Fight Nerves - Weeks Before the Fight! Every fighter whether it be a novice or a World Champion will get some form of pre fight nerves. These feelings are those of adrenaline, which pump around your body in various stages of intensity. As\u2026","rel":"","context":"Similar post","block_context":{"text":"Similar post","link":""},"img":{"alt_text":"conor mcgregor","src":"https:\/\/i0.wp.com\/blackbeltwhitehat.com\/wp-content\/uploads\/2015\/12\/conor2.jpeg?resize=350%2C200&ssl=1","width":350,"height":200},"classes":[]},{"id":70,"url":"https:\/\/blackbeltwhitehat.com\/pt\/","url_meta":{"origin":4687,"position":1},"title":"Lar","author":"Dave","date":"Dezembro 14, 2012","format":false,"excerpt":"Welcome to my Fitness Blog & MMA Blog.\u00a0It's basically a mash-up of all things I'm interested in. I am a former MMA fighter and kickboxer. I have a first class Degree in Sport Science from Loughborough University and a Master's degree in Exercise & Nutrition. I also run my own\u2026","rel":"","context":"Similar post","block_context":{"text":"Similar post","link":""},"img":{"alt_text":"mma blog","src":"https:\/\/i0.wp.com\/blackbeltwhitehat.com\/wp-content\/uploads\/2026\/04\/Gemini_Generated_Image_l6p36ml6p36ml6p3.png?fit=1200%2C545&ssl=1&resize=350%2C200","width":350,"height":200,"srcset":"https:\/\/i0.wp.com\/blackbeltwhitehat.com\/wp-content\/uploads\/2026\/04\/Gemini_Generated_Image_l6p36ml6p36ml6p3.png?fit=1200%2C545&ssl=1&resize=350%2C200 1x, https:\/\/i0.wp.com\/blackbeltwhitehat.com\/wp-content\/uploads\/2026\/04\/Gemini_Generated_Image_l6p36ml6p36ml6p3.png?fit=1200%2C545&ssl=1&resize=525%2C300 1.5x, https:\/\/i0.wp.com\/blackbeltwhitehat.com\/wp-content\/uploads\/2026\/04\/Gemini_Generated_Image_l6p36ml6p36ml6p3.png?fit=1200%2C545&ssl=1&resize=700%2C400 2x, https:\/\/i0.wp.com\/blackbeltwhitehat.com\/wp-content\/uploads\/2026\/04\/Gemini_Generated_Image_l6p36ml6p36ml6p3.png?fit=1200%2C545&ssl=1&resize=1050%2C600 3x"},"classes":[]},{"id":251,"url":"https:\/\/blackbeltwhitehat.com\/pt\/artigos-de-mma\/","url_meta":{"origin":4687,"position":2},"title":"MMA","author":"Dave","date":"Mar\u00e7o 6, 2013","format":false,"excerpt":"A range of MMA articles looking at MMA Strength & Conditioning MMA Nutrition MMA Techniques \u00a0 \u00a0 Click here to see all MMA Related Blog Posts Click here to see MMA training articles Written in a concise and easy to understand format, they're definitely worth a read for any MMA\u2026","rel":"","context":"Similar post","block_context":{"text":"Similar post","link":""},"img":{"alt_text":"what is MMA","src":"https:\/\/i0.wp.com\/blackbeltwhitehat.com\/wp-content\/uploads\/2018\/09\/mma_whatis.jpg?resize=350%2C200&ssl=1","width":350,"height":200,"srcset":"https:\/\/i0.wp.com\/blackbeltwhitehat.com\/wp-content\/uploads\/2018\/09\/mma_whatis.jpg?resize=350%2C200&ssl=1 1x, https:\/\/i0.wp.com\/blackbeltwhitehat.com\/wp-content\/uploads\/2018\/09\/mma_whatis.jpg?resize=525%2C300&ssl=1 1.5x, https:\/\/i0.wp.com\/blackbeltwhitehat.com\/wp-content\/uploads\/2018\/09\/mma_whatis.jpg?resize=700%2C400&ssl=1 2x"},"classes":[]},{"id":767,"url":"https:\/\/blackbeltwhitehat.com\/pt\/artigos-de-mma\/outro\/mma-e-uma-ma-influencia-para-a-sociedade\/","url_meta":{"origin":4687,"position":3},"title":"MMA \u2013 uma m\u00e1 influ\u00eancia para a sociedade?","author":"Dave","date":"Novembro 16, 2013","format":false,"excerpt":"If you saw a person that you vaguely knew, fall over in the street, whack their head, and knock themselves unconscious, I'm sure you'd be pretty concerned... Any normal person with an ounce of humanity would be concerned, perhaps upset? However, put them next to yourself in a cage, to\u2026","rel":"","context":"With 7 comments","block_context":{"text":"With 7 comments","link":"https:\/\/blackbeltwhitehat.com\/pt\/artigos-de-mma\/outro\/mma-e-uma-ma-influencia-para-a-sociedade\/#comments"},"img":{"alt_text":"man ko'd","src":"https:\/\/i0.wp.com\/blackbeltwhitehat.com\/wp-content\/uploads\/2013\/11\/ko.png?resize=350%2C200","width":350,"height":200},"classes":[]},{"id":5039,"url":"https:\/\/blackbeltwhitehat.com\/pt\/psicologia\/rotina-psicologica-pre-luta\/","url_meta":{"origin":4687,"position":4},"title":"Rotina psicol\u00f3gica pr\u00e9-luta","author":"Dave","date":"Junho 3, 2016","format":false,"excerpt":"In the weeks before a fight Try and familiarise yourself with the sights, sounds and even the smells that you may encounter before and during a fight. From the noise of the crowd, the walk in, the vaseline on the eyebrows, even the smell of beer! (that's what hit me\u2026","rel":"","context":"Similar post","block_context":{"text":"Similar post","link":""},"img":{"alt_text":"","src":"https:\/\/i0.wp.com\/blackbeltwhitehat.com\/wp-content\/uploads\/2016\/06\/physiology.jpg?resize=350%2C200&ssl=1","width":350,"height":200,"srcset":"https:\/\/i0.wp.com\/blackbeltwhitehat.com\/wp-content\/uploads\/2016\/06\/physiology.jpg?resize=350%2C200&ssl=1 1x, https:\/\/i0.wp.com\/blackbeltwhitehat.com\/wp-content\/uploads\/2016\/06\/physiology.jpg?resize=525%2C300&ssl=1 1.5x, https:\/\/i0.wp.com\/blackbeltwhitehat.com\/wp-content\/uploads\/2016\/06\/physiology.jpg?resize=700%2C400&ssl=1 2x"},"classes":[]},{"id":3822,"url":"https:\/\/blackbeltwhitehat.com\/pt\/artigos-de-mma\/programas-de-condicionamento-de-forca-para-mma\/","url_meta":{"origin":4687,"position":5},"title":"Programas de For\u00e7a e Condicionamento para MMA","author":"Dave","date":"Mar\u00e7o 4, 2016","format":false,"excerpt":"Strength & conditioning is vital in MMA. Many fights and competitions are won & lost, not in the cage, but in the weeks & months preceding a competition - in the gym and out on the road. With skillsets often matched equally, the winning factor can often be attributed to\u2026","rel":"","context":"Similar post","block_context":{"text":"Similar post","link":""},"img":{"alt_text":"","src":"","width":0,"height":0},"classes":[]}],"_links":{"self":[{"href":"https:\/\/blackbeltwhitehat.com\/pt\/wp-json\/wp\/v2\/pages\/4687","targetHints":{"allow":["GET"]}}],"collection":[{"href":"https:\/\/blackbeltwhitehat.com\/pt\/wp-json\/wp\/v2\/pages"}],"about":[{"href":"https:\/\/blackbeltwhitehat.com\/pt\/wp-json\/wp\/v2\/types\/page"}],"author":[{"embeddable":true,"href":"https:\/\/blackbeltwhitehat.com\/pt\/wp-json\/wp\/v2\/users\/41980142"}],"replies":[{"embeddable":true,"href":"https:\/\/blackbeltwhitehat.com\/pt\/wp-json\/wp\/v2\/comments?post=4687"}],"version-history":[{"count":7,"href":"https:\/\/blackbeltwhitehat.com\/pt\/wp-json\/wp\/v2\/pages\/4687\/revisions"}],"predecessor-version":[{"id":17471,"href":"https:\/\/blackbeltwhitehat.com\/pt\/wp-json\/wp\/v2\/pages\/4687\/revisions\/17471"}],"wp:attachment":[{"href":"https:\/\/blackbeltwhitehat.com\/pt\/wp-json\/wp\/v2\/media?parent=4687"}],"curies":[{"name":"wp","href":"https:\/\/api.w.org\/{rel}","templated":true}]}}