{"id":4829,"date":"2016-05-24T12:11:47","date_gmt":"2016-05-24T12:11:47","guid":{"rendered":"http:\/\/blackbeltwhitehat.com\/?page_id=4829"},"modified":"2018-07-16T21:06:13","modified_gmt":"2018-07-16T21:06:13","slug":"curcumina-meriva","status":"publish","type":"page","link":"https:\/\/blackbeltwhitehat.com\/pt\/analises-de-suplementos\/curcumina-meriva\/","title":{"rendered":"An\u00e1lise da curcumina Meriva"},"content":{"rendered":"<p>A c\u00farcuma \u00e9 provavelmente o melhor anti-inflamat\u00f3rio natural, \u00f3tima para quem pratica MMA e grappling. Praticar grappling detona as articula\u00e7\u00f5es.<\/p>\n<p>A curcumina \u00e9 o &quot;componente ativo&quot; da c\u00farcuma, respons\u00e1vel por suas propriedades anti-inflamat\u00f3rias. Infelizmente, sua absor\u00e7\u00e3o pelo intestino n\u00e3o \u00e9 muito eficiente.<\/p>\n<p><a href=\"https:\/\/amzn.to\/2tG9aqj\" target=\"_blank\" rel=\"noopener\">Meriva Curcumina<\/a> No entanto, cont\u00e9m um fitossoma (seja l\u00e1 o que isso for), o que, por sua vez, aumenta drasticamente a absor\u00e7\u00e3o.<\/p>\n<p>Estou usando este suplemento h\u00e1 cerca de um m\u00eas e o considero realmente eficaz \u2013 muito mais do que apenas \u00f3leo de peixe.<\/p>\n<p><img data-recalc-dims=\"1\" decoding=\"async\" src=\"https:\/\/i0.wp.com\/cdn.bodykind.com\/Files\/ecomproducts-img1-2006.jpg\" alt=\"Doctors Best Curcumin Phytosome com Meriva - 60 c\u00e1psulas vegetais de 500mg\" \/><\/p>\n<p>Eu definitivamente recomendo como suplemento para quem tem problemas de dor nas articula\u00e7\u00f5es e\/ou inflama\u00e7\u00e3o. Voc\u00ea pode comprar na Amazon ou no eBay.<\/p>\n<p>Se voc\u00ea mora no Reino Unido, voc\u00ea pode<\/p>\n<p><a href=\"https:\/\/amzn.to\/2tG9aqj\" target=\"_blank\" rel=\"noopener\">Compre o melhor produto da Doctor&#039;s Best: Meriva Curcumin<\/a><\/p>\n<p>ou o <a href=\"https:\/\/amzn.to\/2uFmU54\" target=\"_blank\" rel=\"noopener\">Curcumina Thorne Meriva<\/a> (Acredito que esta seja a recomendada pela Dra. Rhonda Patrick).<\/p>\n<p>da Amazon.<\/p>\n<p>Lembre-se que este produto cont\u00e9m 180\/120 c\u00e1psulas, o que corresponde a um suprimento para 4 a 6 meses. Portanto, vale o investimento (na minha opini\u00e3o).<\/p>\n<p>Se voc\u00ea mora nos EUA, pode comprar a embalagem menor para experimentar.\u00a0 <a href=\"https:\/\/amzn.to\/2MlD9LV\" target=\"_blank\" rel=\"noopener\">Clique aqui para visitar o site da Amazon dos EUA.<\/a><\/p>\n<p>Aviso \u2013 Eu tenho uma conta de afiliado da Amazon, mas realmente uso este produto o tempo todo porque ele \u00e9 muito bom!<\/p>\n<p>Meu conjunto completo de anti-inflamat\u00f3rios \u00e9:<\/p>\n<ul>\n<li>Suco de cereja \u00e1cida<\/li>\n<li>C\u00e1psulas de rosa mosqueta<\/li>\n<li>Meriva Curcumina<\/li>\n<\/ul>\n<p>Eu usaria \u00f3leo de CBD se fosse rico o suficiente.<\/p>\n<p>O magn\u00e9sio tamb\u00e9m \u00e9 \u00f3timo para aliviar a rigidez no pesco\u00e7o.<\/p>\n<hr \/>\n<h2><\/h2>\n<h2>Pesquisa sobre curcumina da Meriva<\/h2>\n<p>Acesse o Google Acad\u00eamico e digite &quot;Meriva Curcumin&quot; para ver dezenas de resultados. <a href=\"http:\/\/bjjcaveman.com\/wp-content\/uploads\/2016\/01\/Curcumin-and-Arthritis.pdf\">Este PDF<\/a> O artigo apresenta uma boa descri\u00e7\u00e3o dos benef\u00edcios e conclui que o produto pode ser usado como tratamento a longo prazo para osteoartrite.<\/p>\n<p><a href=\"https:\/\/link.springer.com\/article\/10.1007\/s00280-006-0355-x\">Este estudo<\/a> Conclui-se tamb\u00e9m que a curcumina da Meriva \u00e9 mais biodispon\u00edvel (mais potente) do que a curcumina normal.<\/p>\n<p><a href=\"http:\/\/69.164.208.4\/files\/Anti-inflammatory%20Properties%20of%20Curcumin,%20a%20Major%20Constituent%20of%20Curcuma%20longa:%20A%20Review%20of%20Preclinical%20and%20Clinical%20Research.pdf\">Aqui<\/a> Trata-se de um excelente artigo acad\u00eamico sobre o potencial uso da curcumina Meriva e da curcumina (padr\u00e3o) em uma variedade de doen\u00e7as e condi\u00e7\u00f5es inflamat\u00f3rias, incluindo c\u00e2ncer e diversas doen\u00e7as intestinais.<\/p>\n<hr \/>\n<h2><\/h2>\n<h2>Meriva Curcumina vs. Ibuprofeno<\/h2>\n<p><a href=\"https:\/\/www.ncbi.nlm.nih.gov\/pubmed\/19678780\">Este estudo <\/a>O estudo mostrou que a curcumina da Meriva foi t\u00e3o eficaz quanto 800 mg de ibuprofeno no tratamento da dor e na melhora da mobilidade em pacientes com osteoartrite do joelho.<\/p>\n<p>Al\u00e9m disso, a curcumina n\u00e3o aumenta a probabilidade de ataque card\u00edaco e derrame e n\u00e3o prejudica o organismo. <a href=\"https:\/\/www.kidney.org\/news\/kidneyCare\/winter10\/MedicinesForPain\" target=\"_blank\" rel=\"noopener\">rins<\/a> ou o revestimento do est\u00f4mago, como os &#039;inibidores de COX-2&#039;, como o ibuprofeno (uma subst\u00e2ncia maligna na minha opini\u00e3o).<\/p>\n<p>&nbsp;<\/p>\n<hr \/>\n<h2><\/h2>\n<h2>A inflama\u00e7\u00e3o geralmente come\u00e7a no intestino.<\/h2>\n<p>Obviamente, n\u00e3o ajuda em nada se voc\u00ea luta todos os dias e leva chutes e socos. Se voc\u00ea tem algum problema estomacal, resolv\u00ea-lo deve ser sua prioridade. Voc\u00ea pode ter inflama\u00e7\u00e3o intestinal e\/ou problemas no revestimento do est\u00f4mago.<\/p>\n<p>Para mim, o jejum, a glutamina e probi\u00f3ticos fortes t\u00eam ajudado. Tamb\u00e9m abandonei completamente os latic\u00ednios e reduzi bastante o gl\u00faten.<\/p>\n<p>O CBD \u00e9 bom tanto para a inflama\u00e7\u00e3o quanto para a sa\u00fade intestinal. Eu tentei usar cannabis normal, mas na verdade meus m\u00fasculos e articula\u00e7\u00f5es ficaram mais inflamados; provavelmente por causa do excesso de THC.<\/p>\n<p>&nbsp;<\/p>\n<p>&nbsp;<\/p>","protected":false},"excerpt":{"rendered":"<p>Turmeric is arguably nature&#8217;s best anti-inflammatory, great for those doing MMA &amp; grappling. Grappling proper f*cks your joints. Curcumin is the &#8216;active component&#8217; found in turmeric, which gives it its anti-inflammatory properties. Unfortunately, absorption via the gut is not very efficient. Meriva Curcumin however, contains\u00a0a phytosome (whatever that is) which in turn increases the absorption [&hellip;]<\/p>\n","protected":false},"author":41980142,"featured_media":0,"parent":4523,"menu_order":0,"comment_status":"closed","ping_status":"closed","template":"","meta":{"_coblocks_attr":"","_coblocks_dimensions":"","_coblocks_responsive_height":"","_coblocks_accordion_ie_support":"","_crdt_document":"","footnotes":""},"class_list":["post-4829","page","type-page","status-publish","hentry"],"yoast_head":"<!-- This site is optimized with the Yoast SEO plugin v27.6 - https:\/\/yoast.com\/product\/yoast-seo-wordpress\/ -->\n<title>Meriva Curcumin Review - Fitness &amp; MMA Blog - BlackBeltWhiteHat.com<\/title>\n<meta name=\"robots\" content=\"index, follow, max-snippet:-1, max-image-preview:large, max-video-preview:-1\" \/>\n<link rel=\"canonical\" href=\"https:\/\/blackbeltwhitehat.com\/pt\/analises-de-suplementos\/curcumina-meriva\/\" \/>\n<meta property=\"og:locale\" content=\"pt_PT\" \/>\n<meta property=\"og:type\" content=\"article\" \/>\n<meta property=\"og:title\" content=\"Meriva Curcumin Review - Fitness &amp; MMA Blog - BlackBeltWhiteHat.com\" \/>\n<meta property=\"og:description\" content=\"Turmeric is arguably nature&#8217;s best anti-inflammatory, great for those doing MMA &amp; grappling. Grappling proper f*cks your joints. Curcumin is the &#8216;active component&#8217; found in turmeric, which gives it its anti-inflammatory properties. Unfortunately, absorption via the gut is not very efficient. Meriva Curcumin however, contains\u00a0a phytosome (whatever that is) which in turn increases the absorption [&hellip;]\" \/>\n<meta property=\"og:url\" content=\"https:\/\/blackbeltwhitehat.com\/pt\/analises-de-suplementos\/curcumina-meriva\/\" \/>\n<meta property=\"og:site_name\" content=\"Fitness &amp; MMA Blog - BlackBeltWhiteHat.com\" \/>\n<meta property=\"article:publisher\" content=\"https:\/\/www.facebook.com\/BlackBeltWhiteHat\/\" \/>\n<meta property=\"article:modified_time\" content=\"2018-07-16T21:06:13+00:00\" \/>\n<meta property=\"og:image\" content=\"http:\/\/cdn.bodykind.com\/Files\/ecomproducts-img1-2006.jpg\" \/>\n<meta name=\"twitter:card\" content=\"summary_large_image\" \/>\n<meta name=\"twitter:site\" content=\"@MMATraining1980\" \/>\n<meta name=\"twitter:label1\" content=\"Tempo estimado de leitura\" \/>\n\t<meta name=\"twitter:data1\" content=\"2 minutos\" \/>\n<!-- \/ Yoast SEO plugin. -->","yoast_head_json":{"title":"Meriva Curcumin Review - Fitness &amp; MMA Blog - BlackBeltWhiteHat.com","robots":{"index":"index","follow":"follow","max-snippet":"max-snippet:-1","max-image-preview":"max-image-preview:large","max-video-preview":"max-video-preview:-1"},"canonical":"https:\/\/blackbeltwhitehat.com\/pt\/analises-de-suplementos\/curcumina-meriva\/","og_locale":"pt_PT","og_type":"article","og_title":"Meriva Curcumin Review - Fitness &amp; MMA Blog - BlackBeltWhiteHat.com","og_description":"Turmeric is arguably nature&#8217;s best anti-inflammatory, great for those doing MMA &amp; grappling. Grappling proper f*cks your joints. Curcumin is the &#8216;active component&#8217; found in turmeric, which gives it its anti-inflammatory properties. Unfortunately, absorption via the gut is not very efficient. Meriva Curcumin however, contains\u00a0a phytosome (whatever that is) which in turn increases the absorption [&hellip;]","og_url":"https:\/\/blackbeltwhitehat.com\/pt\/analises-de-suplementos\/curcumina-meriva\/","og_site_name":"Fitness &amp; MMA Blog - BlackBeltWhiteHat.com","article_publisher":"https:\/\/www.facebook.com\/BlackBeltWhiteHat\/","article_modified_time":"2018-07-16T21:06:13+00:00","og_image":[{"url":"http:\/\/cdn.bodykind.com\/Files\/ecomproducts-img1-2006.jpg","type":"","width":"","height":""}],"twitter_card":"summary_large_image","twitter_site":"@MMATraining1980","twitter_misc":{"Tempo estimado de leitura":"2 minutos"},"schema":{"@context":"https:\/\/schema.org","@graph":[{"@type":"WebPage","@id":"https:\/\/blackbeltwhitehat.com\/supplement-reviews\/meriva-curcumin\/","url":"https:\/\/blackbeltwhitehat.com\/supplement-reviews\/meriva-curcumin\/","name":"Meriva Curcumin Review - Fitness &amp; MMA Blog - BlackBeltWhiteHat.com","isPartOf":{"@id":"https:\/\/blackbeltwhitehat.com\/en\/#website"},"primaryImageOfPage":{"@id":"https:\/\/blackbeltwhitehat.com\/supplement-reviews\/meriva-curcumin\/#primaryimage"},"image":{"@id":"https:\/\/blackbeltwhitehat.com\/supplement-reviews\/meriva-curcumin\/#primaryimage"},"thumbnailUrl":"http:\/\/cdn.bodykind.com\/Files\/ecomproducts-img1-2006.jpg","datePublished":"2016-05-24T12:11:47+00:00","dateModified":"2018-07-16T21:06:13+00:00","breadcrumb":{"@id":"https:\/\/blackbeltwhitehat.com\/supplement-reviews\/meriva-curcumin\/#breadcrumb"},"inLanguage":"pt-PT","potentialAction":[{"@type":"ReadAction","target":["https:\/\/blackbeltwhitehat.com\/supplement-reviews\/meriva-curcumin\/"]}]},{"@type":"ImageObject","inLanguage":"pt-PT","@id":"https:\/\/blackbeltwhitehat.com\/supplement-reviews\/meriva-curcumin\/#primaryimage","url":"http:\/\/cdn.bodykind.com\/Files\/ecomproducts-img1-2006.jpg","contentUrl":"http:\/\/cdn.bodykind.com\/Files\/ecomproducts-img1-2006.jpg"},{"@type":"BreadcrumbList","@id":"https:\/\/blackbeltwhitehat.com\/supplement-reviews\/meriva-curcumin\/#breadcrumb","itemListElement":[{"@type":"ListItem","position":1,"name":"Home","item":"https:\/\/blackbeltwhitehat.com\/"},{"@type":"ListItem","position":2,"name":"Supplement Reviews","item":"https:\/\/blackbeltwhitehat.com\/supplement-reviews\/"},{"@type":"ListItem","position":3,"name":"Meriva Curcumin Review"}]},{"@type":"WebSite","@id":"https:\/\/blackbeltwhitehat.com\/en\/#website","url":"https:\/\/blackbeltwhitehat.com\/en\/","name":"Blog de Fitness e MMA - BlackBeltWhiteHat.com","description":"Blog de fitness, MMA e nutri\u00e7\u00e3o do Reino Unido","publisher":{"@id":"https:\/\/blackbeltwhitehat.com\/en\/#organization"},"potentialAction":[{"@type":"SearchAction","target":{"@type":"EntryPoint","urlTemplate":"https:\/\/blackbeltwhitehat.com\/en\/?s={search_term_string}"},"query-input":{"@type":"PropertyValueSpecification","valueRequired":true,"valueName":"search_term_string"}}],"inLanguage":"pt-PT"},{"@type":"Organization","@id":"https:\/\/blackbeltwhitehat.com\/en\/#organization","name":"Blog de Fitness e MMA - BlackBeltWhiteHat.com","url":"https:\/\/blackbeltwhitehat.com\/en\/","logo":{"@type":"ImageObject","inLanguage":"pt-PT","@id":"https:\/\/blackbeltwhitehat.com\/en\/#\/schema\/logo\/image\/","url":"https:\/\/blackbeltwhitehat.com\/wp-content\/uploads\/2019\/06\/cropped-mmabloglogodis-copy.png","contentUrl":"https:\/\/blackbeltwhitehat.com\/wp-content\/uploads\/2019\/06\/cropped-mmabloglogodis-copy.png","width":352,"height":352,"caption":"Fitness & MMA Blog - BlackBeltWhiteHat.com"},"image":{"@id":"https:\/\/blackbeltwhitehat.com\/en\/#\/schema\/logo\/image\/"},"sameAs":["https:\/\/www.facebook.com\/BlackBeltWhiteHat\/","https:\/\/x.com\/MMATraining1980"]}]}},"jetpack_likes_enabled":true,"jetpack_sharing_enabled":true,"jetpack_shortlink":"https:\/\/wp.me\/P2Sx3t-1fT","jetpack-related-posts":[{"id":4523,"url":"https:\/\/blackbeltwhitehat.com\/pt\/analises-de-suplementos\/","url_meta":{"origin":4829,"position":0},"title":"An\u00e1lises de suplementos","author":"Dave","date":"Maio 13, 2016","format":false,"excerpt":"Sports Nutrition should be virtually the same as healthy nutrition. For too long, sports nutrition has focused on the time-window before, during & after training & competition. However, an athlete's diet throughout the day is equally, if not more important. Whilst a diet should be based on organic, whole-foods, in\u2026","rel":"","context":"Similar post","block_context":{"text":"Similar post","link":""},"img":{"alt_text":"","src":"","width":0,"height":0},"classes":[]},{"id":938,"url":"https:\/\/blackbeltwhitehat.com\/pt\/artigos-de-mma\/nutricao\/protocolo-definitivo-de-recuperacao-de-mma\/","url_meta":{"origin":4829,"position":1},"title":"MMA Recovery Methods [Updated  2025] (1 Amazing Free Hack)","author":"Dave","date":"Dezembro 2, 2013","format":false,"excerpt":"Train like thunder, recovery like lightning\u00a0\u26a1 Adapt to training & become a better fighter by improving your recovery from MMA training sessions. Written by Drew Griffiths (BSc, MSc) *Diet & Exercise at your own risk. Article is for informational purposes only* Watch this video, or read below! https:\/\/youtu.be\/itIE1ISTr8I Train MMA\u2026","rel":"","context":"With 7 comments","block_context":{"text":"With 7 comments","link":"https:\/\/blackbeltwhitehat.com\/pt\/artigos-de-mma\/nutricao\/protocolo-definitivo-de-recuperacao-de-mma\/#comments"},"img":{"alt_text":"","src":"https:\/\/i0.wp.com\/blackbeltwhitehat.com\/wp-content\/uploads\/2024\/03\/received_1385627988743725.jpeg?resize=350%2C200&ssl=1","width":350,"height":200,"srcset":"https:\/\/i0.wp.com\/blackbeltwhitehat.com\/wp-content\/uploads\/2024\/03\/received_1385627988743725.jpeg?resize=350%2C200&ssl=1 1x, https:\/\/i0.wp.com\/blackbeltwhitehat.com\/wp-content\/uploads\/2024\/03\/received_1385627988743725.jpeg?resize=525%2C300&ssl=1 1.5x, https:\/\/i0.wp.com\/blackbeltwhitehat.com\/wp-content\/uploads\/2024\/03\/received_1385627988743725.jpeg?resize=700%2C400&ssl=1 2x, https:\/\/i0.wp.com\/blackbeltwhitehat.com\/wp-content\/uploads\/2024\/03\/received_1385627988743725.jpeg?resize=1050%2C600&ssl=1 3x"},"classes":[]},{"id":9384,"url":"https:\/\/blackbeltwhitehat.com\/pt\/planos-de-dieta\/plano-de-dieta-mma\/","url_meta":{"origin":4829,"position":2},"title":"MMA Diet Plan \u22c5 on a budget (.pdf) [2025]","author":"Dave","date":"Setembro 19, 2018","format":false,"excerpt":"For Making weight for a fight see this article Last updated - March 6th, 2025 MMA Diet Plan Summary Recovery is paramount. Eat lots of anti-inflammatory foods* Supplement with natural anti-inflammatories such as tart cherry juice & turmeric Consume a carbohydrate & electrolyte drink during training sessions Taurine pre-training can\u2026","rel":"","context":"Similar post","block_context":{"text":"Similar post","link":""},"img":{"alt_text":"4000 calorie diet plan","src":"https:\/\/i0.wp.com\/blackbeltwhitehat.com\/wp-content\/uploads\/2018\/01\/infog_4000diet2.png?resize=350%2C200&ssl=1","width":350,"height":200,"srcset":"https:\/\/i0.wp.com\/blackbeltwhitehat.com\/wp-content\/uploads\/2018\/01\/infog_4000diet2.png?resize=350%2C200&ssl=1 1x, https:\/\/i0.wp.com\/blackbeltwhitehat.com\/wp-content\/uploads\/2018\/01\/infog_4000diet2.png?resize=525%2C300&ssl=1 1.5x, https:\/\/i0.wp.com\/blackbeltwhitehat.com\/wp-content\/uploads\/2018\/01\/infog_4000diet2.png?resize=700%2C400&ssl=1 2x"},"classes":[]},{"id":9111,"url":"https:\/\/blackbeltwhitehat.com\/pt\/avaliacoes\/maquina-de-massagem-firas-zahabi-aprovada-por-joe-rogan\/","url_meta":{"origin":4829,"position":3},"title":"M\u00e1quina de massagem Firas Zahabi \u2013 Veja a avalia\u00e7\u00e3o de Joe Rogan","author":"Dave","date":"Junho 25, 2018","format":false,"excerpt":"Joe Rogan Massage Machine for MMA The Firas Zahabi Massage Tool, which was seen on Joe Rogan's recent podcast, is pretty amazing and a great alternative to hours of foam rolling. Similar to the Theragun, it is significantly less expensive and specifically designed for MMA. The machine is a 'percussion\u2026","rel":"","context":"Similar post","block_context":{"text":"Similar post","link":""},"img":{"alt_text":"Power massager review reddit","src":"https:\/\/i0.wp.com\/blackbeltwhitehat.com\/wp-content\/uploads\/2018\/08\/timtam2.png?resize=350%2C200&ssl=1","width":350,"height":200,"srcset":"https:\/\/i0.wp.com\/blackbeltwhitehat.com\/wp-content\/uploads\/2018\/08\/timtam2.png?resize=350%2C200&ssl=1 1x, https:\/\/i0.wp.com\/blackbeltwhitehat.com\/wp-content\/uploads\/2018\/08\/timtam2.png?resize=525%2C300&ssl=1 1.5x, https:\/\/i0.wp.com\/blackbeltwhitehat.com\/wp-content\/uploads\/2018\/08\/timtam2.png?resize=700%2C400&ssl=1 2x"},"classes":[]},{"id":412,"url":"https:\/\/blackbeltwhitehat.com\/pt\/artigos-de-mma\/nutricao\/","url_meta":{"origin":4829,"position":4},"title":"Nutri\u00e7\u00e3o","author":"Dave","date":"Abril 16, 2013","format":false,"excerpt":"MMA Nutrition Tips All things MMA Nutrition related, including this free ebook. \u00a0 MMA Nutrition Articles MMA Recovery The A to Z of Vitamins & Minerals Carbohydrates & MMA What are the Essential Amino Acids? How to Lose Weight Paleo Diet for MMA Paleo Diet for Beginners Herbs for MMA\u2026","rel":"","context":"Similar post","block_context":{"text":"Similar post","link":""},"img":{"alt_text":"","src":"","width":0,"height":0},"classes":[]},{"id":486,"url":"https:\/\/blackbeltwhitehat.com\/pt\/artigos-de-mma\/nutricao\/os-5-melhores-suplementos-para-mma\/","url_meta":{"origin":4829,"position":5},"title":"Os 5 melhores suplementos para MMA","author":"Dave","date":"Junho 29, 2013","format":false,"excerpt":"These are my top 5 MMA supplements; it's very subjective, so many people might not agree, but here goes: 1. Taurine This stuff is amazing for preventing a muscle pump. When this happens in grappling, your grip strength just vanishes. This can be a big problem if you are carry\u2026","rel":"","context":"Similar post","block_context":{"text":"Similar post","link":""},"img":{"alt_text":"mma supplements","src":"https:\/\/i0.wp.com\/blackbeltwhitehat.com\/wp-content\/uploads\/2013\/06\/mma-fight.jpg?resize=350%2C200&ssl=1","width":350,"height":200,"srcset":"https:\/\/i0.wp.com\/blackbeltwhitehat.com\/wp-content\/uploads\/2013\/06\/mma-fight.jpg?resize=350%2C200&ssl=1 1x, https:\/\/i0.wp.com\/blackbeltwhitehat.com\/wp-content\/uploads\/2013\/06\/mma-fight.jpg?resize=525%2C300&ssl=1 1.5x, https:\/\/i0.wp.com\/blackbeltwhitehat.com\/wp-content\/uploads\/2013\/06\/mma-fight.jpg?resize=700%2C400&ssl=1 2x"},"classes":[]}],"_links":{"self":[{"href":"https:\/\/blackbeltwhitehat.com\/pt\/wp-json\/wp\/v2\/pages\/4829","targetHints":{"allow":["GET"]}}],"collection":[{"href":"https:\/\/blackbeltwhitehat.com\/pt\/wp-json\/wp\/v2\/pages"}],"about":[{"href":"https:\/\/blackbeltwhitehat.com\/pt\/wp-json\/wp\/v2\/types\/page"}],"author":[{"embeddable":true,"href":"https:\/\/blackbeltwhitehat.com\/pt\/wp-json\/wp\/v2\/users\/41980142"}],"replies":[{"embeddable":true,"href":"https:\/\/blackbeltwhitehat.com\/pt\/wp-json\/wp\/v2\/comments?post=4829"}],"version-history":[{"count":17,"href":"https:\/\/blackbeltwhitehat.com\/pt\/wp-json\/wp\/v2\/pages\/4829\/revisions"}],"predecessor-version":[{"id":9151,"href":"https:\/\/blackbeltwhitehat.com\/pt\/wp-json\/wp\/v2\/pages\/4829\/revisions\/9151"}],"up":[{"embeddable":true,"href":"https:\/\/blackbeltwhitehat.com\/pt\/wp-json\/wp\/v2\/pages\/4523"}],"wp:attachment":[{"href":"https:\/\/blackbeltwhitehat.com\/pt\/wp-json\/wp\/v2\/media?parent=4829"}],"curies":[{"name":"wp","href":"https:\/\/api.w.org\/{rel}","templated":true}]}}