{"id":498,"date":"2013-06-29T14:40:11","date_gmt":"2013-06-29T14:40:11","guid":{"rendered":"http:\/\/blackbeltwhitehat.com\/?page_id=498"},"modified":"2013-07-01T18:44:01","modified_gmt":"2013-07-01T18:44:01","slug":"treinamento-de-mma-na-california","status":"publish","type":"page","link":"https:\/\/blackbeltwhitehat.com\/pt\/artigos-de-mma\/feriados-de-mma\/treinamento-de-mma-na-california\/","title":{"rendered":"Treinando MMA na Calif\u00f3rnia"},"content":{"rendered":"<p>Academias de MMA para treinar na Calif\u00f3rnia:<\/p>\n<p><span style=\"color:#ff0000;\"><strong>k-one S\u00e3o Francisco<\/strong><\/span><br \/>\n<a title=\"k-one s\u00e3o francisco\" href=\"http:\/\/www.k-onefitness.com\/\" target=\"_blank\">Site<\/a><br \/>\n<a title=\"P\u00e1gina do K-1 San Francisco no Facebook\" href=\"https:\/\/www.facebook.com\/K1Fitness\" target=\"_blank\">P\u00e1gina do Facebook<\/a><\/p>\n<p><strong>Localiza\u00e7\u00e3o da academia<\/strong><br \/>\n<a title=\"MMA S\u00e3o Francisco\" href=\"https:\/\/maps.google.co.uk\/maps?client=safari&amp;ie=UTF-8&amp;q=mma+san+francisco&amp;fb=1&amp;gl=uk&amp;hq=mma&amp;hnear=0x80859a6d00690021:0x4a501367f076adff,San+Francisco,+CA,+USA&amp;ei=OAHPUdyaBsvXPeDggcAB&amp;ved=0CNsBELYD&amp;iwloc=cids:5637921730236862137\" target=\"_blank\">Aqui<\/a> \u00e9 a localiza\u00e7\u00e3o \u2013 meu blog ruim n\u00e3o me permite incorporar o mapa diretamente aqui.<\/p>\n<div>\n<div>2001 Van Ness<\/div>\n<div>S\u00e3o Francisco, CA 94109, Estados Unidos<\/div>\n<\/div>\n<div>\n<div>+1 415-474-3322<\/div>\n<\/div>\n<p>Na verdade, participei de uma aula aqui em 2011. Era a aula de bootcamp de Muay Thai, ministrada por um cara chamado Xavier Makay. Um cara muito legal, aula muito boa e intensa, focada em condicionamento f\u00edsico.<\/p>\n<p><strong>Alojamento<br \/>\n<\/strong>Eu fiquei no <a title=\"MMA S\u00e3o Francisco\" href=\"http:\/\/www.lombardmotorinn.com\/\" target=\"_blank\">Lombard Motor Inn<\/a>, na rua Lombard.<br \/>\nEra muito bom, limpo e confort\u00e1vel, e os funcion\u00e1rios eram muito simp\u00e1ticos.<br \/>\nCustava cerca de $120 por noite.<\/p>\n<p><span style=\"color:#ff0000;\"><strong>Luta de Submiss\u00e3o de Combate (CSW)<br \/>\n<\/strong><a title=\"CSW\" href=\"http:\/\/cswfullerton.com\/\" target=\"_blank\"><span style=\"color:#000000;\">Site<\/span><\/a><br \/>\n<a title=\"CSW FB\" href=\"https:\/\/www.facebook.com\/CombatSubmissionWrestling?fref=ts\" target=\"_blank\"><span style=\"color:#000000;\">P\u00e1gina do Facebook<\/span><\/a><\/span><\/p>\n<p><strong>Localiza\u00e7\u00e3o da academia<br \/>\n<\/strong>A academia fica em Fullerton. Voc\u00ea pode ver o mapa. <a title=\"csw\" href=\"https:\/\/maps.google.co.uk\/maps?client=safari&amp;oe=UTF-8&amp;ie=UTF-8&amp;q=combat+submission+wrestling&amp;fb=1&amp;gl=uk&amp;hq=combat+submission+wrestling&amp;cid=0,0,12522353652384014021&amp;ei=X_LOUcyyOIKWO6-SgcAG&amp;ved=0CKABEPwSMAA\" target=\"_blank\">aqui<\/a>.<\/p>\n<div>\n<div>801<\/div>\n<div>4080 North Palm Street, Fullerton, CA 92835, Estados Unidos<\/div>\n<\/div>\n<div>\n<div>+1 818-915-3225<\/div>\n<div><\/div>\n<div><\/div>\n<\/div>\n<p><strong>Alojamento<br \/>\n<\/strong>Se voc\u00ea procura um lugar simples para se hospedar nas proximidades, ent\u00e3o o <a title=\"Days Inn Fullerton\" href=\"http:\/\/www.daysinn.com\/hotels\/california\/fullerton\/days-inn-and-suites-fullerton\/hotel-overview?reg=Local-_-all-_-DI-_-all&amp;cid=IP_Local&amp;wid=local\" target=\"_blank\">Hotel Days Inn <\/a>Pode ser a solu\u00e7\u00e3o. Custa cerca de 50 libras por noite. Fica mesmo ao lado do gin\u00e1sio.<\/p>\n<p><span style=\"color:#ff0000;\"><strong>Team Quest Oceanside<\/strong><\/span><br \/>\n<a title=\"Team Quest Oceanside\" href=\"http:\/\/tqoceanside.wordpress.com\/\" target=\"_blank\">Site<\/a><br \/>\n<a title=\"Team Quest Oceanside Facebook\" href=\"https:\/\/www.facebook.com\/pages\/Team-Quest-Oceanside\/323163901515?fref=ts\" target=\"_blank\">P\u00e1gina do Facebook<\/a><\/p>\n<p><strong>Localiza\u00e7\u00e3o da academia<br \/>\n<\/strong>Como seria de esperar, a academia fica em Oceanside, Calif\u00f3rnia. Veja o mapa. <a title=\"Mapa de OceanSide\" href=\"https:\/\/maps.google.co.uk\/maps?q=Team+Quest+Oceanside,+North+Horne+Street,+Oceanside,+CA,+United+States&amp;hl=en&amp;sll=33.19587,-117.379483&amp;sspn=0.360842,0.617294&amp;oq=team+questOceanside,+CA,+United+States&amp;t=h&amp;hq=Team+Quest+Oceanside,&amp;hnear=N+Horne+St,+Oceanside,+California+92054,+United+States&amp;z=16\" target=\"_blank\">aqui<\/a><\/p>\n<div>\n<div>318 North Horne Street<\/div>\n<div>Oceanside, CA 92054, Estados Unidos<\/div>\n<\/div>\n<div>\n<div>+1 760-722-3122<\/div>\n<\/div>\n<p><strong>Alojamento<\/strong><br \/>\n<a title=\"Hot\u00e9is em Oceanside\" href=\"http:\/\/www.californiahotels.com\/cities\/Oceanside?refclickid=1004~G~(+)~Oceanside-CA-motels&amp;adposition=1t1&amp;device=c&amp;gclid=CKj_sbaMjLgCFY3HtAodaHcA9w\" target=\"_blank\">Aqui<\/a> \u00e9 uma lista de hot\u00e9is locais<\/p>\n<p><span style=\"color:#ff0000;\"><strong>Academia Americana de Kickboxing<\/strong><\/span><span style=\"color:#ff0000;\"><strong><br \/>\n<\/strong><span style=\"color:#000000;\"><a title=\"Tamb\u00e9m conhecido como\" href=\"http:\/\/akakickbox.com\/\" target=\"_blank\">Site<br \/>\n<\/a><a title=\"Facebook\" href=\"https:\/\/www.facebook.com\/AmericanKickboxingAcademy\" target=\"_blank\">Facebook<\/a><\/span><\/span><\/p>\n<p><strong>Localiza\u00e7\u00e3o<\/strong><br \/>\nA sede da AKA est\u00e1 localizada em<span style=\"color:#000000;\"><b><br \/>\n<\/b><\/span>7012 Realm Drive, San Jose, CA 95119<br \/>\n<a title=\"Tamb\u00e9m conhecido como QG\" href=\"https:\/\/maps.google.co.uk\/maps?q=7012+Realm+Drive,+San+Jose,+CA+95119&amp;hl=en&amp;sll=47.73855,12.508828&amp;sspn=37.196311,79.013672&amp;t=h&amp;hnear=7012+Realm+Dr,+San+Jose,+Santa+Clara,+California+95119,+United+States&amp;z=16&amp;iwloc=A\" target=\"_blank\">Mapa<\/a><\/p>\n<p>Tamb\u00e9m conhecido como Hillsdale, est\u00e1 localizado em:<br \/>\n1791 Hillsdale Avenue, San Jose, CA 95124<br \/>\n<a title=\"Tamb\u00e9m conhecido como Hillsdale\" href=\"https:\/\/maps.google.co.uk\/maps?q=1791+Hillsdale+Avenue,+San+Jose,+CA+95124&amp;hl=en&amp;sll=37.228716,-121.77658&amp;sspn=0.010729,0.01929&amp;t=h&amp;hnear=1791+Hillsdale+Ave,+San+Jose,+California+95124,+United+States&amp;z=16\" target=\"_blank\">Mapa<\/a><\/p>\n<p><strong>Alojamento<br \/>\n<\/strong><a title=\"Hotel em San Jos\u00e9\" href=\"http:\/\/www.extendedstayamerica.com\/property\/Extended-Stay-America-San-Jose-Edenvale-North-hotel.html\" target=\"_blank\">Este hotel<\/a> fica mesmo ao lado da academia.<br \/>\n<a title=\"f\u00e9rias de MMA no hotel\" href=\"http:\/\/www.daysinn.com\/hotels\/california\/san-jose\/days-inn-san-jose-convention-center\/hotel-overview?reg=Local-_-all-_-DI-_-all&amp;cid=IP_Local&amp;wid=local\" target=\"_blank\">Este hotel Days Inn<\/a> Fica a 10 minutos a p\u00e9, descendo a rua, e custa cerca de \u00a360 por noite.<\/p>\n<p>Aqui est\u00e3o alguns hot\u00e9is baratos em Hillsdale, perto da academia.<br \/>\n<a title=\"Hotel em Hillsdale\" href=\"http:\/\/www.bristol-hotel.com\/\" target=\"_blank\">http:\/\/www.bristol-hotel.com\/<\/a><br \/>\n<a title=\"F\u00e9rias no Hotel Hillsdale MMA\" href=\"http:\/\/www.carlyle-hotel.com\/\" target=\"_blank\">http:\/\/www.carlyle-hotel.com\/<\/a><\/p>","protected":false},"excerpt":{"rendered":"<p>MMA Gyms to train at in California: k-one San Francisco Website FaceBook Page Gym Location Here is the location &#8211; my crappy blog won&#8217;t let me embed the map on here directly. 2001 Van Ness San Francisco, CA 94109, United States +1 415-474-3322 I actually attended a class here in 2011. \u00a0It was the Thai [&hellip;]<\/p>\n","protected":false},"author":41980142,"featured_media":0,"parent":496,"menu_order":0,"comment_status":"open","ping_status":"open","template":"","meta":{"_coblocks_attr":"","_coblocks_dimensions":"","_coblocks_responsive_height":"","_coblocks_accordion_ie_support":"","_crdt_document":"","footnotes":""},"class_list":["post-498","page","type-page","status-publish","hentry"],"yoast_head":"<!-- This site is optimized with the Yoast SEO plugin v27.4 - https:\/\/yoast.com\/product\/yoast-seo-wordpress\/ -->\n<title>Training MMA in California - Fitness &amp; MMA Blog - BlackBeltWhiteHat.com<\/title>\n<meta name=\"robots\" content=\"index, follow, max-snippet:-1, max-image-preview:large, max-video-preview:-1\" \/>\n<link rel=\"canonical\" href=\"https:\/\/blackbeltwhitehat.com\/pt\/artigos-de-mma\/feriados-de-mma\/treinamento-de-mma-na-california\/\" \/>\n<meta property=\"og:locale\" content=\"pt_PT\" \/>\n<meta property=\"og:type\" content=\"article\" \/>\n<meta property=\"og:title\" content=\"Training MMA in California - Fitness &amp; MMA Blog - BlackBeltWhiteHat.com\" \/>\n<meta property=\"og:description\" content=\"MMA Gyms to train at in California: k-one San Francisco Website FaceBook Page Gym Location Here is the location &#8211; my crappy blog won&#8217;t let me embed the map on here directly. 2001 Van Ness San Francisco, CA 94109, United States +1 415-474-3322 I actually attended a class here in 2011. \u00a0It was the Thai [&hellip;]\" \/>\n<meta property=\"og:url\" content=\"https:\/\/blackbeltwhitehat.com\/pt\/artigos-de-mma\/feriados-de-mma\/treinamento-de-mma-na-california\/\" \/>\n<meta property=\"og:site_name\" content=\"Fitness &amp; MMA Blog - BlackBeltWhiteHat.com\" \/>\n<meta property=\"article:publisher\" content=\"https:\/\/www.facebook.com\/BlackBeltWhiteHat\/\" \/>\n<meta property=\"article:modified_time\" content=\"2013-07-01T18:44:01+00:00\" \/>\n<meta name=\"twitter:card\" content=\"summary_large_image\" \/>\n<meta name=\"twitter:site\" content=\"@MMATraining1980\" \/>\n<meta name=\"twitter:label1\" content=\"Tempo estimado de leitura\" \/>\n\t<meta name=\"twitter:data1\" content=\"1 minuto\" \/>\n<!-- \/ Yoast SEO plugin. -->","yoast_head_json":{"title":"Treinando MMA na Calif\u00f3rnia - Blog de Fitness e MMA - BlackBeltWhiteHat.com","robots":{"index":"index","follow":"follow","max-snippet":"max-snippet:-1","max-image-preview":"max-image-preview:large","max-video-preview":"max-video-preview:-1"},"canonical":"https:\/\/blackbeltwhitehat.com\/pt\/artigos-de-mma\/feriados-de-mma\/treinamento-de-mma-na-california\/","og_locale":"pt_PT","og_type":"article","og_title":"Training MMA in California - Fitness &amp; MMA Blog - BlackBeltWhiteHat.com","og_description":"MMA Gyms to train at in California: k-one San Francisco Website FaceBook Page Gym Location Here is the location &#8211; my crappy blog won&#8217;t let me embed the map on here directly. 2001 Van Ness San Francisco, CA 94109, United States +1 415-474-3322 I actually attended a class here in 2011. \u00a0It was the Thai [&hellip;]","og_url":"https:\/\/blackbeltwhitehat.com\/pt\/artigos-de-mma\/feriados-de-mma\/treinamento-de-mma-na-california\/","og_site_name":"Fitness &amp; MMA Blog - BlackBeltWhiteHat.com","article_publisher":"https:\/\/www.facebook.com\/BlackBeltWhiteHat\/","article_modified_time":"2013-07-01T18:44:01+00:00","twitter_card":"summary_large_image","twitter_site":"@MMATraining1980","twitter_misc":{"Tempo estimado de leitura":"1 minuto"},"schema":{"@context":"https:\/\/schema.org","@graph":[{"@type":"WebPage","@id":"https:\/\/blackbeltwhitehat.com\/mma-articles\/mma-holidays\/training-mma-in-california\/","url":"https:\/\/blackbeltwhitehat.com\/mma-articles\/mma-holidays\/training-mma-in-california\/","name":"Treinando MMA na Calif\u00f3rnia - Blog de Fitness e MMA - BlackBeltWhiteHat.com","isPartOf":{"@id":"https:\/\/blackbeltwhitehat.com\/en\/#website"},"datePublished":"2013-06-29T14:40:11+00:00","dateModified":"2013-07-01T18:44:01+00:00","breadcrumb":{"@id":"https:\/\/blackbeltwhitehat.com\/mma-articles\/mma-holidays\/training-mma-in-california\/#breadcrumb"},"inLanguage":"pt-PT","potentialAction":[{"@type":"ReadAction","target":["https:\/\/blackbeltwhitehat.com\/mma-articles\/mma-holidays\/training-mma-in-california\/"]}]},{"@type":"BreadcrumbList","@id":"https:\/\/blackbeltwhitehat.com\/mma-articles\/mma-holidays\/training-mma-in-california\/#breadcrumb","itemListElement":[{"@type":"ListItem","position":1,"name":"Home","item":"https:\/\/blackbeltwhitehat.com\/"},{"@type":"ListItem","position":2,"name":"MMA","item":"https:\/\/blackbeltwhitehat.com\/mma-articles\/"},{"@type":"ListItem","position":3,"name":"MMA Holidays","item":"https:\/\/blackbeltwhitehat.com\/mma-articles\/mma-holidays\/"},{"@type":"ListItem","position":4,"name":"Training MMA in California"}]},{"@type":"WebSite","@id":"https:\/\/blackbeltwhitehat.com\/en\/#website","url":"https:\/\/blackbeltwhitehat.com\/en\/","name":"Blog de Fitness e MMA - BlackBeltWhiteHat.com","description":"Blog de fitness, MMA e nutri\u00e7\u00e3o do Reino Unido","publisher":{"@id":"https:\/\/blackbeltwhitehat.com\/en\/#organization"},"potentialAction":[{"@type":"SearchAction","target":{"@type":"EntryPoint","urlTemplate":"https:\/\/blackbeltwhitehat.com\/en\/?s={search_term_string}"},"query-input":{"@type":"PropertyValueSpecification","valueRequired":true,"valueName":"search_term_string"}}],"inLanguage":"pt-PT"},{"@type":"Organization","@id":"https:\/\/blackbeltwhitehat.com\/en\/#organization","name":"Blog de Fitness e MMA - BlackBeltWhiteHat.com","url":"https:\/\/blackbeltwhitehat.com\/en\/","logo":{"@type":"ImageObject","inLanguage":"pt-PT","@id":"https:\/\/blackbeltwhitehat.com\/en\/#\/schema\/logo\/image\/","url":"https:\/\/blackbeltwhitehat.com\/wp-content\/uploads\/2019\/06\/cropped-mmabloglogodis-copy.png","contentUrl":"https:\/\/blackbeltwhitehat.com\/wp-content\/uploads\/2019\/06\/cropped-mmabloglogodis-copy.png","width":352,"height":352,"caption":"Fitness & MMA Blog - BlackBeltWhiteHat.com"},"image":{"@id":"https:\/\/blackbeltwhitehat.com\/en\/#\/schema\/logo\/image\/"},"sameAs":["https:\/\/www.facebook.com\/BlackBeltWhiteHat\/","https:\/\/x.com\/MMATraining1980"]}]}},"jetpack_likes_enabled":true,"jetpack_sharing_enabled":true,"jetpack_shortlink":"https:\/\/wp.me\/P2Sx3t-82","jetpack-related-posts":[{"id":2566,"url":"https:\/\/blackbeltwhitehat.com\/pt\/avaliacoes\/academias-de-mma\/ipc-wrexham\/","url_meta":{"origin":498,"position":0},"title":"IPC Wrexham","author":"Dave","date":"Janeiro 11, 2015","format":false,"excerpt":"http:\/\/www.ipcwrexham.co.uk Family run gym with no meatheads. Members are extremely friendly and extremely supportive of each other. Personal training sessions and MMA 1-2-1 sessions available for \u00a320 each The conditioning classes are a killer, but you can do as much as you want. Great place to get fit or learn\u2026","rel":"","context":"Similar post","block_context":{"text":"Similar post","link":""},"img":{"alt_text":"","src":"https:\/\/i0.wp.com\/img.youtube.com\/vi\/M6DkiPSibCM\/0.jpg?resize=350%2C200","width":350,"height":200},"classes":[]},{"id":1507,"url":"https:\/\/blackbeltwhitehat.com\/pt\/artigos-de-mma\/outro\/artes-marciais-para-criancas\/","url_meta":{"origin":498,"position":1},"title":"Artes marciais para crian\u00e7as","author":"Dave","date":"Janeiro 30, 2014","format":false,"excerpt":"Which martial arts are best for children? Does violent behaviour in a gym, reinforce violent behaviour outside of the gym? To a certain extent - yes. To summarise what all the research says - aggressive behaviour, reinforces more aggressive behaviour. \u00a0This is true of any \"power\" \"strength\" or combat sport.\u2026","rel":"","context":"Similar post","block_context":{"text":"Similar post","link":""},"img":{"alt_text":"Rex Kwon Do","src":"https:\/\/i0.wp.com\/blackbeltwhitehat.com\/wp-content\/uploads\/2014\/01\/cagefighter.gif?resize=350%2C200","width":350,"height":200},"classes":[]},{"id":1674,"url":"https:\/\/blackbeltwhitehat.com\/pt\/artigos-de-mma\/feriados-de-mma\/treinamento-na-tailandia-em-2014\/","url_meta":{"origin":498,"position":2},"title":"Treinamento na Tail\u00e2ndia em 2014","author":"Dave","date":"Maio 26, 2014","format":false,"excerpt":"Here are some websites that are worth looking at: Gym Websites My friend Alan stayed at Sinbi, and said it was excellent. \"(I) stayed in Sinbi apartments about 5 mins away from gym lovely place private pool and gated, you can stay at the gym as well it's a lot\u2026","rel":"","context":"Similar post","block_context":{"text":"Similar post","link":""},"img":{"alt_text":"","src":"","width":0,"height":0},"classes":[]},{"id":1168,"url":"https:\/\/blackbeltwhitehat.com\/pt\/artigos-de-mma\/outro\/idiotas-de-academia\/","url_meta":{"origin":498,"position":3},"title":"Babacas de academia","author":"Dave","date":"Dezembro 20, 2013","format":false,"excerpt":"A Quick Run-Down of Gym Stereotypes Bodybuilder Stupid tan, probably whitens his teeth, skinhead, wears lycra or a tiny vest. Often knows next to nothing about training, but takes loads of 'gear'. Has a fathead 80% of the year. Very aggressive, believes he is the alpha male of the gym,\u2026","rel":"","context":"Similar post","block_context":{"text":"Similar post","link":""},"img":{"alt_text":"Gym bellend","src":"https:\/\/i0.wp.com\/blackbeltwhitehat.com\/wp-content\/uploads\/2013\/12\/bodybuilder_76_by_stonepiler-d4j83so.jpg?fit=600%2C827&ssl=1&resize=350%2C200","width":350,"height":200,"srcset":"https:\/\/i0.wp.com\/blackbeltwhitehat.com\/wp-content\/uploads\/2013\/12\/bodybuilder_76_by_stonepiler-d4j83so.jpg?fit=600%2C827&ssl=1&resize=350%2C200 1x, https:\/\/i0.wp.com\/blackbeltwhitehat.com\/wp-content\/uploads\/2013\/12\/bodybuilder_76_by_stonepiler-d4j83so.jpg?fit=600%2C827&ssl=1&resize=525%2C300 1.5x"},"classes":[]},{"id":496,"url":"https:\/\/blackbeltwhitehat.com\/pt\/artigos-de-mma\/feriados-de-mma\/","url_meta":{"origin":498,"position":4},"title":"F\u00e9rias de MMA","author":"Dave","date":"Junho 29, 2013","format":false,"excerpt":"Treinamento de f\u00e9rias na Calif\u00f3rnia, Holanda e Tail\u00e2ndia; Muay Thai na Tail\u00e2ndia; MMA na Calif\u00f3rnia; Yoga na Create Holiday.","rel":"","context":"Similar post","block_context":{"text":"Similar post","link":""},"img":{"alt_text":"","src":"","width":0,"height":0},"classes":[]},{"id":2564,"url":"https:\/\/blackbeltwhitehat.com\/pt\/avaliacoes\/academias-de-mma\/","url_meta":{"origin":498,"position":5},"title":"Academias de MMA","author":"Dave","date":"Janeiro 11, 2015","format":false,"excerpt":"Avalia\u00e7\u00f5es de academias de MMA","rel":"","context":"Similar post","block_context":{"text":"Similar post","link":""},"img":{"alt_text":"","src":"","width":0,"height":0},"classes":[]}],"_links":{"self":[{"href":"https:\/\/blackbeltwhitehat.com\/pt\/wp-json\/wp\/v2\/pages\/498","targetHints":{"allow":["GET"]}}],"collection":[{"href":"https:\/\/blackbeltwhitehat.com\/pt\/wp-json\/wp\/v2\/pages"}],"about":[{"href":"https:\/\/blackbeltwhitehat.com\/pt\/wp-json\/wp\/v2\/types\/page"}],"author":[{"embeddable":true,"href":"https:\/\/blackbeltwhitehat.com\/pt\/wp-json\/wp\/v2\/users\/41980142"}],"replies":[{"embeddable":true,"href":"https:\/\/blackbeltwhitehat.com\/pt\/wp-json\/wp\/v2\/comments?post=498"}],"version-history":[{"count":13,"href":"https:\/\/blackbeltwhitehat.com\/pt\/wp-json\/wp\/v2\/pages\/498\/revisions"}],"predecessor-version":[{"id":500,"href":"https:\/\/blackbeltwhitehat.com\/pt\/wp-json\/wp\/v2\/pages\/498\/revisions\/500"}],"up":[{"embeddable":true,"href":"https:\/\/blackbeltwhitehat.com\/pt\/wp-json\/wp\/v2\/pages\/496"}],"wp:attachment":[{"href":"https:\/\/blackbeltwhitehat.com\/pt\/wp-json\/wp\/v2\/media?parent=498"}],"curies":[{"name":"wp","href":"https:\/\/api.w.org\/{rel}","templated":true}]}}