{"id":515,"date":"2013-06-29T17:13:56","date_gmt":"2013-06-29T17:13:56","guid":{"rendered":"http:\/\/blackbeltwhitehat.com\/?page_id=515"},"modified":"2013-06-29T17:14:31","modified_gmt":"2013-06-29T17:14:31","slug":"luvas-de-sparmaster-rebelde","status":"publish","type":"page","link":"https:\/\/blackbeltwhitehat.com\/pt\/avaliacoes\/luvas-de-sparmaster-rebelde\/","title":{"rendered":"Luvas Rogue SparMaster"},"content":{"rendered":"<p>An\u00e1lise de Equipamento de MMA \u2013 Luvas SparMaster para MMA<\/p>\n<p>Boas luvas! J\u00e1 t\u00eam anos e ainda est\u00e3o \u00f3timas. N\u00e3o s\u00e3o incr\u00edveis para usar nos pads, mas fora isso, s\u00e3o muito boas para sparring.<\/p>\n<p><span class=\"embed-youtube\" style=\"text-align:center; display: block;\"><iframe loading=\"lazy\" class=\"youtube-player\" width=\"640\" height=\"360\" src=\"https:\/\/www.youtube.com\/embed\/zQzZFgm4geM?version=3&#038;rel=1&#038;showsearch=0&#038;showinfo=1&#038;iv_load_policy=1&#038;fs=1&#038;hl=pt-PT&#038;autohide=2&#038;wmode=transparent\" allowfullscreen=\"true\" style=\"border:0;\" sandbox=\"allow-scripts allow-same-origin allow-popups allow-presentation allow-popups-to-escape-sandbox\"><\/iframe><\/span><\/p>","protected":false},"excerpt":{"rendered":"<p>An\u00e1lise de Equipamento de MMA \u2013 Luvas SparMaster de MMA: \u00d3timas luvas! J\u00e1 t\u00eam anos e ainda est\u00e3o em excelente estado. N\u00e3o s\u00e3o incr\u00edveis para usar com aparadores, mas fora isso, s\u00e3o muito boas para sparring.<\/p>","protected":false},"author":41980142,"featured_media":0,"parent":189,"menu_order":0,"comment_status":"open","ping_status":"open","template":"","meta":{"_coblocks_attr":"","_coblocks_dimensions":"","_coblocks_responsive_height":"","_coblocks_accordion_ie_support":"","_crdt_document":"","footnotes":""},"class_list":["post-515","page","type-page","status-publish","hentry"],"yoast_head":"<!-- This site is optimized with the Yoast SEO plugin v27.4 - https:\/\/yoast.com\/product\/yoast-seo-wordpress\/ -->\n<title>Rogue SparMaster Gloves - Fitness &amp; MMA Blog - BlackBeltWhiteHat.com<\/title>\n<meta name=\"robots\" content=\"index, follow, max-snippet:-1, max-image-preview:large, max-video-preview:-1\" \/>\n<link rel=\"canonical\" href=\"https:\/\/blackbeltwhitehat.com\/pt\/avaliacoes\/luvas-de-sparmaster-rebelde\/\" \/>\n<meta property=\"og:locale\" content=\"pt_PT\" \/>\n<meta property=\"og:type\" content=\"article\" \/>\n<meta property=\"og:title\" content=\"Rogue SparMaster Gloves - Fitness &amp; MMA Blog - BlackBeltWhiteHat.com\" \/>\n<meta property=\"og:description\" content=\"MMA Gear Review &#8211; MMA SparMaster Gloves Good Gloves! \u00a0Years old, and still going strong. \u00a0Not amazing for use on the pads, but other than that, really good for sparring.\" \/>\n<meta property=\"og:url\" content=\"https:\/\/blackbeltwhitehat.com\/pt\/avaliacoes\/luvas-de-sparmaster-rebelde\/\" \/>\n<meta property=\"og:site_name\" content=\"Fitness &amp; MMA Blog - BlackBeltWhiteHat.com\" \/>\n<meta property=\"article:publisher\" content=\"https:\/\/www.facebook.com\/BlackBeltWhiteHat\/\" \/>\n<meta property=\"article:modified_time\" content=\"2013-06-29T17:14:31+00:00\" \/>\n<meta name=\"twitter:card\" content=\"summary_large_image\" \/>\n<meta name=\"twitter:site\" content=\"@MMATraining1980\" \/>\n<!-- \/ Yoast SEO plugin. -->","yoast_head_json":{"title":"Luvas Rogue SparMaster - Blog de Fitness e MMA - BlackBeltWhiteHat.com","robots":{"index":"index","follow":"follow","max-snippet":"max-snippet:-1","max-image-preview":"max-image-preview:large","max-video-preview":"max-video-preview:-1"},"canonical":"https:\/\/blackbeltwhitehat.com\/pt\/avaliacoes\/luvas-de-sparmaster-rebelde\/","og_locale":"pt_PT","og_type":"article","og_title":"Rogue SparMaster Gloves - Fitness &amp; MMA Blog - BlackBeltWhiteHat.com","og_description":"MMA Gear Review &#8211; MMA SparMaster Gloves Good Gloves! \u00a0Years old, and still going strong. \u00a0Not amazing for use on the pads, but other than that, really good for sparring.","og_url":"https:\/\/blackbeltwhitehat.com\/pt\/avaliacoes\/luvas-de-sparmaster-rebelde\/","og_site_name":"Fitness &amp; MMA Blog - BlackBeltWhiteHat.com","article_publisher":"https:\/\/www.facebook.com\/BlackBeltWhiteHat\/","article_modified_time":"2013-06-29T17:14:31+00:00","twitter_card":"summary_large_image","twitter_site":"@MMATraining1980","schema":{"@context":"https:\/\/schema.org","@graph":[{"@type":"WebPage","@id":"https:\/\/blackbeltwhitehat.com\/reviews\/rogue-sparmaster-gloves\/","url":"https:\/\/blackbeltwhitehat.com\/reviews\/rogue-sparmaster-gloves\/","name":"Luvas Rogue SparMaster - Blog de Fitness e MMA - BlackBeltWhiteHat.com","isPartOf":{"@id":"https:\/\/blackbeltwhitehat.com\/en\/#website"},"datePublished":"2013-06-29T17:13:56+00:00","dateModified":"2013-06-29T17:14:31+00:00","breadcrumb":{"@id":"https:\/\/blackbeltwhitehat.com\/reviews\/rogue-sparmaster-gloves\/#breadcrumb"},"inLanguage":"pt-PT","potentialAction":[{"@type":"ReadAction","target":["https:\/\/blackbeltwhitehat.com\/reviews\/rogue-sparmaster-gloves\/"]}]},{"@type":"BreadcrumbList","@id":"https:\/\/blackbeltwhitehat.com\/reviews\/rogue-sparmaster-gloves\/#breadcrumb","itemListElement":[{"@type":"ListItem","position":1,"name":"Home","item":"https:\/\/blackbeltwhitehat.com\/"},{"@type":"ListItem","position":2,"name":"Reviews","item":"https:\/\/blackbeltwhitehat.com\/reviews\/"},{"@type":"ListItem","position":3,"name":"Rogue SparMaster Gloves"}]},{"@type":"WebSite","@id":"https:\/\/blackbeltwhitehat.com\/en\/#website","url":"https:\/\/blackbeltwhitehat.com\/en\/","name":"Blog de Fitness e MMA - BlackBeltWhiteHat.com","description":"Blog de fitness, MMA e nutri\u00e7\u00e3o do Reino Unido","publisher":{"@id":"https:\/\/blackbeltwhitehat.com\/en\/#organization"},"potentialAction":[{"@type":"SearchAction","target":{"@type":"EntryPoint","urlTemplate":"https:\/\/blackbeltwhitehat.com\/en\/?s={search_term_string}"},"query-input":{"@type":"PropertyValueSpecification","valueRequired":true,"valueName":"search_term_string"}}],"inLanguage":"pt-PT"},{"@type":"Organization","@id":"https:\/\/blackbeltwhitehat.com\/en\/#organization","name":"Blog de Fitness e MMA - BlackBeltWhiteHat.com","url":"https:\/\/blackbeltwhitehat.com\/en\/","logo":{"@type":"ImageObject","inLanguage":"pt-PT","@id":"https:\/\/blackbeltwhitehat.com\/en\/#\/schema\/logo\/image\/","url":"https:\/\/blackbeltwhitehat.com\/wp-content\/uploads\/2019\/06\/cropped-mmabloglogodis-copy.png","contentUrl":"https:\/\/blackbeltwhitehat.com\/wp-content\/uploads\/2019\/06\/cropped-mmabloglogodis-copy.png","width":352,"height":352,"caption":"Fitness & MMA Blog - BlackBeltWhiteHat.com"},"image":{"@id":"https:\/\/blackbeltwhitehat.com\/en\/#\/schema\/logo\/image\/"},"sameAs":["https:\/\/www.facebook.com\/BlackBeltWhiteHat\/","https:\/\/x.com\/MMATraining1980"]}]}},"jetpack_likes_enabled":true,"jetpack_sharing_enabled":true,"jetpack_shortlink":"https:\/\/wp.me\/P2Sx3t-8j","jetpack-related-posts":[{"id":1284,"url":"https:\/\/blackbeltwhitehat.com\/pt\/avaliacoes\/analise-da-luva-de-treino-everlast-mma\/","url_meta":{"origin":515,"position":0},"title":"An\u00e1lise da Luva de Treino Everlast MMA","author":"Dave","date":"Janeiro 4, 2014","format":false,"excerpt":"Link to gloves These are really good for the price - \u00a312.99 I'm a left-wing anti-establishment type, so I'm not saying that just because I got sent a pair for free. They are really well padded and have good wrist support. If anyone remembers the Harbinger gloves - well, they\u2026","rel":"","context":"Similar post","block_context":{"text":"Similar post","link":""},"img":{"alt_text":"","src":"https:\/\/i0.wp.com\/img.youtube.com\/vi\/KAZUqfedEpY\/0.jpg?resize=350%2C200","width":350,"height":200},"classes":[]},{"id":189,"url":"https:\/\/blackbeltwhitehat.com\/pt\/avaliacoes\/","url_meta":{"origin":515,"position":1},"title":"Avalia\u00e7\u00f5es","author":"Dave","date":"Fevereiro 4, 2013","format":false,"excerpt":"Product and equipment reviews for fitness and MMA. Honest reviews of fitness, nutrition & MMA related products and services. I'm rarely sent anything to review, but if I am, I will declare this in the review itself. MMA Reviews Everlast MMA Gloves Review TimTam Massage Machine Review Kangrui leather boxing\u2026","rel":"","context":"Similar post","block_context":{"text":"Similar post","link":""},"img":{"alt_text":"","src":"","width":0,"height":0},"classes":[]},{"id":502,"url":"https:\/\/blackbeltwhitehat.com\/pt\/artigos-de-mma\/condicionamento-de-mma\/","url_meta":{"origin":515,"position":2},"title":"Condicionamento f\u00edsico para MMA","author":"Dave","date":"Junho 29, 2013","format":false,"excerpt":"MMA Strength & Conditioning Articles The main thing to consider with MMA conditioning is the SAID Principle -\u00a0Specific Adaptation to Imposed Demand. To get fit and strong for MMA, you need to perform and replicate MMA specific movements. In my opinion, all the schedules and S & C programmes that\u2026","rel":"","context":"Similar post","block_context":{"text":"Similar post","link":""},"img":{"alt_text":"","src":"","width":0,"height":0},"classes":[]},{"id":251,"url":"https:\/\/blackbeltwhitehat.com\/pt\/artigos-de-mma\/","url_meta":{"origin":515,"position":3},"title":"MMA","author":"Dave","date":"Mar\u00e7o 6, 2013","format":false,"excerpt":"A range of MMA articles looking at MMA Strength & Conditioning MMA Nutrition MMA Techniques \u00a0 \u00a0 Click here to see all MMA Related Blog Posts Click here to see MMA training articles Written in a concise and easy to understand format, they're definitely worth a read for any MMA\u2026","rel":"","context":"Similar post","block_context":{"text":"Similar post","link":""},"img":{"alt_text":"what is MMA","src":"https:\/\/i0.wp.com\/blackbeltwhitehat.com\/wp-content\/uploads\/2018\/09\/mma_whatis.jpg?resize=350%2C200&ssl=1","width":350,"height":200,"srcset":"https:\/\/i0.wp.com\/blackbeltwhitehat.com\/wp-content\/uploads\/2018\/09\/mma_whatis.jpg?resize=350%2C200&ssl=1 1x, https:\/\/i0.wp.com\/blackbeltwhitehat.com\/wp-content\/uploads\/2018\/09\/mma_whatis.jpg?resize=525%2C300&ssl=1 1.5x, https:\/\/i0.wp.com\/blackbeltwhitehat.com\/wp-content\/uploads\/2018\/09\/mma_whatis.jpg?resize=700%2C400&ssl=1 2x"},"classes":[]},{"id":5141,"url":"https:\/\/blackbeltwhitehat.com\/pt\/artigos-de-mma\/camisetas-de-mma\/","url_meta":{"origin":515,"position":4},"title":"Camisetas de MMA","author":"Dave","date":"Junho 23, 2016","format":false,"excerpt":"Camisetas de MMA j\u00e1 est\u00e3o dispon\u00edveis em nossa loja online https:\/\/nicemma.com\/ Todo o lucro ser\u00e1 destinado \u00e0 compra de psicod\u00e9licos.","rel":"","context":"Similar post","block_context":{"text":"Similar post","link":""},"img":{"alt_text":"nice mma t-shirt","src":"https:\/\/i0.wp.com\/blackbeltwhitehat.com\/wp-content\/uploads\/2019\/09\/donice-1.jpg?resize=350%2C200&ssl=1","width":350,"height":200,"srcset":"https:\/\/i0.wp.com\/blackbeltwhitehat.com\/wp-content\/uploads\/2019\/09\/donice-1.jpg?resize=350%2C200&ssl=1 1x, https:\/\/i0.wp.com\/blackbeltwhitehat.com\/wp-content\/uploads\/2019\/09\/donice-1.jpg?resize=525%2C300&ssl=1 1.5x, https:\/\/i0.wp.com\/blackbeltwhitehat.com\/wp-content\/uploads\/2019\/09\/donice-1.jpg?resize=700%2C400&ssl=1 2x"},"classes":[]},{"id":412,"url":"https:\/\/blackbeltwhitehat.com\/pt\/artigos-de-mma\/nutricao\/","url_meta":{"origin":515,"position":5},"title":"Nutri\u00e7\u00e3o","author":"Dave","date":"Abril 16, 2013","format":false,"excerpt":"MMA Nutrition Tips All things MMA Nutrition related, including this free ebook. \u00a0 MMA Nutrition Articles MMA Recovery The A to Z of Vitamins & Minerals Carbohydrates & MMA What are the Essential Amino Acids? How to Lose Weight Paleo Diet for MMA Paleo Diet for Beginners Herbs for MMA\u2026","rel":"","context":"Similar post","block_context":{"text":"Similar post","link":""},"img":{"alt_text":"","src":"","width":0,"height":0},"classes":[]}],"_links":{"self":[{"href":"https:\/\/blackbeltwhitehat.com\/pt\/wp-json\/wp\/v2\/pages\/515","targetHints":{"allow":["GET"]}}],"collection":[{"href":"https:\/\/blackbeltwhitehat.com\/pt\/wp-json\/wp\/v2\/pages"}],"about":[{"href":"https:\/\/blackbeltwhitehat.com\/pt\/wp-json\/wp\/v2\/types\/page"}],"author":[{"embeddable":true,"href":"https:\/\/blackbeltwhitehat.com\/pt\/wp-json\/wp\/v2\/users\/41980142"}],"replies":[{"embeddable":true,"href":"https:\/\/blackbeltwhitehat.com\/pt\/wp-json\/wp\/v2\/comments?post=515"}],"version-history":[{"count":3,"href":"https:\/\/blackbeltwhitehat.com\/pt\/wp-json\/wp\/v2\/pages\/515\/revisions"}],"predecessor-version":[{"id":518,"href":"https:\/\/blackbeltwhitehat.com\/pt\/wp-json\/wp\/v2\/pages\/515\/revisions\/518"}],"up":[{"embeddable":true,"href":"https:\/\/blackbeltwhitehat.com\/pt\/wp-json\/wp\/v2\/pages\/189"}],"wp:attachment":[{"href":"https:\/\/blackbeltwhitehat.com\/pt\/wp-json\/wp\/v2\/media?parent=515"}],"curies":[{"name":"wp","href":"https:\/\/api.w.org\/{rel}","templated":true}]}}