{"id":5280,"date":"2016-07-02T19:15:03","date_gmt":"2016-07-02T19:15:03","guid":{"rendered":"http:\/\/blackbeltwhitehat.com\/?page_id=5280"},"modified":"2019-03-15T06:26:17","modified_gmt":"2019-03-15T06:26:17","slug":"corda-de-pular-de-velocidade-bestrope","status":"publish","type":"page","link":"https:\/\/blackbeltwhitehat.com\/pt\/avaliacoes\/corda-de-pular-de-velocidade-bestrope\/","title":{"rendered":"Corda de pular BeastRope Speed"},"content":{"rendered":"<p><img data-recalc-dims=\"1\" loading=\"lazy\" decoding=\"async\" data-attachment-id=\"5293\" data-permalink=\"https:\/\/blackbeltwhitehat.com\/pt\/avaliacoes\/corda-de-pular-de-velocidade-bestrope\/beastrope\/\" data-orig-file=\"https:\/\/i0.wp.com\/blackbeltwhitehat.com\/wp-content\/uploads\/2016\/07\/beastrope.jpg?fit=1200%2C1200&amp;ssl=1\" data-orig-size=\"1200,1200\" data-comments-opened=\"1\" data-image-meta=\"{&quot;aperture&quot;:&quot;0&quot;,&quot;credit&quot;:&quot;&quot;,&quot;camera&quot;:&quot;&quot;,&quot;caption&quot;:&quot;&quot;,&quot;created_timestamp&quot;:&quot;0&quot;,&quot;copyright&quot;:&quot;&quot;,&quot;focal_length&quot;:&quot;0&quot;,&quot;iso&quot;:&quot;0&quot;,&quot;shutter_speed&quot;:&quot;0&quot;,&quot;title&quot;:&quot;&quot;,&quot;orientation&quot;:&quot;0&quot;}\" data-image-title=\"BeastRope\" data-image-description=\"\" data-image-caption=\"\" data-large-file=\"https:\/\/i0.wp.com\/blackbeltwhitehat.com\/wp-content\/uploads\/2016\/07\/beastrope.jpg?fit=1024%2C1024&amp;ssl=1\" class=\"alignnone size-full wp-image-5293\" src=\"https:\/\/i0.wp.com\/blackbeltwhitehat.com\/wp-content\/uploads\/2016\/07\/beastrope.jpg?resize=1200%2C1200&#038;ssl=1\" alt=\"Corda da Besta\" width=\"1200\" height=\"1200\" \/><\/p>\n<p><a href=\"http:\/\/www.beastgear.co.uk\/\" target=\"_blank\" rel=\"nofollow noopener noreferrer\">Site da Beast Gear<\/a><\/p>\n<p><a href=\"https:\/\/www.amazon.co.uk\/gp\/product\/B01FW7SSI6\/ref=oh_aui_detailpage_o03_s00?ie=UTF8&amp;psc=1\" target=\"_blank\" rel=\"nofollow noopener noreferrer\">Link da Amazon<\/a><\/p>\n<p>Esta \u00e9 uma adi\u00e7\u00e3o fant\u00e1stica \u00e0 bolsa de equipamentos;<\/p>\n<p>Preciso mesmo melhorar meu jogo de p\u00e9s, ent\u00e3o foi perfeito quando me enviaram o Beastrope para testar.<\/p>\n<p><strong>Pr\u00f3s<\/strong><br \/>\nComprimento ajust\u00e1vel<br \/>\nLeve e resistente<br \/>\nExcelente rela\u00e7\u00e3o custo-benef\u00edcio (por esse pre\u00e7o, \u00e9 dif\u00edcil perder).<\/p>\n<p><strong>Contras<\/strong><br \/>\n\u00c9 um pouco complicado coloc\u00e1-lo de volta na bolsinha em que vem embalado.<br \/>\n<span style=\"text-decoration:underline;\">An\u00e1lise<\/span><\/p>\n<p><span class=\"embed-youtube\" style=\"text-align:center; display: block;\"><iframe loading=\"lazy\" class=\"youtube-player\" width=\"640\" height=\"360\" src=\"https:\/\/www.youtube.com\/embed\/oanl0XoWvrg?version=3&#038;rel=1&#038;showsearch=0&#038;showinfo=1&#038;iv_load_policy=1&#038;fs=1&#038;hl=pt-PT&#038;autohide=2&#038;wmode=transparent\" allowfullscreen=\"true\" style=\"border:0;\" sandbox=\"allow-scripts allow-same-origin allow-popups allow-presentation allow-popups-to-escape-sandbox\"><\/iframe><\/span><\/p>\n<p>&nbsp;<\/p>\n<p><span style=\"text-decoration:underline;\">Usando a corda<\/span><\/p>\n<p><span class=\"embed-youtube\" style=\"text-align:center; display: block;\"><iframe loading=\"lazy\" class=\"youtube-player\" width=\"640\" height=\"360\" src=\"https:\/\/www.youtube.com\/embed\/b__6-z67ny0?version=3&#038;rel=1&#038;showsearch=0&#038;showinfo=1&#038;iv_load_policy=1&#038;fs=1&#038;hl=pt-PT&#038;autohide=2&#038;wmode=transparent\" allowfullscreen=\"true\" style=\"border:0;\" sandbox=\"allow-scripts allow-same-origin allow-popups allow-presentation allow-popups-to-escape-sandbox\"><\/iframe><\/span><\/p>\n<p>&nbsp;<\/p>\n<p><strong>Melhoria no jogo de p\u00e9s?<\/strong><\/p>\n<p><span style=\"text-decoration:underline;\">25 de junho<\/span><\/p>\n<p><span class=\"embed-youtube\" style=\"text-align:center; display: block;\"><iframe loading=\"lazy\" class=\"youtube-player\" width=\"640\" height=\"360\" src=\"https:\/\/www.youtube.com\/embed\/Aj6KetgBO7o?version=3&#038;rel=1&#038;showsearch=0&#038;showinfo=1&#038;iv_load_policy=1&#038;fs=1&#038;hl=pt-PT&#038;autohide=2&#038;start=92&#038;wmode=transparent\" allowfullscreen=\"true\" style=\"border:0;\" sandbox=\"allow-scripts allow-same-origin allow-popups allow-presentation allow-popups-to-escape-sandbox\"><\/iframe><\/span><br \/>\n<span style=\"text-decoration:underline;\">2 de julho<\/span><\/p>\n<p><span class=\"embed-youtube\" style=\"text-align:center; display: block;\"><iframe loading=\"lazy\" class=\"youtube-player\" width=\"640\" height=\"360\" src=\"https:\/\/www.youtube.com\/embed\/8NM4Nz4_nx4?version=3&#038;rel=1&#038;showsearch=0&#038;showinfo=1&#038;iv_load_policy=1&#038;fs=1&#038;hl=pt-PT&#038;autohide=2&#038;start=13&#038;wmode=transparent\" allowfullscreen=\"true\" style=\"border:0;\" sandbox=\"allow-scripts allow-same-origin allow-popups allow-presentation allow-popups-to-escape-sandbox\"><\/iframe><\/span><\/p>\n<p>&nbsp;<\/p>\n<p>&nbsp;<\/p>\n<p>Recomendo muito esta corda de pular. Todos os produtos da Beast Gear t\u00eam um \u00f3timo custo-benef\u00edcio e os fabricantes\/propriet\u00e1rios obviamente t\u00eam muito orgulho de seus produtos.<\/p>\n<p>&nbsp;<\/p>","protected":false},"excerpt":{"rendered":"<p>Beast Gear website Amazon Link A fantastic addition to the kit bag this; I really need to work on my footwork, so it was perfect timing when I got sent the Beastrope to review. Pros Adjustable Length Lightweight and strong Great value for money (can&#8217;t really lose for the price) Cons A bit fidly to [&hellip;]<\/p>\n","protected":false},"author":41980142,"featured_media":0,"parent":189,"menu_order":0,"comment_status":"closed","ping_status":"closed","template":"","meta":{"_coblocks_attr":"","_coblocks_dimensions":"","_coblocks_responsive_height":"","_coblocks_accordion_ie_support":"","_crdt_document":"","footnotes":""},"class_list":["post-5280","page","type-page","status-publish","hentry"],"yoast_head":"<!-- This site is optimized with the Yoast SEO plugin v27.4 - https:\/\/yoast.com\/product\/yoast-seo-wordpress\/ -->\n<title>BeastRope Speed Skipping Rope - Fitness &amp; MMA Blog - BlackBeltWhiteHat.com<\/title>\n<meta name=\"robots\" content=\"index, follow, max-snippet:-1, max-image-preview:large, max-video-preview:-1\" \/>\n<link rel=\"canonical\" href=\"https:\/\/blackbeltwhitehat.com\/pt\/avaliacoes\/corda-de-pular-de-velocidade-bestrope\/\" \/>\n<meta property=\"og:locale\" content=\"pt_PT\" \/>\n<meta property=\"og:type\" content=\"article\" \/>\n<meta property=\"og:title\" content=\"BeastRope Speed Skipping Rope - Fitness &amp; MMA Blog - BlackBeltWhiteHat.com\" \/>\n<meta property=\"og:description\" content=\"Beast Gear website Amazon Link A fantastic addition to the kit bag this; I really need to work on my footwork, so it was perfect timing when I got sent the Beastrope to review. Pros Adjustable Length Lightweight and strong Great value for money (can&#8217;t really lose for the price) Cons A bit fidly to [&hellip;]\" \/>\n<meta property=\"og:url\" content=\"https:\/\/blackbeltwhitehat.com\/pt\/avaliacoes\/corda-de-pular-de-velocidade-bestrope\/\" \/>\n<meta property=\"og:site_name\" content=\"Fitness &amp; MMA Blog - BlackBeltWhiteHat.com\" \/>\n<meta property=\"article:publisher\" content=\"https:\/\/www.facebook.com\/BlackBeltWhiteHat\/\" \/>\n<meta property=\"article:modified_time\" content=\"2019-03-15T06:26:17+00:00\" \/>\n<meta property=\"og:image\" content=\"https:\/\/blackbeltwhitehat.com\/wp-content\/uploads\/2016\/07\/beastrope.jpg\" \/>\n<meta name=\"twitter:card\" content=\"summary_large_image\" \/>\n<meta name=\"twitter:site\" content=\"@MMATraining1980\" \/>\n<meta name=\"twitter:label1\" content=\"Tempo estimado de leitura\" \/>\n\t<meta name=\"twitter:data1\" content=\"1 minuto\" \/>\n<!-- \/ Yoast SEO plugin. -->","yoast_head_json":{"title":"Corda de pular BeastRope Speed - Blog de fitness e MMA - BlackBeltWhiteHat.com","robots":{"index":"index","follow":"follow","max-snippet":"max-snippet:-1","max-image-preview":"max-image-preview:large","max-video-preview":"max-video-preview:-1"},"canonical":"https:\/\/blackbeltwhitehat.com\/pt\/avaliacoes\/corda-de-pular-de-velocidade-bestrope\/","og_locale":"pt_PT","og_type":"article","og_title":"BeastRope Speed Skipping Rope - Fitness &amp; MMA Blog - BlackBeltWhiteHat.com","og_description":"Beast Gear website Amazon Link A fantastic addition to the kit bag this; I really need to work on my footwork, so it was perfect timing when I got sent the Beastrope to review. Pros Adjustable Length Lightweight and strong Great value for money (can&#8217;t really lose for the price) Cons A bit fidly to [&hellip;]","og_url":"https:\/\/blackbeltwhitehat.com\/pt\/avaliacoes\/corda-de-pular-de-velocidade-bestrope\/","og_site_name":"Fitness &amp; MMA Blog - BlackBeltWhiteHat.com","article_publisher":"https:\/\/www.facebook.com\/BlackBeltWhiteHat\/","article_modified_time":"2019-03-15T06:26:17+00:00","og_image":[{"url":"https:\/\/blackbeltwhitehat.com\/wp-content\/uploads\/2016\/07\/beastrope.jpg","type":"","width":"","height":""}],"twitter_card":"summary_large_image","twitter_site":"@MMATraining1980","twitter_misc":{"Tempo estimado de leitura":"1 minuto"},"schema":{"@context":"https:\/\/schema.org","@graph":[{"@type":"WebPage","@id":"https:\/\/blackbeltwhitehat.com\/reviews\/bestrope-speed-skipping-rope\/","url":"https:\/\/blackbeltwhitehat.com\/reviews\/bestrope-speed-skipping-rope\/","name":"Corda de pular BeastRope Speed - Blog de fitness e MMA - BlackBeltWhiteHat.com","isPartOf":{"@id":"https:\/\/blackbeltwhitehat.com\/en\/#website"},"primaryImageOfPage":{"@id":"https:\/\/blackbeltwhitehat.com\/reviews\/bestrope-speed-skipping-rope\/#primaryimage"},"image":{"@id":"https:\/\/blackbeltwhitehat.com\/reviews\/bestrope-speed-skipping-rope\/#primaryimage"},"thumbnailUrl":"https:\/\/blackbeltwhitehat.com\/wp-content\/uploads\/2016\/07\/beastrope.jpg","datePublished":"2016-07-02T19:15:03+00:00","dateModified":"2019-03-15T06:26:17+00:00","breadcrumb":{"@id":"https:\/\/blackbeltwhitehat.com\/reviews\/bestrope-speed-skipping-rope\/#breadcrumb"},"inLanguage":"pt-PT","potentialAction":[{"@type":"ReadAction","target":["https:\/\/blackbeltwhitehat.com\/reviews\/bestrope-speed-skipping-rope\/"]}]},{"@type":"ImageObject","inLanguage":"pt-PT","@id":"https:\/\/blackbeltwhitehat.com\/reviews\/bestrope-speed-skipping-rope\/#primaryimage","url":"https:\/\/blackbeltwhitehat.com\/wp-content\/uploads\/2016\/07\/beastrope.jpg","contentUrl":"https:\/\/blackbeltwhitehat.com\/wp-content\/uploads\/2016\/07\/beastrope.jpg"},{"@type":"BreadcrumbList","@id":"https:\/\/blackbeltwhitehat.com\/reviews\/bestrope-speed-skipping-rope\/#breadcrumb","itemListElement":[{"@type":"ListItem","position":1,"name":"Home","item":"https:\/\/blackbeltwhitehat.com\/"},{"@type":"ListItem","position":2,"name":"Reviews","item":"https:\/\/blackbeltwhitehat.com\/reviews\/"},{"@type":"ListItem","position":3,"name":"BeastRope Speed Skipping Rope"}]},{"@type":"WebSite","@id":"https:\/\/blackbeltwhitehat.com\/en\/#website","url":"https:\/\/blackbeltwhitehat.com\/en\/","name":"Blog de Fitness e MMA - BlackBeltWhiteHat.com","description":"Blog de fitness, MMA e nutri\u00e7\u00e3o do Reino Unido","publisher":{"@id":"https:\/\/blackbeltwhitehat.com\/en\/#organization"},"potentialAction":[{"@type":"SearchAction","target":{"@type":"EntryPoint","urlTemplate":"https:\/\/blackbeltwhitehat.com\/en\/?s={search_term_string}"},"query-input":{"@type":"PropertyValueSpecification","valueRequired":true,"valueName":"search_term_string"}}],"inLanguage":"pt-PT"},{"@type":"Organization","@id":"https:\/\/blackbeltwhitehat.com\/en\/#organization","name":"Blog de Fitness e MMA - BlackBeltWhiteHat.com","url":"https:\/\/blackbeltwhitehat.com\/en\/","logo":{"@type":"ImageObject","inLanguage":"pt-PT","@id":"https:\/\/blackbeltwhitehat.com\/en\/#\/schema\/logo\/image\/","url":"https:\/\/blackbeltwhitehat.com\/wp-content\/uploads\/2019\/06\/cropped-mmabloglogodis-copy.png","contentUrl":"https:\/\/blackbeltwhitehat.com\/wp-content\/uploads\/2019\/06\/cropped-mmabloglogodis-copy.png","width":352,"height":352,"caption":"Fitness & MMA Blog - BlackBeltWhiteHat.com"},"image":{"@id":"https:\/\/blackbeltwhitehat.com\/en\/#\/schema\/logo\/image\/"},"sameAs":["https:\/\/www.facebook.com\/BlackBeltWhiteHat\/","https:\/\/x.com\/MMATraining1980"]}]}},"jetpack_likes_enabled":true,"jetpack_sharing_enabled":true,"jetpack_shortlink":"https:\/\/wp.me\/P2Sx3t-1na","jetpack-related-posts":[{"id":4539,"url":"https:\/\/blackbeltwhitehat.com\/pt\/diretorio-de-tecnicas\/impressionante\/gancho\/","url_meta":{"origin":5280,"position":0},"title":"Como lan\u00e7ar um anzol","author":"Dave","date":"Maio 13, 2016","format":false,"excerpt":"How to do a Hook in Boxing \ud83e\udd4a (Russian version too) \u00a0 https:\/\/youtu.be\/iBaIVVzJBMA \u00a0 The hook is typically one of a fighter's most powerful punches. In orthodox stance (left foot forward), the left hook is most commonly used within boxing combinations. The right hook, being the rear hand, is typically\u2026","rel":"","context":"Similar post","block_context":{"text":"Similar post","link":""},"img":{"alt_text":"throwing a hook","src":"https:\/\/i0.wp.com\/blackbeltwhitehat.com\/wp-content\/uploads\/2018\/08\/discusgif.gif?resize=350%2C200&ssl=1","width":350,"height":200},"classes":[]},{"id":490,"url":"https:\/\/blackbeltwhitehat.com\/pt\/artigos-de-mma\/tecnica\/lutando-contra-um-oponente-mais-alto\/","url_meta":{"origin":5280,"position":1},"title":"How to Fight a Taller Opponent (Muay Thai &amp; MMA) [2024 update]","author":"Dave","date":"Junho 29, 2013","format":false,"excerpt":"\u00a0Fighting a Taller Opponent in Boxing and MMA For a boxing specific approach to fighting a taller opponent - see this article. Fight Tips for Fighting a Taller Opponent Of course you have that's why you're here...the following are my tips for boxing or fighting a taller opponent and\/or a\u2026","rel":"","context":"With 6 comments","block_context":{"text":"With 6 comments","link":"https:\/\/blackbeltwhitehat.com\/pt\/artigos-de-mma\/tecnica\/lutando-contra-um-oponente-mais-alto\/#comments"},"img":{"alt_text":"Daniel Cormier Vs stipe 2","src":"https:\/\/i0.wp.com\/blackbeltwhitehat.com\/wp-content\/uploads\/2019\/11\/received_747496292737865.gif?resize=350%2C200&ssl=1","width":350,"height":200},"classes":[]},{"id":838,"url":"https:\/\/blackbeltwhitehat.com\/pt\/artigos-de-mma\/condicionamento-de-mma\/os-10-melhores-exercicios-para-mma\/","url_meta":{"origin":5280,"position":2},"title":"Top 10 Exercises for MMA [2023]","author":"Dave","date":"Novembro 20, 2013","format":false,"excerpt":"This is my best go at creating a top 10 MMA Exercises but remember that everyone is different and your strength and conditioning should be secondary to actual MMA Training. Don't kill yourself doing strength exercises and then be useless in MMA classes. I used to warm up and do\u2026","rel":"","context":"Similar post","block_context":{"text":"Similar post","link":""},"img":{"alt_text":"Top 10 MMA Exercises","src":"https:\/\/i0.wp.com\/blackbeltwhitehat.com\/wp-content\/uploads\/2013\/11\/top_10mma_exercises.png?resize=350%2C200&ssl=1","width":350,"height":200,"srcset":"https:\/\/i0.wp.com\/blackbeltwhitehat.com\/wp-content\/uploads\/2013\/11\/top_10mma_exercises.png?resize=350%2C200&ssl=1 1x, https:\/\/i0.wp.com\/blackbeltwhitehat.com\/wp-content\/uploads\/2013\/11\/top_10mma_exercises.png?resize=525%2C300&ssl=1 1.5x, https:\/\/i0.wp.com\/blackbeltwhitehat.com\/wp-content\/uploads\/2013\/11\/top_10mma_exercises.png?resize=700%2C400&ssl=1 2x, https:\/\/i0.wp.com\/blackbeltwhitehat.com\/wp-content\/uploads\/2013\/11\/top_10mma_exercises.png?resize=1050%2C600&ssl=1 3x"},"classes":[]},{"id":1676,"url":"https:\/\/blackbeltwhitehat.com\/pt\/artigos-de-mma\/tecnica\/jiu-jitsu-para-iniciantes\/","url_meta":{"origin":5280,"position":3},"title":"Jiu-Jitsu Brasileiro para Iniciantes","author":"Dave","date":"Junho 4, 2014","format":false,"excerpt":"Brazilian Jiu Jitsu For Beginners Disclaimer - I'm still a beginner myself I've been training in all things MMA for approaching a decade now. \u00a0I don't claim to be anything other than very average (especially considering the time I've spent training) but here are some tips that I think would\u2026","rel":"","context":"Similar post","block_context":{"text":"Similar post","link":""},"img":{"alt_text":"","src":"","width":0,"height":0},"classes":[]},{"id":4529,"url":"https:\/\/blackbeltwhitehat.com\/pt\/diretorio-de-tecnicas\/impressionante\/jab-jab-contra-ataque\/","url_meta":{"origin":5280,"position":4},"title":"Como dar um jab no boxe","author":"Dave","date":"Maio 13, 2016","format":false,"excerpt":"What is a Jab? A jab is a quick punch, used to stun an opponent, to find range and to counter an opponent who is using a slower technique. It is the most common punch seen in boxing, used to keep an opponent back and to gauge movement before committing\u2026","rel":"","context":"Similar post","block_context":{"text":"Similar post","link":""},"img":{"alt_text":"","src":"https:\/\/i0.wp.com\/blackbeltwhitehat.com\/wp-content\/uploads\/2019\/06\/pnwsjswfhvuptb7wqjncml55ib4dniar7nl4ujelbk.gif?resize=350%2C200&ssl=1","width":350,"height":200},"classes":[]},{"id":6850,"url":"https:\/\/blackbeltwhitehat.com\/pt\/artigos-de-mma\/tecnica\/lutar-contra-um-cara-ou-oponente-maior\/","url_meta":{"origin":5280,"position":5},"title":"Enfrentar um advers\u00e1rio maior ou mais forte","author":"Dave","date":"Maio 30, 2017","format":false,"excerpt":"How to Fight a Bigger Guy and Win There's a lot of google searches for 'how to fight a bigger opponent' so I thought I would try and address the issue. Here\u00a0are some pointers to begin with: Single leg takedowns work best on much bigger opponents Against taller guys you\u2026","rel":"","context":"Similar post","block_context":{"text":"Similar post","link":""},"img":{"alt_text":"","src":"https:\/\/i0.wp.com\/blackbeltwhitehat.com\/wp-content\/uploads\/2020\/02\/meishatakedown.gif?resize=350%2C200&ssl=1","width":350,"height":200},"classes":[]}],"_links":{"self":[{"href":"https:\/\/blackbeltwhitehat.com\/pt\/wp-json\/wp\/v2\/pages\/5280","targetHints":{"allow":["GET"]}}],"collection":[{"href":"https:\/\/blackbeltwhitehat.com\/pt\/wp-json\/wp\/v2\/pages"}],"about":[{"href":"https:\/\/blackbeltwhitehat.com\/pt\/wp-json\/wp\/v2\/types\/page"}],"author":[{"embeddable":true,"href":"https:\/\/blackbeltwhitehat.com\/pt\/wp-json\/wp\/v2\/users\/41980142"}],"replies":[{"embeddable":true,"href":"https:\/\/blackbeltwhitehat.com\/pt\/wp-json\/wp\/v2\/comments?post=5280"}],"version-history":[{"count":25,"href":"https:\/\/blackbeltwhitehat.com\/pt\/wp-json\/wp\/v2\/pages\/5280\/revisions"}],"predecessor-version":[{"id":9900,"href":"https:\/\/blackbeltwhitehat.com\/pt\/wp-json\/wp\/v2\/pages\/5280\/revisions\/9900"}],"up":[{"embeddable":true,"href":"https:\/\/blackbeltwhitehat.com\/pt\/wp-json\/wp\/v2\/pages\/189"}],"wp:attachment":[{"href":"https:\/\/blackbeltwhitehat.com\/pt\/wp-json\/wp\/v2\/media?parent=5280"}],"curies":[{"name":"wp","href":"https:\/\/api.w.org\/{rel}","templated":true}]}}