{"id":688,"date":"2013-09-13T12:02:48","date_gmt":"2013-09-13T12:02:48","guid":{"rendered":"http:\/\/blackbeltwhitehat.com\/?page_id=688"},"modified":"2015-01-16T12:43:27","modified_gmt":"2015-01-16T12:43:27","slug":"por-que-a-industria-fitness-esta-repleta-de-capacetes","status":"publish","type":"page","link":"https:\/\/blackbeltwhitehat.com\/pt\/artigos-de-mma\/outro\/por-que-a-industria-fitness-esta-repleta-de-capacetes\/","title":{"rendered":"Por que a ind\u00fastria do fitness est\u00e1 repleta de capacetes?"},"content":{"rendered":"<p><strong>\u2026e outras coisas irritantes<\/strong><\/p>\n<p><strong>\u201cNutricionistas\u201d<\/strong><br \/>\n<span style=\"line-height:1.5;\">Uma das minhas principais preocupa\u00e7\u00f5es com a ind\u00fastria fitness \u00e9 a forma como as pessoas podem fazer um curso de duas semanas e, de repente, se autoproclamarem &quot;especialistas&quot; na \u00e1rea de exerc\u00edcio e nutri\u00e7\u00e3o. Al\u00e9m disso, termos e t\u00edtulos autoimpostos como &quot;nutricionista&quot;, que n\u00e3o s\u00e3o regulamentados nem protegidos, d\u00e3o uma impress\u00e3o de import\u00e2ncia e autoridade cl\u00ednica, quando, em muitos casos, elas s\u00e3o inexistentes.<\/span><\/p>\n<p>Muitos dos melhores personal trainers que conhe\u00e7o, na verdade a maioria deles, n\u00e3o possuem forma\u00e7\u00e3o acad\u00eamica (como um diploma, por exemplo) em suas \u00e1reas de atua\u00e7\u00e3o. Eles constru\u00edram um vasto conhecimento aprofundado treinando por conta pr\u00f3pria, lendo e ouvindo outras pessoas. Isso \u00e9 \u00f3timo, mas infelizmente, alguns veem a falta de regulamenta\u00e7\u00e3o como uma oportunidade para ganhar dinheiro f\u00e1cil e, em outros casos, se autoproclamam autoridades na \u00e1rea por meio de um site sofisticado e uma boa campanha nas redes sociais.<\/p>\n<p><strong>Ningu\u00e9m sabe se um estudo \u00e9 patrocinado por uma empresa farmac\u00eautica (ou outra empresa poderosa) ou n\u00e3o.<br \/>\n<\/strong>As pessoas parecem ficar dando voltas em discuss\u00f5es (na verdade, normalmente brigas, gra\u00e7as a alguns egos inflados) sobre condicionamento f\u00edsico ou treinamento de for\u00e7a, porque n\u00e3o d\u00e1 para sustentar um argumento citando um estudo. Hoje em dia, voc\u00ea pode afirmar praticamente o que quiser, porque n\u00e3o faz sentido citar estudos, j\u00e1 que aparentemente todos s\u00e3o ruins e tendenciosos.<br \/>\nPor favor, tente apresentar algum tipo de teoria cient\u00edfica por tr\u00e1s do que voc\u00ea faz e diz.<br \/>\n<strong><br \/>\n<\/strong><\/p>\n<p><strong>Cada um tem uma opini\u00e3o diferente, e cada um est\u00e1 110% certo de que seu jeito \u00e9 o correto.<br \/>\n<\/strong>Voltando \u00e0 quest\u00e3o dos egos inflados.<strong>\u00a0 <\/strong>Existem muitas maneiras de &#039;entrar em forma&#039;, e os treinadores descartam os m\u00e9todos que eles mesmos n\u00e3o usam como &#039;lixo&#039; ou &#039;besteira&#039;, mantendo uma vis\u00e3o limitada em sua abordagem.<\/p>\n<p><strong>\u2018Treinadores brit\u00e2nicos &quot;especializados&quot; escrevem &quot;programa&quot; incorretamente<br \/>\n<\/strong>\u00c9 &quot;programa&quot;, a menos que voc\u00ea esteja se referindo a algo relacionado a computadores, e nesse caso, &quot;programa&quot;.<\/p>\n<p><strong>A obsess\u00e3o com a apar\u00eancia e o narcisismo generalizado que ela promove.<br \/>\n<\/strong>Parece que nada mais importa para algumas pessoas. Elas postam fotos motivacionais de academia com frases como &quot;vencedores nunca desistem&quot; ou outras grandes p\u00e9rolas de sabedoria, e relacionam isso ao tamanho dos seus m\u00fasculos. N\u00e3o \u00e9 importante! Voc\u00ea n\u00e3o vai mudar o mundo tendo b\u00edceps enormes. Tente aprender sobre computadores, medicina ou algo do tipo. E se voc\u00ea quer dedicar todo o seu tempo a algo um tanto superficial, por favor, n\u00e3o fique falando disso o tempo todo.<br \/>\nQuero dizer, ir \u00e0 academia \u00e9 \u00f3timo e divertido, mas tente fazer isso por valores &#039;intr\u00ednsecos&#039;, como o prazer, e lembre-se de que voc\u00ea n\u00e3o \u00e9 melhor do que ningu\u00e9m por ter b\u00edceps de 40 cent\u00edmetros ou um abd\u00f4men definido.<br \/>\nSe voc\u00ea gosta, fa\u00e7a, mas n\u00e3o se avalie nem avalie os outros por isso. \u00c9 \u00f3timo ter um hobby e uma paix\u00e3o, mas n\u00e3o \u00e9 t\u00e3o bom ficar obcecado com a apar\u00eancia e achar que isso \u00e9 tudo na vida.<\/p>\n<p><strong>Imagens motivacionais<br \/>\n<\/strong>Como expliquei acima, n\u00e3o sou muito f\u00e3.<\/p>\n<figure id=\"attachment_689\" aria-describedby=\"caption-attachment-689\" style=\"width: 640px\" class=\"wp-caption alignnone\"><a href=\"https:\/\/i0.wp.com\/blackbeltwhitehat.com\/wp-content\/uploads\/2013\/09\/workfor.jpg\"><img data-recalc-dims=\"1\" loading=\"lazy\" decoding=\"async\" data-attachment-id=\"689\" data-permalink=\"https:\/\/blackbeltwhitehat.com\/pt\/artigos-de-mma\/outro\/por-que-a-industria-fitness-esta-repleta-de-capacetes\/workfor\/\" data-orig-file=\"https:\/\/i0.wp.com\/blackbeltwhitehat.com\/wp-content\/uploads\/2013\/09\/workfor.jpg?fit=652%2C750&amp;ssl=1\" data-orig-size=\"652,750\" data-comments-opened=\"1\" data-image-meta=\"{&quot;aperture&quot;:&quot;0&quot;,&quot;credit&quot;:&quot;&quot;,&quot;camera&quot;:&quot;&quot;,&quot;caption&quot;:&quot;&quot;,&quot;created_timestamp&quot;:&quot;0&quot;,&quot;copyright&quot;:&quot;&quot;,&quot;focal_length&quot;:&quot;0&quot;,&quot;iso&quot;:&quot;0&quot;,&quot;shutter_speed&quot;:&quot;0&quot;,&quot;title&quot;:&quot;&quot;}\" data-image-title=\"motivational pic\" data-image-description=\"\" data-image-caption=\"&lt;p&gt;BOOM!&lt;\/p&gt;\" data-large-file=\"https:\/\/i0.wp.com\/blackbeltwhitehat.com\/wp-content\/uploads\/2013\/09\/workfor.jpg?fit=652%2C750&amp;ssl=1\" class=\"size-large wp-image-689\" src=\"https:\/\/i0.wp.com\/blackbeltwhitehat.com\/wp-content\/uploads\/2013\/09\/workfor.jpg?resize=640%2C736\" alt=\"Imagens motivacionais\" width=\"640\" height=\"736\" \/><\/a><figcaption id=\"caption-attachment-689\" class=\"wp-caption-text\">BOOM!<\/figcaption><\/figure>\n<p>Primeiramente, esse cara obviamente usa esteroides. O que n\u00e3o seria um problema, mas n\u00e3o venha se fazer de her\u00f3i por usar apenas for\u00e7a mental para construir m\u00fasculos.<br \/>\nAl\u00e9m disso, na minha opini\u00e3o, desenvolver m\u00fasculos e ego n\u00e3o \u00e9 algo extremamente valioso.<br \/>\nEm rela\u00e7\u00e3o \u00e0 imagem acima, voc\u00ea deveria estar desejando e trabalhando pela paz mundial, uma vida feliz, um sistema cardiovascular saud\u00e1vel, filhos bem-educados, uma mente aberta, etc., e n\u00e3o por um abd\u00f4men sarado. Fazer trabalho volunt\u00e1rio para ajudar \u00f3rf\u00e3os ou algo do tipo \u00e9 uma grande conquista; levantar 150 kg no supino n\u00e3o tem muito valor, a n\u00e3o ser para o seu pr\u00f3prio ego. Ego e autoestima s\u00e3o importantes, mas n\u00e3o os torne dependentes da sua apar\u00eancia.<br \/>\nAcho que \u00e9 parecido com o MMA (muitos capacetes nesse esporte tamb\u00e9m), no sentido de que voc\u00ea provavelmente n\u00e3o vai mudar o mundo praticando; mas pelo menos h\u00e1 uma \u00eanfase em n\u00e3o ter ego (pelo menos em boas academias), e isso n\u00e3o te deixa obcecado com a sua apar\u00eancia. E h\u00e1 menos fotos motivacionais de MMA circulando nas redes sociais.<\/p>\n<p><a href=\"https:\/\/i0.wp.com\/blackbeltwhitehat.com\/wp-content\/uploads\/2013\/07\/cardio_spanish.jpg\"><img data-recalc-dims=\"1\" loading=\"lazy\" decoding=\"async\" data-attachment-id=\"560\" data-permalink=\"https:\/\/blackbeltwhitehat.com\/pt\/2013\/07\/12\/cardio\/cardio_spanish\/\" data-orig-file=\"https:\/\/i0.wp.com\/blackbeltwhitehat.com\/wp-content\/uploads\/2013\/07\/cardio_spanish.jpg?fit=822%2C640&amp;ssl=1\" data-orig-size=\"822,640\" data-comments-opened=\"1\" data-image-meta=\"{&quot;aperture&quot;:&quot;0&quot;,&quot;credit&quot;:&quot;&quot;,&quot;camera&quot;:&quot;&quot;,&quot;caption&quot;:&quot;&quot;,&quot;created_timestamp&quot;:&quot;0&quot;,&quot;copyright&quot;:&quot;&quot;,&quot;focal_length&quot;:&quot;0&quot;,&quot;iso&quot;:&quot;0&quot;,&quot;shutter_speed&quot;:&quot;0&quot;,&quot;title&quot;:&quot;&quot;}\" data-image-title=\"Cardio_spanish\" data-image-description=\"&lt;p&gt;cardio spanish&lt;\/p&gt;\" data-image-caption=\"\" data-large-file=\"https:\/\/i0.wp.com\/blackbeltwhitehat.com\/wp-content\/uploads\/2013\/07\/cardio_spanish.jpg?fit=822%2C640&amp;ssl=1\" class=\"alignnone size-large wp-image-560\" src=\"https:\/\/i0.wp.com\/blackbeltwhitehat.com\/wp-content\/uploads\/2013\/07\/cardio_spanish.jpg?resize=640%2C498\" alt=\"Cardio - isso \u00e9 espanhol (meme)\" width=\"640\" height=\"498\" \/><\/a><\/p>\n<p><strong><span style=\"line-height:1.5;\">Fotos de perfil e capa com temas frutados de treinadores\/coaches\/personal trainers.<br \/>\n<\/span><\/strong><span style=\"line-height:1.5;\">Basta dar uma olhada no Twitter ou no Facebook para encontrar um personal trainer. Nunca vi tantos homens besuntados de \u00f3leo, com um ar homoer\u00f3tico. O que n\u00e3o seria um problema, mas n\u00e3o \u00e9 algo com que eu queira ser bombardeado.<br \/>\nTalvez quando eu tiver 40 anos e n\u00e3o tiver mais tempo para ir trabalhar na f\u00e1brica...<\/span><\/p>\n<p><strong>Herbalife<br \/>\n<\/strong>Nem me fale disso, superfaturado, para dizer o m\u00ednimo. \u00c9 um reflexo de tudo que h\u00e1 de errado com a ind\u00fastria, cheia de conversa fiada e esquemas de pir\u00e2mide. Compre suas vitaminas em [nome da loja\/site]. <a title=\"zipvit\" href=\"http:\/\/www.zipvit.co.uk\" target=\"_blank\">zipvit.co.uk<\/a> e prote\u00edna e creatina de <a title=\"Creatina\" href=\"http:\/\/www.bulkpowders.co.uk\" target=\"_blank\">bulkpowders.com<\/a>, Produtos de marca s\u00e3o um roubo rid\u00edculo.<\/p>\n<p><strong>Cinismo como o meu<br \/>\n<\/strong>Desculpe se tudo isso soa um pouco arrogante e cr\u00edtico, \u00e9 um desabafo espont\u00e2neo na hora do jantar. No fim das contas, se voc\u00ea gosta de fitness e da academia, ent\u00e3o continue \u2013 e \u00e9 a sua conta nas redes sociais, ent\u00e3o compartilhe as fotos que quiser.<\/p>\n<p>Eu costumo fazer tudo isso (me preocupo demais com a minha apar\u00eancia, etc.), e se eu ainda trabalhasse na \u00e1rea de fitness, provavelmente me apresentaria como &quot;nutricionista&quot;. Inclusive, tenho uma foto de fruta no cabe\u00e7alho do meu blog; e sem d\u00favida cometi v\u00e1rios erros de gram\u00e1tica e ortografia neste post.<br \/>\nFique atento a algumas das bobagens que assolam a ind\u00fastria de &quot;sa\u00fade e fitness&quot;. N\u00e3o \u00e9 mais sa\u00fade e fitness, \u00e9 vaidade e besteira (e um monte de fotos horr\u00edveis de homens oleosos em camas de borracha).<\/p>\n<p>BOOM!<\/p>\n<p><a href=\"https:\/\/i0.wp.com\/blackbeltwhitehat.com\/wp-content\/uploads\/2013\/09\/gymmeme.jpg\"><img data-recalc-dims=\"1\" loading=\"lazy\" decoding=\"async\" data-attachment-id=\"704\" data-permalink=\"https:\/\/blackbeltwhitehat.com\/pt\/artigos-de-mma\/outro\/por-que-a-industria-fitness-esta-repleta-de-capacetes\/gymmeme\/\" data-orig-file=\"https:\/\/i0.wp.com\/blackbeltwhitehat.com\/wp-content\/uploads\/2013\/09\/gymmeme.jpg?fit=288%2C270&amp;ssl=1\" data-orig-size=\"288,270\" data-comments-opened=\"1\" data-image-meta=\"{&quot;aperture&quot;:&quot;0&quot;,&quot;credit&quot;:&quot;&quot;,&quot;camera&quot;:&quot;&quot;,&quot;caption&quot;:&quot;&quot;,&quot;created_timestamp&quot;:&quot;0&quot;,&quot;copyright&quot;:&quot;&quot;,&quot;focal_length&quot;:&quot;0&quot;,&quot;iso&quot;:&quot;0&quot;,&quot;shutter_speed&quot;:&quot;0&quot;,&quot;title&quot;:&quot;&quot;}\" data-image-title=\"GymMeme\" data-image-description=\"&lt;p&gt;Gym meme&lt;\/p&gt;\" data-image-caption=\"\" data-large-file=\"https:\/\/i0.wp.com\/blackbeltwhitehat.com\/wp-content\/uploads\/2013\/09\/gymmeme.jpg?fit=288%2C270&amp;ssl=1\" class=\"alignnone size-full wp-image-704\" src=\"https:\/\/i0.wp.com\/blackbeltwhitehat.com\/wp-content\/uploads\/2013\/09\/gymmeme.jpg?resize=288%2C270\" alt=\"Meme de academia\" width=\"288\" height=\"270\" \/><\/a><\/p>","protected":false},"excerpt":{"rendered":"<p>&#8230;and other annoying stuff &#8220;Nutritionists&#8221; One of my main concerns with the fitness industry is the way people can do a 2 week course and all of a sudden announce themselves an &#8216;expert&#8217; in the field of exericse &amp; nutrition. \u00a0Moreover, terms and self-imposed titles like &#8220;nutritionist&#8221;, which aren&#8217;t regulated and protected give an impression [&hellip;]<\/p>\n","protected":false},"author":41980142,"featured_media":0,"parent":494,"menu_order":0,"comment_status":"open","ping_status":"open","template":"","meta":{"_coblocks_attr":"","_coblocks_dimensions":"","_coblocks_responsive_height":"","_coblocks_accordion_ie_support":"","_crdt_document":"","footnotes":""},"class_list":["post-688","page","type-page","status-publish","hentry"],"yoast_head":"<!-- This site is optimized with the Yoast SEO plugin v27.4 - https:\/\/yoast.com\/product\/yoast-seo-wordpress\/ -->\n<title>Why the &#039;Fitness&#039; Industry is full of helmets - Fitness &amp; MMA Blog - BlackBeltWhiteHat.com<\/title>\n<meta name=\"robots\" content=\"index, follow, max-snippet:-1, max-image-preview:large, max-video-preview:-1\" \/>\n<link rel=\"canonical\" href=\"https:\/\/blackbeltwhitehat.com\/pt\/artigos-de-mma\/outro\/por-que-a-industria-fitness-esta-repleta-de-capacetes\/\" \/>\n<meta property=\"og:locale\" content=\"pt_PT\" \/>\n<meta property=\"og:type\" content=\"article\" \/>\n<meta property=\"og:title\" content=\"Why the &#039;Fitness&#039; Industry is full of helmets - Fitness &amp; MMA Blog - BlackBeltWhiteHat.com\" \/>\n<meta property=\"og:description\" content=\"&#8230;and other annoying stuff &#8220;Nutritionists&#8221; One of my main concerns with the fitness industry is the way people can do a 2 week course and all of a sudden announce themselves an &#8216;expert&#8217; in the field of exericse &amp; nutrition. \u00a0Moreover, terms and self-imposed titles like &#8220;nutritionist&#8221;, which aren&#8217;t regulated and protected give an impression [&hellip;]\" \/>\n<meta property=\"og:url\" content=\"https:\/\/blackbeltwhitehat.com\/pt\/artigos-de-mma\/outro\/por-que-a-industria-fitness-esta-repleta-de-capacetes\/\" \/>\n<meta property=\"og:site_name\" content=\"Fitness &amp; MMA Blog - BlackBeltWhiteHat.com\" \/>\n<meta property=\"article:publisher\" content=\"https:\/\/www.facebook.com\/BlackBeltWhiteHat\/\" \/>\n<meta property=\"article:modified_time\" content=\"2015-01-16T12:43:27+00:00\" \/>\n<meta property=\"og:image\" content=\"http:\/\/blackbeltwhitehat.com\/wp-content\/uploads\/2013\/09\/workfor.jpg?w=640\" \/>\n<meta name=\"twitter:card\" content=\"summary_large_image\" \/>\n<meta name=\"twitter:site\" content=\"@MMATraining1980\" \/>\n<meta name=\"twitter:label1\" content=\"Tempo estimado de leitura\" \/>\n\t<meta name=\"twitter:data1\" content=\"5 minutos\" \/>\n<!-- \/ Yoast SEO plugin. -->","yoast_head_json":{"title":"Por que a ind\u00fastria do fitness est\u00e1 repleta de capacetes - Blog de Fitness e MMA - BlackBeltWhiteHat.com","robots":{"index":"index","follow":"follow","max-snippet":"max-snippet:-1","max-image-preview":"max-image-preview:large","max-video-preview":"max-video-preview:-1"},"canonical":"https:\/\/blackbeltwhitehat.com\/pt\/artigos-de-mma\/outro\/por-que-a-industria-fitness-esta-repleta-de-capacetes\/","og_locale":"pt_PT","og_type":"article","og_title":"Why the 'Fitness' Industry is full of helmets - Fitness &amp; MMA Blog - BlackBeltWhiteHat.com","og_description":"&#8230;and other annoying stuff &#8220;Nutritionists&#8221; One of my main concerns with the fitness industry is the way people can do a 2 week course and all of a sudden announce themselves an &#8216;expert&#8217; in the field of exericse &amp; nutrition. \u00a0Moreover, terms and self-imposed titles like &#8220;nutritionist&#8221;, which aren&#8217;t regulated and protected give an impression [&hellip;]","og_url":"https:\/\/blackbeltwhitehat.com\/pt\/artigos-de-mma\/outro\/por-que-a-industria-fitness-esta-repleta-de-capacetes\/","og_site_name":"Fitness &amp; MMA Blog - BlackBeltWhiteHat.com","article_publisher":"https:\/\/www.facebook.com\/BlackBeltWhiteHat\/","article_modified_time":"2015-01-16T12:43:27+00:00","og_image":[{"url":"http:\/\/blackbeltwhitehat.com\/wp-content\/uploads\/2013\/09\/workfor.jpg?w=640","type":"","width":"","height":""}],"twitter_card":"summary_large_image","twitter_site":"@MMATraining1980","twitter_misc":{"Tempo estimado de leitura":"5 minutos"},"schema":{"@context":"https:\/\/schema.org","@graph":[{"@type":"WebPage","@id":"https:\/\/blackbeltwhitehat.com\/mma-articles\/other\/why-the-fitness-industry-is-full-of-helmets\/","url":"https:\/\/blackbeltwhitehat.com\/mma-articles\/other\/why-the-fitness-industry-is-full-of-helmets\/","name":"Por que a ind\u00fastria do fitness est\u00e1 repleta de capacetes - Blog de Fitness e MMA - BlackBeltWhiteHat.com","isPartOf":{"@id":"https:\/\/blackbeltwhitehat.com\/en\/#website"},"primaryImageOfPage":{"@id":"https:\/\/blackbeltwhitehat.com\/mma-articles\/other\/why-the-fitness-industry-is-full-of-helmets\/#primaryimage"},"image":{"@id":"https:\/\/blackbeltwhitehat.com\/mma-articles\/other\/why-the-fitness-industry-is-full-of-helmets\/#primaryimage"},"thumbnailUrl":"http:\/\/blackbeltwhitehat.com\/wp-content\/uploads\/2013\/09\/workfor.jpg?w=640","datePublished":"2013-09-13T12:02:48+00:00","dateModified":"2015-01-16T12:43:27+00:00","breadcrumb":{"@id":"https:\/\/blackbeltwhitehat.com\/mma-articles\/other\/why-the-fitness-industry-is-full-of-helmets\/#breadcrumb"},"inLanguage":"pt-PT","potentialAction":[{"@type":"ReadAction","target":["https:\/\/blackbeltwhitehat.com\/mma-articles\/other\/why-the-fitness-industry-is-full-of-helmets\/"]}]},{"@type":"ImageObject","inLanguage":"pt-PT","@id":"https:\/\/blackbeltwhitehat.com\/mma-articles\/other\/why-the-fitness-industry-is-full-of-helmets\/#primaryimage","url":"http:\/\/blackbeltwhitehat.com\/wp-content\/uploads\/2013\/09\/workfor.jpg?w=640","contentUrl":"http:\/\/blackbeltwhitehat.com\/wp-content\/uploads\/2013\/09\/workfor.jpg?w=640"},{"@type":"BreadcrumbList","@id":"https:\/\/blackbeltwhitehat.com\/mma-articles\/other\/why-the-fitness-industry-is-full-of-helmets\/#breadcrumb","itemListElement":[{"@type":"ListItem","position":1,"name":"Home","item":"https:\/\/blackbeltwhitehat.com\/"},{"@type":"ListItem","position":2,"name":"MMA","item":"https:\/\/blackbeltwhitehat.com\/mma-articles\/"},{"@type":"ListItem","position":3,"name":"Other","item":"https:\/\/blackbeltwhitehat.com\/mma-articles\/other\/"},{"@type":"ListItem","position":4,"name":"Why the &#8216;Fitness&#8217; Industry is full of helmets"}]},{"@type":"WebSite","@id":"https:\/\/blackbeltwhitehat.com\/en\/#website","url":"https:\/\/blackbeltwhitehat.com\/en\/","name":"Blog de Fitness e MMA - BlackBeltWhiteHat.com","description":"Blog de fitness, MMA e nutri\u00e7\u00e3o do Reino Unido","publisher":{"@id":"https:\/\/blackbeltwhitehat.com\/en\/#organization"},"potentialAction":[{"@type":"SearchAction","target":{"@type":"EntryPoint","urlTemplate":"https:\/\/blackbeltwhitehat.com\/en\/?s={search_term_string}"},"query-input":{"@type":"PropertyValueSpecification","valueRequired":true,"valueName":"search_term_string"}}],"inLanguage":"pt-PT"},{"@type":"Organization","@id":"https:\/\/blackbeltwhitehat.com\/en\/#organization","name":"Blog de Fitness e MMA - BlackBeltWhiteHat.com","url":"https:\/\/blackbeltwhitehat.com\/en\/","logo":{"@type":"ImageObject","inLanguage":"pt-PT","@id":"https:\/\/blackbeltwhitehat.com\/en\/#\/schema\/logo\/image\/","url":"https:\/\/blackbeltwhitehat.com\/wp-content\/uploads\/2019\/06\/cropped-mmabloglogodis-copy.png","contentUrl":"https:\/\/blackbeltwhitehat.com\/wp-content\/uploads\/2019\/06\/cropped-mmabloglogodis-copy.png","width":352,"height":352,"caption":"Fitness & MMA Blog - BlackBeltWhiteHat.com"},"image":{"@id":"https:\/\/blackbeltwhitehat.com\/en\/#\/schema\/logo\/image\/"},"sameAs":["https:\/\/www.facebook.com\/BlackBeltWhiteHat\/","https:\/\/x.com\/MMATraining1980"]}]}},"jetpack_likes_enabled":true,"jetpack_sharing_enabled":true,"jetpack_shortlink":"https:\/\/wp.me\/P2Sx3t-b6","jetpack-related-posts":[{"id":2273,"url":"https:\/\/blackbeltwhitehat.com\/pt\/artigos-de-mma\/nutricao\/nutricao-clinica-versus-nutricao-holistica\/","url_meta":{"origin":688,"position":0},"title":"Nutri\u00e7\u00e3o Cl\u00ednica V. Nutri\u00e7\u00e3o Hol\u00edstica","author":"Dave","date":"Novembro 7, 2014","format":false,"excerpt":"Like fitness & SEO,\u00a0nutrition is full of lots of contradictory and over-aggressive opinions. A lot of the differences in opinion occur because of the different backgrounds and sources of data that inform clinical and holistic nutrition. Why Clinical Nutrition is bollocks When I did my MSc at Chester University, in\u2026","rel":"","context":"Similar post","block_context":{"text":"Similar post","link":""},"img":{"alt_text":"","src":"","width":0,"height":0},"classes":[]},{"id":3769,"url":"https:\/\/blackbeltwhitehat.com\/pt\/artigos-de-mma\/planos-de-dieta-para-lutadores\/","url_meta":{"origin":688,"position":1},"title":"Planos de dieta para lutadores","author":"Dave","date":"Mar\u00e7o 2, 2016","format":false,"excerpt":"Contact me now for a diet plan, tailored to your specific needs. I will send a questionnaire for you to fill in to ensure that the diet plan is as specific as possible. Recover Faster, Optimise Training Adaptation, Fight Harder. All diet plans will be completed by Nutritionist Drew Griffiths\u2026","rel":"","context":"Similar post","block_context":{"text":"Similar post","link":""},"img":{"alt_text":"SEO and MMA blog founder Drew Griffiths","src":"https:\/\/i0.wp.com\/blackbeltwhitehat.com\/wp-content\/uploads\/2012\/11\/drewmma1.jpg?resize=350%2C200&ssl=1","width":350,"height":200},"classes":[]},{"id":789,"url":"https:\/\/blackbeltwhitehat.com\/pt\/artigos-de-mma\/nutricao\/a-nutricao-esportiva-comeca-com-uma-alimentacao-saudavel\/","url_meta":{"origin":688,"position":2},"title":"A nutri\u00e7\u00e3o esportiva come\u00e7a com uma alimenta\u00e7\u00e3o saud\u00e1vel.","author":"Dave","date":"Novembro 18, 2013","format":false,"excerpt":"Sports Nutrition for MMA Disclaimer - never follow my advice, the consequences may be fatal Sports Nutrition in a nutshell: 1. Drink a sports drink during training, this is especially important during longer training sessions of 1 hour or longer Your immune system starts to wane and all sorts of\u2026","rel":"","context":"Similar post","block_context":{"text":"Similar post","link":""},"img":{"alt_text":"Diet health mma","src":"https:\/\/i0.wp.com\/blackbeltwhitehat.com\/wp-content\/uploads\/2013\/11\/lee.jpg?resize=350%2C200&ssl=1","width":350,"height":200,"srcset":"https:\/\/i0.wp.com\/blackbeltwhitehat.com\/wp-content\/uploads\/2013\/11\/lee.jpg?resize=350%2C200&ssl=1 1x, https:\/\/i0.wp.com\/blackbeltwhitehat.com\/wp-content\/uploads\/2013\/11\/lee.jpg?resize=525%2C300&ssl=1 1.5x"},"classes":[]},{"id":523,"url":"https:\/\/blackbeltwhitehat.com\/pt\/artigos-de-mma\/perda-de-peso\/programa-de-perda-de-peso\/","url_meta":{"origin":688,"position":3},"title":"Programa de Emagrecimento \/ Programa","author":"Dave","date":"Junho 30, 2013","format":false,"excerpt":"Exercise and diet at your own risk This is addressed at men, but the principles are the same for women Aerobic Exercise and the Fat Burning Zone = Rubbish! Please forget the old school notion of the 'fat burning zone'. Although working at a low intensity does use more fat\u2026","rel":"","context":"Similar post","block_context":{"text":"Similar post","link":""},"img":{"alt_text":"Weight loss dieting infographic","src":"https:\/\/i0.wp.com\/blackbeltwhitehat.com\/wp-content\/uploads\/2013\/06\/dietinfog.jpg?resize=350%2C200","width":350,"height":200,"srcset":"https:\/\/i0.wp.com\/blackbeltwhitehat.com\/wp-content\/uploads\/2013\/06\/dietinfog.jpg?resize=350%2C200 1x, https:\/\/i0.wp.com\/blackbeltwhitehat.com\/wp-content\/uploads\/2013\/06\/dietinfog.jpg?resize=525%2C300 1.5x"},"classes":[]},{"id":251,"url":"https:\/\/blackbeltwhitehat.com\/pt\/artigos-de-mma\/","url_meta":{"origin":688,"position":4},"title":"MMA","author":"Dave","date":"Mar\u00e7o 6, 2013","format":false,"excerpt":"A range of MMA articles looking at MMA Strength & Conditioning MMA Nutrition MMA Techniques \u00a0 \u00a0 Click here to see all MMA Related Blog Posts Click here to see MMA training articles Written in a concise and easy to understand format, they're definitely worth a read for any MMA\u2026","rel":"","context":"Similar post","block_context":{"text":"Similar post","link":""},"img":{"alt_text":"what is MMA","src":"https:\/\/i0.wp.com\/blackbeltwhitehat.com\/wp-content\/uploads\/2018\/09\/mma_whatis.jpg?resize=350%2C200&ssl=1","width":350,"height":200,"srcset":"https:\/\/i0.wp.com\/blackbeltwhitehat.com\/wp-content\/uploads\/2018\/09\/mma_whatis.jpg?resize=350%2C200&ssl=1 1x, https:\/\/i0.wp.com\/blackbeltwhitehat.com\/wp-content\/uploads\/2018\/09\/mma_whatis.jpg?resize=525%2C300&ssl=1 1.5x, https:\/\/i0.wp.com\/blackbeltwhitehat.com\/wp-content\/uploads\/2018\/09\/mma_whatis.jpg?resize=700%2C400&ssl=1 2x"},"classes":[]},{"id":418,"url":"https:\/\/blackbeltwhitehat.com\/pt\/planos-de-dieta\/plano-de-dieta-de-jejum-intermitente\/","url_meta":{"origin":688,"position":5},"title":"Intermittent Fasting Diet Plans [2025] .pdf 5 Day Meal Plan for Vegan &amp; Paelo Diets","author":"Dave","date":"Abril 19, 2013","format":false,"excerpt":"Diet plans - eat at your own risk! Info from various google searches and google scholar and pubmed abstracts, copied and pasted and edited a bit by Drew Griffiths - First Class Hons BSc Sport & Exercise Science - Loughborough University MSc Exercise & Nutrition Science - University of Liverpool\u2026","rel":"","context":"Similar post","block_context":{"text":"Similar post","link":""},"img":{"alt_text":"intermittent fasting","src":"https:\/\/i0.wp.com\/blackbeltwhitehat.com\/wp-content\/uploads\/2018\/01\/infog_168_diet.png?resize=350%2C200&ssl=1","width":350,"height":200,"srcset":"https:\/\/i0.wp.com\/blackbeltwhitehat.com\/wp-content\/uploads\/2018\/01\/infog_168_diet.png?resize=350%2C200&ssl=1 1x, https:\/\/i0.wp.com\/blackbeltwhitehat.com\/wp-content\/uploads\/2018\/01\/infog_168_diet.png?resize=525%2C300&ssl=1 1.5x, https:\/\/i0.wp.com\/blackbeltwhitehat.com\/wp-content\/uploads\/2018\/01\/infog_168_diet.png?resize=700%2C400&ssl=1 2x"},"classes":[]}],"_links":{"self":[{"href":"https:\/\/blackbeltwhitehat.com\/pt\/wp-json\/wp\/v2\/pages\/688","targetHints":{"allow":["GET"]}}],"collection":[{"href":"https:\/\/blackbeltwhitehat.com\/pt\/wp-json\/wp\/v2\/pages"}],"about":[{"href":"https:\/\/blackbeltwhitehat.com\/pt\/wp-json\/wp\/v2\/types\/page"}],"author":[{"embeddable":true,"href":"https:\/\/blackbeltwhitehat.com\/pt\/wp-json\/wp\/v2\/users\/41980142"}],"replies":[{"embeddable":true,"href":"https:\/\/blackbeltwhitehat.com\/pt\/wp-json\/wp\/v2\/comments?post=688"}],"version-history":[{"count":25,"href":"https:\/\/blackbeltwhitehat.com\/pt\/wp-json\/wp\/v2\/pages\/688\/revisions"}],"predecessor-version":[{"id":2595,"href":"https:\/\/blackbeltwhitehat.com\/pt\/wp-json\/wp\/v2\/pages\/688\/revisions\/2595"}],"up":[{"embeddable":true,"href":"https:\/\/blackbeltwhitehat.com\/pt\/wp-json\/wp\/v2\/pages\/494"}],"wp:attachment":[{"href":"https:\/\/blackbeltwhitehat.com\/pt\/wp-json\/wp\/v2\/media?parent=688"}],"curies":[{"name":"wp","href":"https:\/\/api.w.org\/{rel}","templated":true}]}}