{"id":853,"date":"2013-11-27T21:52:08","date_gmt":"2013-11-27T21:52:08","guid":{"rendered":"http:\/\/blackbeltwhitehat.com\/?page_id=853"},"modified":"2014-01-03T11:16:17","modified_gmt":"2014-01-03T11:16:17","slug":"oleo-de-krill-bulkpowders-co-reino-unido","status":"publish","type":"page","link":"https:\/\/blackbeltwhitehat.com\/pt\/avaliacoes\/oleo-de-krill-bulkpowders-co-reino-unido\/","title":{"rendered":"\u00d3leo de Krill \u2013 Bulkpowders.co.uk"},"content":{"rendered":"<figure style=\"width: 320px\" class=\"wp-caption alignnone\"><a href=\"https:\/\/i0.wp.com\/www.bulkpowders.co.uk\/media\/catalog\/product\/cache\/2\/image\/9df78eab33525d08d6e5fb8d27136e95\/p\/u\/pure-series-pouch_1_19.jpg\"><img data-recalc-dims=\"1\" loading=\"lazy\" decoding=\"async\" alt=\"An\u00e1lise do \u00f3leo de krill\" src=\"https:\/\/i0.wp.com\/www.bulkpowders.co.uk\/media\/catalog\/product\/cache\/2\/image\/9df78eab33525d08d6e5fb8d27136e95\/p\/u\/pure-series-pouch_1_19.jpg?resize=320%2C400\" width=\"320\" height=\"400\" \/><\/a><figcaption class=\"wp-caption-text\">\u00d3leo de Krill da Bulkpowders<\/figcaption><\/figure>\n<p>Tenho que dar nota 8\/10 para esses produtos.<\/p>\n<p>Fiz v\u00e1rias coisas para tentar melhorar minha recupera\u00e7\u00e3o e reduzir a inflama\u00e7\u00e3o no meu corpo em geral, incluindo parar de consumir leite e gl\u00faten.<\/p>\n<p>Comecei a tomar \u00f3leo de peixe h\u00e1 algum tempo, mas tomar \u00f3leo de krill 2 ou 3 vezes por dia faz uma enorme diferen\u00e7a nas minhas articula\u00e7\u00f5es.<\/p>\n<p>A inflama\u00e7\u00e3o no corpo realmente te prejudica muito, est\u00e1 fortemente correlacionada a todos os tipos de doen\u00e7as.<br \/>\n\u00c9 importante manter a propor\u00e7\u00e3o correta de \u00f4mega 3 para \u00f4mega 6 na dieta. O excesso de \u00f4mega 6 na alimenta\u00e7\u00e3o pode, em geral, causar inflama\u00e7\u00e3o no organismo.<\/p>\n<p>O \u00f3leo de krill \u00e9 a forma mais concentrada de \u00f4mega 3 que conhe\u00e7o, e realmente me fez sentir melhor e com menos inflama\u00e7\u00e3o.<\/p>\n<p>Ainda sinto dores e preciso usar um rolo de espuma, etc., mas as coisas melhoraram significativamente.<\/p>\n<p>Se voc\u00ea tem m\u00fasculos muito doloridos e tensos, experimente um rolo de espuma. Se n\u00e3o funcionar, tente usar uma bola de lacrosse para libera\u00e7\u00e3o miofascial. \u00d3leo de krill e spray de magn\u00e9sio tamb\u00e9m podem ajudar a aliviar as dores.<br \/>\nO \u00f3leo de krill tamb\u00e9m \u00e9 muito bom para o sistema cardiovascular.<\/p>","protected":false},"excerpt":{"rendered":"<p>I have to give these 8\/10 I&#8217;ve done several things to try and improve my recovery, and reduce the general amount of inflammation in my body; including giving up milk and gluten. I started taking fish oil a while ago, but taking krill oil 2\/3 times per day, makes a massive difference to my joints. [&hellip;]<\/p>\n","protected":false},"author":41980142,"featured_media":0,"parent":189,"menu_order":4,"comment_status":"open","ping_status":"open","template":"","meta":{"_coblocks_attr":"","_coblocks_dimensions":"","_coblocks_responsive_height":"","_coblocks_accordion_ie_support":"","_crdt_document":"","footnotes":""},"class_list":["post-853","page","type-page","status-publish","hentry"],"yoast_head":"<!-- This site is optimized with the Yoast SEO plugin v27.4 - https:\/\/yoast.com\/product\/yoast-seo-wordpress\/ -->\n<title>Krill Oil - Bulkpowders.co.uk - Fitness &amp; MMA Blog - BlackBeltWhiteHat.com<\/title>\n<meta name=\"robots\" content=\"index, follow, max-snippet:-1, max-image-preview:large, max-video-preview:-1\" \/>\n<link rel=\"canonical\" href=\"https:\/\/blackbeltwhitehat.com\/pt\/avaliacoes\/oleo-de-krill-bulkpowders-co-reino-unido\/\" \/>\n<meta property=\"og:locale\" content=\"pt_PT\" \/>\n<meta property=\"og:type\" content=\"article\" \/>\n<meta property=\"og:title\" content=\"Krill Oil - Bulkpowders.co.uk - Fitness &amp; MMA Blog - BlackBeltWhiteHat.com\" \/>\n<meta property=\"og:description\" content=\"I have to give these 8\/10 I&#8217;ve done several things to try and improve my recovery, and reduce the general amount of inflammation in my body; including giving up milk and gluten. I started taking fish oil a while ago, but taking krill oil 2\/3 times per day, makes a massive difference to my joints. [&hellip;]\" \/>\n<meta property=\"og:url\" content=\"https:\/\/blackbeltwhitehat.com\/pt\/avaliacoes\/oleo-de-krill-bulkpowders-co-reino-unido\/\" \/>\n<meta property=\"og:site_name\" content=\"Fitness &amp; MMA Blog - BlackBeltWhiteHat.com\" \/>\n<meta property=\"article:publisher\" content=\"https:\/\/www.facebook.com\/BlackBeltWhiteHat\/\" \/>\n<meta property=\"article:modified_time\" content=\"2014-01-03T11:16:17+00:00\" \/>\n<meta property=\"og:image\" content=\"http:\/\/www.bulkpowders.co.uk\/media\/catalog\/product\/cache\/2\/image\/9df78eab33525d08d6e5fb8d27136e95\/p\/u\/pure-series-pouch_1_19.jpg\" \/>\n<meta name=\"twitter:card\" content=\"summary_large_image\" \/>\n<meta name=\"twitter:site\" content=\"@MMATraining1980\" \/>\n<meta name=\"twitter:label1\" content=\"Tempo estimado de leitura\" \/>\n\t<meta name=\"twitter:data1\" content=\"1 minuto\" \/>\n<!-- \/ Yoast SEO plugin. -->","yoast_head_json":{"title":"\u00d3leo de Krill - Bulkpowders.co.uk - Blog de Fitness e MMA - BlackBeltWhiteHat.com","robots":{"index":"index","follow":"follow","max-snippet":"max-snippet:-1","max-image-preview":"max-image-preview:large","max-video-preview":"max-video-preview:-1"},"canonical":"https:\/\/blackbeltwhitehat.com\/pt\/avaliacoes\/oleo-de-krill-bulkpowders-co-reino-unido\/","og_locale":"pt_PT","og_type":"article","og_title":"Krill Oil - Bulkpowders.co.uk - Fitness &amp; MMA Blog - BlackBeltWhiteHat.com","og_description":"I have to give these 8\/10 I&#8217;ve done several things to try and improve my recovery, and reduce the general amount of inflammation in my body; including giving up milk and gluten. I started taking fish oil a while ago, but taking krill oil 2\/3 times per day, makes a massive difference to my joints. [&hellip;]","og_url":"https:\/\/blackbeltwhitehat.com\/pt\/avaliacoes\/oleo-de-krill-bulkpowders-co-reino-unido\/","og_site_name":"Fitness &amp; MMA Blog - BlackBeltWhiteHat.com","article_publisher":"https:\/\/www.facebook.com\/BlackBeltWhiteHat\/","article_modified_time":"2014-01-03T11:16:17+00:00","og_image":[{"url":"http:\/\/www.bulkpowders.co.uk\/media\/catalog\/product\/cache\/2\/image\/9df78eab33525d08d6e5fb8d27136e95\/p\/u\/pure-series-pouch_1_19.jpg","type":"","width":"","height":""}],"twitter_card":"summary_large_image","twitter_site":"@MMATraining1980","twitter_misc":{"Tempo estimado de leitura":"1 minuto"},"schema":{"@context":"https:\/\/schema.org","@graph":[{"@type":"WebPage","@id":"https:\/\/blackbeltwhitehat.com\/reviews\/krill-oil-bulkpowders-co-uk\/","url":"https:\/\/blackbeltwhitehat.com\/reviews\/krill-oil-bulkpowders-co-uk\/","name":"\u00d3leo de Krill - Bulkpowders.co.uk - Blog de Fitness e MMA - BlackBeltWhiteHat.com","isPartOf":{"@id":"https:\/\/blackbeltwhitehat.com\/en\/#website"},"primaryImageOfPage":{"@id":"https:\/\/blackbeltwhitehat.com\/reviews\/krill-oil-bulkpowders-co-uk\/#primaryimage"},"image":{"@id":"https:\/\/blackbeltwhitehat.com\/reviews\/krill-oil-bulkpowders-co-uk\/#primaryimage"},"thumbnailUrl":"http:\/\/www.bulkpowders.co.uk\/media\/catalog\/product\/cache\/2\/image\/9df78eab33525d08d6e5fb8d27136e95\/p\/u\/pure-series-pouch_1_19.jpg","datePublished":"2013-11-27T21:52:08+00:00","dateModified":"2014-01-03T11:16:17+00:00","breadcrumb":{"@id":"https:\/\/blackbeltwhitehat.com\/reviews\/krill-oil-bulkpowders-co-uk\/#breadcrumb"},"inLanguage":"pt-PT","potentialAction":[{"@type":"ReadAction","target":["https:\/\/blackbeltwhitehat.com\/reviews\/krill-oil-bulkpowders-co-uk\/"]}]},{"@type":"ImageObject","inLanguage":"pt-PT","@id":"https:\/\/blackbeltwhitehat.com\/reviews\/krill-oil-bulkpowders-co-uk\/#primaryimage","url":"http:\/\/www.bulkpowders.co.uk\/media\/catalog\/product\/cache\/2\/image\/9df78eab33525d08d6e5fb8d27136e95\/p\/u\/pure-series-pouch_1_19.jpg","contentUrl":"http:\/\/www.bulkpowders.co.uk\/media\/catalog\/product\/cache\/2\/image\/9df78eab33525d08d6e5fb8d27136e95\/p\/u\/pure-series-pouch_1_19.jpg"},{"@type":"BreadcrumbList","@id":"https:\/\/blackbeltwhitehat.com\/reviews\/krill-oil-bulkpowders-co-uk\/#breadcrumb","itemListElement":[{"@type":"ListItem","position":1,"name":"Home","item":"https:\/\/blackbeltwhitehat.com\/"},{"@type":"ListItem","position":2,"name":"Reviews","item":"https:\/\/blackbeltwhitehat.com\/reviews\/"},{"@type":"ListItem","position":3,"name":"Krill Oil &#8211; Bulkpowders.co.uk"}]},{"@type":"WebSite","@id":"https:\/\/blackbeltwhitehat.com\/en\/#website","url":"https:\/\/blackbeltwhitehat.com\/en\/","name":"Blog de Fitness e MMA - BlackBeltWhiteHat.com","description":"Blog de fitness, MMA e nutri\u00e7\u00e3o do Reino Unido","publisher":{"@id":"https:\/\/blackbeltwhitehat.com\/en\/#organization"},"potentialAction":[{"@type":"SearchAction","target":{"@type":"EntryPoint","urlTemplate":"https:\/\/blackbeltwhitehat.com\/en\/?s={search_term_string}"},"query-input":{"@type":"PropertyValueSpecification","valueRequired":true,"valueName":"search_term_string"}}],"inLanguage":"pt-PT"},{"@type":"Organization","@id":"https:\/\/blackbeltwhitehat.com\/en\/#organization","name":"Blog de Fitness e MMA - BlackBeltWhiteHat.com","url":"https:\/\/blackbeltwhitehat.com\/en\/","logo":{"@type":"ImageObject","inLanguage":"pt-PT","@id":"https:\/\/blackbeltwhitehat.com\/en\/#\/schema\/logo\/image\/","url":"https:\/\/blackbeltwhitehat.com\/wp-content\/uploads\/2019\/06\/cropped-mmabloglogodis-copy.png","contentUrl":"https:\/\/blackbeltwhitehat.com\/wp-content\/uploads\/2019\/06\/cropped-mmabloglogodis-copy.png","width":352,"height":352,"caption":"Fitness & MMA Blog - BlackBeltWhiteHat.com"},"image":{"@id":"https:\/\/blackbeltwhitehat.com\/en\/#\/schema\/logo\/image\/"},"sameAs":["https:\/\/www.facebook.com\/BlackBeltWhiteHat\/","https:\/\/x.com\/MMATraining1980"]}]}},"jetpack_likes_enabled":true,"jetpack_sharing_enabled":true,"jetpack_shortlink":"https:\/\/wp.me\/P2Sx3t-dL","jetpack-related-posts":[{"id":789,"url":"https:\/\/blackbeltwhitehat.com\/pt\/artigos-de-mma\/nutricao\/a-nutricao-esportiva-comeca-com-uma-alimentacao-saudavel\/","url_meta":{"origin":853,"position":0},"title":"A nutri\u00e7\u00e3o esportiva come\u00e7a com uma alimenta\u00e7\u00e3o saud\u00e1vel.","author":"Dave","date":"Novembro 18, 2013","format":false,"excerpt":"Sports Nutrition for MMA Disclaimer - never follow my advice, the consequences may be fatal Sports Nutrition in a nutshell: 1. Drink a sports drink during training, this is especially important during longer training sessions of 1 hour or longer Your immune system starts to wane and all sorts of\u2026","rel":"","context":"Similar post","block_context":{"text":"Similar post","link":""},"img":{"alt_text":"Diet health mma","src":"https:\/\/i0.wp.com\/blackbeltwhitehat.com\/wp-content\/uploads\/2013\/11\/lee.jpg?resize=350%2C200&ssl=1","width":350,"height":200,"srcset":"https:\/\/i0.wp.com\/blackbeltwhitehat.com\/wp-content\/uploads\/2013\/11\/lee.jpg?resize=350%2C200&ssl=1 1x, https:\/\/i0.wp.com\/blackbeltwhitehat.com\/wp-content\/uploads\/2013\/11\/lee.jpg?resize=525%2C300&ssl=1 1.5x"},"classes":[]},{"id":189,"url":"https:\/\/blackbeltwhitehat.com\/pt\/avaliacoes\/","url_meta":{"origin":853,"position":1},"title":"Avalia\u00e7\u00f5es","author":"Dave","date":"Fevereiro 4, 2013","format":false,"excerpt":"Product and equipment reviews for fitness and MMA. Honest reviews of fitness, nutrition & MMA related products and services. I'm rarely sent anything to review, but if I am, I will declare this in the review itself. MMA Reviews Everlast MMA Gloves Review TimTam Massage Machine Review Kangrui leather boxing\u2026","rel":"","context":"Similar post","block_context":{"text":"Similar post","link":""},"img":{"alt_text":"","src":"","width":0,"height":0},"classes":[]},{"id":10255,"url":"https:\/\/blackbeltwhitehat.com\/pt\/artigos-de-mma\/dieta-mma-nutricao-mma\/","url_meta":{"origin":853,"position":2},"title":"MMA Diet &amp; Nutrition [2026] (Plan .pdf. included)","author":"Dave","date":"Junho 10, 2019","format":false,"excerpt":"Yoel Romero Diet - his diet no doubt contains high amount of protein & healthy fats. See below for some example diet plans. written by Drew Griffiths- Nutritionist - BSc (First Class Honours) in Sport & Exercise Science, MSc Exercise & Nutrition Drew has a first class degree in sport\u2026","rel":"","context":"Similar post","block_context":{"text":"Similar post","link":""},"img":{"alt_text":"","src":"https:\/\/i0.wp.com\/blackbeltwhitehat.com\/wp-content\/uploads\/2018\/10\/conorlegs.jpg?resize=350%2C200","width":350,"height":200,"srcset":"https:\/\/i0.wp.com\/blackbeltwhitehat.com\/wp-content\/uploads\/2018\/10\/conorlegs.jpg?resize=350%2C200 1x, https:\/\/i0.wp.com\/blackbeltwhitehat.com\/wp-content\/uploads\/2018\/10\/conorlegs.jpg?resize=525%2C300 1.5x, https:\/\/i0.wp.com\/blackbeltwhitehat.com\/wp-content\/uploads\/2018\/10\/conorlegs.jpg?resize=700%2C400 2x"},"classes":[]},{"id":938,"url":"https:\/\/blackbeltwhitehat.com\/pt\/artigos-de-mma\/nutricao\/protocolo-definitivo-de-recuperacao-de-mma\/","url_meta":{"origin":853,"position":3},"title":"MMA Recovery Methods [Updated  2025] (1 Amazing Free Hack)","author":"Dave","date":"Dezembro 2, 2013","format":false,"excerpt":"Train like thunder, recovery like lightning\u00a0\u26a1 Adapt to training & become a better fighter by improving your recovery from MMA training sessions. Written by Drew Griffiths (BSc, MSc) *Diet & Exercise at your own risk. Article is for informational purposes only* Watch this video, or read below! https:\/\/youtu.be\/itIE1ISTr8I Train MMA\u2026","rel":"","context":"With 7 comments","block_context":{"text":"With 7 comments","link":"https:\/\/blackbeltwhitehat.com\/pt\/artigos-de-mma\/nutricao\/protocolo-definitivo-de-recuperacao-de-mma\/#comments"},"img":{"alt_text":"","src":"https:\/\/i0.wp.com\/blackbeltwhitehat.com\/wp-content\/uploads\/2024\/03\/received_1385627988743725.jpeg?resize=350%2C200&ssl=1","width":350,"height":200,"srcset":"https:\/\/i0.wp.com\/blackbeltwhitehat.com\/wp-content\/uploads\/2024\/03\/received_1385627988743725.jpeg?resize=350%2C200&ssl=1 1x, https:\/\/i0.wp.com\/blackbeltwhitehat.com\/wp-content\/uploads\/2024\/03\/received_1385627988743725.jpeg?resize=525%2C300&ssl=1 1.5x, https:\/\/i0.wp.com\/blackbeltwhitehat.com\/wp-content\/uploads\/2024\/03\/received_1385627988743725.jpeg?resize=700%2C400&ssl=1 2x, https:\/\/i0.wp.com\/blackbeltwhitehat.com\/wp-content\/uploads\/2024\/03\/received_1385627988743725.jpeg?resize=1050%2C600&ssl=1 3x"},"classes":[]},{"id":6446,"url":"https:\/\/blackbeltwhitehat.com\/pt\/analises-de-suplementos\/oleo-de-cbd\/","url_meta":{"origin":853,"position":4},"title":"\u00d3leo de CBD para ansiedade e dor \u2013 Uma vis\u00e3o geral","author":"Dave","date":"Fevereiro 1, 2017","format":false,"excerpt":"CBD Oil is not psychoactive - i.e. you can not get high from taking or using it. It contains very little THC. CBD indeed unravels a new therapeutic strategy to treat inflammatory bowel diseases. CBD is a compound of the cannabis plant that is rapidly rising in popularity thanks to\u2026","rel":"","context":"Similar post","block_context":{"text":"Similar post","link":""},"img":{"alt_text":"","src":"https:\/\/i0.wp.com\/blackbeltwhitehat.com\/wp-content\/uploads\/2017\/02\/cbdoil.jpg?resize=350%2C200&ssl=1","width":350,"height":200,"srcset":"https:\/\/i0.wp.com\/blackbeltwhitehat.com\/wp-content\/uploads\/2017\/02\/cbdoil.jpg?resize=350%2C200&ssl=1 1x, https:\/\/i0.wp.com\/blackbeltwhitehat.com\/wp-content\/uploads\/2017\/02\/cbdoil.jpg?resize=525%2C300&ssl=1 1.5x"},"classes":[]},{"id":1263,"url":"https:\/\/blackbeltwhitehat.com\/pt\/planos-de-dieta\/dieta-para-fisiculturismo-e-ganho-de-massa-muscular\/","url_meta":{"origin":853,"position":5},"title":"Dieta para Ganho de Massa Muscular \/ Fisiculturismo","author":"Dave","date":"Janeiro 1, 2014","format":false,"excerpt":"Muscle Building Diet This diet is a happy medium between convenience and nutrition. Ideally it would be wheat and dairy free and every meal would be from proper food instead of protein drinks. Diet at your own risk 8am Whey protein drink in water 2 cups of porridge oats* 1\u2026","rel":"","context":"With 2 comments","block_context":{"text":"With 2 comments","link":"https:\/\/blackbeltwhitehat.com\/pt\/planos-de-dieta\/dieta-para-fisiculturismo-e-ganho-de-massa-muscular\/#comments"},"img":{"alt_text":"","src":"","width":0,"height":0},"classes":[]}],"_links":{"self":[{"href":"https:\/\/blackbeltwhitehat.com\/pt\/wp-json\/wp\/v2\/pages\/853","targetHints":{"allow":["GET"]}}],"collection":[{"href":"https:\/\/blackbeltwhitehat.com\/pt\/wp-json\/wp\/v2\/pages"}],"about":[{"href":"https:\/\/blackbeltwhitehat.com\/pt\/wp-json\/wp\/v2\/types\/page"}],"author":[{"embeddable":true,"href":"https:\/\/blackbeltwhitehat.com\/pt\/wp-json\/wp\/v2\/users\/41980142"}],"replies":[{"embeddable":true,"href":"https:\/\/blackbeltwhitehat.com\/pt\/wp-json\/wp\/v2\/comments?post=853"}],"version-history":[{"count":3,"href":"https:\/\/blackbeltwhitehat.com\/pt\/wp-json\/wp\/v2\/pages\/853\/revisions"}],"predecessor-version":[{"id":1281,"href":"https:\/\/blackbeltwhitehat.com\/pt\/wp-json\/wp\/v2\/pages\/853\/revisions\/1281"}],"up":[{"embeddable":true,"href":"https:\/\/blackbeltwhitehat.com\/pt\/wp-json\/wp\/v2\/pages\/189"}],"wp:attachment":[{"href":"https:\/\/blackbeltwhitehat.com\/pt\/wp-json\/wp\/v2\/media?parent=853"}],"curies":[{"name":"wp","href":"https:\/\/api.w.org\/{rel}","templated":true}]}}