{"id":8951,"date":"2018-02-18T19:24:53","date_gmt":"2018-02-18T19:24:53","guid":{"rendered":"http:\/\/blackbeltwhitehat.com\/?page_id=8951"},"modified":"2018-02-18T20:00:50","modified_gmt":"2018-02-18T20:00:50","slug":"analise-da-bola-de-boxe-de-couro-kangrui-2018","status":"publish","type":"page","link":"https:\/\/blackbeltwhitehat.com\/pt\/avaliacoes\/analise-da-bola-de-boxe-de-couro-kangrui-2018\/","title":{"rendered":"An\u00e1lise da bola de boxe de couro Kangrui (2018)"},"content":{"rendered":"<p>Estava pensando em comprar um saco de pancadas Bob, mas n\u00e3o queria pagar \u00a3300, ent\u00e3o gastei \u00a319,99 nessa belezinha.<\/p>\n<p>N\u00e3o vem com nenhum clipe ou anel para conectar ao suporte do saco de pancadas, etc., ent\u00e3o tive que comprar esses itens separadamente. Tamb\u00e9m precisei comprar uma bomba de ar.<\/p>\n<p>Tenho dores nos cotovelos, ent\u00e3o acho que isso ser\u00e1 melhor de qualquer forma, pois o impacto ao socar ser\u00e1 muito menor.<\/p>\n<p>Estou satisfeito \u2013 parece ter boa constru\u00e7\u00e3o, etc.<\/p>\n<h2>Bola de boxe de couro Kangrui Pr\u00f3s<\/h2>\n<ul>\n<li>Parece bem constru\u00eddo\/montado<\/li>\n<li>Tudo como esperado \u2013 apar\u00eancia, toque e desempenho iguais a qualquer outra bola superior e inferior que j\u00e1 usei.<\/li>\n<\/ul>\n<p>&nbsp;<\/p>\n<h2>Bola de boxe de couro Kangrui Contras<\/h2>\n<ul>\n<li>\u00c9 irritante se voc\u00ea n\u00e3o perceber que precisa comprar os an\u00e9is em D e a bomba separadamente.<\/li>\n<\/ul>\n<p>&nbsp;<\/p>\n<p>Confira os v\u00eddeos abaixo para obter informa\u00e7\u00f5es mais detalhadas.<\/p>\n<p><span class=\"embed-youtube\" style=\"text-align:center; display: block;\"><iframe loading=\"lazy\" class=\"youtube-player\" width=\"640\" height=\"360\" src=\"https:\/\/www.youtube.com\/embed\/XTl0dty08X8?version=3&#038;rel=1&#038;showsearch=0&#038;showinfo=1&#038;iv_load_policy=1&#038;fs=1&#038;hl=pt-PT&#038;autohide=2&#038;wmode=transparent\" allowfullscreen=\"true\" style=\"border:0;\" sandbox=\"allow-scripts allow-same-origin allow-popups allow-presentation allow-popups-to-escape-sandbox\"><\/iframe><\/span><\/p>\n<p><span class=\"embed-youtube\" style=\"text-align:center; display: block;\"><iframe loading=\"lazy\" class=\"youtube-player\" width=\"640\" height=\"360\" src=\"https:\/\/www.youtube.com\/embed\/x-bw3l5QUu4?version=3&#038;rel=1&#038;showsearch=0&#038;showinfo=1&#038;iv_load_policy=1&#038;fs=1&#038;hl=pt-PT&#038;autohide=2&#038;wmode=transparent\" allowfullscreen=\"true\" style=\"border:0;\" sandbox=\"allow-scripts allow-same-origin allow-popups allow-presentation allow-popups-to-escape-sandbox\"><\/iframe><\/span><\/p>\n<p>Outra poss\u00edvel desvantagem\u2026 a esposa n\u00e3o ficou satisfeita com a forma como foi configurado.<\/p>\n<p>&nbsp;<\/p>\n<p><a href=\"https:\/\/i0.wp.com\/blackbeltwhitehat.com\/wp-content\/uploads\/2018\/02\/screenshot_20180218-195411.jpg?ssl=1\"><img data-recalc-dims=\"1\" loading=\"lazy\" decoding=\"async\" data-attachment-id=\"8956\" data-permalink=\"https:\/\/blackbeltwhitehat.com\/pt\/avaliacoes\/analise-da-bola-de-boxe-de-couro-kangrui-2018\/screenshot_20180218-195411\/\" data-orig-file=\"https:\/\/i0.wp.com\/blackbeltwhitehat.com\/wp-content\/uploads\/2018\/02\/screenshot_20180218-195411.jpg?fit=1439%2C2410&amp;ssl=1\" data-orig-size=\"1439,2410\" data-comments-opened=\"1\" data-image-meta=\"{&quot;aperture&quot;:&quot;0&quot;,&quot;credit&quot;:&quot;&quot;,&quot;camera&quot;:&quot;&quot;,&quot;caption&quot;:&quot;&quot;,&quot;created_timestamp&quot;:&quot;0&quot;,&quot;copyright&quot;:&quot;&quot;,&quot;focal_length&quot;:&quot;0&quot;,&quot;iso&quot;:&quot;0&quot;,&quot;shutter_speed&quot;:&quot;0&quot;,&quot;title&quot;:&quot;&quot;,&quot;orientation&quot;:&quot;0&quot;}\" data-image-title=\"Screenshot_20180218-195411\" data-image-description=\"\" data-image-caption=\"\" data-large-file=\"https:\/\/i0.wp.com\/blackbeltwhitehat.com\/wp-content\/uploads\/2018\/02\/screenshot_20180218-195411.jpg?fit=611%2C1024&amp;ssl=1\" class=\"alignnone size-large wp-image-8956\" src=\"https:\/\/i0.wp.com\/blackbeltwhitehat.com\/wp-content\/uploads\/2018\/02\/screenshot_20180218-195411.jpg?resize=584%2C978&#038;ssl=1\" alt=\"Bola de boxe\" width=\"584\" height=\"978\" \/><\/a>9<\/p>","protected":false},"excerpt":{"rendered":"<p>I was thinking of buying a Bob punch bag, but not up for paying \u00a3300, so spent \u00a319.99 on this bad boy. It doesn&#8217;t come with any clips or rings to connect to your punchbag bracket etc. so I had to buy these separately. I also had to buy a pump. I have painful elbows, [&hellip;]<\/p>\n","protected":false},"author":41980142,"featured_media":0,"parent":189,"menu_order":0,"comment_status":"closed","ping_status":"closed","template":"","meta":{"_coblocks_attr":"","_coblocks_dimensions":"","_coblocks_responsive_height":"","_coblocks_accordion_ie_support":"","_crdt_document":"","footnotes":""},"class_list":["post-8951","page","type-page","status-publish","hentry"],"yoast_head":"<!-- This site is optimized with the Yoast SEO plugin v27.4 - https:\/\/yoast.com\/product\/yoast-seo-wordpress\/ -->\n<title>Kangrui leather boxing ball Review (2018) - Fitness &amp; MMA Blog - BlackBeltWhiteHat.com<\/title>\n<meta name=\"robots\" content=\"index, follow, max-snippet:-1, max-image-preview:large, max-video-preview:-1\" \/>\n<link rel=\"canonical\" href=\"https:\/\/blackbeltwhitehat.com\/pt\/avaliacoes\/analise-da-bola-de-boxe-de-couro-kangrui-2018\/\" \/>\n<meta property=\"og:locale\" content=\"pt_PT\" \/>\n<meta property=\"og:type\" content=\"article\" \/>\n<meta property=\"og:title\" content=\"Kangrui leather boxing ball Review (2018) - Fitness &amp; MMA Blog - BlackBeltWhiteHat.com\" \/>\n<meta property=\"og:description\" content=\"I was thinking of buying a Bob punch bag, but not up for paying \u00a3300, so spent \u00a319.99 on this bad boy. It doesn&#8217;t come with any clips or rings to connect to your punchbag bracket etc. so I had to buy these separately. I also had to buy a pump. I have painful elbows, [&hellip;]\" \/>\n<meta property=\"og:url\" content=\"https:\/\/blackbeltwhitehat.com\/pt\/avaliacoes\/analise-da-bola-de-boxe-de-couro-kangrui-2018\/\" \/>\n<meta property=\"og:site_name\" content=\"Fitness &amp; MMA Blog - BlackBeltWhiteHat.com\" \/>\n<meta property=\"article:publisher\" content=\"https:\/\/www.facebook.com\/BlackBeltWhiteHat\/\" \/>\n<meta property=\"article:modified_time\" content=\"2018-02-18T20:00:50+00:00\" \/>\n<meta property=\"og:image\" content=\"https:\/\/blackbeltwhitehat.com\/wp-content\/uploads\/2018\/02\/screenshot_20180218-195411.jpg?w=584\" \/>\n<meta name=\"twitter:card\" content=\"summary_large_image\" \/>\n<meta name=\"twitter:site\" content=\"@MMATraining1980\" \/>\n<meta name=\"twitter:label1\" content=\"Tempo estimado de leitura\" \/>\n\t<meta name=\"twitter:data1\" content=\"1 minuto\" \/>\n<!-- \/ Yoast SEO plugin. -->","yoast_head_json":{"title":"An\u00e1lise da bola de boxe de couro Kangrui (2018) - Blog de Fitness e MMA - BlackBeltWhiteHat.com","robots":{"index":"index","follow":"follow","max-snippet":"max-snippet:-1","max-image-preview":"max-image-preview:large","max-video-preview":"max-video-preview:-1"},"canonical":"https:\/\/blackbeltwhitehat.com\/pt\/avaliacoes\/analise-da-bola-de-boxe-de-couro-kangrui-2018\/","og_locale":"pt_PT","og_type":"article","og_title":"Kangrui leather boxing ball Review (2018) - Fitness &amp; MMA Blog - BlackBeltWhiteHat.com","og_description":"I was thinking of buying a Bob punch bag, but not up for paying \u00a3300, so spent \u00a319.99 on this bad boy. It doesn&#8217;t come with any clips or rings to connect to your punchbag bracket etc. so I had to buy these separately. I also had to buy a pump. I have painful elbows, [&hellip;]","og_url":"https:\/\/blackbeltwhitehat.com\/pt\/avaliacoes\/analise-da-bola-de-boxe-de-couro-kangrui-2018\/","og_site_name":"Fitness &amp; MMA Blog - BlackBeltWhiteHat.com","article_publisher":"https:\/\/www.facebook.com\/BlackBeltWhiteHat\/","article_modified_time":"2018-02-18T20:00:50+00:00","og_image":[{"url":"https:\/\/blackbeltwhitehat.com\/wp-content\/uploads\/2018\/02\/screenshot_20180218-195411.jpg?w=584","type":"","width":"","height":""}],"twitter_card":"summary_large_image","twitter_site":"@MMATraining1980","twitter_misc":{"Tempo estimado de leitura":"1 minuto"},"schema":{"@context":"https:\/\/schema.org","@graph":[{"@type":"WebPage","@id":"https:\/\/blackbeltwhitehat.com\/reviews\/kangrui-leather-boxing-ball-review-2018\/","url":"https:\/\/blackbeltwhitehat.com\/reviews\/kangrui-leather-boxing-ball-review-2018\/","name":"An\u00e1lise da bola de boxe de couro Kangrui (2018) - Blog de Fitness e MMA - BlackBeltWhiteHat.com","isPartOf":{"@id":"https:\/\/blackbeltwhitehat.com\/en\/#website"},"primaryImageOfPage":{"@id":"https:\/\/blackbeltwhitehat.com\/reviews\/kangrui-leather-boxing-ball-review-2018\/#primaryimage"},"image":{"@id":"https:\/\/blackbeltwhitehat.com\/reviews\/kangrui-leather-boxing-ball-review-2018\/#primaryimage"},"thumbnailUrl":"https:\/\/blackbeltwhitehat.com\/wp-content\/uploads\/2018\/02\/screenshot_20180218-195411.jpg?w=584","datePublished":"2018-02-18T19:24:53+00:00","dateModified":"2018-02-18T20:00:50+00:00","breadcrumb":{"@id":"https:\/\/blackbeltwhitehat.com\/reviews\/kangrui-leather-boxing-ball-review-2018\/#breadcrumb"},"inLanguage":"pt-PT","potentialAction":[{"@type":"ReadAction","target":["https:\/\/blackbeltwhitehat.com\/reviews\/kangrui-leather-boxing-ball-review-2018\/"]}]},{"@type":"ImageObject","inLanguage":"pt-PT","@id":"https:\/\/blackbeltwhitehat.com\/reviews\/kangrui-leather-boxing-ball-review-2018\/#primaryimage","url":"https:\/\/blackbeltwhitehat.com\/wp-content\/uploads\/2018\/02\/screenshot_20180218-195411.jpg?w=584","contentUrl":"https:\/\/blackbeltwhitehat.com\/wp-content\/uploads\/2018\/02\/screenshot_20180218-195411.jpg?w=584"},{"@type":"BreadcrumbList","@id":"https:\/\/blackbeltwhitehat.com\/reviews\/kangrui-leather-boxing-ball-review-2018\/#breadcrumb","itemListElement":[{"@type":"ListItem","position":1,"name":"Home","item":"https:\/\/blackbeltwhitehat.com\/"},{"@type":"ListItem","position":2,"name":"Reviews","item":"https:\/\/blackbeltwhitehat.com\/reviews\/"},{"@type":"ListItem","position":3,"name":"Kangrui leather boxing ball Review (2018)"}]},{"@type":"WebSite","@id":"https:\/\/blackbeltwhitehat.com\/en\/#website","url":"https:\/\/blackbeltwhitehat.com\/en\/","name":"Blog de Fitness e MMA - BlackBeltWhiteHat.com","description":"Blog de fitness, MMA e nutri\u00e7\u00e3o do Reino Unido","publisher":{"@id":"https:\/\/blackbeltwhitehat.com\/en\/#organization"},"potentialAction":[{"@type":"SearchAction","target":{"@type":"EntryPoint","urlTemplate":"https:\/\/blackbeltwhitehat.com\/en\/?s={search_term_string}"},"query-input":{"@type":"PropertyValueSpecification","valueRequired":true,"valueName":"search_term_string"}}],"inLanguage":"pt-PT"},{"@type":"Organization","@id":"https:\/\/blackbeltwhitehat.com\/en\/#organization","name":"Blog de Fitness e MMA - BlackBeltWhiteHat.com","url":"https:\/\/blackbeltwhitehat.com\/en\/","logo":{"@type":"ImageObject","inLanguage":"pt-PT","@id":"https:\/\/blackbeltwhitehat.com\/en\/#\/schema\/logo\/image\/","url":"https:\/\/blackbeltwhitehat.com\/wp-content\/uploads\/2019\/06\/cropped-mmabloglogodis-copy.png","contentUrl":"https:\/\/blackbeltwhitehat.com\/wp-content\/uploads\/2019\/06\/cropped-mmabloglogodis-copy.png","width":352,"height":352,"caption":"Fitness & MMA Blog - BlackBeltWhiteHat.com"},"image":{"@id":"https:\/\/blackbeltwhitehat.com\/en\/#\/schema\/logo\/image\/"},"sameAs":["https:\/\/www.facebook.com\/BlackBeltWhiteHat\/","https:\/\/x.com\/MMATraining1980"]}]}},"jetpack_likes_enabled":true,"jetpack_sharing_enabled":true,"jetpack_shortlink":"https:\/\/wp.me\/P2Sx3t-2kn","jetpack-related-posts":[{"id":189,"url":"https:\/\/blackbeltwhitehat.com\/pt\/avaliacoes\/","url_meta":{"origin":8951,"position":0},"title":"Avalia\u00e7\u00f5es","author":"Dave","date":"Fevereiro 4, 2013","format":false,"excerpt":"Product and equipment reviews for fitness and MMA. Honest reviews of fitness, nutrition & MMA related products and services. I'm rarely sent anything to review, but if I am, I will declare this in the review itself. MMA Reviews Everlast MMA Gloves Review TimTam Massage Machine Review Kangrui leather boxing\u2026","rel":"","context":"Similar post","block_context":{"text":"Similar post","link":""},"img":{"alt_text":"","src":"","width":0,"height":0},"classes":[]},{"id":10380,"url":"https:\/\/blackbeltwhitehat.com\/pt\/fitness\/treino-de-peito-mma\/","url_meta":{"origin":8951,"position":1},"title":"Treino de peito para MMA 2022 (PDF inclu\u00eddo)","author":"Dave","date":"Julho 19, 2019","format":false,"excerpt":"Training the chest in isolation from the rest of the body is not ideal when it comes to building MMA Specific strength and fitness. Training specific movements, rather than muscles is the best way to develop fitness and power for the cage. - if you want to make the chest\u2026","rel":"","context":"Similar post","block_context":{"text":"Similar post","link":""},"img":{"alt_text":"","src":"https:\/\/i0.wp.com\/blackbeltwhitehat.com\/wp-content\/uploads\/2019\/07\/banduppercuts.gif?resize=350%2C200&ssl=1","width":350,"height":200},"classes":[]},{"id":332,"url":"https:\/\/blackbeltwhitehat.com\/pt\/artigos-de-mma\/tecnica\/analise-de-caca-ao-alvo\/","url_meta":{"origin":8951,"position":2},"title":"An\u00e1lise de Mark Hunt","author":"Dave","date":"Mar\u00e7o 21, 2013","format":false,"excerpt":"Mark Hunt's\u00a0Punching Power & Striking Being a short tubby bugger myself, I love the Hunt! \u00a0He is a beast. His punching power appears to come from\u00a0his great timing, his accuracy, his strength and bodyweight & his use of the Russian Hook and the Overhand Right which are perfect for a\u2026","rel":"","context":"Similar post","block_context":{"text":"Similar post","link":""},"img":{"alt_text":"mark hunt analysis","src":"https:\/\/i0.wp.com\/blackbeltwhitehat.com\/wp-content\/uploads\/2013\/03\/markhunt2.jpg?resize=350%2C200","width":350,"height":200},"classes":[]},{"id":838,"url":"https:\/\/blackbeltwhitehat.com\/pt\/artigos-de-mma\/condicionamento-de-mma\/os-10-melhores-exercicios-para-mma\/","url_meta":{"origin":8951,"position":3},"title":"Top 10 Exercises for MMA [2023]","author":"Dave","date":"Novembro 20, 2013","format":false,"excerpt":"This is my best go at creating a top 10 MMA Exercises but remember that everyone is different and your strength and conditioning should be secondary to actual MMA Training. Don't kill yourself doing strength exercises and then be useless in MMA classes. I used to warm up and do\u2026","rel":"","context":"Similar post","block_context":{"text":"Similar post","link":""},"img":{"alt_text":"Top 10 MMA Exercises","src":"https:\/\/i0.wp.com\/blackbeltwhitehat.com\/wp-content\/uploads\/2013\/11\/top_10mma_exercises.png?resize=350%2C200&ssl=1","width":350,"height":200,"srcset":"https:\/\/i0.wp.com\/blackbeltwhitehat.com\/wp-content\/uploads\/2013\/11\/top_10mma_exercises.png?resize=350%2C200&ssl=1 1x, https:\/\/i0.wp.com\/blackbeltwhitehat.com\/wp-content\/uploads\/2013\/11\/top_10mma_exercises.png?resize=525%2C300&ssl=1 1.5x, https:\/\/i0.wp.com\/blackbeltwhitehat.com\/wp-content\/uploads\/2013\/11\/top_10mma_exercises.png?resize=700%2C400&ssl=1 2x, https:\/\/i0.wp.com\/blackbeltwhitehat.com\/wp-content\/uploads\/2013\/11\/top_10mma_exercises.png?resize=1050%2C600&ssl=1 3x"},"classes":[]},{"id":1627,"url":"https:\/\/blackbeltwhitehat.com\/pt\/artigos-de-mma\/tecnica\/como-executar-um-chute-giratorio\/","url_meta":{"origin":8951,"position":4},"title":"How to do a Roundhouse Kick Like Joe Rogan [2024] Muay Thai &amp; MMA","author":"Dave","date":"Mar\u00e7o 7, 2014","format":false,"excerpt":"Roundhouse Kick - How to do the Perfect Roundhouse Kick in MMA & Thai Boxing The Muay Thai roundhouse kick is a 'rotational' kick that has biomechanics similar to a soccer kick. In Thai boxing fighters will use their shins rather than their feet to make contact (and inflict damage)\u2026","rel":"","context":"Similar post","block_context":{"text":"Similar post","link":""},"img":{"alt_text":"","src":"https:\/\/i0.wp.com\/blackbeltwhitehat.com\/wp-content\/uploads\/2018\/02\/roundhouse_kick.png?resize=350%2C200&ssl=1","width":350,"height":200,"srcset":"https:\/\/i0.wp.com\/blackbeltwhitehat.com\/wp-content\/uploads\/2018\/02\/roundhouse_kick.png?resize=350%2C200&ssl=1 1x, https:\/\/i0.wp.com\/blackbeltwhitehat.com\/wp-content\/uploads\/2018\/02\/roundhouse_kick.png?resize=525%2C300&ssl=1 1.5x, https:\/\/i0.wp.com\/blackbeltwhitehat.com\/wp-content\/uploads\/2018\/02\/roundhouse_kick.png?resize=700%2C400&ssl=1 2x"},"classes":[]},{"id":2369,"url":"https:\/\/blackbeltwhitehat.com\/pt\/artigos-de-mma\/tecnica\/como-desenvolver-um-soco-poderoso\/","url_meta":{"origin":8951,"position":5},"title":"How to Punch Harder (and Faster) [2023 Update]","author":"Dave","date":"Dezembro 5, 2014","format":false,"excerpt":"How to Develop KO Power *Disclaimer - You should never punch someone, unless they insult your mum - Keep your shoulders and arms relaxed. You want punches\u00a0to be fast and 'whip-like'. \u00a0Keep you upper body as relaxed as possible. - \"Throw your fist last\". \u00a0I believe the 'whip' effect of\u2026","rel":"","context":"Similar post","block_context":{"text":"Similar post","link":""},"img":{"alt_text":"","src":"https:\/\/i0.wp.com\/blackbeltwhitehat.com\/wp-content\/uploads\/2022\/05\/cungleko.gif?resize=350%2C200&ssl=1","width":350,"height":200},"classes":[]}],"_links":{"self":[{"href":"https:\/\/blackbeltwhitehat.com\/pt\/wp-json\/wp\/v2\/pages\/8951","targetHints":{"allow":["GET"]}}],"collection":[{"href":"https:\/\/blackbeltwhitehat.com\/pt\/wp-json\/wp\/v2\/pages"}],"about":[{"href":"https:\/\/blackbeltwhitehat.com\/pt\/wp-json\/wp\/v2\/types\/page"}],"author":[{"embeddable":true,"href":"https:\/\/blackbeltwhitehat.com\/pt\/wp-json\/wp\/v2\/users\/41980142"}],"replies":[{"embeddable":true,"href":"https:\/\/blackbeltwhitehat.com\/pt\/wp-json\/wp\/v2\/comments?post=8951"}],"version-history":[{"count":5,"href":"https:\/\/blackbeltwhitehat.com\/pt\/wp-json\/wp\/v2\/pages\/8951\/revisions"}],"predecessor-version":[{"id":8958,"href":"https:\/\/blackbeltwhitehat.com\/pt\/wp-json\/wp\/v2\/pages\/8951\/revisions\/8958"}],"up":[{"embeddable":true,"href":"https:\/\/blackbeltwhitehat.com\/pt\/wp-json\/wp\/v2\/pages\/189"}],"wp:attachment":[{"href":"https:\/\/blackbeltwhitehat.com\/pt\/wp-json\/wp\/v2\/media?parent=8951"}],"curies":[{"name":"wp","href":"https:\/\/api.w.org\/{rel}","templated":true}]}}